{"id":46195,"date":"2022-08-23T18:34:20","date_gmt":"2022-08-23T16:34:20","guid":{"rendered":"https:\/\/hormigueando.com\/producto\/feeding-area\/"},"modified":"2026-01-11T17:34:07","modified_gmt":"2026-01-11T15:34:07","slug":"feeding-area","status":"publish","type":"product","link":"https:\/\/hormigueando.com\/en-gb\/product\/feeding-area\/","title":{"rendered":"feeding area"},"content":{"rendered":"<p>Zona de alimentaci\u00f3n: peque\u00f1a caja con tapa de rosca. Cuenta con un orificio de di\u00e1metro 0,5 cm.<\/p>\n<\/p>\n<p>Uno de los riesgos a la hora de alimentar a nuestras colonias es que el trozo de alimento que les pongamos en la caja de forrajeo sea demasiado grande, las hormigas lo introduzcan en el hormiguero y que acabe pudri\u00e9ndose dentro del nido, contaminando as\u00ed las c\u00e1maras. Con esta zona de alimentaci\u00f3n podemos dar todo tipo de alimentos (insectos, carne, fruta, pollo, jam\u00f3n&#8230;) evitando este riesgo, ya que al no poder sacarlo de la caja por el peque\u00f1o orificio, las hormigas tendr\u00e1n que alimentarse dentro de la zona de alimentaci\u00f3n. Tambi\u00e9n permite dar insectos vivos introduci\u00e9ndolos en la zona de alimentaci\u00f3n, ayudando as\u00ed al proceso de caza de la colonia y evit\u00e1ndoles estr\u00e9s.<\/p>\n<\/p>\n<p>Su peque\u00f1o tama\u00f1o lo hace compatible con casi cualquier caja de forrajeo, facilitando as\u00ed la alimentaci\u00f3n de nuestras colonias. Cuando veamos que las hormigas ya han comido todo lo necesario se puede retirar de la caja de forrajeo y limpiar de manera muy sencilla.<\/p>\n<\/p>\n<p>Medidas: 2,8 cm de altura. 2,5 cm de di\u00e1metro<\/p><\/p>\n","protected":false},"excerpt":{"rendered":"<p>Feeding zone: small box with screw cap. It has a 0.5 cm diameter hole.<\/p>\n<p>One of the risks when feeding our colonies is that the piece of food that we put in the foraging box is too large, the ants introduce it into the anthill and it ends up rotting inside the nest, thus contaminating the chambers. With this feeding area we can give all kinds of food (insects, meat, fruit, chicken, ham&#8230;) avoiding this risk, since not being able to remove it from the box through the small hole, the ants will have to feed inside the feeding area.<\/p>\n<p>Measurements: 2.8 cm in height. 2.5cm diameter<\/p>\n","protected":false},"featured_media":46183,"comment_status":"open","ping_status":"closed","template":"","meta":{"_joinchat":[]},"product_brand":[],"product_cat":[1086,1098],"product_tag":[],"giftcard-category":[],"class_list":{"0":"post-46195","1":"product","2":"type-product","3":"status-publish","4":"has-post-thumbnail","6":"product_cat-accesories-en-gb","7":"product_cat-utensilios-en-gb","8":"pa_tipodeaccesorio-utensilio-en-gb","10":"first","11":"instock","12":"taxable","13":"shipping-taxable","14":"purchasable","15":"product-type-simple"},"yoast_head":"<!-- This site is optimized with the Yoast SEO plugin v27.1.1 - https:\/\/yoast.com\/product\/yoast-seo-wordpress\/ -->\n<title>feeding area<\/title>\n<meta name=\"description\" content=\"feeding area\" \/>\n<meta name=\"robots\" content=\"index, follow, max-snippet:-1, max-image-preview:large, max-video-preview:-1\" \/>\n<link rel=\"canonical\" href=\"https:\/\/hormigueando.com\/product\/zona-de-alimentacion\/\" \/>\n<meta property=\"og:locale\" content=\"en_GB\" \/>\n<meta property=\"og:type\" content=\"article\" \/>\n<meta property=\"og:title\" content=\"feeding area\" \/>\n<meta property=\"og:description\" content=\"feeding area\" \/>\n<meta property=\"og:url\" content=\"https:\/\/hormigueando.com\/product\/zona-de-alimentacion\/\" \/>\n<meta property=\"og:site_name\" content=\"Hormigueando | Tienda especializada en Cr\u00eda de Hormigas\" \/>\n<meta property=\"article:modified_time\" content=\"2026-01-11T15:34:07+00:00\" \/>\n<meta property=\"og:image\" content=\"https:\/\/hormigueando.com\/wp-content\/uploads\/2022\/08\/3891-thickbox_default-feeding-area.jpg\" \/>\n\t<meta property=\"og:image:width\" content=\"1100\" \/>\n\t<meta property=\"og:image:height\" content=\"1422\" \/>\n\t<meta property=\"og:image:type\" content=\"image\/jpeg\" \/>\n<meta name=\"twitter:card\" content=\"summary_large_image\" \/>\n<meta name=\"twitter:label1\" content=\"Estimated reading time\" \/>\n\t<meta name=\"twitter:data1\" content=\"1 minute\" \/>\n<script type=\"application\/ld+json\" class=\"yoast-schema-graph\">{\"@context\":\"https:\/\/schema.org\",\"@graph\":[{\"@type\":\"WebPage\",\"@id\":\"https:\/\/hormigueando.com\/product\/zona-de-alimentacion\/\",\"url\":\"https:\/\/hormigueando.com\/product\/zona-de-alimentacion\/\",\"name\":\"feeding area\",\"isPartOf\":{\"@id\":\"https:\/\/hormigueando.com\/#website\"},\"primaryImageOfPage\":{\"@id\":\"https:\/\/hormigueando.com\/product\/zona-de-alimentacion\/#primaryimage\"},\"image\":{\"@id\":\"https:\/\/hormigueando.com\/product\/zona-de-alimentacion\/#primaryimage\"},\"thumbnailUrl\":\"https:\/\/hormigueando.com\/wp-content\/uploads\/2022\/08\/3891-thickbox_default-Zona-de-alimentacion.jpg\",\"datePublished\":\"2022-08-23T16:34:20+00:00\",\"dateModified\":\"2026-01-11T15:34:07+00:00\",\"description\":\"feeding area\",\"breadcrumb\":{\"@id\":\"https:\/\/hormigueando.com\/product\/zona-de-alimentacion\/#breadcrumb\"},\"inLanguage\":\"en-GB\",\"potentialAction\":[{\"@type\":\"ReadAction\",\"target\":[\"https:\/\/hormigueando.com\/product\/zona-de-alimentacion\/\"]}]},{\"@type\":\"ImageObject\",\"inLanguage\":\"en-GB\",\"@id\":\"https:\/\/hormigueando.com\/product\/zona-de-alimentacion\/#primaryimage\",\"url\":\"https:\/\/hormigueando.com\/wp-content\/uploads\/2022\/08\/3891-thickbox_default-Zona-de-alimentacion.jpg\",\"contentUrl\":\"https:\/\/hormigueando.com\/wp-content\/uploads\/2022\/08\/3891-thickbox_default-Zona-de-alimentacion.jpg\",\"width\":1100,\"height\":1422},{\"@type\":\"BreadcrumbList\",\"@id\":\"https:\/\/hormigueando.com\/product\/zona-de-alimentacion\/#breadcrumb\",\"itemListElement\":[{\"@type\":\"ListItem\",\"position\":1,\"name\":\"Portada\",\"item\":\"https:\/\/hormigueando.com\/\"},{\"@type\":\"ListItem\",\"position\":2,\"name\":\"Tienda\",\"item\":\"https:\/\/hormigueando.com\/tienda\/\"},{\"@type\":\"ListItem\",\"position\":3,\"name\":\"feeding area\"}]},{\"@type\":\"WebSite\",\"@id\":\"https:\/\/hormigueando.com\/#website\",\"url\":\"https:\/\/hormigueando.com\/\",\"name\":\"Hormigueando | Tienda especializada en Cr\u00eda de Hormigas\",\"description\":\"\",\"publisher\":{\"@id\":\"https:\/\/hormigueando.com\/#organization\"},\"potentialAction\":[{\"@type\":\"SearchAction\",\"target\":{\"@type\":\"EntryPoint\",\"urlTemplate\":\"https:\/\/hormigueando.com\/?s={search_term_string}\"},\"query-input\":{\"@type\":\"PropertyValueSpecification\",\"valueRequired\":true,\"valueName\":\"search_term_string\"}}],\"inLanguage\":\"en-GB\"},{\"@type\":\"Organization\",\"@id\":\"https:\/\/hormigueando.com\/#organization\",\"name\":\"Hormigueando | Tienda especializada en Cr\u00eda de Hormigas\",\"url\":\"https:\/\/hormigueando.com\/\",\"logo\":{\"@type\":\"ImageObject\",\"inLanguage\":\"en-GB\",\"@id\":\"https:\/\/hormigueando.com\/#\/schema\/logo\/image\/\",\"url\":\"https:\/\/hormigueando.com\/wp-content\/uploads\/2023\/05\/logotipo_web-01.png\",\"contentUrl\":\"https:\/\/hormigueando.com\/wp-content\/uploads\/2023\/05\/logotipo_web-01.png\",\"width\":233,\"height\":74,\"caption\":\"Hormigueando | Tienda especializada en Cr\u00eda de Hormigas\"},\"image\":{\"@id\":\"https:\/\/hormigueando.com\/#\/schema\/logo\/image\/\"}}]}<\/script>\n<!-- \/ Yoast SEO plugin. -->","yoast_head_json":{"title":"feeding area","description":"feeding area","robots":{"index":"index","follow":"follow","max-snippet":"max-snippet:-1","max-image-preview":"max-image-preview:large","max-video-preview":"max-video-preview:-1"},"canonical":"https:\/\/hormigueando.com\/product\/zona-de-alimentacion\/","og_locale":"en_GB","og_type":"article","og_title":"feeding area","og_description":"feeding area","og_url":"https:\/\/hormigueando.com\/product\/zona-de-alimentacion\/","og_site_name":"Hormigueando | Tienda especializada en Cr\u00eda de Hormigas","article_modified_time":"2026-01-11T15:34:07+00:00","og_image":[{"width":1100,"height":1422,"url":"https:\/\/hormigueando.com\/wp-content\/uploads\/2022\/08\/3891-thickbox_default-feeding-area.jpg","type":"image\/jpeg"}],"twitter_card":"summary_large_image","twitter_misc":{"Estimated reading time":"1 minute"},"schema":{"@context":"https:\/\/schema.org","@graph":[{"@type":"WebPage","@id":"https:\/\/hormigueando.com\/product\/zona-de-alimentacion\/","url":"https:\/\/hormigueando.com\/product\/zona-de-alimentacion\/","name":"feeding area","isPartOf":{"@id":"https:\/\/hormigueando.com\/#website"},"primaryImageOfPage":{"@id":"https:\/\/hormigueando.com\/product\/zona-de-alimentacion\/#primaryimage"},"image":{"@id":"https:\/\/hormigueando.com\/product\/zona-de-alimentacion\/#primaryimage"},"thumbnailUrl":"https:\/\/hormigueando.com\/wp-content\/uploads\/2022\/08\/3891-thickbox_default-Zona-de-alimentacion.jpg","datePublished":"2022-08-23T16:34:20+00:00","dateModified":"2026-01-11T15:34:07+00:00","description":"feeding area","breadcrumb":{"@id":"https:\/\/hormigueando.com\/product\/zona-de-alimentacion\/#breadcrumb"},"inLanguage":"en-GB","potentialAction":[{"@type":"ReadAction","target":["https:\/\/hormigueando.com\/product\/zona-de-alimentacion\/"]}]},{"@type":"ImageObject","inLanguage":"en-GB","@id":"https:\/\/hormigueando.com\/product\/zona-de-alimentacion\/#primaryimage","url":"https:\/\/hormigueando.com\/wp-content\/uploads\/2022\/08\/3891-thickbox_default-Zona-de-alimentacion.jpg","contentUrl":"https:\/\/hormigueando.com\/wp-content\/uploads\/2022\/08\/3891-thickbox_default-Zona-de-alimentacion.jpg","width":1100,"height":1422},{"@type":"BreadcrumbList","@id":"https:\/\/hormigueando.com\/product\/zona-de-alimentacion\/#breadcrumb","itemListElement":[{"@type":"ListItem","position":1,"name":"Portada","item":"https:\/\/hormigueando.com\/"},{"@type":"ListItem","position":2,"name":"Tienda","item":"https:\/\/hormigueando.com\/tienda\/"},{"@type":"ListItem","position":3,"name":"feeding area"}]},{"@type":"WebSite","@id":"https:\/\/hormigueando.com\/#website","url":"https:\/\/hormigueando.com\/","name":"Hormigueando | Tienda especializada en Cr\u00eda de Hormigas","description":"","publisher":{"@id":"https:\/\/hormigueando.com\/#organization"},"potentialAction":[{"@type":"SearchAction","target":{"@type":"EntryPoint","urlTemplate":"https:\/\/hormigueando.com\/?s={search_term_string}"},"query-input":{"@type":"PropertyValueSpecification","valueRequired":true,"valueName":"search_term_string"}}],"inLanguage":"en-GB"},{"@type":"Organization","@id":"https:\/\/hormigueando.com\/#organization","name":"Hormigueando | Tienda especializada en Cr\u00eda de Hormigas","url":"https:\/\/hormigueando.com\/","logo":{"@type":"ImageObject","inLanguage":"en-GB","@id":"https:\/\/hormigueando.com\/#\/schema\/logo\/image\/","url":"https:\/\/hormigueando.com\/wp-content\/uploads\/2023\/05\/logotipo_web-01.png","contentUrl":"https:\/\/hormigueando.com\/wp-content\/uploads\/2023\/05\/logotipo_web-01.png","width":233,"height":74,"caption":"Hormigueando | Tienda especializada en Cr\u00eda de Hormigas"},"image":{"@id":"https:\/\/hormigueando.com\/#\/schema\/logo\/image\/"}}]}},"jetpack_sharing_enabled":true,"_links":{"self":[{"href":"https:\/\/hormigueando.com\/en-gb\/wp-json\/wp\/v2\/product\/46195","targetHints":{"allow":["GET"]}}],"collection":[{"href":"https:\/\/hormigueando.com\/en-gb\/wp-json\/wp\/v2\/product"}],"about":[{"href":"https:\/\/hormigueando.com\/en-gb\/wp-json\/wp\/v2\/types\/product"}],"replies":[{"embeddable":true,"href":"https:\/\/hormigueando.com\/en-gb\/wp-json\/wp\/v2\/comments?post=46195"}],"wp:featuredmedia":[{"embeddable":true,"href":"https:\/\/hormigueando.com\/en-gb\/wp-json\/wp\/v2\/media\/46183"}],"wp:attachment":[{"href":"https:\/\/hormigueando.com\/en-gb\/wp-json\/wp\/v2\/media?parent=46195"}],"wp:term":[{"taxonomy":"product_brand","embeddable":true,"href":"https:\/\/hormigueando.com\/en-gb\/wp-json\/wp\/v2\/product_brand?post=46195"},{"taxonomy":"product_cat","embeddable":true,"href":"https:\/\/hormigueando.com\/en-gb\/wp-json\/wp\/v2\/product_cat?post=46195"},{"taxonomy":"product_tag","embeddable":true,"href":"https:\/\/hormigueando.com\/en-gb\/wp-json\/wp\/v2\/product_tag?post=46195"},{"taxonomy":"giftcard-category","embeddable":true,"href":"https:\/\/hormigueando.com\/en-gb\/wp-json\/wp\/v2\/giftcard-category?post=46195"}],"curies":[{"name":"wp","href":"https:\/\/api.w.org\/{rel}","templated":true}]}}