{"id":46173,"date":"2023-09-18T17:38:18","date_gmt":"2023-09-18T15:38:18","guid":{"rendered":"https:\/\/hormigueando.com\/?post_type=product&#038;p=46173"},"modified":"2025-10-14T12:06:02","modified_gmt":"2025-10-14T10:06:02","slug":"kit-natur-camponotus-pilicornis-colonia-incluida","status":"publish","type":"product","link":"https:\/\/hormigueando.com\/en-gb\/product\/kit-natur-camponotus-pilicornis-colonia-incluida\/","title":{"rendered":"Kit Natur &#8211; Camponotus pilicornis (colonia incluida)"},"content":{"rendered":"<p>Kit espec\u00edficamente dise\u00f1ado para empezar con una colonia de Camponotus pilicornis<\/p>\n<\/p>\n<p>El Kit consta de:<\/p>\n<p>&#8211; Hormiguero Natur-magnet-H:Hormiguero modular de hormig\u00f3n y arena, que proporciona un entorno natural y humectante para las hormigas. Cada m\u00f3dulo puede conectarse entre s\u00ed y con la caja de forrajeo mediante conexiones magn\u00e9ticas.<\/p>\n<div id=\"product-description-short-410\" class=\"rte-content\">\n<p>El set incluye:<\/p>\n<ul style=\"list-style-type:circle;\">\n<li>&#8211; 1 M\u00f3dulo nido: hormiguero de 12x12x3 cm de hormig\u00f3n y arena. Cuenta con tres separadores de galer\u00edas, 4 conexiones con el exterior de 12 mm y 3 tapones de 12 mm.<\/li>\n<\/ul>\n<ul style=\"list-style-type:circle;\">\n<li>&#8211; 1 M\u00f3dulo caja de forrajeo: Caja de 12x12x9 cm con base de hormig\u00f3n y arena. Cuenta con doble tapa, 4 conexiones de 12 mm con el exterior y 3 tapones de 12 mm.<\/li>\n<\/ul>\n<ul style=\"list-style-type:circle;\">\n<li>&#8211; 1 Filtro rojo<\/li>\n<\/ul>\n<\/div>\n<p>&#8211; Colonia Camponotus pilicornis<\/p>\n<p>&#8211; Comedero<\/p>\n<p>&#8211; Pinzas de fibra de carbono<\/p>\n<p>&#8211; 10 ml de antifugas<\/p>\n<p>&#8211; Bebedero L byFormica<\/p>\n<p>&#8211; Antbros\u00eda 50 ml (n\u00e9ctar para hormigas)<\/p>\n<\/p>\n<p><strong><span style=\"color:#d0121a;\">Importante:<\/span><\/strong><\/p>\n<p>Lavar solo con agua y jab\u00f3n. La utilizaci\u00f3n de productos abrasivos de limpieza puede provocar da\u00f1os en el hormiguero y anular la garant\u00eda del producto.<\/p>\n","protected":false},"excerpt":{"rendered":"<p>Kit espec\u00edficamente dise\u00f1ado para empezar con una colonia de Camponotus pilicornis<\/p>\n<\/p>\n<p>El Kit consta de:<\/p>\n<p>&#8211; Hormiguero Natur-magnet-H:Hormiguero modular de hormig\u00f3n y arena, que proporciona un entorno natural y humectante para las hormigas. Cada m\u00f3dulo puede conectarse entre s\u00ed y con la caja de forrajeo mediante conexiones magn\u00e9ticas.<\/p>\n<div id=\"product-description-short-410\" class=\"rte-content\">\n<p>El set incluye:<\/p>\n<ul style=\"list-style-type:circle;\">\n<li>&#8211; 1 M\u00f3dulo nido<\/li>\n<\/ul>\n<ul style=\"list-style-type:circle;\">\n<li>&#8211; 1 M\u00f3dulo caja de forrajeo<\/li>\n<\/ul>\n<ul style=\"list-style-type:circle;\">\n<li>&#8211; 1 Filtro rojo<\/li>\n<\/ul>\n<\/div>\n<p>&#8211; Camponotus pilicornis<\/p>\n<p>&#8211; Comedero<\/p>\n<p>&#8211; Pinzas de fibra de carbono<\/p>\n<p>&#8211; 10 ml de antifugas<\/p>\n<p>&#8211; Bebedero L byFormica<\/p>\n<p>&#8211; Antbros\u00eda 50 ml (n\u00e9ctar para hormigas)<\/p>\n","protected":false},"featured_media":46172,"comment_status":"open","ping_status":"closed","template":"","meta":{"_joinchat":[]},"product_brand":[],"product_cat":[1140,1090],"product_tag":[],"giftcard-category":[],"class_list":{"0":"post-46173","1":"product","2":"type-product","3":"status-publish","4":"has-post-thumbnail","6":"product_cat-kits-en-gb","7":"product_cat-offers-en-gb","8":"pa_4b-numerodeconexionesconelex-2-en-gb","9":"pa_61-modorellenadosistemadehum-pipetaojeringuilla-en-gb","10":"pa_color-black-en-gb","11":"pa_composicion-metacrilato-en-gb","12":"pa_incluyecajadeforrajeo-si-en-gb","13":"pa_tamano-mediano-en-gb","15":"first","16":"instock","17":"taxable","18":"shipping-taxable","19":"purchasable","20":"product-type-simple"},"yoast_head":"<!-- This site is optimized with the Yoast SEO plugin v27.4 - https:\/\/yoast.com\/product\/yoast-seo-wordpress\/ -->\n<title>Kit Natur - Camponotus pilicornis (colonia incluida)<\/title>\n<meta name=\"description\" content=\"Kit Natur - Camponotus pilicornis (colonia incluida)\" \/>\n<meta name=\"robots\" content=\"index, follow, max-snippet:-1, max-image-preview:large, max-video-preview:-1\" \/>\n<link rel=\"canonical\" href=\"https:\/\/hormigueando.com\/en-gb\/product\/kit-natur-camponotus-pilicornis-colonia-incluida\/\" \/>\n<meta property=\"og:locale\" content=\"en_GB\" \/>\n<meta property=\"og:type\" content=\"article\" \/>\n<meta property=\"og:title\" content=\"Kit Natur - Camponotus pilicornis (colonia incluida)\" \/>\n<meta property=\"og:description\" content=\"Kit Natur - Camponotus pilicornis (colonia incluida)\" \/>\n<meta property=\"og:url\" content=\"https:\/\/hormigueando.com\/en-gb\/product\/kit-natur-camponotus-pilicornis-colonia-incluida\/\" \/>\n<meta property=\"og:site_name\" content=\"Hormigueando | Tienda especializada en Cr\u00eda de Hormigas\" \/>\n<meta property=\"article:modified_time\" content=\"2025-10-14T10:06:02+00:00\" \/>\n<meta property=\"og:image\" content=\"https:\/\/hormigueando.com\/wp-content\/uploads\/2022\/08\/3882-thickbox_default-Kit-Natur-Camponotus-pilicornis-colonia-incluida.jpg\" \/>\n\t<meta property=\"og:image:width\" content=\"1100\" \/>\n\t<meta property=\"og:image:height\" content=\"1422\" \/>\n\t<meta property=\"og:image:type\" content=\"image\/jpeg\" \/>\n<meta name=\"twitter:card\" content=\"summary_large_image\" \/>\n<meta name=\"twitter:label1\" content=\"Estimated reading time\" \/>\n\t<meta name=\"twitter:data1\" content=\"1 minute\" \/>\n<script type=\"application\/ld+json\" class=\"yoast-schema-graph\">{\"@context\":\"https:\\\/\\\/schema.org\",\"@graph\":[{\"@type\":\"WebPage\",\"@id\":\"https:\\\/\\\/hormigueando.com\\\/en-gb\\\/product\\\/kit-natur-camponotus-pilicornis-colonia-incluida\\\/\",\"url\":\"https:\\\/\\\/hormigueando.com\\\/en-gb\\\/product\\\/kit-natur-camponotus-pilicornis-colonia-incluida\\\/\",\"name\":\"Kit Natur - Camponotus pilicornis (colonia incluida)\",\"isPartOf\":{\"@id\":\"https:\\\/\\\/hormigueando.com\\\/#website\"},\"primaryImageOfPage\":{\"@id\":\"https:\\\/\\\/hormigueando.com\\\/en-gb\\\/product\\\/kit-natur-camponotus-pilicornis-colonia-incluida\\\/#primaryimage\"},\"image\":{\"@id\":\"https:\\\/\\\/hormigueando.com\\\/en-gb\\\/product\\\/kit-natur-camponotus-pilicornis-colonia-incluida\\\/#primaryimage\"},\"thumbnailUrl\":\"https:\\\/\\\/hormigueando.com\\\/wp-content\\\/uploads\\\/2022\\\/08\\\/3882-thickbox_default-Kit-Natur-Camponotus-pilicornis-colonia-incluida.jpg\",\"datePublished\":\"2023-09-18T15:38:18+00:00\",\"dateModified\":\"2025-10-14T10:06:02+00:00\",\"description\":\"Kit Natur - Camponotus pilicornis (colonia incluida)\",\"breadcrumb\":{\"@id\":\"https:\\\/\\\/hormigueando.com\\\/en-gb\\\/product\\\/kit-natur-camponotus-pilicornis-colonia-incluida\\\/#breadcrumb\"},\"inLanguage\":\"en-GB\",\"potentialAction\":[{\"@type\":\"ReadAction\",\"target\":[\"https:\\\/\\\/hormigueando.com\\\/en-gb\\\/product\\\/kit-natur-camponotus-pilicornis-colonia-incluida\\\/\"]}]},{\"@type\":\"ImageObject\",\"inLanguage\":\"en-GB\",\"@id\":\"https:\\\/\\\/hormigueando.com\\\/en-gb\\\/product\\\/kit-natur-camponotus-pilicornis-colonia-incluida\\\/#primaryimage\",\"url\":\"https:\\\/\\\/hormigueando.com\\\/wp-content\\\/uploads\\\/2022\\\/08\\\/3882-thickbox_default-Kit-Natur-Camponotus-pilicornis-colonia-incluida.jpg\",\"contentUrl\":\"https:\\\/\\\/hormigueando.com\\\/wp-content\\\/uploads\\\/2022\\\/08\\\/3882-thickbox_default-Kit-Natur-Camponotus-pilicornis-colonia-incluida.jpg\",\"width\":1100,\"height\":1422},{\"@type\":\"BreadcrumbList\",\"@id\":\"https:\\\/\\\/hormigueando.com\\\/en-gb\\\/product\\\/kit-natur-camponotus-pilicornis-colonia-incluida\\\/#breadcrumb\",\"itemListElement\":[{\"@type\":\"ListItem\",\"position\":1,\"name\":\"Portada\",\"item\":\"https:\\\/\\\/hormigueando.com\\\/\"},{\"@type\":\"ListItem\",\"position\":2,\"name\":\"Tienda\",\"item\":\"https:\\\/\\\/hormigueando.com\\\/tienda\\\/\"},{\"@type\":\"ListItem\",\"position\":3,\"name\":\"Kit Natur &#8211; Camponotus pilicornis (colonia incluida)\"}]},{\"@type\":\"WebSite\",\"@id\":\"https:\\\/\\\/hormigueando.com\\\/#website\",\"url\":\"https:\\\/\\\/hormigueando.com\\\/\",\"name\":\"Hormigueando | Tienda especializada en Cr\u00eda de Hormigas\",\"description\":\"\",\"publisher\":{\"@id\":\"https:\\\/\\\/hormigueando.com\\\/#organization\"},\"potentialAction\":[{\"@type\":\"SearchAction\",\"target\":{\"@type\":\"EntryPoint\",\"urlTemplate\":\"https:\\\/\\\/hormigueando.com\\\/?s={search_term_string}\"},\"query-input\":{\"@type\":\"PropertyValueSpecification\",\"valueRequired\":true,\"valueName\":\"search_term_string\"}}],\"inLanguage\":\"en-GB\"},{\"@type\":\"Organization\",\"@id\":\"https:\\\/\\\/hormigueando.com\\\/#organization\",\"name\":\"Hormigueando | Tienda especializada en Cr\u00eda de Hormigas\",\"url\":\"https:\\\/\\\/hormigueando.com\\\/\",\"logo\":{\"@type\":\"ImageObject\",\"inLanguage\":\"en-GB\",\"@id\":\"https:\\\/\\\/hormigueando.com\\\/#\\\/schema\\\/logo\\\/image\\\/\",\"url\":\"https:\\\/\\\/hormigueando.com\\\/wp-content\\\/uploads\\\/2023\\\/05\\\/logotipo_web-01.png\",\"contentUrl\":\"https:\\\/\\\/hormigueando.com\\\/wp-content\\\/uploads\\\/2023\\\/05\\\/logotipo_web-01.png\",\"width\":233,\"height\":74,\"caption\":\"Hormigueando | Tienda especializada en Cr\u00eda de Hormigas\"},\"image\":{\"@id\":\"https:\\\/\\\/hormigueando.com\\\/#\\\/schema\\\/logo\\\/image\\\/\"}}]}<\/script>\n<!-- \/ Yoast SEO plugin. -->","yoast_head_json":{"title":"Kit Natur - Camponotus pilicornis (colonia incluida)","description":"Kit Natur - Camponotus pilicornis (colonia incluida)","robots":{"index":"index","follow":"follow","max-snippet":"max-snippet:-1","max-image-preview":"max-image-preview:large","max-video-preview":"max-video-preview:-1"},"canonical":"https:\/\/hormigueando.com\/en-gb\/product\/kit-natur-camponotus-pilicornis-colonia-incluida\/","og_locale":"en_GB","og_type":"article","og_title":"Kit Natur - Camponotus pilicornis (colonia incluida)","og_description":"Kit Natur - Camponotus pilicornis (colonia incluida)","og_url":"https:\/\/hormigueando.com\/en-gb\/product\/kit-natur-camponotus-pilicornis-colonia-incluida\/","og_site_name":"Hormigueando | Tienda especializada en Cr\u00eda de Hormigas","article_modified_time":"2025-10-14T10:06:02+00:00","og_image":[{"width":1100,"height":1422,"url":"https:\/\/hormigueando.com\/wp-content\/uploads\/2022\/08\/3882-thickbox_default-Kit-Natur-Camponotus-pilicornis-colonia-incluida.jpg","type":"image\/jpeg"}],"twitter_card":"summary_large_image","twitter_misc":{"Estimated reading time":"1 minute"},"schema":{"@context":"https:\/\/schema.org","@graph":[{"@type":"WebPage","@id":"https:\/\/hormigueando.com\/en-gb\/product\/kit-natur-camponotus-pilicornis-colonia-incluida\/","url":"https:\/\/hormigueando.com\/en-gb\/product\/kit-natur-camponotus-pilicornis-colonia-incluida\/","name":"Kit Natur - Camponotus pilicornis (colonia incluida)","isPartOf":{"@id":"https:\/\/hormigueando.com\/#website"},"primaryImageOfPage":{"@id":"https:\/\/hormigueando.com\/en-gb\/product\/kit-natur-camponotus-pilicornis-colonia-incluida\/#primaryimage"},"image":{"@id":"https:\/\/hormigueando.com\/en-gb\/product\/kit-natur-camponotus-pilicornis-colonia-incluida\/#primaryimage"},"thumbnailUrl":"https:\/\/hormigueando.com\/wp-content\/uploads\/2022\/08\/3882-thickbox_default-Kit-Natur-Camponotus-pilicornis-colonia-incluida.jpg","datePublished":"2023-09-18T15:38:18+00:00","dateModified":"2025-10-14T10:06:02+00:00","description":"Kit Natur - Camponotus pilicornis (colonia incluida)","breadcrumb":{"@id":"https:\/\/hormigueando.com\/en-gb\/product\/kit-natur-camponotus-pilicornis-colonia-incluida\/#breadcrumb"},"inLanguage":"en-GB","potentialAction":[{"@type":"ReadAction","target":["https:\/\/hormigueando.com\/en-gb\/product\/kit-natur-camponotus-pilicornis-colonia-incluida\/"]}]},{"@type":"ImageObject","inLanguage":"en-GB","@id":"https:\/\/hormigueando.com\/en-gb\/product\/kit-natur-camponotus-pilicornis-colonia-incluida\/#primaryimage","url":"https:\/\/hormigueando.com\/wp-content\/uploads\/2022\/08\/3882-thickbox_default-Kit-Natur-Camponotus-pilicornis-colonia-incluida.jpg","contentUrl":"https:\/\/hormigueando.com\/wp-content\/uploads\/2022\/08\/3882-thickbox_default-Kit-Natur-Camponotus-pilicornis-colonia-incluida.jpg","width":1100,"height":1422},{"@type":"BreadcrumbList","@id":"https:\/\/hormigueando.com\/en-gb\/product\/kit-natur-camponotus-pilicornis-colonia-incluida\/#breadcrumb","itemListElement":[{"@type":"ListItem","position":1,"name":"Portada","item":"https:\/\/hormigueando.com\/"},{"@type":"ListItem","position":2,"name":"Tienda","item":"https:\/\/hormigueando.com\/tienda\/"},{"@type":"ListItem","position":3,"name":"Kit Natur &#8211; Camponotus pilicornis (colonia incluida)"}]},{"@type":"WebSite","@id":"https:\/\/hormigueando.com\/#website","url":"https:\/\/hormigueando.com\/","name":"Hormigueando | Tienda especializada en Cr\u00eda de Hormigas","description":"","publisher":{"@id":"https:\/\/hormigueando.com\/#organization"},"potentialAction":[{"@type":"SearchAction","target":{"@type":"EntryPoint","urlTemplate":"https:\/\/hormigueando.com\/?s={search_term_string}"},"query-input":{"@type":"PropertyValueSpecification","valueRequired":true,"valueName":"search_term_string"}}],"inLanguage":"en-GB"},{"@type":"Organization","@id":"https:\/\/hormigueando.com\/#organization","name":"Hormigueando | Tienda especializada en Cr\u00eda de Hormigas","url":"https:\/\/hormigueando.com\/","logo":{"@type":"ImageObject","inLanguage":"en-GB","@id":"https:\/\/hormigueando.com\/#\/schema\/logo\/image\/","url":"https:\/\/hormigueando.com\/wp-content\/uploads\/2023\/05\/logotipo_web-01.png","contentUrl":"https:\/\/hormigueando.com\/wp-content\/uploads\/2023\/05\/logotipo_web-01.png","width":233,"height":74,"caption":"Hormigueando | Tienda especializada en Cr\u00eda de Hormigas"},"image":{"@id":"https:\/\/hormigueando.com\/#\/schema\/logo\/image\/"}}]}},"jetpack_sharing_enabled":true,"_links":{"self":[{"href":"https:\/\/hormigueando.com\/en-gb\/wp-json\/wp\/v2\/product\/46173","targetHints":{"allow":["GET"]}}],"collection":[{"href":"https:\/\/hormigueando.com\/en-gb\/wp-json\/wp\/v2\/product"}],"about":[{"href":"https:\/\/hormigueando.com\/en-gb\/wp-json\/wp\/v2\/types\/product"}],"replies":[{"embeddable":true,"href":"https:\/\/hormigueando.com\/en-gb\/wp-json\/wp\/v2\/comments?post=46173"}],"wp:featuredmedia":[{"embeddable":true,"href":"https:\/\/hormigueando.com\/en-gb\/wp-json\/wp\/v2\/media\/46172"}],"wp:attachment":[{"href":"https:\/\/hormigueando.com\/en-gb\/wp-json\/wp\/v2\/media?parent=46173"}],"wp:term":[{"taxonomy":"product_brand","embeddable":true,"href":"https:\/\/hormigueando.com\/en-gb\/wp-json\/wp\/v2\/product_brand?post=46173"},{"taxonomy":"product_cat","embeddable":true,"href":"https:\/\/hormigueando.com\/en-gb\/wp-json\/wp\/v2\/product_cat?post=46173"},{"taxonomy":"product_tag","embeddable":true,"href":"https:\/\/hormigueando.com\/en-gb\/wp-json\/wp\/v2\/product_tag?post=46173"},{"taxonomy":"giftcard-category","embeddable":true,"href":"https:\/\/hormigueando.com\/en-gb\/wp-json\/wp\/v2\/giftcard-category?post=46173"}],"curies":[{"name":"wp","href":"https:\/\/api.w.org\/{rel}","templated":true}]}}