{"id":46170,"date":"2022-08-04T17:09:43","date_gmt":"2022-08-04T15:09:43","guid":{"rendered":"https:\/\/hormigueando.com\/producto\/kit-natur-crematogaster-scutellaris-colonia-incluida\/"},"modified":"2024-11-10T03:09:18","modified_gmt":"2024-11-10T01:09:18","slug":"kit-natur-crematogaster-scutellaris-colonia-incluida","status":"publish","type":"product","link":"https:\/\/hormigueando.com\/en-gb\/product\/kit-natur-crematogaster-scutellaris-colonia-incluida\/","title":{"rendered":"Kit Natur &#8211; Crematogaster scutellaris (colonia incluida)"},"content":{"rendered":"<p>Kit espec\u00edficamente dise\u00f1ado para empezar con una colonia de Crematogaster scutellaris<\/p>\n<\/p>\n<p>El Kit consta de:<\/p>\n<p>&#8211; Hormiguero Natur-magnet-H:Hormiguero modular de hormig\u00f3n y arena, que proporciona un entorno natural y humectante para las hormigas. Cada m\u00f3dulo puede conectarse entre s\u00ed y con la caja de forrajeo mediante conexiones magn\u00e9ticas.<\/p>\n<div id=\"product-description-short-410\" class=\"rte-content\">\n<p>El set incluye:<\/p>\n<ul style=\"list-style-type:circle;\">\n<li>&#8211; 1 M\u00f3dulo nido: hormiguero de 12x12x3 cm de hormig\u00f3n y arena. Cuenta con tres separadores de galer\u00edas, 4 conexiones con el exterior de 12 mm y 3 tapones de 12 mm.<\/li>\n<\/ul>\n<ul style=\"list-style-type:circle;\">\n<li>&#8211; 1 M\u00f3dulo caja de forrajeo: Caja de 12x12x9 cm con base de hormig\u00f3n y arena. Cuenta con doble tapa, 4 conexiones de 12 mm con el exterior y 3 tapones de 12 mm.<\/li>\n<\/ul>\n<ul style=\"list-style-type:circle;\">\n<li>&#8211; 1 Filtro rojo<\/li>\n<\/ul>\n<\/div>\n<p>&#8211; Colonia Crematogaster scutellaris<\/p>\n<p>&#8211; Comedero<\/p>\n<p>&#8211; Pinzas de fibra de carbono<\/p>\n<p>&#8211; 10 ml de antifugas<\/p>\n<p>&#8211; Bebedero L byFormica<\/p>\n<p>&#8211; Antbros\u00eda 50 ml (n\u00e9ctar para hormigas)<\/p>\n<\/p>\n<p><strong><span style=\"color:#d0121a;\">Importante:<\/span><\/strong><\/p>\n<p>Lavar solo con agua y jab\u00f3n. La utilizaci\u00f3n de productos abrasivos de limpieza puede provocar da\u00f1os en el hormiguero y anular la garant\u00eda del producto.<\/p>\n","protected":false},"excerpt":{"rendered":"<p>Kit espec\u00edficamente dise\u00f1ado para empezar con una colonia de Crematogaster scutellaris<\/p>\n<\/p>\n<p>El Kit consta de:<\/p>\n<p>&#8211; Hormiguero Natur-magnet-H:Hormiguero modular de hormig\u00f3n y arena, que proporciona un entorno natural y humectante para las hormigas. Cada m\u00f3dulo puede conectarse entre s\u00ed y con la caja de forrajeo mediante conexiones magn\u00e9ticas.<\/p>\n<div id=\"product-description-short-410\" class=\"rte-content\">\n<p>El set incluye:<\/p>\n<ul style=\"list-style-type:circle;\">\n<li>&#8211; 1 M\u00f3dulo nido<\/li>\n<\/ul>\n<ul style=\"list-style-type:circle;\">\n<li>&#8211; 1 M\u00f3dulo caja de forrajeo<\/li>\n<\/ul>\n<ul style=\"list-style-type:circle;\">\n<li>&#8211; 1 Filtro rojo<\/li>\n<\/ul>\n<\/div>\n<p>&#8211; Colonia Crematogaster scutellaris<\/p>\n<p>&#8211; Comedero<\/p>\n<p>&#8211; Pinzas de fibra de carbono<\/p>\n<p>&#8211; 10 ml de antifugas<\/p>\n<p>&#8211; Bebedero L byFormica<\/p>\n<p>&#8211; Antbros\u00eda 50 ml (n\u00e9ctar para hormigas)<\/p>\n","protected":false},"featured_media":46169,"comment_status":"open","ping_status":"closed","template":"","meta":{"_joinchat":[]},"product_brand":[],"product_cat":[1140,1090],"product_tag":[],"giftcard-category":[],"class_list":{"0":"post-46170","1":"product","2":"type-product","3":"status-publish","4":"has-post-thumbnail","6":"product_cat-kits-en-gb","7":"product_cat-offers-en-gb","8":"pa_4b-numerodeconexionesconelex-2-en-gb","9":"pa_61-modorellenadosistemadehum-pipetaojeringuilla-en-gb","10":"pa_color-black-en-gb","11":"pa_composicion-metacrilato-en-gb","12":"pa_incluyecajadeforrajeo-si-en-gb","13":"pa_tamano-mediano-en-gb","15":"first","16":"instock","17":"taxable","18":"shipping-taxable","19":"purchasable","20":"product-type-simple"},"yoast_head":"<!-- This site is optimized with the Yoast SEO plugin v27.1.1 - https:\/\/yoast.com\/product\/yoast-seo-wordpress\/ -->\n<title>Kit Crematogaster scutellaris<\/title>\n<meta name=\"description\" content=\"Kit Crematogaster scutellaris\" \/>\n<meta name=\"robots\" content=\"index, follow, max-snippet:-1, max-image-preview:large, max-video-preview:-1\" \/>\n<link rel=\"canonical\" href=\"https:\/\/hormigueando.com\/en-gb\/product\/kit-natur-crematogaster-scutellaris-colonia-incluida\/\" \/>\n<meta property=\"og:locale\" content=\"en_GB\" \/>\n<meta property=\"og:type\" content=\"article\" \/>\n<meta property=\"og:title\" content=\"Kit Crematogaster scutellaris\" \/>\n<meta property=\"og:description\" content=\"Kit Crematogaster scutellaris\" \/>\n<meta property=\"og:url\" content=\"https:\/\/hormigueando.com\/en-gb\/product\/kit-natur-crematogaster-scutellaris-colonia-incluida\/\" \/>\n<meta property=\"og:site_name\" content=\"Hormigueando | Tienda especializada en Cr\u00eda de Hormigas\" \/>\n<meta property=\"article:modified_time\" content=\"2024-11-10T01:09:18+00:00\" \/>\n<meta property=\"og:image\" content=\"https:\/\/hormigueando.com\/wp-content\/uploads\/2022\/08\/3880-thickbox_default-Kit-Natur-Crematogaster-scutellaris-colonia-incluida.jpg\" \/>\n\t<meta property=\"og:image:width\" content=\"1100\" \/>\n\t<meta property=\"og:image:height\" content=\"1422\" \/>\n\t<meta property=\"og:image:type\" content=\"image\/jpeg\" \/>\n<meta name=\"twitter:card\" content=\"summary_large_image\" \/>\n<meta name=\"twitter:label1\" content=\"Estimated reading time\" \/>\n\t<meta name=\"twitter:data1\" content=\"1 minute\" \/>\n<script type=\"application\/ld+json\" class=\"yoast-schema-graph\">{\"@context\":\"https:\/\/schema.org\",\"@graph\":[{\"@type\":\"WebPage\",\"@id\":\"https:\/\/hormigueando.com\/en-gb\/product\/kit-natur-crematogaster-scutellaris-colonia-incluida\/\",\"url\":\"https:\/\/hormigueando.com\/en-gb\/product\/kit-natur-crematogaster-scutellaris-colonia-incluida\/\",\"name\":\"Kit Crematogaster scutellaris\",\"isPartOf\":{\"@id\":\"https:\/\/hormigueando.com\/#website\"},\"primaryImageOfPage\":{\"@id\":\"https:\/\/hormigueando.com\/en-gb\/product\/kit-natur-crematogaster-scutellaris-colonia-incluida\/#primaryimage\"},\"image\":{\"@id\":\"https:\/\/hormigueando.com\/en-gb\/product\/kit-natur-crematogaster-scutellaris-colonia-incluida\/#primaryimage\"},\"thumbnailUrl\":\"https:\/\/hormigueando.com\/wp-content\/uploads\/2022\/08\/3880-thickbox_default-Kit-Natur-Crematogaster-scutellaris-colonia-incluida.jpg\",\"datePublished\":\"2022-08-04T15:09:43+00:00\",\"dateModified\":\"2024-11-10T01:09:18+00:00\",\"description\":\"Kit Crematogaster scutellaris\",\"breadcrumb\":{\"@id\":\"https:\/\/hormigueando.com\/en-gb\/product\/kit-natur-crematogaster-scutellaris-colonia-incluida\/#breadcrumb\"},\"inLanguage\":\"en-GB\",\"potentialAction\":[{\"@type\":\"ReadAction\",\"target\":[\"https:\/\/hormigueando.com\/en-gb\/product\/kit-natur-crematogaster-scutellaris-colonia-incluida\/\"]}]},{\"@type\":\"ImageObject\",\"inLanguage\":\"en-GB\",\"@id\":\"https:\/\/hormigueando.com\/en-gb\/product\/kit-natur-crematogaster-scutellaris-colonia-incluida\/#primaryimage\",\"url\":\"https:\/\/hormigueando.com\/wp-content\/uploads\/2022\/08\/3880-thickbox_default-Kit-Natur-Crematogaster-scutellaris-colonia-incluida.jpg\",\"contentUrl\":\"https:\/\/hormigueando.com\/wp-content\/uploads\/2022\/08\/3880-thickbox_default-Kit-Natur-Crematogaster-scutellaris-colonia-incluida.jpg\",\"width\":1100,\"height\":1422},{\"@type\":\"BreadcrumbList\",\"@id\":\"https:\/\/hormigueando.com\/en-gb\/product\/kit-natur-crematogaster-scutellaris-colonia-incluida\/#breadcrumb\",\"itemListElement\":[{\"@type\":\"ListItem\",\"position\":1,\"name\":\"Portada\",\"item\":\"https:\/\/hormigueando.com\/\"},{\"@type\":\"ListItem\",\"position\":2,\"name\":\"Tienda\",\"item\":\"https:\/\/hormigueando.com\/tienda\/\"},{\"@type\":\"ListItem\",\"position\":3,\"name\":\"Kit Natur &#8211; Crematogaster scutellaris (colonia incluida)\"}]},{\"@type\":\"WebSite\",\"@id\":\"https:\/\/hormigueando.com\/#website\",\"url\":\"https:\/\/hormigueando.com\/\",\"name\":\"Hormigueando | Tienda especializada en Cr\u00eda de Hormigas\",\"description\":\"\",\"publisher\":{\"@id\":\"https:\/\/hormigueando.com\/#organization\"},\"potentialAction\":[{\"@type\":\"SearchAction\",\"target\":{\"@type\":\"EntryPoint\",\"urlTemplate\":\"https:\/\/hormigueando.com\/?s={search_term_string}\"},\"query-input\":{\"@type\":\"PropertyValueSpecification\",\"valueRequired\":true,\"valueName\":\"search_term_string\"}}],\"inLanguage\":\"en-GB\"},{\"@type\":\"Organization\",\"@id\":\"https:\/\/hormigueando.com\/#organization\",\"name\":\"Hormigueando | Tienda especializada en Cr\u00eda de Hormigas\",\"url\":\"https:\/\/hormigueando.com\/\",\"logo\":{\"@type\":\"ImageObject\",\"inLanguage\":\"en-GB\",\"@id\":\"https:\/\/hormigueando.com\/#\/schema\/logo\/image\/\",\"url\":\"https:\/\/hormigueando.com\/wp-content\/uploads\/2023\/05\/logotipo_web-01.png\",\"contentUrl\":\"https:\/\/hormigueando.com\/wp-content\/uploads\/2023\/05\/logotipo_web-01.png\",\"width\":233,\"height\":74,\"caption\":\"Hormigueando | Tienda especializada en Cr\u00eda de Hormigas\"},\"image\":{\"@id\":\"https:\/\/hormigueando.com\/#\/schema\/logo\/image\/\"}}]}<\/script>\n<!-- \/ Yoast SEO plugin. -->","yoast_head_json":{"title":"Kit Crematogaster scutellaris","description":"Kit Crematogaster scutellaris","robots":{"index":"index","follow":"follow","max-snippet":"max-snippet:-1","max-image-preview":"max-image-preview:large","max-video-preview":"max-video-preview:-1"},"canonical":"https:\/\/hormigueando.com\/en-gb\/product\/kit-natur-crematogaster-scutellaris-colonia-incluida\/","og_locale":"en_GB","og_type":"article","og_title":"Kit Crematogaster scutellaris","og_description":"Kit Crematogaster scutellaris","og_url":"https:\/\/hormigueando.com\/en-gb\/product\/kit-natur-crematogaster-scutellaris-colonia-incluida\/","og_site_name":"Hormigueando | Tienda especializada en Cr\u00eda de Hormigas","article_modified_time":"2024-11-10T01:09:18+00:00","og_image":[{"width":1100,"height":1422,"url":"https:\/\/hormigueando.com\/wp-content\/uploads\/2022\/08\/3880-thickbox_default-Kit-Natur-Crematogaster-scutellaris-colonia-incluida.jpg","type":"image\/jpeg"}],"twitter_card":"summary_large_image","twitter_misc":{"Estimated reading time":"1 minute"},"schema":{"@context":"https:\/\/schema.org","@graph":[{"@type":"WebPage","@id":"https:\/\/hormigueando.com\/en-gb\/product\/kit-natur-crematogaster-scutellaris-colonia-incluida\/","url":"https:\/\/hormigueando.com\/en-gb\/product\/kit-natur-crematogaster-scutellaris-colonia-incluida\/","name":"Kit Crematogaster scutellaris","isPartOf":{"@id":"https:\/\/hormigueando.com\/#website"},"primaryImageOfPage":{"@id":"https:\/\/hormigueando.com\/en-gb\/product\/kit-natur-crematogaster-scutellaris-colonia-incluida\/#primaryimage"},"image":{"@id":"https:\/\/hormigueando.com\/en-gb\/product\/kit-natur-crematogaster-scutellaris-colonia-incluida\/#primaryimage"},"thumbnailUrl":"https:\/\/hormigueando.com\/wp-content\/uploads\/2022\/08\/3880-thickbox_default-Kit-Natur-Crematogaster-scutellaris-colonia-incluida.jpg","datePublished":"2022-08-04T15:09:43+00:00","dateModified":"2024-11-10T01:09:18+00:00","description":"Kit Crematogaster scutellaris","breadcrumb":{"@id":"https:\/\/hormigueando.com\/en-gb\/product\/kit-natur-crematogaster-scutellaris-colonia-incluida\/#breadcrumb"},"inLanguage":"en-GB","potentialAction":[{"@type":"ReadAction","target":["https:\/\/hormigueando.com\/en-gb\/product\/kit-natur-crematogaster-scutellaris-colonia-incluida\/"]}]},{"@type":"ImageObject","inLanguage":"en-GB","@id":"https:\/\/hormigueando.com\/en-gb\/product\/kit-natur-crematogaster-scutellaris-colonia-incluida\/#primaryimage","url":"https:\/\/hormigueando.com\/wp-content\/uploads\/2022\/08\/3880-thickbox_default-Kit-Natur-Crematogaster-scutellaris-colonia-incluida.jpg","contentUrl":"https:\/\/hormigueando.com\/wp-content\/uploads\/2022\/08\/3880-thickbox_default-Kit-Natur-Crematogaster-scutellaris-colonia-incluida.jpg","width":1100,"height":1422},{"@type":"BreadcrumbList","@id":"https:\/\/hormigueando.com\/en-gb\/product\/kit-natur-crematogaster-scutellaris-colonia-incluida\/#breadcrumb","itemListElement":[{"@type":"ListItem","position":1,"name":"Portada","item":"https:\/\/hormigueando.com\/"},{"@type":"ListItem","position":2,"name":"Tienda","item":"https:\/\/hormigueando.com\/tienda\/"},{"@type":"ListItem","position":3,"name":"Kit Natur &#8211; Crematogaster scutellaris (colonia incluida)"}]},{"@type":"WebSite","@id":"https:\/\/hormigueando.com\/#website","url":"https:\/\/hormigueando.com\/","name":"Hormigueando | Tienda especializada en Cr\u00eda de Hormigas","description":"","publisher":{"@id":"https:\/\/hormigueando.com\/#organization"},"potentialAction":[{"@type":"SearchAction","target":{"@type":"EntryPoint","urlTemplate":"https:\/\/hormigueando.com\/?s={search_term_string}"},"query-input":{"@type":"PropertyValueSpecification","valueRequired":true,"valueName":"search_term_string"}}],"inLanguage":"en-GB"},{"@type":"Organization","@id":"https:\/\/hormigueando.com\/#organization","name":"Hormigueando | Tienda especializada en Cr\u00eda de Hormigas","url":"https:\/\/hormigueando.com\/","logo":{"@type":"ImageObject","inLanguage":"en-GB","@id":"https:\/\/hormigueando.com\/#\/schema\/logo\/image\/","url":"https:\/\/hormigueando.com\/wp-content\/uploads\/2023\/05\/logotipo_web-01.png","contentUrl":"https:\/\/hormigueando.com\/wp-content\/uploads\/2023\/05\/logotipo_web-01.png","width":233,"height":74,"caption":"Hormigueando | Tienda especializada en Cr\u00eda de Hormigas"},"image":{"@id":"https:\/\/hormigueando.com\/#\/schema\/logo\/image\/"}}]}},"jetpack_sharing_enabled":true,"_links":{"self":[{"href":"https:\/\/hormigueando.com\/en-gb\/wp-json\/wp\/v2\/product\/46170","targetHints":{"allow":["GET"]}}],"collection":[{"href":"https:\/\/hormigueando.com\/en-gb\/wp-json\/wp\/v2\/product"}],"about":[{"href":"https:\/\/hormigueando.com\/en-gb\/wp-json\/wp\/v2\/types\/product"}],"replies":[{"embeddable":true,"href":"https:\/\/hormigueando.com\/en-gb\/wp-json\/wp\/v2\/comments?post=46170"}],"wp:featuredmedia":[{"embeddable":true,"href":"https:\/\/hormigueando.com\/en-gb\/wp-json\/wp\/v2\/media\/46169"}],"wp:attachment":[{"href":"https:\/\/hormigueando.com\/en-gb\/wp-json\/wp\/v2\/media?parent=46170"}],"wp:term":[{"taxonomy":"product_brand","embeddable":true,"href":"https:\/\/hormigueando.com\/en-gb\/wp-json\/wp\/v2\/product_brand?post=46170"},{"taxonomy":"product_cat","embeddable":true,"href":"https:\/\/hormigueando.com\/en-gb\/wp-json\/wp\/v2\/product_cat?post=46170"},{"taxonomy":"product_tag","embeddable":true,"href":"https:\/\/hormigueando.com\/en-gb\/wp-json\/wp\/v2\/product_tag?post=46170"},{"taxonomy":"giftcard-category","embeddable":true,"href":"https:\/\/hormigueando.com\/en-gb\/wp-json\/wp\/v2\/giftcard-category?post=46170"}],"curies":[{"name":"wp","href":"https:\/\/api.w.org\/{rel}","templated":true}]}}