{"id":44781,"date":"2020-12-30T19:41:49","date_gmt":"2020-12-30T17:41:49","guid":{"rendered":"https:\/\/hormigueando.com\/producto\/modulos-natur-magnet\/"},"modified":"2025-10-08T19:22:46","modified_gmt":"2025-10-08T17:22:46","slug":"modulos-natur-magnet","status":"publish","type":"product","link":"https:\/\/hormigueando.com\/en-gb\/product\/modulos-natur-magnet\/","title":{"rendered":"M\u00f3dulos Natur-Magnet"},"content":{"rendered":"<p><strong>\u00a1Atenci\u00f3n! Los m\u00f3dulos se venden por separado.<\/strong><\/p>\n<\/p>\n<p>Hormiguero modular de hormig\u00f3n y arena, que proporciona un entorno natural y humectante para las hormigas. Cada m\u00f3dulo puede conectarse con otros mediante conexiones magn\u00e9ticas. Pueden conectarse tanto en la parte superior como a los lados, de manera que se puede hacer tantas disposiciones diferentes como se quiera.<\/p>\n<\/p>\n<p>&#8211; M\u00f3dulo nido: hormiguero de 15x10x7 cm de hormig\u00f3n y arena. Cuenta con 4 conexiones con el exterior de 12 mm (una en la parte superior, otra en la parte inferior y otra a cada lado) y 4 tapones de 12 mm. El dep\u00f3sito de agua interior tiene una capacidad de 25 ml (duraci\u00f3n de unos 20-25 d\u00edas aprox). Puedes elegir entre dos dise\u00f1os diferentes: Nido-1 o Nido-2<\/p>\n<\/p>\n<p>&#8211; M\u00f3dulo nido calefactado: hormiguero de 15x10x7 cm de hormig\u00f3n y arena. Cuenta con dos separadores de galer\u00edas (ojo, al ser un entorno natural de hormig\u00f3n y arena pueden quedar huecos por los que hormigas peque\u00f1as pueden pasar a otros compartimentos), 4 conexiones con el exterior de 12 mm (una en la parte superior, otra en la parte inferior y otra a cada lado) y 4 tapones de 12 mm. El sistema de calefacci\u00f3n mantiene el hormiguero a la temperatura previamente definida. Ver modo de empleo del sistema de calefacci\u00f3n (*)<\/p>\n<\/p>\n<p>&#8211; M\u00f3dulo caja de forrajeo: Caja de 15x10x7 cm con base de hormig\u00f3n y arena. Cuenta con doble tapa, 3 conexiones de 12 mm con el exterior y 3 tapones de 12 mm.<\/p>\n<\/p>\n<p>&#8211; Filtro rojo con orificio para rellenar el dep\u00f3sito sin necesidad de extraerlo<\/p>\n<\/p>\n<p>&#8211; Bebedero magn\u00e9tico: con dep\u00f3sito de 8 ml<\/p>\n<\/p>\n<p>&#8211; Acople: zona de expansi\u00f3n de 7&#215;4 cm y altura de 2&#215;8 cm. Se puede utilizar como zona de basuras o unidad de alimentaci\u00f3n, introduciendo el alimento en el acople y conect\u00e1ndolo al nido o zona de forrajeo.<\/p>\n<\/p>\n<p><strong>*Modo de empleo del sistema de calefacci\u00f3n:<\/strong><\/p>\n<p>La temperatura marcada en color rojo es la temperatura a la que se encuentra el hormiguero<\/p>\n<p>La temperatura marcada en color azul es la temperatura a la que se desea que est\u00e9 el hormiguero.<\/p>\n<p>El sistema de calefacci\u00f3n funcionar\u00e1 hasta que la temperatura del hormiguero sea igual a la deseada.<\/p>\n<p>Para marcar la temperatura objetivo pulsar el bot\u00f3n &#8220;<strong>set<\/strong>&#8220;. La temperatura objetivo empezar\u00e1 a parpadear. Se puede subir la temperatura pulsando el bot\u00f3n &#8220;<strong>set<\/strong>&#8221; hacia abajo. Para bajar la temperatura, pulsar el bot\u00f3n \u00baC\/\u00baF hacia abajo. Una vez marcada la temperatura deseada, volver a pulsar el bot\u00f3n &#8220;<strong>set<\/strong>&#8220;.<\/p>\n<\/p>\n<p>Aqu\u00ed puedes ver algunos videos con la revisi\u00f3n de estos hormigueros y sus m\u00f3dulos:<\/p>\n<p><iframe width=\"560\" height=\"315\" data-src=\"https:\/\/www.youtube.com\/embed\/7-1Cb2P8r_s\" title=\"YouTube video player\" frameborder=\"0\" src=\"data:image\/svg+xml;base64,PHN2ZyB3aWR0aD0iMSIgaGVpZ2h0PSIxIiB4bWxucz0iaHR0cDovL3d3dy53My5vcmcvMjAwMC9zdmciPjwvc3ZnPg==\" class=\"lazyload\" data-load-mode=\"1\"><\/iframe><\/p>\n<\/p>\n<p><iframe width=\"560\" height=\"315\" data-src=\"https:\/\/www.youtube.com\/embed\/3OhQJXPHxvI\" title=\"YouTube video player\" frameborder=\"0\" src=\"data:image\/svg+xml;base64,PHN2ZyB3aWR0aD0iMSIgaGVpZ2h0PSIxIiB4bWxucz0iaHR0cDovL3d3dy53My5vcmcvMjAwMC9zdmciPjwvc3ZnPg==\" class=\"lazyload\" data-load-mode=\"1\"><\/iframe><\/p>\n<p>\u00a0<\/p>\n<p><iframe width=\"560\" height=\"315\" data-src=\"https:\/\/www.youtube.com\/embed\/rq5pH9yKgGo\" title=\"YouTube video player\" frameborder=\"0\" src=\"data:image\/svg+xml;base64,PHN2ZyB3aWR0aD0iMSIgaGVpZ2h0PSIxIiB4bWxucz0iaHR0cDovL3d3dy53My5vcmcvMjAwMC9zdmciPjwvc3ZnPg==\" class=\"lazyload\" data-load-mode=\"1\"><\/iframe><\/p><\/p>\n","protected":false},"excerpt":{"rendered":"<p><strong>\u00a1Atenci\u00f3n! Los m\u00f3dulos se venden por separado.<\/strong><\/p>\n<\/p>\n<p>Hormiguero modular de hormig\u00f3n y arena, que proporciona un entorno natural y humectante para las hormigas. Cada m\u00f3dulo puede conectarse con otros mediante conexiones magn\u00e9ticas. Pueden conectarse tanto en la parte superior como a los lados, de manera que se puede hacer tantas disposiciones diferentes como se quiera.<\/p>\n<\/p>\n<p>&#8211; M\u00f3dulo nido-1<\/p>\n<p>&#8211; M\u00f3dulo nido-2<\/p>\n<p>&#8211; M\u00f3dulo nido calefactado<\/p>\n<p>&#8211; M\u00f3dulo caja de forrajeo<\/p>\n<p>&#8211; Filtro rojo<\/p>\n<p>&#8211; Bebedero magn\u00e9tico 8 ml<\/p>\n<p>&#8211; Acople<\/p><\/p>\n","protected":false},"featured_media":44752,"comment_status":"open","ping_status":"closed","template":"","meta":{"_joinchat":[]},"product_brand":[],"product_cat":[1082,1120,1132,1100],"product_tag":[],"giftcard-category":[],"class_list":{"0":"post-44781","1":"product","2":"type-product","3":"status-publish","4":"has-post-thumbnail","6":"product_cat-anthills-en-gb","7":"product_cat-hormigueros-magneticos-en-gb","8":"product_cat-modular-anthills-en-gb","9":"product_cat-natur-gamma-anthills-en-gb","10":"pa_4b-numerodeconexionesconelex-2-en-gb","11":"pa_composicion-yeso-en-gb","12":"pa_incluyecajadeforrajeo-si-en-gb","13":"pa_medidatuboflexiblerequerido-108mm-en-gb","14":"pa_modulo-filtrorojo-en-gb","15":"pa_modulo-moduloacople-en-gb","16":"pa_modulo-modulobebedero-en-gb","17":"pa_modulo-modulocajadeforrajeo-en-gb","18":"pa_modulo-modulonido_1-en-gb","19":"pa_modulo-modulonido_2-en-gb","20":"pa_modulo-nidocalefactado-en-gb","21":"pa_tamano-mediano-en-gb","23":"first","24":"instock","25":"taxable","26":"shipping-taxable","27":"purchasable","28":"product-type-variable","29":"has-default-attributes"},"yoast_head":"<!-- This site is optimized with the Yoast SEO plugin v27.1.1 - https:\/\/yoast.com\/product\/yoast-seo-wordpress\/ -->\n<title>M\u00f3dulos Natur-Magnet<\/title>\n<meta name=\"description\" content=\"M\u00f3dulos Natur-Magnet\" \/>\n<meta name=\"robots\" content=\"index, follow, max-snippet:-1, max-image-preview:large, max-video-preview:-1\" \/>\n<link rel=\"canonical\" href=\"https:\/\/hormigueando.com\/en-gb\/product\/modulos-natur-magnet\/\" \/>\n<meta property=\"og:locale\" content=\"en_GB\" \/>\n<meta property=\"og:type\" content=\"article\" \/>\n<meta property=\"og:title\" content=\"M\u00f3dulos Natur-Magnet\" \/>\n<meta property=\"og:description\" content=\"M\u00f3dulos Natur-Magnet\" \/>\n<meta property=\"og:url\" content=\"https:\/\/hormigueando.com\/en-gb\/product\/modulos-natur-magnet\/\" \/>\n<meta property=\"og:site_name\" content=\"Hormigueando | Tienda especializada en Cr\u00eda de Hormigas\" \/>\n<meta property=\"article:modified_time\" content=\"2025-10-08T17:22:46+00:00\" \/>\n<meta property=\"og:image\" content=\"https:\/\/hormigueando.com\/wp-content\/uploads\/2020\/12\/3440-thickbox_default-Modulos-Natur-Magnet.jpg\" \/>\n\t<meta property=\"og:image:width\" content=\"1100\" \/>\n\t<meta property=\"og:image:height\" content=\"1422\" \/>\n\t<meta property=\"og:image:type\" content=\"image\/jpeg\" \/>\n<meta name=\"twitter:card\" content=\"summary_large_image\" \/>\n<meta name=\"twitter:label1\" content=\"Estimated reading time\" \/>\n\t<meta name=\"twitter:data1\" content=\"2 minutes\" \/>\n<script type=\"application\/ld+json\" class=\"yoast-schema-graph\">{\"@context\":\"https:\/\/schema.org\",\"@graph\":[{\"@type\":\"WebPage\",\"@id\":\"https:\/\/hormigueando.com\/en-gb\/product\/modulos-natur-magnet\/\",\"url\":\"https:\/\/hormigueando.com\/en-gb\/product\/modulos-natur-magnet\/\",\"name\":\"M\u00f3dulos Natur-Magnet\",\"isPartOf\":{\"@id\":\"https:\/\/hormigueando.com\/#website\"},\"primaryImageOfPage\":{\"@id\":\"https:\/\/hormigueando.com\/en-gb\/product\/modulos-natur-magnet\/#primaryimage\"},\"image\":{\"@id\":\"https:\/\/hormigueando.com\/en-gb\/product\/modulos-natur-magnet\/#primaryimage\"},\"thumbnailUrl\":\"https:\/\/hormigueando.com\/wp-content\/uploads\/2020\/12\/3440-thickbox_default-Modulos-Natur-Magnet.jpg\",\"datePublished\":\"2020-12-30T17:41:49+00:00\",\"dateModified\":\"2025-10-08T17:22:46+00:00\",\"description\":\"M\u00f3dulos Natur-Magnet\",\"breadcrumb\":{\"@id\":\"https:\/\/hormigueando.com\/en-gb\/product\/modulos-natur-magnet\/#breadcrumb\"},\"inLanguage\":\"en-GB\",\"potentialAction\":[{\"@type\":\"ReadAction\",\"target\":[\"https:\/\/hormigueando.com\/en-gb\/product\/modulos-natur-magnet\/\"]}]},{\"@type\":\"ImageObject\",\"inLanguage\":\"en-GB\",\"@id\":\"https:\/\/hormigueando.com\/en-gb\/product\/modulos-natur-magnet\/#primaryimage\",\"url\":\"https:\/\/hormigueando.com\/wp-content\/uploads\/2020\/12\/3440-thickbox_default-Modulos-Natur-Magnet.jpg\",\"contentUrl\":\"https:\/\/hormigueando.com\/wp-content\/uploads\/2020\/12\/3440-thickbox_default-Modulos-Natur-Magnet.jpg\",\"width\":1100,\"height\":1422},{\"@type\":\"BreadcrumbList\",\"@id\":\"https:\/\/hormigueando.com\/en-gb\/product\/modulos-natur-magnet\/#breadcrumb\",\"itemListElement\":[{\"@type\":\"ListItem\",\"position\":1,\"name\":\"Portada\",\"item\":\"https:\/\/hormigueando.com\/\"},{\"@type\":\"ListItem\",\"position\":2,\"name\":\"Tienda\",\"item\":\"https:\/\/hormigueando.com\/tienda\/\"},{\"@type\":\"ListItem\",\"position\":3,\"name\":\"M\u00f3dulos Natur-Magnet\"}]},{\"@type\":\"WebSite\",\"@id\":\"https:\/\/hormigueando.com\/#website\",\"url\":\"https:\/\/hormigueando.com\/\",\"name\":\"Hormigueando | Tienda especializada en Cr\u00eda de Hormigas\",\"description\":\"\",\"publisher\":{\"@id\":\"https:\/\/hormigueando.com\/#organization\"},\"potentialAction\":[{\"@type\":\"SearchAction\",\"target\":{\"@type\":\"EntryPoint\",\"urlTemplate\":\"https:\/\/hormigueando.com\/?s={search_term_string}\"},\"query-input\":{\"@type\":\"PropertyValueSpecification\",\"valueRequired\":true,\"valueName\":\"search_term_string\"}}],\"inLanguage\":\"en-GB\"},{\"@type\":\"Organization\",\"@id\":\"https:\/\/hormigueando.com\/#organization\",\"name\":\"Hormigueando | Tienda especializada en Cr\u00eda de Hormigas\",\"url\":\"https:\/\/hormigueando.com\/\",\"logo\":{\"@type\":\"ImageObject\",\"inLanguage\":\"en-GB\",\"@id\":\"https:\/\/hormigueando.com\/#\/schema\/logo\/image\/\",\"url\":\"https:\/\/hormigueando.com\/wp-content\/uploads\/2023\/05\/logotipo_web-01.png\",\"contentUrl\":\"https:\/\/hormigueando.com\/wp-content\/uploads\/2023\/05\/logotipo_web-01.png\",\"width\":233,\"height\":74,\"caption\":\"Hormigueando | Tienda especializada en Cr\u00eda de Hormigas\"},\"image\":{\"@id\":\"https:\/\/hormigueando.com\/#\/schema\/logo\/image\/\"}}]}<\/script>\n<!-- \/ Yoast SEO plugin. -->","yoast_head_json":{"title":"M\u00f3dulos Natur-Magnet","description":"M\u00f3dulos Natur-Magnet","robots":{"index":"index","follow":"follow","max-snippet":"max-snippet:-1","max-image-preview":"max-image-preview:large","max-video-preview":"max-video-preview:-1"},"canonical":"https:\/\/hormigueando.com\/en-gb\/product\/modulos-natur-magnet\/","og_locale":"en_GB","og_type":"article","og_title":"M\u00f3dulos Natur-Magnet","og_description":"M\u00f3dulos Natur-Magnet","og_url":"https:\/\/hormigueando.com\/en-gb\/product\/modulos-natur-magnet\/","og_site_name":"Hormigueando | Tienda especializada en Cr\u00eda de Hormigas","article_modified_time":"2025-10-08T17:22:46+00:00","og_image":[{"width":1100,"height":1422,"url":"https:\/\/hormigueando.com\/wp-content\/uploads\/2020\/12\/3440-thickbox_default-Modulos-Natur-Magnet.jpg","type":"image\/jpeg"}],"twitter_card":"summary_large_image","twitter_misc":{"Estimated reading time":"2 minutes"},"schema":{"@context":"https:\/\/schema.org","@graph":[{"@type":"WebPage","@id":"https:\/\/hormigueando.com\/en-gb\/product\/modulos-natur-magnet\/","url":"https:\/\/hormigueando.com\/en-gb\/product\/modulos-natur-magnet\/","name":"M\u00f3dulos Natur-Magnet","isPartOf":{"@id":"https:\/\/hormigueando.com\/#website"},"primaryImageOfPage":{"@id":"https:\/\/hormigueando.com\/en-gb\/product\/modulos-natur-magnet\/#primaryimage"},"image":{"@id":"https:\/\/hormigueando.com\/en-gb\/product\/modulos-natur-magnet\/#primaryimage"},"thumbnailUrl":"https:\/\/hormigueando.com\/wp-content\/uploads\/2020\/12\/3440-thickbox_default-Modulos-Natur-Magnet.jpg","datePublished":"2020-12-30T17:41:49+00:00","dateModified":"2025-10-08T17:22:46+00:00","description":"M\u00f3dulos Natur-Magnet","breadcrumb":{"@id":"https:\/\/hormigueando.com\/en-gb\/product\/modulos-natur-magnet\/#breadcrumb"},"inLanguage":"en-GB","potentialAction":[{"@type":"ReadAction","target":["https:\/\/hormigueando.com\/en-gb\/product\/modulos-natur-magnet\/"]}]},{"@type":"ImageObject","inLanguage":"en-GB","@id":"https:\/\/hormigueando.com\/en-gb\/product\/modulos-natur-magnet\/#primaryimage","url":"https:\/\/hormigueando.com\/wp-content\/uploads\/2020\/12\/3440-thickbox_default-Modulos-Natur-Magnet.jpg","contentUrl":"https:\/\/hormigueando.com\/wp-content\/uploads\/2020\/12\/3440-thickbox_default-Modulos-Natur-Magnet.jpg","width":1100,"height":1422},{"@type":"BreadcrumbList","@id":"https:\/\/hormigueando.com\/en-gb\/product\/modulos-natur-magnet\/#breadcrumb","itemListElement":[{"@type":"ListItem","position":1,"name":"Portada","item":"https:\/\/hormigueando.com\/"},{"@type":"ListItem","position":2,"name":"Tienda","item":"https:\/\/hormigueando.com\/tienda\/"},{"@type":"ListItem","position":3,"name":"M\u00f3dulos Natur-Magnet"}]},{"@type":"WebSite","@id":"https:\/\/hormigueando.com\/#website","url":"https:\/\/hormigueando.com\/","name":"Hormigueando | Tienda especializada en Cr\u00eda de Hormigas","description":"","publisher":{"@id":"https:\/\/hormigueando.com\/#organization"},"potentialAction":[{"@type":"SearchAction","target":{"@type":"EntryPoint","urlTemplate":"https:\/\/hormigueando.com\/?s={search_term_string}"},"query-input":{"@type":"PropertyValueSpecification","valueRequired":true,"valueName":"search_term_string"}}],"inLanguage":"en-GB"},{"@type":"Organization","@id":"https:\/\/hormigueando.com\/#organization","name":"Hormigueando | Tienda especializada en Cr\u00eda de Hormigas","url":"https:\/\/hormigueando.com\/","logo":{"@type":"ImageObject","inLanguage":"en-GB","@id":"https:\/\/hormigueando.com\/#\/schema\/logo\/image\/","url":"https:\/\/hormigueando.com\/wp-content\/uploads\/2023\/05\/logotipo_web-01.png","contentUrl":"https:\/\/hormigueando.com\/wp-content\/uploads\/2023\/05\/logotipo_web-01.png","width":233,"height":74,"caption":"Hormigueando | Tienda especializada en Cr\u00eda de Hormigas"},"image":{"@id":"https:\/\/hormigueando.com\/#\/schema\/logo\/image\/"}}]}},"jetpack_sharing_enabled":true,"_links":{"self":[{"href":"https:\/\/hormigueando.com\/en-gb\/wp-json\/wp\/v2\/product\/44781","targetHints":{"allow":["GET"]}}],"collection":[{"href":"https:\/\/hormigueando.com\/en-gb\/wp-json\/wp\/v2\/product"}],"about":[{"href":"https:\/\/hormigueando.com\/en-gb\/wp-json\/wp\/v2\/types\/product"}],"replies":[{"embeddable":true,"href":"https:\/\/hormigueando.com\/en-gb\/wp-json\/wp\/v2\/comments?post=44781"}],"wp:featuredmedia":[{"embeddable":true,"href":"https:\/\/hormigueando.com\/en-gb\/wp-json\/wp\/v2\/media\/44752"}],"wp:attachment":[{"href":"https:\/\/hormigueando.com\/en-gb\/wp-json\/wp\/v2\/media?parent=44781"}],"wp:term":[{"taxonomy":"product_brand","embeddable":true,"href":"https:\/\/hormigueando.com\/en-gb\/wp-json\/wp\/v2\/product_brand?post=44781"},{"taxonomy":"product_cat","embeddable":true,"href":"https:\/\/hormigueando.com\/en-gb\/wp-json\/wp\/v2\/product_cat?post=44781"},{"taxonomy":"product_tag","embeddable":true,"href":"https:\/\/hormigueando.com\/en-gb\/wp-json\/wp\/v2\/product_tag?post=44781"},{"taxonomy":"giftcard-category","embeddable":true,"href":"https:\/\/hormigueando.com\/en-gb\/wp-json\/wp\/v2\/giftcard-category?post=44781"}],"curies":[{"name":"wp","href":"https:\/\/api.w.org\/{rel}","templated":true}]}}