{"id":44698,"date":"2020-12-16T14:08:39","date_gmt":"2020-12-16T12:08:39","guid":{"rendered":"https:\/\/hormigueando.com\/producto\/antmad-15x15\/"},"modified":"2020-12-16T14:08:39","modified_gmt":"2020-12-16T12:08:39","slug":"antmad-15x15","status":"publish","type":"product","link":"https:\/\/hormigueando.com\/en-gb\/product\/antmad-15x15\/","title":{"rendered":"Antmad 15&#215;15"},"content":{"rendered":"<p>Hormiguero de madera artesanal circular de dimensiones 15&#215;15 cm elaborado con madero de haya por<strong> Foranto. <\/strong><\/p>\n<p>La madera de haya es una madera de especie frondosa, dura y pesada, especialmente conocida por sus tonalidades claras y su excelente comportamiento ante toda clase de acabados.<\/p>\n<\/p>\n<p>Altura de las galer\u00edas: 1,3 &#8211; 1,5 cm<\/p>\n<p>Cuenta con dos agujeros de conexi\u00f3n de 10 mm (tapones incluidos).<\/p>\n<\/p>\n<p>El hormiguero ha sido recubierto de aceite de linaza ecol\u00f3gico y tanto el acabado como el pulido est\u00e1 realizado a mano. Al ser un hormiguero artesanal cada modelo tiene un dise\u00f1o \u00fanico y exclusivo de galer\u00edas. No hay dos modelos iguales.<\/p>\n<\/p>\n<\/p><\/p>\n","protected":false},"excerpt":{"rendered":"<p>Hormiguero de madera artesanal circular de dimensiones 15&#215;15 cm elaborado con madero de haya por<strong> Foranto. <\/strong><\/p>\n<p>La madera de haya es una madera de especie frondosa, dura y pesada, especialmente conocida por sus tonalidades claras y su excelente comportamiento ante toda clase de acabados.<\/p>\n<\/p>\n<p>Altura de las galer\u00edas: 1,3 &#8211; 1,5 cm<\/p>\n<p>Cuenta con dos agujeros de conexi\u00f3n de 10 mm (tapones incluidos).<\/p>\n","protected":false},"featured_media":44690,"comment_status":"open","ping_status":"closed","template":"","meta":{"_joinchat":[]},"product_brand":[],"product_cat":[1082,1124],"product_tag":[],"giftcard-category":[],"class_list":{"0":"post-44698","1":"product","2":"type-product","3":"status-publish","4":"has-post-thumbnail","6":"product_cat-anthills-en-gb","7":"product_cat-wood-anthills-en-gb","8":"pa_4b-numerodeconexionesconelex-2-en-gb","9":"pa_composicion-madera-en-gb","10":"pa_incluyecajadeforrajeo-no-en-gb","11":"pa_medidatuboflexiblerequerido-108mm-en-gb","12":"pa_serie-antmad-en-gb","13":"pa_tamano-pequeno-en-gb","15":"first","16":"instock","17":"taxable","18":"shipping-taxable","19":"purchasable","20":"product-type-simple"},"yoast_head":"<!-- This site is optimized with the Yoast SEO plugin v27.1.1 - https:\/\/yoast.com\/product\/yoast-seo-wordpress\/ -->\n<title>Hormiguero de madera 15x15<\/title>\n<meta name=\"description\" content=\"Hormiguero de madera 15x15\" \/>\n<meta name=\"robots\" content=\"index, follow, max-snippet:-1, max-image-preview:large, max-video-preview:-1\" \/>\n<link rel=\"canonical\" href=\"https:\/\/hormigueando.com\/product\/antmad-15x15-2\/\" \/>\n<meta property=\"og:locale\" content=\"en_GB\" \/>\n<meta property=\"og:type\" content=\"article\" \/>\n<meta property=\"og:title\" content=\"Hormiguero de madera 15x15\" \/>\n<meta property=\"og:description\" content=\"Hormiguero de madera 15x15\" \/>\n<meta property=\"og:url\" content=\"https:\/\/hormigueando.com\/product\/antmad-15x15-2\/\" \/>\n<meta property=\"og:site_name\" content=\"Hormigueando | Tienda especializada en Cr\u00eda de Hormigas\" \/>\n<meta property=\"og:image\" content=\"https:\/\/hormigueando.com\/wp-content\/uploads\/2020\/12\/2925-thickbox_default-Hormiguero-artesanal-de-madera-15x15-by-Foranto.jpg\" \/>\n\t<meta property=\"og:image:width\" content=\"1100\" \/>\n\t<meta property=\"og:image:height\" content=\"1422\" \/>\n\t<meta property=\"og:image:type\" content=\"image\/jpeg\" \/>\n<meta name=\"twitter:card\" content=\"summary_large_image\" \/>\n<meta name=\"twitter:label1\" content=\"Estimated reading time\" \/>\n\t<meta name=\"twitter:data1\" content=\"1 minute\" \/>\n<script type=\"application\/ld+json\" class=\"yoast-schema-graph\">{\"@context\":\"https:\/\/schema.org\",\"@graph\":[{\"@type\":\"WebPage\",\"@id\":\"https:\/\/hormigueando.com\/product\/antmad-15x15-2\/\",\"url\":\"https:\/\/hormigueando.com\/product\/antmad-15x15-2\/\",\"name\":\"Hormiguero de madera 15x15\",\"isPartOf\":{\"@id\":\"https:\/\/hormigueando.com\/#website\"},\"primaryImageOfPage\":{\"@id\":\"https:\/\/hormigueando.com\/product\/antmad-15x15-2\/#primaryimage\"},\"image\":{\"@id\":\"https:\/\/hormigueando.com\/product\/antmad-15x15-2\/#primaryimage\"},\"thumbnailUrl\":\"https:\/\/hormigueando.com\/wp-content\/uploads\/2020\/12\/2925-thickbox_default-Hormiguero-artesanal-de-madera-15x15-by-Foranto.jpg\",\"datePublished\":\"2020-12-16T12:08:39+00:00\",\"description\":\"Hormiguero de madera 15x15\",\"breadcrumb\":{\"@id\":\"https:\/\/hormigueando.com\/product\/antmad-15x15-2\/#breadcrumb\"},\"inLanguage\":\"en-GB\",\"potentialAction\":[{\"@type\":\"ReadAction\",\"target\":[\"https:\/\/hormigueando.com\/product\/antmad-15x15-2\/\"]}]},{\"@type\":\"ImageObject\",\"inLanguage\":\"en-GB\",\"@id\":\"https:\/\/hormigueando.com\/product\/antmad-15x15-2\/#primaryimage\",\"url\":\"https:\/\/hormigueando.com\/wp-content\/uploads\/2020\/12\/2925-thickbox_default-Hormiguero-artesanal-de-madera-15x15-by-Foranto.jpg\",\"contentUrl\":\"https:\/\/hormigueando.com\/wp-content\/uploads\/2020\/12\/2925-thickbox_default-Hormiguero-artesanal-de-madera-15x15-by-Foranto.jpg\",\"width\":1100,\"height\":1422},{\"@type\":\"BreadcrumbList\",\"@id\":\"https:\/\/hormigueando.com\/product\/antmad-15x15-2\/#breadcrumb\",\"itemListElement\":[{\"@type\":\"ListItem\",\"position\":1,\"name\":\"Portada\",\"item\":\"https:\/\/hormigueando.com\/\"},{\"@type\":\"ListItem\",\"position\":2,\"name\":\"Tienda\",\"item\":\"https:\/\/hormigueando.com\/tienda\/\"},{\"@type\":\"ListItem\",\"position\":3,\"name\":\"Antmad 15&#215;15\"}]},{\"@type\":\"WebSite\",\"@id\":\"https:\/\/hormigueando.com\/#website\",\"url\":\"https:\/\/hormigueando.com\/\",\"name\":\"Hormigueando | Tienda especializada en Cr\u00eda de Hormigas\",\"description\":\"\",\"publisher\":{\"@id\":\"https:\/\/hormigueando.com\/#organization\"},\"potentialAction\":[{\"@type\":\"SearchAction\",\"target\":{\"@type\":\"EntryPoint\",\"urlTemplate\":\"https:\/\/hormigueando.com\/?s={search_term_string}\"},\"query-input\":{\"@type\":\"PropertyValueSpecification\",\"valueRequired\":true,\"valueName\":\"search_term_string\"}}],\"inLanguage\":\"en-GB\"},{\"@type\":\"Organization\",\"@id\":\"https:\/\/hormigueando.com\/#organization\",\"name\":\"Hormigueando | Tienda especializada en Cr\u00eda de Hormigas\",\"url\":\"https:\/\/hormigueando.com\/\",\"logo\":{\"@type\":\"ImageObject\",\"inLanguage\":\"en-GB\",\"@id\":\"https:\/\/hormigueando.com\/#\/schema\/logo\/image\/\",\"url\":\"https:\/\/hormigueando.com\/wp-content\/uploads\/2023\/05\/logotipo_web-01.png\",\"contentUrl\":\"https:\/\/hormigueando.com\/wp-content\/uploads\/2023\/05\/logotipo_web-01.png\",\"width\":233,\"height\":74,\"caption\":\"Hormigueando | Tienda especializada en Cr\u00eda de Hormigas\"},\"image\":{\"@id\":\"https:\/\/hormigueando.com\/#\/schema\/logo\/image\/\"}}]}<\/script>\n<!-- \/ Yoast SEO plugin. -->","yoast_head_json":{"title":"Hormiguero de madera 15x15","description":"Hormiguero de madera 15x15","robots":{"index":"index","follow":"follow","max-snippet":"max-snippet:-1","max-image-preview":"max-image-preview:large","max-video-preview":"max-video-preview:-1"},"canonical":"https:\/\/hormigueando.com\/product\/antmad-15x15-2\/","og_locale":"en_GB","og_type":"article","og_title":"Hormiguero de madera 15x15","og_description":"Hormiguero de madera 15x15","og_url":"https:\/\/hormigueando.com\/product\/antmad-15x15-2\/","og_site_name":"Hormigueando | Tienda especializada en Cr\u00eda de Hormigas","og_image":[{"width":1100,"height":1422,"url":"https:\/\/hormigueando.com\/wp-content\/uploads\/2020\/12\/2925-thickbox_default-Hormiguero-artesanal-de-madera-15x15-by-Foranto.jpg","type":"image\/jpeg"}],"twitter_card":"summary_large_image","twitter_misc":{"Estimated reading time":"1 minute"},"schema":{"@context":"https:\/\/schema.org","@graph":[{"@type":"WebPage","@id":"https:\/\/hormigueando.com\/product\/antmad-15x15-2\/","url":"https:\/\/hormigueando.com\/product\/antmad-15x15-2\/","name":"Hormiguero de madera 15x15","isPartOf":{"@id":"https:\/\/hormigueando.com\/#website"},"primaryImageOfPage":{"@id":"https:\/\/hormigueando.com\/product\/antmad-15x15-2\/#primaryimage"},"image":{"@id":"https:\/\/hormigueando.com\/product\/antmad-15x15-2\/#primaryimage"},"thumbnailUrl":"https:\/\/hormigueando.com\/wp-content\/uploads\/2020\/12\/2925-thickbox_default-Hormiguero-artesanal-de-madera-15x15-by-Foranto.jpg","datePublished":"2020-12-16T12:08:39+00:00","description":"Hormiguero de madera 15x15","breadcrumb":{"@id":"https:\/\/hormigueando.com\/product\/antmad-15x15-2\/#breadcrumb"},"inLanguage":"en-GB","potentialAction":[{"@type":"ReadAction","target":["https:\/\/hormigueando.com\/product\/antmad-15x15-2\/"]}]},{"@type":"ImageObject","inLanguage":"en-GB","@id":"https:\/\/hormigueando.com\/product\/antmad-15x15-2\/#primaryimage","url":"https:\/\/hormigueando.com\/wp-content\/uploads\/2020\/12\/2925-thickbox_default-Hormiguero-artesanal-de-madera-15x15-by-Foranto.jpg","contentUrl":"https:\/\/hormigueando.com\/wp-content\/uploads\/2020\/12\/2925-thickbox_default-Hormiguero-artesanal-de-madera-15x15-by-Foranto.jpg","width":1100,"height":1422},{"@type":"BreadcrumbList","@id":"https:\/\/hormigueando.com\/product\/antmad-15x15-2\/#breadcrumb","itemListElement":[{"@type":"ListItem","position":1,"name":"Portada","item":"https:\/\/hormigueando.com\/"},{"@type":"ListItem","position":2,"name":"Tienda","item":"https:\/\/hormigueando.com\/tienda\/"},{"@type":"ListItem","position":3,"name":"Antmad 15&#215;15"}]},{"@type":"WebSite","@id":"https:\/\/hormigueando.com\/#website","url":"https:\/\/hormigueando.com\/","name":"Hormigueando | Tienda especializada en Cr\u00eda de Hormigas","description":"","publisher":{"@id":"https:\/\/hormigueando.com\/#organization"},"potentialAction":[{"@type":"SearchAction","target":{"@type":"EntryPoint","urlTemplate":"https:\/\/hormigueando.com\/?s={search_term_string}"},"query-input":{"@type":"PropertyValueSpecification","valueRequired":true,"valueName":"search_term_string"}}],"inLanguage":"en-GB"},{"@type":"Organization","@id":"https:\/\/hormigueando.com\/#organization","name":"Hormigueando | Tienda especializada en Cr\u00eda de Hormigas","url":"https:\/\/hormigueando.com\/","logo":{"@type":"ImageObject","inLanguage":"en-GB","@id":"https:\/\/hormigueando.com\/#\/schema\/logo\/image\/","url":"https:\/\/hormigueando.com\/wp-content\/uploads\/2023\/05\/logotipo_web-01.png","contentUrl":"https:\/\/hormigueando.com\/wp-content\/uploads\/2023\/05\/logotipo_web-01.png","width":233,"height":74,"caption":"Hormigueando | Tienda especializada en Cr\u00eda de Hormigas"},"image":{"@id":"https:\/\/hormigueando.com\/#\/schema\/logo\/image\/"}}]}},"jetpack_sharing_enabled":true,"_links":{"self":[{"href":"https:\/\/hormigueando.com\/en-gb\/wp-json\/wp\/v2\/product\/44698","targetHints":{"allow":["GET"]}}],"collection":[{"href":"https:\/\/hormigueando.com\/en-gb\/wp-json\/wp\/v2\/product"}],"about":[{"href":"https:\/\/hormigueando.com\/en-gb\/wp-json\/wp\/v2\/types\/product"}],"replies":[{"embeddable":true,"href":"https:\/\/hormigueando.com\/en-gb\/wp-json\/wp\/v2\/comments?post=44698"}],"wp:featuredmedia":[{"embeddable":true,"href":"https:\/\/hormigueando.com\/en-gb\/wp-json\/wp\/v2\/media\/44690"}],"wp:attachment":[{"href":"https:\/\/hormigueando.com\/en-gb\/wp-json\/wp\/v2\/media?parent=44698"}],"wp:term":[{"taxonomy":"product_brand","embeddable":true,"href":"https:\/\/hormigueando.com\/en-gb\/wp-json\/wp\/v2\/product_brand?post=44698"},{"taxonomy":"product_cat","embeddable":true,"href":"https:\/\/hormigueando.com\/en-gb\/wp-json\/wp\/v2\/product_cat?post=44698"},{"taxonomy":"product_tag","embeddable":true,"href":"https:\/\/hormigueando.com\/en-gb\/wp-json\/wp\/v2\/product_tag?post=44698"},{"taxonomy":"giftcard-category","embeddable":true,"href":"https:\/\/hormigueando.com\/en-gb\/wp-json\/wp\/v2\/giftcard-category?post=44698"}],"curies":[{"name":"wp","href":"https:\/\/api.w.org\/{rel}","templated":true}]}}