{"id":44649,"date":"2020-12-01T17:33:43","date_gmt":"2020-12-01T15:33:43","guid":{"rendered":"https:\/\/hormigueando.com\/producto\/hormiguero-antmeta-h12x8-pva-sce\/"},"modified":"2020-12-01T17:33:43","modified_gmt":"2020-12-01T15:33:43","slug":"hormiguero-antmeta-h12x8-pva-sce","status":"publish","type":"product","link":"https:\/\/hormigueando.com\/en-gb\/product\/hormiguero-antmeta-h12x8-pva-sce\/","title":{"rendered":"Hormiguero Antmeta H12x8 PVA SCE"},"content":{"rendered":"<p>Hormiguero acr\u00edlico de 12&#215;8 con sistema de humedad de esponja PVA y una conexi\u00f3n externa de 8 mm compatible con tubos flexibles 12\/10. La altura de las galer\u00edas es de 0,8 cm.<\/p>\n<p>El hormiguero incluye una pieza de cierre para la conexi\u00f3n externa por si \u00e9sta no se quiere utilizar (por tanto no se requieren tapones) y una pieza de conexi\u00f3n que facilita el perfecto encaje de los tubos flexibles apropiados.<\/p>\n<p>Este hormiguero es ideal para comenzar con peque\u00f1as colonias de todo tipo de especies (peque\u00f1as, medianas o grandes, y con requerimientos de humedad bajo, medio o alto).<\/p>\n<p>El sistema de humedad proporciona la humedad ambiental necesaria y adem\u00e1s agua para beber, aunque siempre es recomendable disponer de un bebedero externo, sobre todo a medida que aumenta la colonia.<\/p>\n<\/p>\n<p>El hormiguero incluye pieza de cierre, pieza de conexi\u00f3n y tap\u00f3n antievaporaci\u00f3n para el sistema de humedad.<\/p>\n<\/p>\n<p class=\"MsoNormal\">Te recomendamos incluir el filtro rojo de este hormiguero para que nuestras hormigas se sientan m\u00e1s c\u00f3modas y protegidas de la luz:<\/p>\n<p><strong>Filtro rojo compatible: <\/strong><a href=\"https:\/\/hormigueando.com\/filtros-rojos\/272-477-filtros-para-modelos-de-esponjapva.html#\/91-modelo_hormiguero-h12x8\" target=\"_blank\" class=\"btn btn-default\" rel=\"noopener\">Modelo H12x8<\/a><\/p>\n<\/p>\n<p><strong><span style=\"color:#d0121a;\">Importante:<\/span><\/strong><\/p>\n<p>Lavar solo con agua y jab\u00f3n. La utilizaci\u00f3n de productos abrasivos de limpieza puede provocar da\u00f1os en el hormiguero y anular la garant\u00eda del producto.<\/p>\n<p>\u00a0<\/p>\n<p><span style=\"text-decoration:underline;\">Otros productos recomendados:<\/span><\/p>\n<p>Sabemos que en ocasiones es complicado distinguir qu\u00e9 accesorios son compatibles con cada hormiguero y por ese motivo, desde <strong>Hormigueando<\/strong> os ayudamos con esta tarea y os indicamos qu\u00e9 accesorios tienen las medidas apropiadas para este hormiguero y caja de forrajeo. Estos accesorios no est\u00e1n incluidos con el hormiguero y se venden a parte.<\/p>\n<\/p>\n<p><strong>Tubos flexibles compatibles:<\/strong> 12\/10 mm. Necesarios si se quiere conectar el hormiguero con cajas de forrajeo externas, con otros hormigueros o con tubos de ensayo. Disponibles en nuestro apartado de <a href=\"https:\/\/hormigueando.com\/inicio\/59-67-tubos-flexibles.html#\/37-medidas-12_10_mm\" class=\"btn btn-default\">ACCESORIOS.<\/a><\/p>\n<p><strong>Cajas de forrajeo externas:<\/strong> Compatible con todas nuestras <a href=\"https:\/\/hormigueando.com\/17-cajas-de-forrajeo\" class=\"btn btn-default\">Cajas de forrajeo<\/a><\/p>\n","protected":false},"excerpt":{"rendered":"<p class=\"MsoNormal\">Hormiguero acr\u00edlico de 12&#215;8 con sistema de humedad de esponja PVA y una conexi\u00f3n externa.<\/p>\n<p class=\"MsoNormal\">\n<p class=\"MsoNormal\">El hormiguero incluye pieza de cierre, pieza de conexi\u00f3n y tap\u00f3n antievaporaci\u00f3n para el sistema de humedad.<\/p>\n<p class=\"MsoNormal\">\n<p class=\"MsoNormal\">Te recomendamos incluir el filtro rojo de este hormiguero para que nuestras hormigas se sientan m\u00e1s c\u00f3modas y protegidas de la luz:<\/p>\n<p><strong>Filtro rojo compatible: <\/strong><a href=\"https:\/\/hormigueando.com\/filtros-rojos\/272-477-filtros-para-modelos-de-esponjapva.html#\/91-modelo_hormiguero-h12x8\" target=\"_blank\" class=\"btn btn-default\" rel=\"noopener\">Modelo H12x8<\/a><\/p><\/p>\n","protected":false},"featured_media":44637,"comment_status":"open","ping_status":"closed","template":"","meta":{"_joinchat":[]},"product_brand":[],"product_cat":[1082,1114],"product_tag":[],"giftcard-category":[],"class_list":{"0":"post-44649","1":"product","2":"type-product","3":"status-publish","4":"has-post-thumbnail","6":"product_cat-anthills-en-gb","7":"product_cat-sponge-pva-anthills-en-gb","8":"pa_4b-numerodeconexionesconelex-1-en-gb","9":"pa_61-modorellenadosistemadehum-pipetaojeringuilla-en-gb","10":"pa_color-white-en-gb","11":"pa_color-red-en-gb","12":"pa_color-black-en-gb","13":"pa_color-blue-en-gb","14":"pa_composicion-metacrilato-en-gb","15":"pa_incluyecajadeforrajeo-no-en-gb","16":"pa_medidas-12x8x1cm-en-gb","17":"pa_medidas-12x8x1_5cm-en-gb","18":"pa_medidatuboflexiblerequerido-1210mm-en-gb","19":"pa_serie-antmeta-en-gb","20":"pa_tamano-pequeno-en-gb","22":"first","23":"instock","24":"taxable","25":"shipping-taxable","26":"purchasable","27":"product-type-variable","28":"has-default-attributes"},"yoast_head":"<!-- This site is optimized with the Yoast SEO plugin v27.1.1 - https:\/\/yoast.com\/product\/yoast-seo-wordpress\/ -->\n<title>Hormiguero acr\u00edlico 12x8 PVA SCE<\/title>\n<meta name=\"description\" content=\"Hormiguero acr\u00edlico 12x8 PVA SCE\" \/>\n<meta name=\"robots\" content=\"index, follow, max-snippet:-1, max-image-preview:large, max-video-preview:-1\" \/>\n<link rel=\"canonical\" href=\"https:\/\/hormigueando.com\/product\/hormiguero-antmeta-h12x8-pva-sce\/\" \/>\n<meta property=\"og:locale\" content=\"en_GB\" \/>\n<meta property=\"og:type\" content=\"article\" \/>\n<meta property=\"og:title\" content=\"Hormiguero acr\u00edlico 12x8 PVA SCE\" \/>\n<meta property=\"og:description\" content=\"Hormiguero acr\u00edlico 12x8 PVA SCE\" \/>\n<meta property=\"og:url\" content=\"https:\/\/hormigueando.com\/product\/hormiguero-antmeta-h12x8-pva-sce\/\" \/>\n<meta property=\"og:site_name\" content=\"Hormigueando | Tienda especializada en Cr\u00eda de Hormigas\" \/>\n<meta property=\"og:image\" content=\"https:\/\/hormigueando.com\/wp-content\/uploads\/2020\/12\/2866-thickbox_default-Hormiguero-Antmeta-H12x8-PVA-SCE.jpg\" \/>\n\t<meta property=\"og:image:width\" content=\"1100\" \/>\n\t<meta property=\"og:image:height\" content=\"1422\" \/>\n\t<meta property=\"og:image:type\" content=\"image\/jpeg\" \/>\n<meta name=\"twitter:card\" content=\"summary_large_image\" \/>\n<meta name=\"twitter:label1\" content=\"Estimated reading time\" \/>\n\t<meta name=\"twitter:data1\" content=\"2 minutes\" \/>\n<script type=\"application\/ld+json\" class=\"yoast-schema-graph\">{\"@context\":\"https:\/\/schema.org\",\"@graph\":[{\"@type\":\"WebPage\",\"@id\":\"https:\/\/hormigueando.com\/product\/hormiguero-antmeta-h12x8-pva-sce\/\",\"url\":\"https:\/\/hormigueando.com\/product\/hormiguero-antmeta-h12x8-pva-sce\/\",\"name\":\"Hormiguero acr\u00edlico 12x8 PVA SCE\",\"isPartOf\":{\"@id\":\"https:\/\/hormigueando.com\/#website\"},\"primaryImageOfPage\":{\"@id\":\"https:\/\/hormigueando.com\/product\/hormiguero-antmeta-h12x8-pva-sce\/#primaryimage\"},\"image\":{\"@id\":\"https:\/\/hormigueando.com\/product\/hormiguero-antmeta-h12x8-pva-sce\/#primaryimage\"},\"thumbnailUrl\":\"https:\/\/hormigueando.com\/wp-content\/uploads\/2020\/12\/2866-thickbox_default-Hormiguero-Antmeta-H12x8-PVA-SCE.jpg\",\"datePublished\":\"2020-12-01T15:33:43+00:00\",\"description\":\"Hormiguero acr\u00edlico 12x8 PVA SCE\",\"breadcrumb\":{\"@id\":\"https:\/\/hormigueando.com\/product\/hormiguero-antmeta-h12x8-pva-sce\/#breadcrumb\"},\"inLanguage\":\"en-GB\",\"potentialAction\":[{\"@type\":\"ReadAction\",\"target\":[\"https:\/\/hormigueando.com\/product\/hormiguero-antmeta-h12x8-pva-sce\/\"]}]},{\"@type\":\"ImageObject\",\"inLanguage\":\"en-GB\",\"@id\":\"https:\/\/hormigueando.com\/product\/hormiguero-antmeta-h12x8-pva-sce\/#primaryimage\",\"url\":\"https:\/\/hormigueando.com\/wp-content\/uploads\/2020\/12\/2866-thickbox_default-Hormiguero-Antmeta-H12x8-PVA-SCE.jpg\",\"contentUrl\":\"https:\/\/hormigueando.com\/wp-content\/uploads\/2020\/12\/2866-thickbox_default-Hormiguero-Antmeta-H12x8-PVA-SCE.jpg\",\"width\":1100,\"height\":1422},{\"@type\":\"BreadcrumbList\",\"@id\":\"https:\/\/hormigueando.com\/product\/hormiguero-antmeta-h12x8-pva-sce\/#breadcrumb\",\"itemListElement\":[{\"@type\":\"ListItem\",\"position\":1,\"name\":\"Portada\",\"item\":\"https:\/\/hormigueando.com\/\"},{\"@type\":\"ListItem\",\"position\":2,\"name\":\"Tienda\",\"item\":\"https:\/\/hormigueando.com\/tienda\/\"},{\"@type\":\"ListItem\",\"position\":3,\"name\":\"Hormiguero Antmeta H12x8 PVA SCE\"}]},{\"@type\":\"WebSite\",\"@id\":\"https:\/\/hormigueando.com\/#website\",\"url\":\"https:\/\/hormigueando.com\/\",\"name\":\"Hormigueando | Tienda especializada en Cr\u00eda de Hormigas\",\"description\":\"\",\"publisher\":{\"@id\":\"https:\/\/hormigueando.com\/#organization\"},\"potentialAction\":[{\"@type\":\"SearchAction\",\"target\":{\"@type\":\"EntryPoint\",\"urlTemplate\":\"https:\/\/hormigueando.com\/?s={search_term_string}\"},\"query-input\":{\"@type\":\"PropertyValueSpecification\",\"valueRequired\":true,\"valueName\":\"search_term_string\"}}],\"inLanguage\":\"en-GB\"},{\"@type\":\"Organization\",\"@id\":\"https:\/\/hormigueando.com\/#organization\",\"name\":\"Hormigueando | Tienda especializada en Cr\u00eda de Hormigas\",\"url\":\"https:\/\/hormigueando.com\/\",\"logo\":{\"@type\":\"ImageObject\",\"inLanguage\":\"en-GB\",\"@id\":\"https:\/\/hormigueando.com\/#\/schema\/logo\/image\/\",\"url\":\"https:\/\/hormigueando.com\/wp-content\/uploads\/2023\/05\/logotipo_web-01.png\",\"contentUrl\":\"https:\/\/hormigueando.com\/wp-content\/uploads\/2023\/05\/logotipo_web-01.png\",\"width\":233,\"height\":74,\"caption\":\"Hormigueando | Tienda especializada en Cr\u00eda de Hormigas\"},\"image\":{\"@id\":\"https:\/\/hormigueando.com\/#\/schema\/logo\/image\/\"}}]}<\/script>\n<!-- \/ Yoast SEO plugin. -->","yoast_head_json":{"title":"Hormiguero acr\u00edlico 12x8 PVA SCE","description":"Hormiguero acr\u00edlico 12x8 PVA SCE","robots":{"index":"index","follow":"follow","max-snippet":"max-snippet:-1","max-image-preview":"max-image-preview:large","max-video-preview":"max-video-preview:-1"},"canonical":"https:\/\/hormigueando.com\/product\/hormiguero-antmeta-h12x8-pva-sce\/","og_locale":"en_GB","og_type":"article","og_title":"Hormiguero acr\u00edlico 12x8 PVA SCE","og_description":"Hormiguero acr\u00edlico 12x8 PVA SCE","og_url":"https:\/\/hormigueando.com\/product\/hormiguero-antmeta-h12x8-pva-sce\/","og_site_name":"Hormigueando | Tienda especializada en Cr\u00eda de Hormigas","og_image":[{"width":1100,"height":1422,"url":"https:\/\/hormigueando.com\/wp-content\/uploads\/2020\/12\/2866-thickbox_default-Hormiguero-Antmeta-H12x8-PVA-SCE.jpg","type":"image\/jpeg"}],"twitter_card":"summary_large_image","twitter_misc":{"Estimated reading time":"2 minutes"},"schema":{"@context":"https:\/\/schema.org","@graph":[{"@type":"WebPage","@id":"https:\/\/hormigueando.com\/product\/hormiguero-antmeta-h12x8-pva-sce\/","url":"https:\/\/hormigueando.com\/product\/hormiguero-antmeta-h12x8-pva-sce\/","name":"Hormiguero acr\u00edlico 12x8 PVA SCE","isPartOf":{"@id":"https:\/\/hormigueando.com\/#website"},"primaryImageOfPage":{"@id":"https:\/\/hormigueando.com\/product\/hormiguero-antmeta-h12x8-pva-sce\/#primaryimage"},"image":{"@id":"https:\/\/hormigueando.com\/product\/hormiguero-antmeta-h12x8-pva-sce\/#primaryimage"},"thumbnailUrl":"https:\/\/hormigueando.com\/wp-content\/uploads\/2020\/12\/2866-thickbox_default-Hormiguero-Antmeta-H12x8-PVA-SCE.jpg","datePublished":"2020-12-01T15:33:43+00:00","description":"Hormiguero acr\u00edlico 12x8 PVA SCE","breadcrumb":{"@id":"https:\/\/hormigueando.com\/product\/hormiguero-antmeta-h12x8-pva-sce\/#breadcrumb"},"inLanguage":"en-GB","potentialAction":[{"@type":"ReadAction","target":["https:\/\/hormigueando.com\/product\/hormiguero-antmeta-h12x8-pva-sce\/"]}]},{"@type":"ImageObject","inLanguage":"en-GB","@id":"https:\/\/hormigueando.com\/product\/hormiguero-antmeta-h12x8-pva-sce\/#primaryimage","url":"https:\/\/hormigueando.com\/wp-content\/uploads\/2020\/12\/2866-thickbox_default-Hormiguero-Antmeta-H12x8-PVA-SCE.jpg","contentUrl":"https:\/\/hormigueando.com\/wp-content\/uploads\/2020\/12\/2866-thickbox_default-Hormiguero-Antmeta-H12x8-PVA-SCE.jpg","width":1100,"height":1422},{"@type":"BreadcrumbList","@id":"https:\/\/hormigueando.com\/product\/hormiguero-antmeta-h12x8-pva-sce\/#breadcrumb","itemListElement":[{"@type":"ListItem","position":1,"name":"Portada","item":"https:\/\/hormigueando.com\/"},{"@type":"ListItem","position":2,"name":"Tienda","item":"https:\/\/hormigueando.com\/tienda\/"},{"@type":"ListItem","position":3,"name":"Hormiguero Antmeta H12x8 PVA SCE"}]},{"@type":"WebSite","@id":"https:\/\/hormigueando.com\/#website","url":"https:\/\/hormigueando.com\/","name":"Hormigueando | Tienda especializada en Cr\u00eda de Hormigas","description":"","publisher":{"@id":"https:\/\/hormigueando.com\/#organization"},"potentialAction":[{"@type":"SearchAction","target":{"@type":"EntryPoint","urlTemplate":"https:\/\/hormigueando.com\/?s={search_term_string}"},"query-input":{"@type":"PropertyValueSpecification","valueRequired":true,"valueName":"search_term_string"}}],"inLanguage":"en-GB"},{"@type":"Organization","@id":"https:\/\/hormigueando.com\/#organization","name":"Hormigueando | Tienda especializada en Cr\u00eda de Hormigas","url":"https:\/\/hormigueando.com\/","logo":{"@type":"ImageObject","inLanguage":"en-GB","@id":"https:\/\/hormigueando.com\/#\/schema\/logo\/image\/","url":"https:\/\/hormigueando.com\/wp-content\/uploads\/2023\/05\/logotipo_web-01.png","contentUrl":"https:\/\/hormigueando.com\/wp-content\/uploads\/2023\/05\/logotipo_web-01.png","width":233,"height":74,"caption":"Hormigueando | Tienda especializada en Cr\u00eda de Hormigas"},"image":{"@id":"https:\/\/hormigueando.com\/#\/schema\/logo\/image\/"}}]}},"jetpack_sharing_enabled":true,"_links":{"self":[{"href":"https:\/\/hormigueando.com\/en-gb\/wp-json\/wp\/v2\/product\/44649","targetHints":{"allow":["GET"]}}],"collection":[{"href":"https:\/\/hormigueando.com\/en-gb\/wp-json\/wp\/v2\/product"}],"about":[{"href":"https:\/\/hormigueando.com\/en-gb\/wp-json\/wp\/v2\/types\/product"}],"replies":[{"embeddable":true,"href":"https:\/\/hormigueando.com\/en-gb\/wp-json\/wp\/v2\/comments?post=44649"}],"wp:featuredmedia":[{"embeddable":true,"href":"https:\/\/hormigueando.com\/en-gb\/wp-json\/wp\/v2\/media\/44637"}],"wp:attachment":[{"href":"https:\/\/hormigueando.com\/en-gb\/wp-json\/wp\/v2\/media?parent=44649"}],"wp:term":[{"taxonomy":"product_brand","embeddable":true,"href":"https:\/\/hormigueando.com\/en-gb\/wp-json\/wp\/v2\/product_brand?post=44649"},{"taxonomy":"product_cat","embeddable":true,"href":"https:\/\/hormigueando.com\/en-gb\/wp-json\/wp\/v2\/product_cat?post=44649"},{"taxonomy":"product_tag","embeddable":true,"href":"https:\/\/hormigueando.com\/en-gb\/wp-json\/wp\/v2\/product_tag?post=44649"},{"taxonomy":"giftcard-category","embeddable":true,"href":"https:\/\/hormigueando.com\/en-gb\/wp-json\/wp\/v2\/giftcard-category?post=44649"}],"curies":[{"name":"wp","href":"https:\/\/api.w.org\/{rel}","templated":true}]}}