{"id":44607,"date":"2020-11-04T17:16:19","date_gmt":"2020-11-04T15:16:19","guid":{"rendered":"https:\/\/hormigueando.com\/producto\/reina-aphaenogaster-dulcineae\/"},"modified":"2020-11-04T17:16:19","modified_gmt":"2020-11-04T15:16:19","slug":"reina-aphaenogaster-dulcineae","status":"publish","type":"product","link":"https:\/\/hormigueando.com\/en-gb\/product\/reina-aphaenogaster-dulcineae\/","title":{"rendered":"Reina Aphaenogaster dulcineae"},"content":{"rendered":"<p>Reina Aphaenogaster dulcineae<\/p>\n<\/p>\n<p><strong><span style=\"color:#d0121a;\">Atenci\u00f3n:<\/span><\/strong> solo se env\u00eda una reina o colonia por pedido. Las hormigas son <strong>GRATIS<\/strong>, solo hay que pagar los gastos de env\u00edo.<\/p>\n<\/p>\n<p>Aphenogaster dulcineae est\u00e1 presente en la Pen\u00ednsula Ib\u00e9rica y desde las costas mediterr\u00e1neas francesas hasta el golfo de G\u00e9nova en italia. La podemos encontrar en bosques y jardines debajo de piedras. Se trata de una especie poco com\u00fan y dif\u00edcil de ver que se muda frecuentemente de nido. Sus colonias pueden llegar a los varios cientos de obreras y se alimentan de l\u00edquidos dulces y cad\u00e1veres de peque\u00f1os insectos.<\/p>\n<\/p>\n<p>Tama\u00f1o:<\/p>\n<p>Reina: 0,6 &#8211; 0,7 cm<\/p>\n<p>Obrera:\u00a0 0,4 cm \u2013 0,5 cm<\/p>\n<\/p>\n<p>La reina se env\u00eda en un tubo de ensayo con agua. Pueden vivir en el tubo hasta que se seque el agua del fondo, momento en el que habr\u00e1 que trasladarla a otro tubo preparado de la misma forma. Las reinas de Aphaenogaster dulcineae no necesitan ser alimentadas en los mometos iniciales. Tienen reservas para un a\u00f1o aproximadamente. Con estas reservas pondr\u00e1n los primeros huevos y una vez salgan las primeras obreras (llamadas nurses, m\u00e1s peque\u00f1as y d\u00e9biles de lo normal) ser\u00e1n \u00e9stas las que se encarguen de alimentar a la reina. Este momento es cr\u00edtico para las colonias, ya que de la supervivencia de las nurses depender\u00e1 la supervivencia de la reina, que se encontrar\u00e1 ya muy d\u00e9bil al haber consumido sus reservas para sacar adelante la primera generaci\u00f3n de obreras.<\/p><\/p>\n","protected":false},"excerpt":{"rendered":"<p>Reina Aphaenogaster dulcineae<\/p>\n","protected":false},"featured_media":44606,"comment_status":"open","ping_status":"closed","template":"","meta":{"_joinchat":[]},"product_brand":[],"product_cat":[1092],"product_tag":[],"giftcard-category":[],"class_list":{"0":"post-44607","1":"product","2":"type-product","3":"status-publish","4":"has-post-thumbnail","6":"product_cat-hormigas-en-gb","8":"first","9":"outofstock","10":"taxable","11":"shipping-taxable","12":"purchasable","13":"product-type-simple"},"yoast_head":"<!-- This site is optimized with the Yoast SEO plugin v27.1.1 - https:\/\/yoast.com\/product\/yoast-seo-wordpress\/ -->\n<title>Reina Aphaenogaster dulcineae<\/title>\n<meta name=\"description\" content=\"Reina Aphaenogaster dulcineae\" \/>\n<meta name=\"robots\" content=\"index, follow, max-snippet:-1, max-image-preview:large, max-video-preview:-1\" \/>\n<link rel=\"canonical\" href=\"https:\/\/hormigueando.com\/product\/reina-aphaenogaster-dulcineae\/\" \/>\n<meta property=\"og:locale\" content=\"en_GB\" \/>\n<meta property=\"og:type\" content=\"article\" \/>\n<meta property=\"og:title\" content=\"Reina Aphaenogaster dulcineae\" \/>\n<meta property=\"og:description\" content=\"Reina Aphaenogaster dulcineae\" \/>\n<meta property=\"og:url\" content=\"https:\/\/hormigueando.com\/product\/reina-aphaenogaster-dulcineae\/\" \/>\n<meta property=\"og:site_name\" content=\"Hormigueando | Tienda especializada en Cr\u00eda de Hormigas\" \/>\n<meta property=\"og:image\" content=\"https:\/\/hormigueando.com\/wp-content\/uploads\/2020\/11\/2844-thickbox_default-Reina-aphaenogaster-dulcineae.jpg\" \/>\n\t<meta property=\"og:image:width\" content=\"1100\" \/>\n\t<meta property=\"og:image:height\" content=\"1422\" \/>\n\t<meta property=\"og:image:type\" content=\"image\/jpeg\" \/>\n<meta name=\"twitter:card\" content=\"summary_large_image\" \/>\n<meta name=\"twitter:label1\" content=\"Estimated reading time\" \/>\n\t<meta name=\"twitter:data1\" content=\"1 minute\" \/>\n<script type=\"application\/ld+json\" class=\"yoast-schema-graph\">{\"@context\":\"https:\/\/schema.org\",\"@graph\":[{\"@type\":\"WebPage\",\"@id\":\"https:\/\/hormigueando.com\/product\/reina-aphaenogaster-dulcineae\/\",\"url\":\"https:\/\/hormigueando.com\/product\/reina-aphaenogaster-dulcineae\/\",\"name\":\"Reina Aphaenogaster dulcineae\",\"isPartOf\":{\"@id\":\"https:\/\/hormigueando.com\/#website\"},\"primaryImageOfPage\":{\"@id\":\"https:\/\/hormigueando.com\/product\/reina-aphaenogaster-dulcineae\/#primaryimage\"},\"image\":{\"@id\":\"https:\/\/hormigueando.com\/product\/reina-aphaenogaster-dulcineae\/#primaryimage\"},\"thumbnailUrl\":\"https:\/\/hormigueando.com\/wp-content\/uploads\/2020\/11\/2844-thickbox_default-Reina-aphaenogaster-dulcineae.jpg\",\"datePublished\":\"2020-11-04T15:16:19+00:00\",\"description\":\"Reina Aphaenogaster dulcineae\",\"breadcrumb\":{\"@id\":\"https:\/\/hormigueando.com\/product\/reina-aphaenogaster-dulcineae\/#breadcrumb\"},\"inLanguage\":\"en-GB\",\"potentialAction\":[{\"@type\":\"ReadAction\",\"target\":[\"https:\/\/hormigueando.com\/product\/reina-aphaenogaster-dulcineae\/\"]}]},{\"@type\":\"ImageObject\",\"inLanguage\":\"en-GB\",\"@id\":\"https:\/\/hormigueando.com\/product\/reina-aphaenogaster-dulcineae\/#primaryimage\",\"url\":\"https:\/\/hormigueando.com\/wp-content\/uploads\/2020\/11\/2844-thickbox_default-Reina-aphaenogaster-dulcineae.jpg\",\"contentUrl\":\"https:\/\/hormigueando.com\/wp-content\/uploads\/2020\/11\/2844-thickbox_default-Reina-aphaenogaster-dulcineae.jpg\",\"width\":1100,\"height\":1422},{\"@type\":\"BreadcrumbList\",\"@id\":\"https:\/\/hormigueando.com\/product\/reina-aphaenogaster-dulcineae\/#breadcrumb\",\"itemListElement\":[{\"@type\":\"ListItem\",\"position\":1,\"name\":\"Portada\",\"item\":\"https:\/\/hormigueando.com\/\"},{\"@type\":\"ListItem\",\"position\":2,\"name\":\"Tienda\",\"item\":\"https:\/\/hormigueando.com\/tienda\/\"},{\"@type\":\"ListItem\",\"position\":3,\"name\":\"Reina Aphaenogaster dulcineae\"}]},{\"@type\":\"WebSite\",\"@id\":\"https:\/\/hormigueando.com\/#website\",\"url\":\"https:\/\/hormigueando.com\/\",\"name\":\"Hormigueando | Tienda especializada en Cr\u00eda de Hormigas\",\"description\":\"\",\"publisher\":{\"@id\":\"https:\/\/hormigueando.com\/#organization\"},\"potentialAction\":[{\"@type\":\"SearchAction\",\"target\":{\"@type\":\"EntryPoint\",\"urlTemplate\":\"https:\/\/hormigueando.com\/?s={search_term_string}\"},\"query-input\":{\"@type\":\"PropertyValueSpecification\",\"valueRequired\":true,\"valueName\":\"search_term_string\"}}],\"inLanguage\":\"en-GB\"},{\"@type\":\"Organization\",\"@id\":\"https:\/\/hormigueando.com\/#organization\",\"name\":\"Hormigueando | Tienda especializada en Cr\u00eda de Hormigas\",\"url\":\"https:\/\/hormigueando.com\/\",\"logo\":{\"@type\":\"ImageObject\",\"inLanguage\":\"en-GB\",\"@id\":\"https:\/\/hormigueando.com\/#\/schema\/logo\/image\/\",\"url\":\"https:\/\/hormigueando.com\/wp-content\/uploads\/2023\/05\/logotipo_web-01.png\",\"contentUrl\":\"https:\/\/hormigueando.com\/wp-content\/uploads\/2023\/05\/logotipo_web-01.png\",\"width\":233,\"height\":74,\"caption\":\"Hormigueando | Tienda especializada en Cr\u00eda de Hormigas\"},\"image\":{\"@id\":\"https:\/\/hormigueando.com\/#\/schema\/logo\/image\/\"}}]}<\/script>\n<!-- \/ Yoast SEO plugin. -->","yoast_head_json":{"title":"Reina Aphaenogaster dulcineae","description":"Reina Aphaenogaster dulcineae","robots":{"index":"index","follow":"follow","max-snippet":"max-snippet:-1","max-image-preview":"max-image-preview:large","max-video-preview":"max-video-preview:-1"},"canonical":"https:\/\/hormigueando.com\/product\/reina-aphaenogaster-dulcineae\/","og_locale":"en_GB","og_type":"article","og_title":"Reina Aphaenogaster dulcineae","og_description":"Reina Aphaenogaster dulcineae","og_url":"https:\/\/hormigueando.com\/product\/reina-aphaenogaster-dulcineae\/","og_site_name":"Hormigueando | Tienda especializada en Cr\u00eda de Hormigas","og_image":[{"width":1100,"height":1422,"url":"https:\/\/hormigueando.com\/wp-content\/uploads\/2020\/11\/2844-thickbox_default-Reina-aphaenogaster-dulcineae.jpg","type":"image\/jpeg"}],"twitter_card":"summary_large_image","twitter_misc":{"Estimated reading time":"1 minute"},"schema":{"@context":"https:\/\/schema.org","@graph":[{"@type":"WebPage","@id":"https:\/\/hormigueando.com\/product\/reina-aphaenogaster-dulcineae\/","url":"https:\/\/hormigueando.com\/product\/reina-aphaenogaster-dulcineae\/","name":"Reina Aphaenogaster dulcineae","isPartOf":{"@id":"https:\/\/hormigueando.com\/#website"},"primaryImageOfPage":{"@id":"https:\/\/hormigueando.com\/product\/reina-aphaenogaster-dulcineae\/#primaryimage"},"image":{"@id":"https:\/\/hormigueando.com\/product\/reina-aphaenogaster-dulcineae\/#primaryimage"},"thumbnailUrl":"https:\/\/hormigueando.com\/wp-content\/uploads\/2020\/11\/2844-thickbox_default-Reina-aphaenogaster-dulcineae.jpg","datePublished":"2020-11-04T15:16:19+00:00","description":"Reina Aphaenogaster dulcineae","breadcrumb":{"@id":"https:\/\/hormigueando.com\/product\/reina-aphaenogaster-dulcineae\/#breadcrumb"},"inLanguage":"en-GB","potentialAction":[{"@type":"ReadAction","target":["https:\/\/hormigueando.com\/product\/reina-aphaenogaster-dulcineae\/"]}]},{"@type":"ImageObject","inLanguage":"en-GB","@id":"https:\/\/hormigueando.com\/product\/reina-aphaenogaster-dulcineae\/#primaryimage","url":"https:\/\/hormigueando.com\/wp-content\/uploads\/2020\/11\/2844-thickbox_default-Reina-aphaenogaster-dulcineae.jpg","contentUrl":"https:\/\/hormigueando.com\/wp-content\/uploads\/2020\/11\/2844-thickbox_default-Reina-aphaenogaster-dulcineae.jpg","width":1100,"height":1422},{"@type":"BreadcrumbList","@id":"https:\/\/hormigueando.com\/product\/reina-aphaenogaster-dulcineae\/#breadcrumb","itemListElement":[{"@type":"ListItem","position":1,"name":"Portada","item":"https:\/\/hormigueando.com\/"},{"@type":"ListItem","position":2,"name":"Tienda","item":"https:\/\/hormigueando.com\/tienda\/"},{"@type":"ListItem","position":3,"name":"Reina Aphaenogaster dulcineae"}]},{"@type":"WebSite","@id":"https:\/\/hormigueando.com\/#website","url":"https:\/\/hormigueando.com\/","name":"Hormigueando | Tienda especializada en Cr\u00eda de Hormigas","description":"","publisher":{"@id":"https:\/\/hormigueando.com\/#organization"},"potentialAction":[{"@type":"SearchAction","target":{"@type":"EntryPoint","urlTemplate":"https:\/\/hormigueando.com\/?s={search_term_string}"},"query-input":{"@type":"PropertyValueSpecification","valueRequired":true,"valueName":"search_term_string"}}],"inLanguage":"en-GB"},{"@type":"Organization","@id":"https:\/\/hormigueando.com\/#organization","name":"Hormigueando | Tienda especializada en Cr\u00eda de Hormigas","url":"https:\/\/hormigueando.com\/","logo":{"@type":"ImageObject","inLanguage":"en-GB","@id":"https:\/\/hormigueando.com\/#\/schema\/logo\/image\/","url":"https:\/\/hormigueando.com\/wp-content\/uploads\/2023\/05\/logotipo_web-01.png","contentUrl":"https:\/\/hormigueando.com\/wp-content\/uploads\/2023\/05\/logotipo_web-01.png","width":233,"height":74,"caption":"Hormigueando | Tienda especializada en Cr\u00eda de Hormigas"},"image":{"@id":"https:\/\/hormigueando.com\/#\/schema\/logo\/image\/"}}]}},"jetpack_sharing_enabled":true,"_links":{"self":[{"href":"https:\/\/hormigueando.com\/en-gb\/wp-json\/wp\/v2\/product\/44607","targetHints":{"allow":["GET"]}}],"collection":[{"href":"https:\/\/hormigueando.com\/en-gb\/wp-json\/wp\/v2\/product"}],"about":[{"href":"https:\/\/hormigueando.com\/en-gb\/wp-json\/wp\/v2\/types\/product"}],"replies":[{"embeddable":true,"href":"https:\/\/hormigueando.com\/en-gb\/wp-json\/wp\/v2\/comments?post=44607"}],"wp:featuredmedia":[{"embeddable":true,"href":"https:\/\/hormigueando.com\/en-gb\/wp-json\/wp\/v2\/media\/44606"}],"wp:attachment":[{"href":"https:\/\/hormigueando.com\/en-gb\/wp-json\/wp\/v2\/media?parent=44607"}],"wp:term":[{"taxonomy":"product_brand","embeddable":true,"href":"https:\/\/hormigueando.com\/en-gb\/wp-json\/wp\/v2\/product_brand?post=44607"},{"taxonomy":"product_cat","embeddable":true,"href":"https:\/\/hormigueando.com\/en-gb\/wp-json\/wp\/v2\/product_cat?post=44607"},{"taxonomy":"product_tag","embeddable":true,"href":"https:\/\/hormigueando.com\/en-gb\/wp-json\/wp\/v2\/product_tag?post=44607"},{"taxonomy":"giftcard-category","embeddable":true,"href":"https:\/\/hormigueando.com\/en-gb\/wp-json\/wp\/v2\/giftcard-category?post=44607"}],"curies":[{"name":"wp","href":"https:\/\/api.w.org\/{rel}","templated":true}]}}