{"id":44598,"date":"2020-10-13T18:18:56","date_gmt":"2020-10-13T16:18:56","guid":{"rendered":"https:\/\/hormigueando.com\/producto\/antmeta-h9x6-seta-c\/"},"modified":"2020-10-13T18:18:56","modified_gmt":"2020-10-13T16:18:56","slug":"antmeta-h9x6-seta-c","status":"publish","type":"product","link":"https:\/\/hormigueando.com\/en-gb\/product\/antmeta-h9x6-seta-c\/","title":{"rendered":"Antmeta H9x6 Seta C"},"content":{"rendered":"<p>Hormiguero acr\u00edlico de 9&#215;6 cm con altura de las galer\u00edas de 0,8 cm. Tiene dep\u00f3sito de agua, zona de forrajeo con tapa, agujero de conexi\u00f3n exterior y sistema de humedad tipo seta rellenable con jeringuilla a trav\u00e9s del orificio superior.<\/p>\n<p>El hormiguero incluye una pieza de cierre para la conexi\u00f3n externa por si \u00e9sta no se quiere utilizar (por tanto no se requieren tapones) y una pieza de conexi\u00f3n que facilita el perfecto encaje de los tubos flexibles apropiados.<\/p>\n<p>Este hormiguero es ideal para comenzar con peque\u00f1as colonias de especies con necesidades de humedad media\/alta.<\/p>\n<p>La seta proporciona la humedad ambiental necesaria y adem\u00e1s agua para beber, aunque siempre es recomendable disponer de un bebedero externo, sobre todo a medida que aumenta la colonia.<\/p>\n<p>\u00a0<\/p>\n<p class=\"MsoNormal\">Te recomendamos incluir el filtro rojo de este hormiguero para que nuestras hormigas se sientan m\u00e1s c\u00f3modas y protegidas de la luz:<\/p>\n<p><strong>Filtro rojo compatible: <\/strong><a href=\"https:\/\/hormigueando.com\/filtros-rojos\/269-575-filtros-para-modelos-tipo-seta.html#\/153-modelo_hormiguero-h9x6_seta_c\" target=\"_blank\" class=\"btn btn-default\" rel=\"noopener\">Modelo H9x6 s C<\/a><\/p>\n<\/p>\n<p><strong><span style=\"color:#d0121a;\">Importante:<\/span><\/strong><\/p>\n<p>La seta tiene una duraci\u00f3n aproximada de 18 meses, siendo necesario sustituirla una vez pasado ese tiempo.<\/p>\n<p>Lavar solo con agua y jab\u00f3n. La utilizaci\u00f3n de productos abrasivos de limpieza puede provocar da\u00f1os en el hormiguero y anular la garant\u00eda del producto.<\/p>\n<p>\u00a0<\/p>\n<p><span style=\"text-decoration:underline;\">Otros productos recomendados:<\/span><\/p>\n<p>Sabemos que en ocasiones es complicado distinguir qu\u00e9 accesorios son compatibles con cada hormiguero y por ese motivo, desde <strong>Hormigueando<\/strong> os ayudamos con esta tarea y os indicamos qu\u00e9 accesorios tienen las medidas apropiadas para este hormiguero y caja de forrajeo. Estos accesorios no est\u00e1n incluidos con el hormiguero y se venden a parte.<\/p>\n<\/p>\n<p><strong>Tubos flexibles compatibles:<\/strong> 12\/10 mm. Necesarios si se quiere conectar el hormiguero con cajas de forrajeo externas, con otros hormigueros o con tubos de ensayo. Disponibles en nuestro apartado de <a href=\"https:\/\/hormigueando.com\/inicio\/59-67-tubos-flexibles.html#\/37-medidas-12_10_mm\" class=\"btn btn-default\">ACCESORIOS.<\/a><\/p>\n<p><strong>Cajas de forrajeo externas:<\/strong> Compatible con todas nuestras <a href=\"https:\/\/hormigueando.com\/17-cajas-de-forrajeo\" class=\"btn btn-default\">Cajas de forrajeo<\/a><\/p>\n<\/p><\/p>\n","protected":false},"excerpt":{"rendered":"<p class=\"MsoNormal\">Hormiguero acr\u00edlico de 9&#215;6 cm con altura de las galer\u00edas de 0,8 cm. Tiene dep\u00f3sito de agua, zona de forrajeo con tapa, agujero de conexi\u00f3n exterior y sistema de humedad tipo seta rellenable con jeringuilla a trav\u00e9s del orificio superior.<\/p>\n<\/p>\n<p class=\"MsoNormal\">Te recomendamos incluir el filtro rojo de este hormiguero para que nuestras hormigas se sientan m\u00e1s c\u00f3modas y protegidas de la luz:<\/p>\n<p><strong>Filtro rojo compatible: <\/strong><a href=\"https:\/\/hormigueando.com\/filtros-rojos\/269-575-filtros-para-modelos-tipo-seta.html#\/153-modelo_hormiguero-h9x6_seta_c\" target=\"_blank\" class=\"btn btn-default\" rel=\"noopener\">Modelo H9x6 s C<\/a><a href=\"https:\/\/hormigueando.com\/filtros-rojos\/269-439-filtros-para-modelos-tipo-seta.html#\/63-modelo_hormiguero-h9x6_s\" target=\"_blank\" class=\"btn btn-default\" rel=\"noopener\"><br \/><\/a><\/p>\n","protected":false},"featured_media":44585,"comment_status":"open","ping_status":"closed","template":"","meta":{"_joinchat":[]},"product_brand":[],"product_cat":[1082,1110],"product_tag":[],"giftcard-category":[],"class_list":{"0":"post-44598","1":"product","2":"type-product","3":"status-publish","4":"has-post-thumbnail","6":"product_cat-anthills-en-gb","7":"product_cat-mushroom-anthill-en-gb","8":"pa_4b-numerodeconexionesconelex-1-en-gb","9":"pa_61-modorellenadosistemadehum-deposito-en-gb","10":"pa_color-white-en-gb","11":"pa_color-red-en-gb","12":"pa_color-black-en-gb","13":"pa_color-blue-en-gb","14":"pa_composicion-metacrilato-en-gb","15":"pa_incluyecajadeforrajeo-si-en-gb","16":"pa_medidas-9x6x1cm-en-gb","17":"pa_medidatuboflexiblerequerido-1210mm-en-gb","18":"pa_serie-antmeta-en-gb","19":"pa_tamano-pequeno-en-gb","21":"first","22":"instock","23":"taxable","24":"shipping-taxable","25":"purchasable","26":"product-type-variable","27":"has-default-attributes"},"yoast_head":"<!-- This site is optimized with the Yoast SEO plugin v27.1.1 - https:\/\/yoast.com\/product\/yoast-seo-wordpress\/ -->\n<title>Hormiguero H9x6 Seta C<\/title>\n<meta name=\"description\" content=\"Hormiguero H9x6 Seta C\" \/>\n<meta name=\"robots\" content=\"index, follow, max-snippet:-1, max-image-preview:large, max-video-preview:-1\" \/>\n<link rel=\"canonical\" href=\"https:\/\/hormigueando.com\/en-gb\/product\/antmeta-h9x6-seta-c\/\" \/>\n<meta property=\"og:locale\" content=\"en_GB\" \/>\n<meta property=\"og:type\" content=\"article\" \/>\n<meta property=\"og:title\" content=\"Hormiguero H9x6 Seta C\" \/>\n<meta property=\"og:description\" content=\"Hormiguero H9x6 Seta C\" \/>\n<meta property=\"og:url\" content=\"https:\/\/hormigueando.com\/en-gb\/product\/antmeta-h9x6-seta-c\/\" \/>\n<meta property=\"og:site_name\" content=\"Hormigueando | Tienda especializada en Cr\u00eda de Hormigas\" \/>\n<meta property=\"og:image\" content=\"https:\/\/hormigueando.com\/wp-content\/uploads\/2020\/10\/2825-thickbox_default-Antmeta-H9x6-Seta-C.jpg\" \/>\n\t<meta property=\"og:image:width\" content=\"1100\" \/>\n\t<meta property=\"og:image:height\" content=\"1422\" \/>\n\t<meta property=\"og:image:type\" content=\"image\/jpeg\" \/>\n<meta name=\"twitter:card\" content=\"summary_large_image\" \/>\n<meta name=\"twitter:label1\" content=\"Estimated reading time\" \/>\n\t<meta name=\"twitter:data1\" content=\"2 minutes\" \/>\n<script type=\"application\/ld+json\" class=\"yoast-schema-graph\">{\"@context\":\"https:\/\/schema.org\",\"@graph\":[{\"@type\":\"WebPage\",\"@id\":\"https:\/\/hormigueando.com\/en-gb\/product\/antmeta-h9x6-seta-c\/\",\"url\":\"https:\/\/hormigueando.com\/en-gb\/product\/antmeta-h9x6-seta-c\/\",\"name\":\"Hormiguero H9x6 Seta C\",\"isPartOf\":{\"@id\":\"https:\/\/hormigueando.com\/#website\"},\"primaryImageOfPage\":{\"@id\":\"https:\/\/hormigueando.com\/en-gb\/product\/antmeta-h9x6-seta-c\/#primaryimage\"},\"image\":{\"@id\":\"https:\/\/hormigueando.com\/en-gb\/product\/antmeta-h9x6-seta-c\/#primaryimage\"},\"thumbnailUrl\":\"https:\/\/hormigueando.com\/wp-content\/uploads\/2020\/10\/2825-thickbox_default-Antmeta-H9x6-Seta-C.jpg\",\"datePublished\":\"2020-10-13T16:18:56+00:00\",\"description\":\"Hormiguero H9x6 Seta C\",\"breadcrumb\":{\"@id\":\"https:\/\/hormigueando.com\/en-gb\/product\/antmeta-h9x6-seta-c\/#breadcrumb\"},\"inLanguage\":\"en-GB\",\"potentialAction\":[{\"@type\":\"ReadAction\",\"target\":[\"https:\/\/hormigueando.com\/en-gb\/product\/antmeta-h9x6-seta-c\/\"]}]},{\"@type\":\"ImageObject\",\"inLanguage\":\"en-GB\",\"@id\":\"https:\/\/hormigueando.com\/en-gb\/product\/antmeta-h9x6-seta-c\/#primaryimage\",\"url\":\"https:\/\/hormigueando.com\/wp-content\/uploads\/2020\/10\/2825-thickbox_default-Antmeta-H9x6-Seta-C.jpg\",\"contentUrl\":\"https:\/\/hormigueando.com\/wp-content\/uploads\/2020\/10\/2825-thickbox_default-Antmeta-H9x6-Seta-C.jpg\",\"width\":1100,\"height\":1422},{\"@type\":\"BreadcrumbList\",\"@id\":\"https:\/\/hormigueando.com\/en-gb\/product\/antmeta-h9x6-seta-c\/#breadcrumb\",\"itemListElement\":[{\"@type\":\"ListItem\",\"position\":1,\"name\":\"Portada\",\"item\":\"https:\/\/hormigueando.com\/\"},{\"@type\":\"ListItem\",\"position\":2,\"name\":\"Tienda\",\"item\":\"https:\/\/hormigueando.com\/tienda\/\"},{\"@type\":\"ListItem\",\"position\":3,\"name\":\"Antmeta H9x6 Seta C\"}]},{\"@type\":\"WebSite\",\"@id\":\"https:\/\/hormigueando.com\/#website\",\"url\":\"https:\/\/hormigueando.com\/\",\"name\":\"Hormigueando | Tienda especializada en Cr\u00eda de Hormigas\",\"description\":\"\",\"publisher\":{\"@id\":\"https:\/\/hormigueando.com\/#organization\"},\"potentialAction\":[{\"@type\":\"SearchAction\",\"target\":{\"@type\":\"EntryPoint\",\"urlTemplate\":\"https:\/\/hormigueando.com\/?s={search_term_string}\"},\"query-input\":{\"@type\":\"PropertyValueSpecification\",\"valueRequired\":true,\"valueName\":\"search_term_string\"}}],\"inLanguage\":\"en-GB\"},{\"@type\":\"Organization\",\"@id\":\"https:\/\/hormigueando.com\/#organization\",\"name\":\"Hormigueando | Tienda especializada en Cr\u00eda de Hormigas\",\"url\":\"https:\/\/hormigueando.com\/\",\"logo\":{\"@type\":\"ImageObject\",\"inLanguage\":\"en-GB\",\"@id\":\"https:\/\/hormigueando.com\/#\/schema\/logo\/image\/\",\"url\":\"https:\/\/hormigueando.com\/wp-content\/uploads\/2023\/05\/logotipo_web-01.png\",\"contentUrl\":\"https:\/\/hormigueando.com\/wp-content\/uploads\/2023\/05\/logotipo_web-01.png\",\"width\":233,\"height\":74,\"caption\":\"Hormigueando | Tienda especializada en Cr\u00eda de Hormigas\"},\"image\":{\"@id\":\"https:\/\/hormigueando.com\/#\/schema\/logo\/image\/\"}}]}<\/script>\n<!-- \/ Yoast SEO plugin. -->","yoast_head_json":{"title":"Hormiguero H9x6 Seta C","description":"Hormiguero H9x6 Seta C","robots":{"index":"index","follow":"follow","max-snippet":"max-snippet:-1","max-image-preview":"max-image-preview:large","max-video-preview":"max-video-preview:-1"},"canonical":"https:\/\/hormigueando.com\/en-gb\/product\/antmeta-h9x6-seta-c\/","og_locale":"en_GB","og_type":"article","og_title":"Hormiguero H9x6 Seta C","og_description":"Hormiguero H9x6 Seta C","og_url":"https:\/\/hormigueando.com\/en-gb\/product\/antmeta-h9x6-seta-c\/","og_site_name":"Hormigueando | Tienda especializada en Cr\u00eda de Hormigas","og_image":[{"width":1100,"height":1422,"url":"https:\/\/hormigueando.com\/wp-content\/uploads\/2020\/10\/2825-thickbox_default-Antmeta-H9x6-Seta-C.jpg","type":"image\/jpeg"}],"twitter_card":"summary_large_image","twitter_misc":{"Estimated reading time":"2 minutes"},"schema":{"@context":"https:\/\/schema.org","@graph":[{"@type":"WebPage","@id":"https:\/\/hormigueando.com\/en-gb\/product\/antmeta-h9x6-seta-c\/","url":"https:\/\/hormigueando.com\/en-gb\/product\/antmeta-h9x6-seta-c\/","name":"Hormiguero H9x6 Seta C","isPartOf":{"@id":"https:\/\/hormigueando.com\/#website"},"primaryImageOfPage":{"@id":"https:\/\/hormigueando.com\/en-gb\/product\/antmeta-h9x6-seta-c\/#primaryimage"},"image":{"@id":"https:\/\/hormigueando.com\/en-gb\/product\/antmeta-h9x6-seta-c\/#primaryimage"},"thumbnailUrl":"https:\/\/hormigueando.com\/wp-content\/uploads\/2020\/10\/2825-thickbox_default-Antmeta-H9x6-Seta-C.jpg","datePublished":"2020-10-13T16:18:56+00:00","description":"Hormiguero H9x6 Seta C","breadcrumb":{"@id":"https:\/\/hormigueando.com\/en-gb\/product\/antmeta-h9x6-seta-c\/#breadcrumb"},"inLanguage":"en-GB","potentialAction":[{"@type":"ReadAction","target":["https:\/\/hormigueando.com\/en-gb\/product\/antmeta-h9x6-seta-c\/"]}]},{"@type":"ImageObject","inLanguage":"en-GB","@id":"https:\/\/hormigueando.com\/en-gb\/product\/antmeta-h9x6-seta-c\/#primaryimage","url":"https:\/\/hormigueando.com\/wp-content\/uploads\/2020\/10\/2825-thickbox_default-Antmeta-H9x6-Seta-C.jpg","contentUrl":"https:\/\/hormigueando.com\/wp-content\/uploads\/2020\/10\/2825-thickbox_default-Antmeta-H9x6-Seta-C.jpg","width":1100,"height":1422},{"@type":"BreadcrumbList","@id":"https:\/\/hormigueando.com\/en-gb\/product\/antmeta-h9x6-seta-c\/#breadcrumb","itemListElement":[{"@type":"ListItem","position":1,"name":"Portada","item":"https:\/\/hormigueando.com\/"},{"@type":"ListItem","position":2,"name":"Tienda","item":"https:\/\/hormigueando.com\/tienda\/"},{"@type":"ListItem","position":3,"name":"Antmeta H9x6 Seta C"}]},{"@type":"WebSite","@id":"https:\/\/hormigueando.com\/#website","url":"https:\/\/hormigueando.com\/","name":"Hormigueando | Tienda especializada en Cr\u00eda de Hormigas","description":"","publisher":{"@id":"https:\/\/hormigueando.com\/#organization"},"potentialAction":[{"@type":"SearchAction","target":{"@type":"EntryPoint","urlTemplate":"https:\/\/hormigueando.com\/?s={search_term_string}"},"query-input":{"@type":"PropertyValueSpecification","valueRequired":true,"valueName":"search_term_string"}}],"inLanguage":"en-GB"},{"@type":"Organization","@id":"https:\/\/hormigueando.com\/#organization","name":"Hormigueando | Tienda especializada en Cr\u00eda de Hormigas","url":"https:\/\/hormigueando.com\/","logo":{"@type":"ImageObject","inLanguage":"en-GB","@id":"https:\/\/hormigueando.com\/#\/schema\/logo\/image\/","url":"https:\/\/hormigueando.com\/wp-content\/uploads\/2023\/05\/logotipo_web-01.png","contentUrl":"https:\/\/hormigueando.com\/wp-content\/uploads\/2023\/05\/logotipo_web-01.png","width":233,"height":74,"caption":"Hormigueando | Tienda especializada en Cr\u00eda de Hormigas"},"image":{"@id":"https:\/\/hormigueando.com\/#\/schema\/logo\/image\/"}}]}},"jetpack_sharing_enabled":true,"_links":{"self":[{"href":"https:\/\/hormigueando.com\/en-gb\/wp-json\/wp\/v2\/product\/44598","targetHints":{"allow":["GET"]}}],"collection":[{"href":"https:\/\/hormigueando.com\/en-gb\/wp-json\/wp\/v2\/product"}],"about":[{"href":"https:\/\/hormigueando.com\/en-gb\/wp-json\/wp\/v2\/types\/product"}],"replies":[{"embeddable":true,"href":"https:\/\/hormigueando.com\/en-gb\/wp-json\/wp\/v2\/comments?post=44598"}],"wp:featuredmedia":[{"embeddable":true,"href":"https:\/\/hormigueando.com\/en-gb\/wp-json\/wp\/v2\/media\/44585"}],"wp:attachment":[{"href":"https:\/\/hormigueando.com\/en-gb\/wp-json\/wp\/v2\/media?parent=44598"}],"wp:term":[{"taxonomy":"product_brand","embeddable":true,"href":"https:\/\/hormigueando.com\/en-gb\/wp-json\/wp\/v2\/product_brand?post=44598"},{"taxonomy":"product_cat","embeddable":true,"href":"https:\/\/hormigueando.com\/en-gb\/wp-json\/wp\/v2\/product_cat?post=44598"},{"taxonomy":"product_tag","embeddable":true,"href":"https:\/\/hormigueando.com\/en-gb\/wp-json\/wp\/v2\/product_tag?post=44598"},{"taxonomy":"giftcard-category","embeddable":true,"href":"https:\/\/hormigueando.com\/en-gb\/wp-json\/wp\/v2\/giftcard-category?post=44598"}],"curies":[{"name":"wp","href":"https:\/\/api.w.org\/{rel}","templated":true}]}}