{"id":44500,"date":"2020-09-26T20:51:24","date_gmt":"2020-09-26T18:51:24","guid":{"rendered":"https:\/\/hormigueando.com\/producto\/antmeta-h20x15-seta-ampliable\/"},"modified":"2020-09-26T20:51:24","modified_gmt":"2020-09-26T18:51:24","slug":"antmeta-h20x15-seta-ampliable","status":"publish","type":"product","link":"https:\/\/hormigueando.com\/en-gb\/product\/antmeta-h20x15-seta-ampliable\/","title":{"rendered":"Antmeta H20x15 Seta Ampliable"},"content":{"rendered":"<p class=\"MsoNormal\">Hormiguero acr\u00edlico de 20&#215;15 con altura de galer\u00edas de 0,8 cm. Tiene una amplia zona de forrajeo con doble tapa (medidas 12,5x7x6,6 cm), dos conexiones exteriores y sistema de humedad con dep\u00f3sito de agua y doble seta.<\/p>\n<p>El hormiguero incluye dos piezas de cierre para las conexiones externas por si \u00e9stas no se quieren utilizar (por tanto no se requieren tapones) y dos piezas de conexi\u00f3n que facilitan el perfecto encaje de los tubos flexibles apropiados. Adem\u00e1s se incluyen piezas de cierre y apertura de galer\u00edas para poder ir ampliando poco a poco el n\u00famero de c\u00e1maras que la colonia podr\u00e1 utilizar.<\/p>\n<\/p>\n<p>El hormiguero cuenta con un agujero superior que facilita el llenado del dep\u00f3sito de agua desde arriba con una jeringuilla.<\/p>\n<\/p>\n<p>Este hormiguero es ideal para colonias de todo tipo de especies (peque\u00f1as, medianas o grandes, y con requerimientos de humedad bajo, medio o alto).<\/p>\n<p>La seta proporciona la humedad ambiental necesaria y adem\u00e1s agua para beber, aunque siempre es recomendable disponer de un bebedero externo, sobre todo a medida que aumenta la colonia.<\/p>\n<p>\u00a0<\/p>\n<\/p>\n<p class=\"MsoNormal\">Te recomendamos incluir el filtro rojo de este hormiguero para que nuestras hormigas se sientan m\u00e1s c\u00f3modas y protegidas de la luz:<\/p>\n<p><strong>Filtro rojo compatible: <\/strong><a href=\"https:\/\/hormigueando.com\/filtros-rojos\/269-554-filtros-para-modelos-tipo-seta.html#\/146-modelo_hormiguero-h20x15_seta_ampliable\" target=\"_blank\" class=\"btn btn-default\" rel=\"noopener\">Modelo H20X15 Seta ampliable<\/a><\/p>\n<\/p>\n<p><strong><span style=\"color:#d0121a;\">Importante:<\/span><\/strong><\/p>\n<p>Nuestras setas tienen una vida \u00fatil de entre 3-5 a\u00f1os, por lo que pueden sustituirse cuando la colonia se mude a un hormiguero m\u00e1s grande.<\/p>\n<p>Lavar solo con agua y jab\u00f3n. La utilizaci\u00f3n de productos abrasivos de limpieza puede provocar da\u00f1os en el hormiguero y anular la garant\u00eda del producto.<\/p>\n<p>\u00a0<\/p>\n<p><span style=\"text-decoration:underline;\">Otros productos recomendados:<\/span><\/p>\n<p>Sabemos que en ocasiones es complicado distinguir qu\u00e9 accesorios son compatibles con cada hormiguero y por ese motivo, desde <strong>Hormigueando<\/strong> os ayudamos con esta tarea y os indicamos qu\u00e9 accesorios tienen las medidas apropiadas para este hormiguero y caja de forrajeo. Estos accesorios no est\u00e1n incluidos con el hormiguero y se venden a parte.<\/p>\n<\/p>\n<p><strong>Tubos flexibles compatibles:<\/strong> 12\/10 mm. Necesarios si se quiere conectar el hormiguero con cajas de forrajeo externas, con otros hormigueros o con tubos de ensayo. Disponibles en nuestro apartado de <a href=\"https:\/\/hormigueando.com\/inicio\/59-67-tubos-flexibles.html#\/37-medidas-12_10_mm\" class=\"btn btn-default\">ACCESORIOS.<\/a><\/p>\n<p><strong>Bebederos compatibles con la caja de forrajeo incorporada:<\/strong><\/p>\n<p>&#8211; Bebedero comedero: Disponible en nuestro apartado de accesorios <a href=\"https:\/\/hormigueando.com\/inicio\/51-bebedero-comedero.html\" class=\"btn btn-default\">Bebedero-comedero<\/a><\/p>\n<p>&#8211; Bebedero (ambos tama\u00f1os son compatibles): Disponible en nuestro apartado de accesorios <a href=\"https:\/\/hormigueando.com\/inicio\/52-59-bebedero.html#\/1-tamano-s\" class=\"btn btn-default\">Bebedero<\/a><\/p>\n<p>&#8211; Bebedero byFormica: V\u00e1lido con todos los tama\u00f1os<\/p>\n<p><strong>Cajas de forrajeo externas:<\/strong> Compatible con todas nuestras <a href=\"https:\/\/hormigueando.com\/17-cajas-de-forrajeo\" class=\"btn btn-default\">Cajas de forrajeo<\/a><\/p>\n","protected":false},"excerpt":{"rendered":"<p class=\"MsoNormal\">Hormiguero acr\u00edlico de 20&#215;15 con altura de galer\u00edas de 0,8 cm. Tiene una amplia zona de forrajeo con doble tapa, dos conexiones exteriores y sistema de humedad con dep\u00f3sito de agua y doble seta.<\/p>\n<\/p>\n<p class=\"MsoNormal\">Te recomendamos incluir el filtro rojo de este hormiguero para que nuestras hormigas se sientan m\u00e1s c\u00f3modas y protegidas de la luz:<\/p>\n<p><strong>Filtro rojo compatible: <\/strong><a href=\"https:\/\/hormigueando.com\/filtros-rojos\/269-554-filtros-para-modelos-tipo-seta.html#\/146-modelo_hormiguero-h20x15_seta_ampliable\" target=\"_blank\" class=\"btn btn-default\" rel=\"noopener\">Modelo H20X15 Seta ampliable<\/a><\/p><\/p>\n","protected":false},"featured_media":44485,"comment_status":"open","ping_status":"closed","template":"","meta":{"_joinchat":[]},"product_brand":[],"product_cat":[1082,1110],"product_tag":[],"giftcard-category":[],"class_list":{"0":"post-44500","1":"product","2":"type-product","3":"status-publish","4":"has-post-thumbnail","6":"product_cat-anthills-en-gb","7":"product_cat-mushroom-anthill-en-gb","8":"pa_4b-numerodeconexionesconelex-2-en-gb","9":"pa_61-modorellenadosistemadehum-jeringuilla-en-gb","10":"pa_color-red-en-gb","11":"pa_color-black-en-gb","12":"pa_color-blue-en-gb","13":"pa_composicion-metacrilato-en-gb","14":"pa_incluyecajadeforrajeo-si-en-gb","15":"pa_medidas-20x15x1cm-en-gb","16":"pa_medidatuboflexiblerequerido-1210mm-en-gb","17":"pa_serie-antmeta-en-gb","18":"pa_tamano-mediano-en-gb","20":"first","21":"outofstock","22":"taxable","23":"shipping-taxable","24":"purchasable","25":"product-type-variable","26":"has-default-attributes"},"yoast_head":"<!-- This site is optimized with the Yoast SEO plugin v27.1.1 - https:\/\/yoast.com\/product\/yoast-seo-wordpress\/ -->\n<title>Hormiguero acr\u00edlico 20x15 con seta ampliable<\/title>\n<meta name=\"description\" content=\"Hormiguero acr\u00edlico 20x15 con seta ampliable\" \/>\n<meta name=\"robots\" content=\"index, follow, max-snippet:-1, max-image-preview:large, max-video-preview:-1\" \/>\n<link rel=\"canonical\" href=\"https:\/\/hormigueando.com\/en-gb\/product\/antmeta-h20x15-seta-ampliable\/\" \/>\n<meta property=\"og:locale\" content=\"en_GB\" \/>\n<meta property=\"og:type\" content=\"article\" \/>\n<meta property=\"og:title\" content=\"Hormiguero acr\u00edlico 20x15 con seta ampliable\" \/>\n<meta property=\"og:description\" content=\"Hormiguero acr\u00edlico 20x15 con seta ampliable\" \/>\n<meta property=\"og:url\" content=\"https:\/\/hormigueando.com\/en-gb\/product\/antmeta-h20x15-seta-ampliable\/\" \/>\n<meta property=\"og:site_name\" content=\"Hormigueando | Tienda especializada en Cr\u00eda de Hormigas\" \/>\n<meta property=\"og:image\" content=\"https:\/\/hormigueando.com\/wp-content\/uploads\/2020\/09\/2776-thickbox_default-Hormiguero-20x15-Seta-Ampliable.jpg\" \/>\n\t<meta property=\"og:image:width\" content=\"1100\" \/>\n\t<meta property=\"og:image:height\" content=\"1422\" \/>\n\t<meta property=\"og:image:type\" content=\"image\/jpeg\" \/>\n<meta name=\"twitter:card\" content=\"summary_large_image\" \/>\n<meta name=\"twitter:label1\" content=\"Estimated reading time\" \/>\n\t<meta name=\"twitter:data1\" content=\"2 minutes\" \/>\n<script type=\"application\/ld+json\" class=\"yoast-schema-graph\">{\"@context\":\"https:\/\/schema.org\",\"@graph\":[{\"@type\":\"WebPage\",\"@id\":\"https:\/\/hormigueando.com\/en-gb\/product\/antmeta-h20x15-seta-ampliable\/\",\"url\":\"https:\/\/hormigueando.com\/en-gb\/product\/antmeta-h20x15-seta-ampliable\/\",\"name\":\"Hormiguero acr\u00edlico 20x15 con seta ampliable\",\"isPartOf\":{\"@id\":\"https:\/\/hormigueando.com\/#website\"},\"primaryImageOfPage\":{\"@id\":\"https:\/\/hormigueando.com\/en-gb\/product\/antmeta-h20x15-seta-ampliable\/#primaryimage\"},\"image\":{\"@id\":\"https:\/\/hormigueando.com\/en-gb\/product\/antmeta-h20x15-seta-ampliable\/#primaryimage\"},\"thumbnailUrl\":\"https:\/\/hormigueando.com\/wp-content\/uploads\/2020\/09\/2776-thickbox_default-Hormiguero-20x15-Seta-Ampliable.jpg\",\"datePublished\":\"2020-09-26T18:51:24+00:00\",\"description\":\"Hormiguero acr\u00edlico 20x15 con seta ampliable\",\"breadcrumb\":{\"@id\":\"https:\/\/hormigueando.com\/en-gb\/product\/antmeta-h20x15-seta-ampliable\/#breadcrumb\"},\"inLanguage\":\"en-GB\",\"potentialAction\":[{\"@type\":\"ReadAction\",\"target\":[\"https:\/\/hormigueando.com\/en-gb\/product\/antmeta-h20x15-seta-ampliable\/\"]}]},{\"@type\":\"ImageObject\",\"inLanguage\":\"en-GB\",\"@id\":\"https:\/\/hormigueando.com\/en-gb\/product\/antmeta-h20x15-seta-ampliable\/#primaryimage\",\"url\":\"https:\/\/hormigueando.com\/wp-content\/uploads\/2020\/09\/2776-thickbox_default-Hormiguero-20x15-Seta-Ampliable.jpg\",\"contentUrl\":\"https:\/\/hormigueando.com\/wp-content\/uploads\/2020\/09\/2776-thickbox_default-Hormiguero-20x15-Seta-Ampliable.jpg\",\"width\":1100,\"height\":1422},{\"@type\":\"BreadcrumbList\",\"@id\":\"https:\/\/hormigueando.com\/en-gb\/product\/antmeta-h20x15-seta-ampliable\/#breadcrumb\",\"itemListElement\":[{\"@type\":\"ListItem\",\"position\":1,\"name\":\"Portada\",\"item\":\"https:\/\/hormigueando.com\/\"},{\"@type\":\"ListItem\",\"position\":2,\"name\":\"Tienda\",\"item\":\"https:\/\/hormigueando.com\/tienda\/\"},{\"@type\":\"ListItem\",\"position\":3,\"name\":\"Antmeta H20x15 Seta Ampliable\"}]},{\"@type\":\"WebSite\",\"@id\":\"https:\/\/hormigueando.com\/#website\",\"url\":\"https:\/\/hormigueando.com\/\",\"name\":\"Hormigueando | Tienda especializada en Cr\u00eda de Hormigas\",\"description\":\"\",\"publisher\":{\"@id\":\"https:\/\/hormigueando.com\/#organization\"},\"potentialAction\":[{\"@type\":\"SearchAction\",\"target\":{\"@type\":\"EntryPoint\",\"urlTemplate\":\"https:\/\/hormigueando.com\/?s={search_term_string}\"},\"query-input\":{\"@type\":\"PropertyValueSpecification\",\"valueRequired\":true,\"valueName\":\"search_term_string\"}}],\"inLanguage\":\"en-GB\"},{\"@type\":\"Organization\",\"@id\":\"https:\/\/hormigueando.com\/#organization\",\"name\":\"Hormigueando | Tienda especializada en Cr\u00eda de Hormigas\",\"url\":\"https:\/\/hormigueando.com\/\",\"logo\":{\"@type\":\"ImageObject\",\"inLanguage\":\"en-GB\",\"@id\":\"https:\/\/hormigueando.com\/#\/schema\/logo\/image\/\",\"url\":\"https:\/\/hormigueando.com\/wp-content\/uploads\/2023\/05\/logotipo_web-01.png\",\"contentUrl\":\"https:\/\/hormigueando.com\/wp-content\/uploads\/2023\/05\/logotipo_web-01.png\",\"width\":233,\"height\":74,\"caption\":\"Hormigueando | Tienda especializada en Cr\u00eda de Hormigas\"},\"image\":{\"@id\":\"https:\/\/hormigueando.com\/#\/schema\/logo\/image\/\"}}]}<\/script>\n<!-- \/ Yoast SEO plugin. -->","yoast_head_json":{"title":"Hormiguero acr\u00edlico 20x15 con seta ampliable","description":"Hormiguero acr\u00edlico 20x15 con seta ampliable","robots":{"index":"index","follow":"follow","max-snippet":"max-snippet:-1","max-image-preview":"max-image-preview:large","max-video-preview":"max-video-preview:-1"},"canonical":"https:\/\/hormigueando.com\/en-gb\/product\/antmeta-h20x15-seta-ampliable\/","og_locale":"en_GB","og_type":"article","og_title":"Hormiguero acr\u00edlico 20x15 con seta ampliable","og_description":"Hormiguero acr\u00edlico 20x15 con seta ampliable","og_url":"https:\/\/hormigueando.com\/en-gb\/product\/antmeta-h20x15-seta-ampliable\/","og_site_name":"Hormigueando | Tienda especializada en Cr\u00eda de Hormigas","og_image":[{"width":1100,"height":1422,"url":"https:\/\/hormigueando.com\/wp-content\/uploads\/2020\/09\/2776-thickbox_default-Hormiguero-20x15-Seta-Ampliable.jpg","type":"image\/jpeg"}],"twitter_card":"summary_large_image","twitter_misc":{"Estimated reading time":"2 minutes"},"schema":{"@context":"https:\/\/schema.org","@graph":[{"@type":"WebPage","@id":"https:\/\/hormigueando.com\/en-gb\/product\/antmeta-h20x15-seta-ampliable\/","url":"https:\/\/hormigueando.com\/en-gb\/product\/antmeta-h20x15-seta-ampliable\/","name":"Hormiguero acr\u00edlico 20x15 con seta ampliable","isPartOf":{"@id":"https:\/\/hormigueando.com\/#website"},"primaryImageOfPage":{"@id":"https:\/\/hormigueando.com\/en-gb\/product\/antmeta-h20x15-seta-ampliable\/#primaryimage"},"image":{"@id":"https:\/\/hormigueando.com\/en-gb\/product\/antmeta-h20x15-seta-ampliable\/#primaryimage"},"thumbnailUrl":"https:\/\/hormigueando.com\/wp-content\/uploads\/2020\/09\/2776-thickbox_default-Hormiguero-20x15-Seta-Ampliable.jpg","datePublished":"2020-09-26T18:51:24+00:00","description":"Hormiguero acr\u00edlico 20x15 con seta ampliable","breadcrumb":{"@id":"https:\/\/hormigueando.com\/en-gb\/product\/antmeta-h20x15-seta-ampliable\/#breadcrumb"},"inLanguage":"en-GB","potentialAction":[{"@type":"ReadAction","target":["https:\/\/hormigueando.com\/en-gb\/product\/antmeta-h20x15-seta-ampliable\/"]}]},{"@type":"ImageObject","inLanguage":"en-GB","@id":"https:\/\/hormigueando.com\/en-gb\/product\/antmeta-h20x15-seta-ampliable\/#primaryimage","url":"https:\/\/hormigueando.com\/wp-content\/uploads\/2020\/09\/2776-thickbox_default-Hormiguero-20x15-Seta-Ampliable.jpg","contentUrl":"https:\/\/hormigueando.com\/wp-content\/uploads\/2020\/09\/2776-thickbox_default-Hormiguero-20x15-Seta-Ampliable.jpg","width":1100,"height":1422},{"@type":"BreadcrumbList","@id":"https:\/\/hormigueando.com\/en-gb\/product\/antmeta-h20x15-seta-ampliable\/#breadcrumb","itemListElement":[{"@type":"ListItem","position":1,"name":"Portada","item":"https:\/\/hormigueando.com\/"},{"@type":"ListItem","position":2,"name":"Tienda","item":"https:\/\/hormigueando.com\/tienda\/"},{"@type":"ListItem","position":3,"name":"Antmeta H20x15 Seta Ampliable"}]},{"@type":"WebSite","@id":"https:\/\/hormigueando.com\/#website","url":"https:\/\/hormigueando.com\/","name":"Hormigueando | Tienda especializada en Cr\u00eda de Hormigas","description":"","publisher":{"@id":"https:\/\/hormigueando.com\/#organization"},"potentialAction":[{"@type":"SearchAction","target":{"@type":"EntryPoint","urlTemplate":"https:\/\/hormigueando.com\/?s={search_term_string}"},"query-input":{"@type":"PropertyValueSpecification","valueRequired":true,"valueName":"search_term_string"}}],"inLanguage":"en-GB"},{"@type":"Organization","@id":"https:\/\/hormigueando.com\/#organization","name":"Hormigueando | Tienda especializada en Cr\u00eda de Hormigas","url":"https:\/\/hormigueando.com\/","logo":{"@type":"ImageObject","inLanguage":"en-GB","@id":"https:\/\/hormigueando.com\/#\/schema\/logo\/image\/","url":"https:\/\/hormigueando.com\/wp-content\/uploads\/2023\/05\/logotipo_web-01.png","contentUrl":"https:\/\/hormigueando.com\/wp-content\/uploads\/2023\/05\/logotipo_web-01.png","width":233,"height":74,"caption":"Hormigueando | Tienda especializada en Cr\u00eda de Hormigas"},"image":{"@id":"https:\/\/hormigueando.com\/#\/schema\/logo\/image\/"}}]}},"jetpack_sharing_enabled":true,"_links":{"self":[{"href":"https:\/\/hormigueando.com\/en-gb\/wp-json\/wp\/v2\/product\/44500","targetHints":{"allow":["GET"]}}],"collection":[{"href":"https:\/\/hormigueando.com\/en-gb\/wp-json\/wp\/v2\/product"}],"about":[{"href":"https:\/\/hormigueando.com\/en-gb\/wp-json\/wp\/v2\/types\/product"}],"replies":[{"embeddable":true,"href":"https:\/\/hormigueando.com\/en-gb\/wp-json\/wp\/v2\/comments?post=44500"}],"wp:featuredmedia":[{"embeddable":true,"href":"https:\/\/hormigueando.com\/en-gb\/wp-json\/wp\/v2\/media\/44485"}],"wp:attachment":[{"href":"https:\/\/hormigueando.com\/en-gb\/wp-json\/wp\/v2\/media?parent=44500"}],"wp:term":[{"taxonomy":"product_brand","embeddable":true,"href":"https:\/\/hormigueando.com\/en-gb\/wp-json\/wp\/v2\/product_brand?post=44500"},{"taxonomy":"product_cat","embeddable":true,"href":"https:\/\/hormigueando.com\/en-gb\/wp-json\/wp\/v2\/product_cat?post=44500"},{"taxonomy":"product_tag","embeddable":true,"href":"https:\/\/hormigueando.com\/en-gb\/wp-json\/wp\/v2\/product_tag?post=44500"},{"taxonomy":"giftcard-category","embeddable":true,"href":"https:\/\/hormigueando.com\/en-gb\/wp-json\/wp\/v2\/giftcard-category?post=44500"}],"curies":[{"name":"wp","href":"https:\/\/api.w.org\/{rel}","templated":true}]}}