{"id":44373,"date":"2020-05-02T16:36:41","date_gmt":"2020-05-02T14:36:41","guid":{"rendered":"https:\/\/hormigueando.com\/producto\/colonia-plagiolepis-pygmaea\/"},"modified":"2026-04-22T12:34:54","modified_gmt":"2026-04-22T10:34:54","slug":"colonia-plagiolepis-pygmaea","status":"publish","type":"product","link":"https:\/\/hormigueando.com\/en-gb\/product\/colonia-plagiolepis-pygmaea\/","title":{"rendered":"Colonia Plagiolepis pygmaea"},"content":{"rendered":"<p>Colonia Plagiolepis pygmaea<\/p>\n<\/p>\n<p><strong><span style=\"color:#d0121a;\">Atenci\u00f3n:<\/span><\/strong> solo se env\u00eda una reina o colonia por pedido. Las hormigas son <strong>GRATIS<\/strong>, solo hay que pagar los gastos de env\u00edo.<\/p>\n<\/p>\n<p>Esta peque\u00f1\u00edsima hormiga es muy voraz y pueden alimentarse de l\u00edquidos dulces (agua con az\u00facar, aguamiel) y peque\u00f1os insectos como moscas, mosquitos o lepismas. Esta especie es capaz de almacenar cantidades incre\u00edbles de alimentos l\u00edquidos en su abdomen, lo que crea una gran hinchaz\u00f3n del abdomen. Es una especie polid\u00f3mica, es decir, puede tener varios nidos distantes entre s\u00ed interconectados. Tambi\u00e9n es una especie polig\u00ednica, as\u00ed que se puede repartir cada reina en uno de estos nidos.<\/p>\n<p>Se ha demostrado que es posible que si la reina muere alguna obrera pueda asumir su rol y empezar a poner huevos. Mientras la reina est\u00e1 presente emite unas feromonas que inhiben la producci\u00f3n de huevos en las obreras. Incluso las larvas pueden desarrollarse como obreras o como reinas hasta el \u00faltimo momento en funci\u00f3n de si la reina est\u00e1 presente o no.<\/p>\n<p>\u00a0<br \/>Presenta reclutamiento hacia fuentes de alimento. <\/p>\n<p><\/p>\n<p>Tama\u00f1o:<\/p>\n<p>Reina: 3 mm \u2013 4 mm<\/p>\n<p>Macho: 1,5 mm \u2013 2 mm<\/p>\n<p>Obrera:\u00a0 1 mm \u2013 2 mm<\/p>\n<\/p>\n<p>La colonia consta de una reina y varias obreras. Se env\u00eda en un tubo de ensayo con agua.<\/p>\n<\/p>\n<p>Nota: hay que tenemos mucho cuidado al ahora de elegir un hormiguero para esta especie debido a su peque\u00f1\u00edsimo tama\u00f1o. Nuestra recomendaci\u00f3n es el modelo <a href=\"https:\/\/hormigueando.com\/hormigueros\/285-512-hormiguero-antmeta-h12x8-pva.html#\/10-color-rojo\" target=\"_blank\" class=\"btn btn-default\" rel=\"noopener\">12&#215;8 PVA<\/a><\/p>\n<\/p>\n<p>Recomendamos descargar nuestra <a href=\"https:\/\/hormigueando.com\/content\/9-fichas-de-cria\" class=\"btn btn-default\">Ficha de cr\u00eda<\/a> para m\u00e1s informaci\u00f3n sobre la cr\u00eda de esta especie.<\/p><\/p>\n","protected":false},"excerpt":{"rendered":"<p>Colonia Plagiolepis pygmaea<\/p>\n","protected":false},"featured_media":44372,"comment_status":"open","ping_status":"closed","template":"","meta":{"_joinchat":[]},"product_brand":[],"product_cat":[1092],"product_tag":[],"giftcard-category":[],"class_list":{"0":"post-44373","1":"product","2":"type-product","3":"status-publish","4":"has-post-thumbnail","6":"product_cat-hormigas-en-gb","8":"first","9":"outofstock","10":"taxable","11":"shipping-taxable","12":"purchasable","13":"product-type-simple"},"yoast_head":"<!-- This site is optimized with the Yoast SEO plugin v27.4 - https:\/\/yoast.com\/product\/yoast-seo-wordpress\/ -->\n<title>Colonia Plagiolepis pygmaea<\/title>\n<meta name=\"description\" content=\"Colonia Plagiolepis pygmaea\" \/>\n<meta name=\"robots\" content=\"index, follow, max-snippet:-1, max-image-preview:large, max-video-preview:-1\" \/>\n<link rel=\"canonical\" href=\"https:\/\/hormigueando.com\/en-gb\/product\/colonia-plagiolepis-pygmaea\/\" \/>\n<meta property=\"og:locale\" content=\"en_GB\" \/>\n<meta property=\"og:type\" content=\"article\" \/>\n<meta property=\"og:title\" content=\"Colonia Plagiolepis pygmaea\" \/>\n<meta property=\"og:description\" content=\"Colonia Plagiolepis pygmaea\" \/>\n<meta property=\"og:url\" content=\"https:\/\/hormigueando.com\/en-gb\/product\/colonia-plagiolepis-pygmaea\/\" \/>\n<meta property=\"og:site_name\" content=\"Hormigueando | Tienda especializada en Cr\u00eda de Hormigas\" \/>\n<meta property=\"article:modified_time\" content=\"2026-04-22T10:34:54+00:00\" \/>\n<meta property=\"og:image\" content=\"https:\/\/hormigueando.com\/wp-content\/uploads\/2020\/05\/2645-thickbox_default-Colonia-Plagiolepis-pygmaea.jpg\" \/>\n\t<meta property=\"og:image:width\" content=\"1100\" \/>\n\t<meta property=\"og:image:height\" content=\"1422\" \/>\n\t<meta property=\"og:image:type\" content=\"image\/jpeg\" \/>\n<meta name=\"twitter:card\" content=\"summary_large_image\" \/>\n<meta name=\"twitter:label1\" content=\"Estimated reading time\" \/>\n\t<meta name=\"twitter:data1\" content=\"1 minute\" \/>\n<script type=\"application\/ld+json\" class=\"yoast-schema-graph\">{\"@context\":\"https:\\\/\\\/schema.org\",\"@graph\":[{\"@type\":\"WebPage\",\"@id\":\"https:\\\/\\\/hormigueando.com\\\/en-gb\\\/product\\\/colonia-plagiolepis-pygmaea\\\/\",\"url\":\"https:\\\/\\\/hormigueando.com\\\/en-gb\\\/product\\\/colonia-plagiolepis-pygmaea\\\/\",\"name\":\"Colonia Plagiolepis pygmaea\",\"isPartOf\":{\"@id\":\"https:\\\/\\\/hormigueando.com\\\/#website\"},\"primaryImageOfPage\":{\"@id\":\"https:\\\/\\\/hormigueando.com\\\/en-gb\\\/product\\\/colonia-plagiolepis-pygmaea\\\/#primaryimage\"},\"image\":{\"@id\":\"https:\\\/\\\/hormigueando.com\\\/en-gb\\\/product\\\/colonia-plagiolepis-pygmaea\\\/#primaryimage\"},\"thumbnailUrl\":\"https:\\\/\\\/hormigueando.com\\\/wp-content\\\/uploads\\\/2020\\\/05\\\/2645-thickbox_default-Colonia-Plagiolepis-pygmaea.jpg\",\"datePublished\":\"2020-05-02T14:36:41+00:00\",\"dateModified\":\"2026-04-22T10:34:54+00:00\",\"description\":\"Colonia Plagiolepis pygmaea\",\"breadcrumb\":{\"@id\":\"https:\\\/\\\/hormigueando.com\\\/en-gb\\\/product\\\/colonia-plagiolepis-pygmaea\\\/#breadcrumb\"},\"inLanguage\":\"en-GB\",\"potentialAction\":[{\"@type\":\"ReadAction\",\"target\":[\"https:\\\/\\\/hormigueando.com\\\/en-gb\\\/product\\\/colonia-plagiolepis-pygmaea\\\/\"]}]},{\"@type\":\"ImageObject\",\"inLanguage\":\"en-GB\",\"@id\":\"https:\\\/\\\/hormigueando.com\\\/en-gb\\\/product\\\/colonia-plagiolepis-pygmaea\\\/#primaryimage\",\"url\":\"https:\\\/\\\/hormigueando.com\\\/wp-content\\\/uploads\\\/2020\\\/05\\\/2645-thickbox_default-Colonia-Plagiolepis-pygmaea.jpg\",\"contentUrl\":\"https:\\\/\\\/hormigueando.com\\\/wp-content\\\/uploads\\\/2020\\\/05\\\/2645-thickbox_default-Colonia-Plagiolepis-pygmaea.jpg\",\"width\":1100,\"height\":1422},{\"@type\":\"BreadcrumbList\",\"@id\":\"https:\\\/\\\/hormigueando.com\\\/en-gb\\\/product\\\/colonia-plagiolepis-pygmaea\\\/#breadcrumb\",\"itemListElement\":[{\"@type\":\"ListItem\",\"position\":1,\"name\":\"Portada\",\"item\":\"https:\\\/\\\/hormigueando.com\\\/\"},{\"@type\":\"ListItem\",\"position\":2,\"name\":\"Tienda\",\"item\":\"https:\\\/\\\/hormigueando.com\\\/tienda\\\/\"},{\"@type\":\"ListItem\",\"position\":3,\"name\":\"Colonia Plagiolepis pygmaea\"}]},{\"@type\":\"WebSite\",\"@id\":\"https:\\\/\\\/hormigueando.com\\\/#website\",\"url\":\"https:\\\/\\\/hormigueando.com\\\/\",\"name\":\"Hormigueando | Tienda especializada en Cr\u00eda de Hormigas\",\"description\":\"\",\"publisher\":{\"@id\":\"https:\\\/\\\/hormigueando.com\\\/#organization\"},\"potentialAction\":[{\"@type\":\"SearchAction\",\"target\":{\"@type\":\"EntryPoint\",\"urlTemplate\":\"https:\\\/\\\/hormigueando.com\\\/?s={search_term_string}\"},\"query-input\":{\"@type\":\"PropertyValueSpecification\",\"valueRequired\":true,\"valueName\":\"search_term_string\"}}],\"inLanguage\":\"en-GB\"},{\"@type\":\"Organization\",\"@id\":\"https:\\\/\\\/hormigueando.com\\\/#organization\",\"name\":\"Hormigueando | Tienda especializada en Cr\u00eda de Hormigas\",\"url\":\"https:\\\/\\\/hormigueando.com\\\/\",\"logo\":{\"@type\":\"ImageObject\",\"inLanguage\":\"en-GB\",\"@id\":\"https:\\\/\\\/hormigueando.com\\\/#\\\/schema\\\/logo\\\/image\\\/\",\"url\":\"https:\\\/\\\/hormigueando.com\\\/wp-content\\\/uploads\\\/2023\\\/05\\\/logotipo_web-01.png\",\"contentUrl\":\"https:\\\/\\\/hormigueando.com\\\/wp-content\\\/uploads\\\/2023\\\/05\\\/logotipo_web-01.png\",\"width\":233,\"height\":74,\"caption\":\"Hormigueando | Tienda especializada en Cr\u00eda de Hormigas\"},\"image\":{\"@id\":\"https:\\\/\\\/hormigueando.com\\\/#\\\/schema\\\/logo\\\/image\\\/\"}}]}<\/script>\n<!-- \/ Yoast SEO plugin. -->","yoast_head_json":{"title":"Colonia Plagiolepis pygmaea","description":"Colonia Plagiolepis pygmaea","robots":{"index":"index","follow":"follow","max-snippet":"max-snippet:-1","max-image-preview":"max-image-preview:large","max-video-preview":"max-video-preview:-1"},"canonical":"https:\/\/hormigueando.com\/en-gb\/product\/colonia-plagiolepis-pygmaea\/","og_locale":"en_GB","og_type":"article","og_title":"Colonia Plagiolepis pygmaea","og_description":"Colonia Plagiolepis pygmaea","og_url":"https:\/\/hormigueando.com\/en-gb\/product\/colonia-plagiolepis-pygmaea\/","og_site_name":"Hormigueando | Tienda especializada en Cr\u00eda de Hormigas","article_modified_time":"2026-04-22T10:34:54+00:00","og_image":[{"width":1100,"height":1422,"url":"https:\/\/hormigueando.com\/wp-content\/uploads\/2020\/05\/2645-thickbox_default-Colonia-Plagiolepis-pygmaea.jpg","type":"image\/jpeg"}],"twitter_card":"summary_large_image","twitter_misc":{"Estimated reading time":"1 minute"},"schema":{"@context":"https:\/\/schema.org","@graph":[{"@type":"WebPage","@id":"https:\/\/hormigueando.com\/en-gb\/product\/colonia-plagiolepis-pygmaea\/","url":"https:\/\/hormigueando.com\/en-gb\/product\/colonia-plagiolepis-pygmaea\/","name":"Colonia Plagiolepis pygmaea","isPartOf":{"@id":"https:\/\/hormigueando.com\/#website"},"primaryImageOfPage":{"@id":"https:\/\/hormigueando.com\/en-gb\/product\/colonia-plagiolepis-pygmaea\/#primaryimage"},"image":{"@id":"https:\/\/hormigueando.com\/en-gb\/product\/colonia-plagiolepis-pygmaea\/#primaryimage"},"thumbnailUrl":"https:\/\/hormigueando.com\/wp-content\/uploads\/2020\/05\/2645-thickbox_default-Colonia-Plagiolepis-pygmaea.jpg","datePublished":"2020-05-02T14:36:41+00:00","dateModified":"2026-04-22T10:34:54+00:00","description":"Colonia Plagiolepis pygmaea","breadcrumb":{"@id":"https:\/\/hormigueando.com\/en-gb\/product\/colonia-plagiolepis-pygmaea\/#breadcrumb"},"inLanguage":"en-GB","potentialAction":[{"@type":"ReadAction","target":["https:\/\/hormigueando.com\/en-gb\/product\/colonia-plagiolepis-pygmaea\/"]}]},{"@type":"ImageObject","inLanguage":"en-GB","@id":"https:\/\/hormigueando.com\/en-gb\/product\/colonia-plagiolepis-pygmaea\/#primaryimage","url":"https:\/\/hormigueando.com\/wp-content\/uploads\/2020\/05\/2645-thickbox_default-Colonia-Plagiolepis-pygmaea.jpg","contentUrl":"https:\/\/hormigueando.com\/wp-content\/uploads\/2020\/05\/2645-thickbox_default-Colonia-Plagiolepis-pygmaea.jpg","width":1100,"height":1422},{"@type":"BreadcrumbList","@id":"https:\/\/hormigueando.com\/en-gb\/product\/colonia-plagiolepis-pygmaea\/#breadcrumb","itemListElement":[{"@type":"ListItem","position":1,"name":"Portada","item":"https:\/\/hormigueando.com\/"},{"@type":"ListItem","position":2,"name":"Tienda","item":"https:\/\/hormigueando.com\/tienda\/"},{"@type":"ListItem","position":3,"name":"Colonia Plagiolepis pygmaea"}]},{"@type":"WebSite","@id":"https:\/\/hormigueando.com\/#website","url":"https:\/\/hormigueando.com\/","name":"Hormigueando | Tienda especializada en Cr\u00eda de Hormigas","description":"","publisher":{"@id":"https:\/\/hormigueando.com\/#organization"},"potentialAction":[{"@type":"SearchAction","target":{"@type":"EntryPoint","urlTemplate":"https:\/\/hormigueando.com\/?s={search_term_string}"},"query-input":{"@type":"PropertyValueSpecification","valueRequired":true,"valueName":"search_term_string"}}],"inLanguage":"en-GB"},{"@type":"Organization","@id":"https:\/\/hormigueando.com\/#organization","name":"Hormigueando | Tienda especializada en Cr\u00eda de Hormigas","url":"https:\/\/hormigueando.com\/","logo":{"@type":"ImageObject","inLanguage":"en-GB","@id":"https:\/\/hormigueando.com\/#\/schema\/logo\/image\/","url":"https:\/\/hormigueando.com\/wp-content\/uploads\/2023\/05\/logotipo_web-01.png","contentUrl":"https:\/\/hormigueando.com\/wp-content\/uploads\/2023\/05\/logotipo_web-01.png","width":233,"height":74,"caption":"Hormigueando | Tienda especializada en Cr\u00eda de Hormigas"},"image":{"@id":"https:\/\/hormigueando.com\/#\/schema\/logo\/image\/"}}]}},"jetpack_sharing_enabled":true,"_links":{"self":[{"href":"https:\/\/hormigueando.com\/en-gb\/wp-json\/wp\/v2\/product\/44373","targetHints":{"allow":["GET"]}}],"collection":[{"href":"https:\/\/hormigueando.com\/en-gb\/wp-json\/wp\/v2\/product"}],"about":[{"href":"https:\/\/hormigueando.com\/en-gb\/wp-json\/wp\/v2\/types\/product"}],"replies":[{"embeddable":true,"href":"https:\/\/hormigueando.com\/en-gb\/wp-json\/wp\/v2\/comments?post=44373"}],"wp:featuredmedia":[{"embeddable":true,"href":"https:\/\/hormigueando.com\/en-gb\/wp-json\/wp\/v2\/media\/44372"}],"wp:attachment":[{"href":"https:\/\/hormigueando.com\/en-gb\/wp-json\/wp\/v2\/media?parent=44373"}],"wp:term":[{"taxonomy":"product_brand","embeddable":true,"href":"https:\/\/hormigueando.com\/en-gb\/wp-json\/wp\/v2\/product_brand?post=44373"},{"taxonomy":"product_cat","embeddable":true,"href":"https:\/\/hormigueando.com\/en-gb\/wp-json\/wp\/v2\/product_cat?post=44373"},{"taxonomy":"product_tag","embeddable":true,"href":"https:\/\/hormigueando.com\/en-gb\/wp-json\/wp\/v2\/product_tag?post=44373"},{"taxonomy":"giftcard-category","embeddable":true,"href":"https:\/\/hormigueando.com\/en-gb\/wp-json\/wp\/v2\/giftcard-category?post=44373"}],"curies":[{"name":"wp","href":"https:\/\/api.w.org\/{rel}","templated":true}]}}