{"id":44221,"date":"2020-04-11T17:51:50","date_gmt":"2020-04-11T15:51:50","guid":{"rendered":"https:\/\/hormigueando.com\/producto\/filtros-para-modelos-modulares\/"},"modified":"2025-03-08T21:15:24","modified_gmt":"2025-03-08T19:15:24","slug":"filtros-para-modelos-modulares","status":"publish","type":"product","link":"https:\/\/hormigueando.com\/en-gb\/product\/filtros-para-modelos-modulares\/","title":{"rendered":"Filters for modular models"},"content":{"rendered":"<p>Filtros rojos transparentes para hormigueros de yeso. Elige en el desplegable para qu\u00e9 modelo de hormiguero necesitas el filtro.<\/p>\n<p>Las hormigas no detectan el espectro rojo de la luz. Con estos filtros rojos mantendremos a nuestras hormigas en un entorno de m\u00e1s oscuridad para que est\u00e9n m\u00e1s c\u00f3modas.<\/p>\n","protected":false},"excerpt":{"rendered":"<p>Filtros rojos transparentes para hormigueros modulares. Elige en el desplegable para qu\u00e9 modelo de hormiguero necesitas el filtro.<\/p>\n","protected":false},"featured_media":44199,"comment_status":"open","ping_status":"closed","template":"","meta":{"_joinchat":[]},"product_brand":[],"product_cat":[1084],"product_tag":[],"giftcard-category":[],"class_list":{"0":"post-44221","1":"product","2":"type-product","3":"status-publish","4":"has-post-thumbnail","6":"product_cat-red-filters-en-gb","7":"pa_modelohormiguero-antmagnet10x10-en-gb","8":"pa_modelohormiguero-antmagnet10x10c-en-gb","9":"pa_modelohormiguero-antmagnet10x10deposito-en-gb","10":"pa_modelohormiguero-antmagnet10x10mad_h-en-gb","11":"pa_modelohormiguero-antmagnet10x10mad_v-en-gb","12":"pa_modelohormiguero-antmagnet10x10pva-en-gb","13":"pa_modelohormiguero-antmagnet10x10pvaa-en-gb","14":"pa_modelohormiguero-antmagnet10x10pvaad-en-gb","15":"pa_modelohormiguero-antmagnet10x5qhs-en-gb","16":"pa_modelohormiguero-antmagnet13x10v-en-gb","17":"pa_modelohormiguero-h10x10mod-en-gb","19":"first","20":"instock","21":"taxable","22":"shipping-taxable","23":"purchasable","24":"product-type-variable","25":"has-default-attributes"},"yoast_head":"<!-- This site is optimized with the Yoast SEO plugin v27.4 - https:\/\/yoast.com\/product\/yoast-seo-wordpress\/ -->\n<title>Filtros rojos para hormigueros de yeso<\/title>\n<meta name=\"description\" content=\"Filtros rojos para hormigueros de yeso\" \/>\n<meta name=\"robots\" content=\"index, follow, max-snippet:-1, max-image-preview:large, max-video-preview:-1\" \/>\n<link rel=\"canonical\" href=\"https:\/\/hormigueando.com\/en-gb\/product\/filtros-para-modelos-modulares\/\" \/>\n<meta property=\"og:locale\" content=\"en_GB\" \/>\n<meta property=\"og:type\" content=\"article\" \/>\n<meta property=\"og:title\" content=\"Filtros rojos para hormigueros de yeso\" \/>\n<meta property=\"og:description\" content=\"Filtros rojos para hormigueros de yeso\" \/>\n<meta property=\"og:url\" content=\"https:\/\/hormigueando.com\/en-gb\/product\/filtros-para-modelos-modulares\/\" \/>\n<meta property=\"og:site_name\" content=\"Hormigueando | Tienda especializada en Cr\u00eda de Hormigas\" \/>\n<meta property=\"article:modified_time\" content=\"2025-03-08T19:15:24+00:00\" \/>\n<meta property=\"og:image\" content=\"https:\/\/hormigueando.com\/wp-content\/uploads\/2020\/04\/3121-thickbox_default-Filtros-para-modelos-modulares.jpg\" \/>\n\t<meta property=\"og:image:width\" content=\"1100\" \/>\n\t<meta property=\"og:image:height\" content=\"1422\" \/>\n\t<meta property=\"og:image:type\" content=\"image\/jpeg\" \/>\n<meta name=\"twitter:card\" content=\"summary_large_image\" \/>\n<meta name=\"twitter:label1\" content=\"Estimated reading time\" \/>\n\t<meta name=\"twitter:data1\" content=\"1 minute\" \/>\n<script type=\"application\/ld+json\" class=\"yoast-schema-graph\">{\"@context\":\"https:\\\/\\\/schema.org\",\"@graph\":[{\"@type\":\"WebPage\",\"@id\":\"https:\\\/\\\/hormigueando.com\\\/en-gb\\\/product\\\/filtros-para-modelos-modulares\\\/\",\"url\":\"https:\\\/\\\/hormigueando.com\\\/en-gb\\\/product\\\/filtros-para-modelos-modulares\\\/\",\"name\":\"Filtros rojos para hormigueros de yeso\",\"isPartOf\":{\"@id\":\"https:\\\/\\\/hormigueando.com\\\/#website\"},\"primaryImageOfPage\":{\"@id\":\"https:\\\/\\\/hormigueando.com\\\/en-gb\\\/product\\\/filtros-para-modelos-modulares\\\/#primaryimage\"},\"image\":{\"@id\":\"https:\\\/\\\/hormigueando.com\\\/en-gb\\\/product\\\/filtros-para-modelos-modulares\\\/#primaryimage\"},\"thumbnailUrl\":\"https:\\\/\\\/hormigueando.com\\\/wp-content\\\/uploads\\\/2020\\\/04\\\/3121-thickbox_default-Filtros-para-modelos-modulares.jpg\",\"datePublished\":\"2020-04-11T15:51:50+00:00\",\"dateModified\":\"2025-03-08T19:15:24+00:00\",\"description\":\"Filtros rojos para hormigueros de yeso\",\"breadcrumb\":{\"@id\":\"https:\\\/\\\/hormigueando.com\\\/en-gb\\\/product\\\/filtros-para-modelos-modulares\\\/#breadcrumb\"},\"inLanguage\":\"en-GB\",\"potentialAction\":[{\"@type\":\"ReadAction\",\"target\":[\"https:\\\/\\\/hormigueando.com\\\/en-gb\\\/product\\\/filtros-para-modelos-modulares\\\/\"]}]},{\"@type\":\"ImageObject\",\"inLanguage\":\"en-GB\",\"@id\":\"https:\\\/\\\/hormigueando.com\\\/en-gb\\\/product\\\/filtros-para-modelos-modulares\\\/#primaryimage\",\"url\":\"https:\\\/\\\/hormigueando.com\\\/wp-content\\\/uploads\\\/2020\\\/04\\\/3121-thickbox_default-Filtros-para-modelos-modulares.jpg\",\"contentUrl\":\"https:\\\/\\\/hormigueando.com\\\/wp-content\\\/uploads\\\/2020\\\/04\\\/3121-thickbox_default-Filtros-para-modelos-modulares.jpg\",\"width\":1100,\"height\":1422},{\"@type\":\"BreadcrumbList\",\"@id\":\"https:\\\/\\\/hormigueando.com\\\/en-gb\\\/product\\\/filtros-para-modelos-modulares\\\/#breadcrumb\",\"itemListElement\":[{\"@type\":\"ListItem\",\"position\":1,\"name\":\"Portada\",\"item\":\"https:\\\/\\\/hormigueando.com\\\/\"},{\"@type\":\"ListItem\",\"position\":2,\"name\":\"Tienda\",\"item\":\"https:\\\/\\\/hormigueando.com\\\/tienda\\\/\"},{\"@type\":\"ListItem\",\"position\":3,\"name\":\"Filters for modular models\"}]},{\"@type\":\"WebSite\",\"@id\":\"https:\\\/\\\/hormigueando.com\\\/#website\",\"url\":\"https:\\\/\\\/hormigueando.com\\\/\",\"name\":\"Hormigueando | Tienda especializada en Cr\u00eda de Hormigas\",\"description\":\"\",\"publisher\":{\"@id\":\"https:\\\/\\\/hormigueando.com\\\/#organization\"},\"potentialAction\":[{\"@type\":\"SearchAction\",\"target\":{\"@type\":\"EntryPoint\",\"urlTemplate\":\"https:\\\/\\\/hormigueando.com\\\/?s={search_term_string}\"},\"query-input\":{\"@type\":\"PropertyValueSpecification\",\"valueRequired\":true,\"valueName\":\"search_term_string\"}}],\"inLanguage\":\"en-GB\"},{\"@type\":\"Organization\",\"@id\":\"https:\\\/\\\/hormigueando.com\\\/#organization\",\"name\":\"Hormigueando | Tienda especializada en Cr\u00eda de Hormigas\",\"url\":\"https:\\\/\\\/hormigueando.com\\\/\",\"logo\":{\"@type\":\"ImageObject\",\"inLanguage\":\"en-GB\",\"@id\":\"https:\\\/\\\/hormigueando.com\\\/#\\\/schema\\\/logo\\\/image\\\/\",\"url\":\"https:\\\/\\\/hormigueando.com\\\/wp-content\\\/uploads\\\/2023\\\/05\\\/logotipo_web-01.png\",\"contentUrl\":\"https:\\\/\\\/hormigueando.com\\\/wp-content\\\/uploads\\\/2023\\\/05\\\/logotipo_web-01.png\",\"width\":233,\"height\":74,\"caption\":\"Hormigueando | Tienda especializada en Cr\u00eda de Hormigas\"},\"image\":{\"@id\":\"https:\\\/\\\/hormigueando.com\\\/#\\\/schema\\\/logo\\\/image\\\/\"}}]}<\/script>\n<!-- \/ Yoast SEO plugin. -->","yoast_head_json":{"title":"Filtros rojos para hormigueros de yeso","description":"Filtros rojos para hormigueros de yeso","robots":{"index":"index","follow":"follow","max-snippet":"max-snippet:-1","max-image-preview":"max-image-preview:large","max-video-preview":"max-video-preview:-1"},"canonical":"https:\/\/hormigueando.com\/en-gb\/product\/filtros-para-modelos-modulares\/","og_locale":"en_GB","og_type":"article","og_title":"Filtros rojos para hormigueros de yeso","og_description":"Filtros rojos para hormigueros de yeso","og_url":"https:\/\/hormigueando.com\/en-gb\/product\/filtros-para-modelos-modulares\/","og_site_name":"Hormigueando | Tienda especializada en Cr\u00eda de Hormigas","article_modified_time":"2025-03-08T19:15:24+00:00","og_image":[{"width":1100,"height":1422,"url":"https:\/\/hormigueando.com\/wp-content\/uploads\/2020\/04\/3121-thickbox_default-Filtros-para-modelos-modulares.jpg","type":"image\/jpeg"}],"twitter_card":"summary_large_image","twitter_misc":{"Estimated reading time":"1 minute"},"schema":{"@context":"https:\/\/schema.org","@graph":[{"@type":"WebPage","@id":"https:\/\/hormigueando.com\/en-gb\/product\/filtros-para-modelos-modulares\/","url":"https:\/\/hormigueando.com\/en-gb\/product\/filtros-para-modelos-modulares\/","name":"Filtros rojos para hormigueros de yeso","isPartOf":{"@id":"https:\/\/hormigueando.com\/#website"},"primaryImageOfPage":{"@id":"https:\/\/hormigueando.com\/en-gb\/product\/filtros-para-modelos-modulares\/#primaryimage"},"image":{"@id":"https:\/\/hormigueando.com\/en-gb\/product\/filtros-para-modelos-modulares\/#primaryimage"},"thumbnailUrl":"https:\/\/hormigueando.com\/wp-content\/uploads\/2020\/04\/3121-thickbox_default-Filtros-para-modelos-modulares.jpg","datePublished":"2020-04-11T15:51:50+00:00","dateModified":"2025-03-08T19:15:24+00:00","description":"Filtros rojos para hormigueros de yeso","breadcrumb":{"@id":"https:\/\/hormigueando.com\/en-gb\/product\/filtros-para-modelos-modulares\/#breadcrumb"},"inLanguage":"en-GB","potentialAction":[{"@type":"ReadAction","target":["https:\/\/hormigueando.com\/en-gb\/product\/filtros-para-modelos-modulares\/"]}]},{"@type":"ImageObject","inLanguage":"en-GB","@id":"https:\/\/hormigueando.com\/en-gb\/product\/filtros-para-modelos-modulares\/#primaryimage","url":"https:\/\/hormigueando.com\/wp-content\/uploads\/2020\/04\/3121-thickbox_default-Filtros-para-modelos-modulares.jpg","contentUrl":"https:\/\/hormigueando.com\/wp-content\/uploads\/2020\/04\/3121-thickbox_default-Filtros-para-modelos-modulares.jpg","width":1100,"height":1422},{"@type":"BreadcrumbList","@id":"https:\/\/hormigueando.com\/en-gb\/product\/filtros-para-modelos-modulares\/#breadcrumb","itemListElement":[{"@type":"ListItem","position":1,"name":"Portada","item":"https:\/\/hormigueando.com\/"},{"@type":"ListItem","position":2,"name":"Tienda","item":"https:\/\/hormigueando.com\/tienda\/"},{"@type":"ListItem","position":3,"name":"Filters for modular models"}]},{"@type":"WebSite","@id":"https:\/\/hormigueando.com\/#website","url":"https:\/\/hormigueando.com\/","name":"Hormigueando | Tienda especializada en Cr\u00eda de Hormigas","description":"","publisher":{"@id":"https:\/\/hormigueando.com\/#organization"},"potentialAction":[{"@type":"SearchAction","target":{"@type":"EntryPoint","urlTemplate":"https:\/\/hormigueando.com\/?s={search_term_string}"},"query-input":{"@type":"PropertyValueSpecification","valueRequired":true,"valueName":"search_term_string"}}],"inLanguage":"en-GB"},{"@type":"Organization","@id":"https:\/\/hormigueando.com\/#organization","name":"Hormigueando | Tienda especializada en Cr\u00eda de Hormigas","url":"https:\/\/hormigueando.com\/","logo":{"@type":"ImageObject","inLanguage":"en-GB","@id":"https:\/\/hormigueando.com\/#\/schema\/logo\/image\/","url":"https:\/\/hormigueando.com\/wp-content\/uploads\/2023\/05\/logotipo_web-01.png","contentUrl":"https:\/\/hormigueando.com\/wp-content\/uploads\/2023\/05\/logotipo_web-01.png","width":233,"height":74,"caption":"Hormigueando | Tienda especializada en Cr\u00eda de Hormigas"},"image":{"@id":"https:\/\/hormigueando.com\/#\/schema\/logo\/image\/"}}]}},"jetpack_sharing_enabled":true,"_links":{"self":[{"href":"https:\/\/hormigueando.com\/en-gb\/wp-json\/wp\/v2\/product\/44221","targetHints":{"allow":["GET"]}}],"collection":[{"href":"https:\/\/hormigueando.com\/en-gb\/wp-json\/wp\/v2\/product"}],"about":[{"href":"https:\/\/hormigueando.com\/en-gb\/wp-json\/wp\/v2\/types\/product"}],"replies":[{"embeddable":true,"href":"https:\/\/hormigueando.com\/en-gb\/wp-json\/wp\/v2\/comments?post=44221"}],"wp:featuredmedia":[{"embeddable":true,"href":"https:\/\/hormigueando.com\/en-gb\/wp-json\/wp\/v2\/media\/44199"}],"wp:attachment":[{"href":"https:\/\/hormigueando.com\/en-gb\/wp-json\/wp\/v2\/media?parent=44221"}],"wp:term":[{"taxonomy":"product_brand","embeddable":true,"href":"https:\/\/hormigueando.com\/en-gb\/wp-json\/wp\/v2\/product_brand?post=44221"},{"taxonomy":"product_cat","embeddable":true,"href":"https:\/\/hormigueando.com\/en-gb\/wp-json\/wp\/v2\/product_cat?post=44221"},{"taxonomy":"product_tag","embeddable":true,"href":"https:\/\/hormigueando.com\/en-gb\/wp-json\/wp\/v2\/product_tag?post=44221"},{"taxonomy":"giftcard-category","embeddable":true,"href":"https:\/\/hormigueando.com\/en-gb\/wp-json\/wp\/v2\/giftcard-category?post=44221"}],"curies":[{"name":"wp","href":"https:\/\/api.w.org\/{rel}","templated":true}]}}