{"id":44031,"date":"2020-04-10T13:51:04","date_gmt":"2020-04-10T11:51:04","guid":{"rendered":"https:\/\/hormigueando.com\/producto\/filtros-para-modelos-tipo-seta\/"},"modified":"2024-07-17T11:23:06","modified_gmt":"2024-07-17T09:23:06","slug":"filtros-para-modelos-tipo-seta","status":"publish","type":"product","link":"https:\/\/hormigueando.com\/en-gb\/product\/filtros-para-modelos-tipo-seta\/","title":{"rendered":"Filters for mushroom type models"},"content":{"rendered":"<p>Filtros rojos transparentes para hormigueros con sistema de humedad tipo seta. Elige en el desplegable para qu\u00e9 modelo de hormiguero necesitas el filtro.<\/p>\n<p>Las hormigas no detectan el espectro rojo de la luz. Con estos filtros rojos mantendremos a nuestras hormigas en un entorno de m\u00e1s oscuridad para que est\u00e9n m\u00e1s c\u00f3modas.<\/p>\n","protected":false},"excerpt":{"rendered":"<p>Filtros rojos transparentes para hormigueros con sistema de humedad tipo seta. Elige en el desplegable para qu\u00e9 modelo de hormiguero necesitas el filtro.<\/p>\n","protected":false},"featured_media":43995,"comment_status":"open","ping_status":"closed","template":"","meta":{"_joinchat":[]},"product_brand":[],"product_cat":[1084],"product_tag":[],"giftcard-category":[],"class_list":{"0":"post-44031","1":"product","2":"type-product","3":"status-publish","4":"has-post-thumbnail","6":"product_cat-red-filters-en-gb","7":"pa_modelohormiguero-h10x10sc-en-gb","8":"pa_modelohormiguero-h10x10setav2-en-gb","9":"pa_modelohormiguero-h12x8-en-gb","10":"pa_modelohormiguero-h16x8seta-en-gb","11":"pa_modelohormiguero-h20x10setaampliable-en-gb","12":"pa_modelohormiguero-h20x10setav2-en-gb","13":"pa_modelohormiguero-h20x15-en-gb","14":"pa_modelohormiguero-h20x15splaca-en-gb","15":"pa_modelohormiguero-h20x15setaampliable-en-gb","16":"pa_modelohormiguero-h20x20s-en-gb","17":"pa_modelohormiguero-h30x20s-en-gb","18":"pa_modelohormiguero-h30x20sampliable-en-gb","19":"pa_modelohormiguero-h30x20splaca-en-gb","20":"pa_modelohormiguero-h40x20setaampliable-en-gb","21":"pa_modelohormiguero-h9x6s-en-gb","22":"pa_modelohormiguero-h9x6setac-en-gb","24":"first","25":"instock","26":"taxable","27":"shipping-taxable","28":"purchasable","29":"product-type-variable","30":"has-default-attributes"},"yoast_head":"<!-- This site is optimized with the Yoast SEO plugin v27.1.1 - https:\/\/yoast.com\/product\/yoast-seo-wordpress\/ -->\n<title>Filtros rojos para hormigueros tipo seta<\/title>\n<meta name=\"description\" content=\"Filtros rojos para hormigueros tipo seta\" \/>\n<meta name=\"robots\" content=\"index, follow, max-snippet:-1, max-image-preview:large, max-video-preview:-1\" \/>\n<link rel=\"canonical\" href=\"https:\/\/hormigueando.com\/en-gb\/product\/filtros-para-modelos-tipo-seta\/\" \/>\n<meta property=\"og:locale\" content=\"en_GB\" \/>\n<meta property=\"og:type\" content=\"article\" \/>\n<meta property=\"og:title\" content=\"Filtros rojos para hormigueros tipo seta\" \/>\n<meta property=\"og:description\" content=\"Filtros rojos para hormigueros tipo seta\" \/>\n<meta property=\"og:url\" content=\"https:\/\/hormigueando.com\/en-gb\/product\/filtros-para-modelos-tipo-seta\/\" \/>\n<meta property=\"og:site_name\" content=\"Hormigueando | Tienda especializada en Cr\u00eda de Hormigas\" \/>\n<meta property=\"article:modified_time\" content=\"2024-07-17T09:23:06+00:00\" \/>\n<meta property=\"og:image\" content=\"https:\/\/hormigueando.com\/wp-content\/uploads\/2020\/04\/2467-thickbox_default-Filtros-para-modelos-tipo-seta.jpg\" \/>\n\t<meta property=\"og:image:width\" content=\"1100\" \/>\n\t<meta property=\"og:image:height\" content=\"1422\" \/>\n\t<meta property=\"og:image:type\" content=\"image\/jpeg\" \/>\n<meta name=\"twitter:card\" content=\"summary_large_image\" \/>\n<meta name=\"twitter:label1\" content=\"Estimated reading time\" \/>\n\t<meta name=\"twitter:data1\" content=\"1 minute\" \/>\n<script type=\"application\/ld+json\" class=\"yoast-schema-graph\">{\"@context\":\"https:\/\/schema.org\",\"@graph\":[{\"@type\":\"WebPage\",\"@id\":\"https:\/\/hormigueando.com\/en-gb\/product\/filtros-para-modelos-tipo-seta\/\",\"url\":\"https:\/\/hormigueando.com\/en-gb\/product\/filtros-para-modelos-tipo-seta\/\",\"name\":\"Filtros rojos para hormigueros tipo seta\",\"isPartOf\":{\"@id\":\"https:\/\/hormigueando.com\/#website\"},\"primaryImageOfPage\":{\"@id\":\"https:\/\/hormigueando.com\/en-gb\/product\/filtros-para-modelos-tipo-seta\/#primaryimage\"},\"image\":{\"@id\":\"https:\/\/hormigueando.com\/en-gb\/product\/filtros-para-modelos-tipo-seta\/#primaryimage\"},\"thumbnailUrl\":\"https:\/\/hormigueando.com\/wp-content\/uploads\/2020\/04\/2467-thickbox_default-Filtros-para-modelos-tipo-seta.jpg\",\"datePublished\":\"2020-04-10T11:51:04+00:00\",\"dateModified\":\"2024-07-17T09:23:06+00:00\",\"description\":\"Filtros rojos para hormigueros tipo seta\",\"breadcrumb\":{\"@id\":\"https:\/\/hormigueando.com\/en-gb\/product\/filtros-para-modelos-tipo-seta\/#breadcrumb\"},\"inLanguage\":\"en-GB\",\"potentialAction\":[{\"@type\":\"ReadAction\",\"target\":[\"https:\/\/hormigueando.com\/en-gb\/product\/filtros-para-modelos-tipo-seta\/\"]}]},{\"@type\":\"ImageObject\",\"inLanguage\":\"en-GB\",\"@id\":\"https:\/\/hormigueando.com\/en-gb\/product\/filtros-para-modelos-tipo-seta\/#primaryimage\",\"url\":\"https:\/\/hormigueando.com\/wp-content\/uploads\/2020\/04\/2467-thickbox_default-Filtros-para-modelos-tipo-seta.jpg\",\"contentUrl\":\"https:\/\/hormigueando.com\/wp-content\/uploads\/2020\/04\/2467-thickbox_default-Filtros-para-modelos-tipo-seta.jpg\",\"width\":1100,\"height\":1422},{\"@type\":\"BreadcrumbList\",\"@id\":\"https:\/\/hormigueando.com\/en-gb\/product\/filtros-para-modelos-tipo-seta\/#breadcrumb\",\"itemListElement\":[{\"@type\":\"ListItem\",\"position\":1,\"name\":\"Portada\",\"item\":\"https:\/\/hormigueando.com\/\"},{\"@type\":\"ListItem\",\"position\":2,\"name\":\"Tienda\",\"item\":\"https:\/\/hormigueando.com\/tienda\/\"},{\"@type\":\"ListItem\",\"position\":3,\"name\":\"Filters for mushroom type models\"}]},{\"@type\":\"WebSite\",\"@id\":\"https:\/\/hormigueando.com\/#website\",\"url\":\"https:\/\/hormigueando.com\/\",\"name\":\"Hormigueando | Tienda especializada en Cr\u00eda de Hormigas\",\"description\":\"\",\"publisher\":{\"@id\":\"https:\/\/hormigueando.com\/#organization\"},\"potentialAction\":[{\"@type\":\"SearchAction\",\"target\":{\"@type\":\"EntryPoint\",\"urlTemplate\":\"https:\/\/hormigueando.com\/?s={search_term_string}\"},\"query-input\":{\"@type\":\"PropertyValueSpecification\",\"valueRequired\":true,\"valueName\":\"search_term_string\"}}],\"inLanguage\":\"en-GB\"},{\"@type\":\"Organization\",\"@id\":\"https:\/\/hormigueando.com\/#organization\",\"name\":\"Hormigueando | Tienda especializada en Cr\u00eda de Hormigas\",\"url\":\"https:\/\/hormigueando.com\/\",\"logo\":{\"@type\":\"ImageObject\",\"inLanguage\":\"en-GB\",\"@id\":\"https:\/\/hormigueando.com\/#\/schema\/logo\/image\/\",\"url\":\"https:\/\/hormigueando.com\/wp-content\/uploads\/2023\/05\/logotipo_web-01.png\",\"contentUrl\":\"https:\/\/hormigueando.com\/wp-content\/uploads\/2023\/05\/logotipo_web-01.png\",\"width\":233,\"height\":74,\"caption\":\"Hormigueando | Tienda especializada en Cr\u00eda de Hormigas\"},\"image\":{\"@id\":\"https:\/\/hormigueando.com\/#\/schema\/logo\/image\/\"}}]}<\/script>\n<!-- \/ Yoast SEO plugin. -->","yoast_head_json":{"title":"Filtros rojos para hormigueros tipo seta","description":"Filtros rojos para hormigueros tipo seta","robots":{"index":"index","follow":"follow","max-snippet":"max-snippet:-1","max-image-preview":"max-image-preview:large","max-video-preview":"max-video-preview:-1"},"canonical":"https:\/\/hormigueando.com\/en-gb\/product\/filtros-para-modelos-tipo-seta\/","og_locale":"en_GB","og_type":"article","og_title":"Filtros rojos para hormigueros tipo seta","og_description":"Filtros rojos para hormigueros tipo seta","og_url":"https:\/\/hormigueando.com\/en-gb\/product\/filtros-para-modelos-tipo-seta\/","og_site_name":"Hormigueando | Tienda especializada en Cr\u00eda de Hormigas","article_modified_time":"2024-07-17T09:23:06+00:00","og_image":[{"width":1100,"height":1422,"url":"https:\/\/hormigueando.com\/wp-content\/uploads\/2020\/04\/2467-thickbox_default-Filtros-para-modelos-tipo-seta.jpg","type":"image\/jpeg"}],"twitter_card":"summary_large_image","twitter_misc":{"Estimated reading time":"1 minute"},"schema":{"@context":"https:\/\/schema.org","@graph":[{"@type":"WebPage","@id":"https:\/\/hormigueando.com\/en-gb\/product\/filtros-para-modelos-tipo-seta\/","url":"https:\/\/hormigueando.com\/en-gb\/product\/filtros-para-modelos-tipo-seta\/","name":"Filtros rojos para hormigueros tipo seta","isPartOf":{"@id":"https:\/\/hormigueando.com\/#website"},"primaryImageOfPage":{"@id":"https:\/\/hormigueando.com\/en-gb\/product\/filtros-para-modelos-tipo-seta\/#primaryimage"},"image":{"@id":"https:\/\/hormigueando.com\/en-gb\/product\/filtros-para-modelos-tipo-seta\/#primaryimage"},"thumbnailUrl":"https:\/\/hormigueando.com\/wp-content\/uploads\/2020\/04\/2467-thickbox_default-Filtros-para-modelos-tipo-seta.jpg","datePublished":"2020-04-10T11:51:04+00:00","dateModified":"2024-07-17T09:23:06+00:00","description":"Filtros rojos para hormigueros tipo seta","breadcrumb":{"@id":"https:\/\/hormigueando.com\/en-gb\/product\/filtros-para-modelos-tipo-seta\/#breadcrumb"},"inLanguage":"en-GB","potentialAction":[{"@type":"ReadAction","target":["https:\/\/hormigueando.com\/en-gb\/product\/filtros-para-modelos-tipo-seta\/"]}]},{"@type":"ImageObject","inLanguage":"en-GB","@id":"https:\/\/hormigueando.com\/en-gb\/product\/filtros-para-modelos-tipo-seta\/#primaryimage","url":"https:\/\/hormigueando.com\/wp-content\/uploads\/2020\/04\/2467-thickbox_default-Filtros-para-modelos-tipo-seta.jpg","contentUrl":"https:\/\/hormigueando.com\/wp-content\/uploads\/2020\/04\/2467-thickbox_default-Filtros-para-modelos-tipo-seta.jpg","width":1100,"height":1422},{"@type":"BreadcrumbList","@id":"https:\/\/hormigueando.com\/en-gb\/product\/filtros-para-modelos-tipo-seta\/#breadcrumb","itemListElement":[{"@type":"ListItem","position":1,"name":"Portada","item":"https:\/\/hormigueando.com\/"},{"@type":"ListItem","position":2,"name":"Tienda","item":"https:\/\/hormigueando.com\/tienda\/"},{"@type":"ListItem","position":3,"name":"Filters for mushroom type models"}]},{"@type":"WebSite","@id":"https:\/\/hormigueando.com\/#website","url":"https:\/\/hormigueando.com\/","name":"Hormigueando | Tienda especializada en Cr\u00eda de Hormigas","description":"","publisher":{"@id":"https:\/\/hormigueando.com\/#organization"},"potentialAction":[{"@type":"SearchAction","target":{"@type":"EntryPoint","urlTemplate":"https:\/\/hormigueando.com\/?s={search_term_string}"},"query-input":{"@type":"PropertyValueSpecification","valueRequired":true,"valueName":"search_term_string"}}],"inLanguage":"en-GB"},{"@type":"Organization","@id":"https:\/\/hormigueando.com\/#organization","name":"Hormigueando | Tienda especializada en Cr\u00eda de Hormigas","url":"https:\/\/hormigueando.com\/","logo":{"@type":"ImageObject","inLanguage":"en-GB","@id":"https:\/\/hormigueando.com\/#\/schema\/logo\/image\/","url":"https:\/\/hormigueando.com\/wp-content\/uploads\/2023\/05\/logotipo_web-01.png","contentUrl":"https:\/\/hormigueando.com\/wp-content\/uploads\/2023\/05\/logotipo_web-01.png","width":233,"height":74,"caption":"Hormigueando | Tienda especializada en Cr\u00eda de Hormigas"},"image":{"@id":"https:\/\/hormigueando.com\/#\/schema\/logo\/image\/"}}]}},"jetpack_sharing_enabled":true,"_links":{"self":[{"href":"https:\/\/hormigueando.com\/en-gb\/wp-json\/wp\/v2\/product\/44031","targetHints":{"allow":["GET"]}}],"collection":[{"href":"https:\/\/hormigueando.com\/en-gb\/wp-json\/wp\/v2\/product"}],"about":[{"href":"https:\/\/hormigueando.com\/en-gb\/wp-json\/wp\/v2\/types\/product"}],"replies":[{"embeddable":true,"href":"https:\/\/hormigueando.com\/en-gb\/wp-json\/wp\/v2\/comments?post=44031"}],"wp:featuredmedia":[{"embeddable":true,"href":"https:\/\/hormigueando.com\/en-gb\/wp-json\/wp\/v2\/media\/43995"}],"wp:attachment":[{"href":"https:\/\/hormigueando.com\/en-gb\/wp-json\/wp\/v2\/media?parent=44031"}],"wp:term":[{"taxonomy":"product_brand","embeddable":true,"href":"https:\/\/hormigueando.com\/en-gb\/wp-json\/wp\/v2\/product_brand?post=44031"},{"taxonomy":"product_cat","embeddable":true,"href":"https:\/\/hormigueando.com\/en-gb\/wp-json\/wp\/v2\/product_cat?post=44031"},{"taxonomy":"product_tag","embeddable":true,"href":"https:\/\/hormigueando.com\/en-gb\/wp-json\/wp\/v2\/product_tag?post=44031"},{"taxonomy":"giftcard-category","embeddable":true,"href":"https:\/\/hormigueando.com\/en-gb\/wp-json\/wp\/v2\/giftcard-category?post=44031"}],"curies":[{"name":"wp","href":"https:\/\/api.w.org\/{rel}","templated":true}]}}