{"id":43875,"date":"2020-03-13T17:28:19","date_gmt":"2020-03-13T15:28:19","guid":{"rendered":"https:\/\/hormigueando.com\/producto\/kit-lasius-flavus\/"},"modified":"2020-03-13T17:28:19","modified_gmt":"2020-03-13T15:28:19","slug":"kit-lasius-flavus","status":"publish","type":"product","link":"https:\/\/hormigueando.com\/en-gb\/product\/kit-lasius-flavus\/","title":{"rendered":"Kit Lasius flavus"},"content":{"rendered":"<p>.Kit espec\u00edficamente dise\u00f1ado para reinas y colonias de Lasius flavus<\/p>\n<\/p>\n<p>Este kit se puede utilizar tanto para empezar la colonia desde reina o con una colonia ya con obreras. Ellas ir\u00e1n ampliando el espacio a medida que lo vayan necesitando.<\/p>\n<\/p>\n<p>Lasius flavus es una especie que en la naturaleza suele salir poco al exterior, por lo que necesitan mucha oscuridad. Por ese motivo el hormiguero incluye una tapa para la zona de forrajeo de color rojo transparente, al igual que el filtro. La arena les proporciona un entorno mucho m\u00e1s natural y adecuado para esta especie que el acr\u00edlico directo.<\/p>\n<\/p>\n<p>El Kit consta de:<\/p>\n<p class=\"MsoNormal\">&#8211; Hormiguero 10&#215;10 esponja con zona de forrajeo roja transparente<\/p>\n<p>&#8211; Filtro rojo<\/p>\n<p>&#8211; 70 gramos de arena fina<\/p>\n<p>&#8211; Tap\u00f3n de goma para zona de humedad<\/p>\n<\/p>\n<p><strong><span style=\"color:#d0121a;\">Importante:<\/span><\/strong><\/p>\n<p>Lavar solo con agua y jab\u00f3n. La utilizaci\u00f3n de productos abrasivos de limpieza puede provocar da\u00f1os en el hormiguero y anular la garant\u00eda del producto.<\/p>\n","protected":false},"excerpt":{"rendered":"<p>Kit espec\u00edficamente dise\u00f1ado para reinas y colonias de Lasius flavus<\/p>\n<\/p>\n<p>El Kit consta de:<\/p>\n<p class=\"MsoNormal\">&#8211; Hormiguero 10&#215;10 esponja con zona de forrajeo roja transparente<\/p>\n<p>&#8211; Filtro rojo<\/p>\n<p>&#8211; 70 gramos de arena fina<\/p>\n<p>&#8211; Tap\u00f3n de goma para zona de humedad<\/p>\n","protected":false},"featured_media":43872,"comment_status":"open","ping_status":"closed","template":"","meta":{"_joinchat":[]},"product_brand":[],"product_cat":[1140],"product_tag":[],"giftcard-category":[],"class_list":{"0":"post-43875","1":"product","2":"type-product","3":"status-publish","4":"has-post-thumbnail","6":"product_cat-kits-en-gb","7":"pa_4b-numerodeconexionesconelex-1-en-gb","8":"pa_61-modorellenadosistemadehum-pipetaojeringuilla-en-gb","9":"pa_composicion-metacrilato-en-gb","10":"pa_incluyecajadeforrajeo-si-en-gb","11":"pa_tamano-pequeno-en-gb","13":"first","14":"outofstock","15":"taxable","16":"shipping-taxable","17":"purchasable","18":"product-type-simple"},"yoast_head":"<!-- This site is optimized with the Yoast SEO plugin v27.1.1 - https:\/\/yoast.com\/product\/yoast-seo-wordpress\/ -->\n<title>Kit Lasius flavus<\/title>\n<meta name=\"description\" content=\"Kit Lasius flavus\" \/>\n<meta name=\"robots\" content=\"index, follow, max-snippet:-1, max-image-preview:large, max-video-preview:-1\" \/>\n<link rel=\"canonical\" href=\"https:\/\/hormigueando.com\/en-gb\/product\/kit-lasius-flavus\/\" \/>\n<meta property=\"og:locale\" content=\"en_GB\" \/>\n<meta property=\"og:type\" content=\"article\" \/>\n<meta property=\"og:title\" content=\"Kit Lasius flavus\" \/>\n<meta property=\"og:description\" content=\"Kit Lasius flavus\" \/>\n<meta property=\"og:url\" content=\"https:\/\/hormigueando.com\/en-gb\/product\/kit-lasius-flavus\/\" \/>\n<meta property=\"og:site_name\" content=\"Hormigueando | Tienda especializada en Cr\u00eda de Hormigas\" \/>\n<meta property=\"og:image\" content=\"https:\/\/hormigueando.com\/wp-content\/uploads\/2020\/03\/2257-thickbox_default-Kit-Lasius-flavus.jpg\" \/>\n\t<meta property=\"og:image:width\" content=\"1100\" \/>\n\t<meta property=\"og:image:height\" content=\"1422\" \/>\n\t<meta property=\"og:image:type\" content=\"image\/jpeg\" \/>\n<meta name=\"twitter:card\" content=\"summary_large_image\" \/>\n<meta name=\"twitter:label1\" content=\"Estimated reading time\" \/>\n\t<meta name=\"twitter:data1\" content=\"1 minute\" \/>\n<script type=\"application\/ld+json\" class=\"yoast-schema-graph\">{\"@context\":\"https:\/\/schema.org\",\"@graph\":[{\"@type\":\"WebPage\",\"@id\":\"https:\/\/hormigueando.com\/en-gb\/product\/kit-lasius-flavus\/\",\"url\":\"https:\/\/hormigueando.com\/en-gb\/product\/kit-lasius-flavus\/\",\"name\":\"Kit Lasius flavus\",\"isPartOf\":{\"@id\":\"https:\/\/hormigueando.com\/#website\"},\"primaryImageOfPage\":{\"@id\":\"https:\/\/hormigueando.com\/en-gb\/product\/kit-lasius-flavus\/#primaryimage\"},\"image\":{\"@id\":\"https:\/\/hormigueando.com\/en-gb\/product\/kit-lasius-flavus\/#primaryimage\"},\"thumbnailUrl\":\"https:\/\/hormigueando.com\/wp-content\/uploads\/2020\/03\/2257-thickbox_default-Kit-Lasius-flavus.jpg\",\"datePublished\":\"2020-03-13T15:28:19+00:00\",\"description\":\"Kit Lasius flavus\",\"breadcrumb\":{\"@id\":\"https:\/\/hormigueando.com\/en-gb\/product\/kit-lasius-flavus\/#breadcrumb\"},\"inLanguage\":\"en-GB\",\"potentialAction\":[{\"@type\":\"ReadAction\",\"target\":[\"https:\/\/hormigueando.com\/en-gb\/product\/kit-lasius-flavus\/\"]}]},{\"@type\":\"ImageObject\",\"inLanguage\":\"en-GB\",\"@id\":\"https:\/\/hormigueando.com\/en-gb\/product\/kit-lasius-flavus\/#primaryimage\",\"url\":\"https:\/\/hormigueando.com\/wp-content\/uploads\/2020\/03\/2257-thickbox_default-Kit-Lasius-flavus.jpg\",\"contentUrl\":\"https:\/\/hormigueando.com\/wp-content\/uploads\/2020\/03\/2257-thickbox_default-Kit-Lasius-flavus.jpg\",\"width\":1100,\"height\":1422},{\"@type\":\"BreadcrumbList\",\"@id\":\"https:\/\/hormigueando.com\/en-gb\/product\/kit-lasius-flavus\/#breadcrumb\",\"itemListElement\":[{\"@type\":\"ListItem\",\"position\":1,\"name\":\"Portada\",\"item\":\"https:\/\/hormigueando.com\/\"},{\"@type\":\"ListItem\",\"position\":2,\"name\":\"Tienda\",\"item\":\"https:\/\/hormigueando.com\/tienda\/\"},{\"@type\":\"ListItem\",\"position\":3,\"name\":\"Kit Lasius flavus\"}]},{\"@type\":\"WebSite\",\"@id\":\"https:\/\/hormigueando.com\/#website\",\"url\":\"https:\/\/hormigueando.com\/\",\"name\":\"Hormigueando | Tienda especializada en Cr\u00eda de Hormigas\",\"description\":\"\",\"publisher\":{\"@id\":\"https:\/\/hormigueando.com\/#organization\"},\"potentialAction\":[{\"@type\":\"SearchAction\",\"target\":{\"@type\":\"EntryPoint\",\"urlTemplate\":\"https:\/\/hormigueando.com\/?s={search_term_string}\"},\"query-input\":{\"@type\":\"PropertyValueSpecification\",\"valueRequired\":true,\"valueName\":\"search_term_string\"}}],\"inLanguage\":\"en-GB\"},{\"@type\":\"Organization\",\"@id\":\"https:\/\/hormigueando.com\/#organization\",\"name\":\"Hormigueando | Tienda especializada en Cr\u00eda de Hormigas\",\"url\":\"https:\/\/hormigueando.com\/\",\"logo\":{\"@type\":\"ImageObject\",\"inLanguage\":\"en-GB\",\"@id\":\"https:\/\/hormigueando.com\/#\/schema\/logo\/image\/\",\"url\":\"https:\/\/hormigueando.com\/wp-content\/uploads\/2023\/05\/logotipo_web-01.png\",\"contentUrl\":\"https:\/\/hormigueando.com\/wp-content\/uploads\/2023\/05\/logotipo_web-01.png\",\"width\":233,\"height\":74,\"caption\":\"Hormigueando | Tienda especializada en Cr\u00eda de Hormigas\"},\"image\":{\"@id\":\"https:\/\/hormigueando.com\/#\/schema\/logo\/image\/\"}}]}<\/script>\n<!-- \/ Yoast SEO plugin. -->","yoast_head_json":{"title":"Kit Lasius flavus","description":"Kit Lasius flavus","robots":{"index":"index","follow":"follow","max-snippet":"max-snippet:-1","max-image-preview":"max-image-preview:large","max-video-preview":"max-video-preview:-1"},"canonical":"https:\/\/hormigueando.com\/en-gb\/product\/kit-lasius-flavus\/","og_locale":"en_GB","og_type":"article","og_title":"Kit Lasius flavus","og_description":"Kit Lasius flavus","og_url":"https:\/\/hormigueando.com\/en-gb\/product\/kit-lasius-flavus\/","og_site_name":"Hormigueando | Tienda especializada en Cr\u00eda de Hormigas","og_image":[{"width":1100,"height":1422,"url":"https:\/\/hormigueando.com\/wp-content\/uploads\/2020\/03\/2257-thickbox_default-Kit-Lasius-flavus.jpg","type":"image\/jpeg"}],"twitter_card":"summary_large_image","twitter_misc":{"Estimated reading time":"1 minute"},"schema":{"@context":"https:\/\/schema.org","@graph":[{"@type":"WebPage","@id":"https:\/\/hormigueando.com\/en-gb\/product\/kit-lasius-flavus\/","url":"https:\/\/hormigueando.com\/en-gb\/product\/kit-lasius-flavus\/","name":"Kit Lasius flavus","isPartOf":{"@id":"https:\/\/hormigueando.com\/#website"},"primaryImageOfPage":{"@id":"https:\/\/hormigueando.com\/en-gb\/product\/kit-lasius-flavus\/#primaryimage"},"image":{"@id":"https:\/\/hormigueando.com\/en-gb\/product\/kit-lasius-flavus\/#primaryimage"},"thumbnailUrl":"https:\/\/hormigueando.com\/wp-content\/uploads\/2020\/03\/2257-thickbox_default-Kit-Lasius-flavus.jpg","datePublished":"2020-03-13T15:28:19+00:00","description":"Kit Lasius flavus","breadcrumb":{"@id":"https:\/\/hormigueando.com\/en-gb\/product\/kit-lasius-flavus\/#breadcrumb"},"inLanguage":"en-GB","potentialAction":[{"@type":"ReadAction","target":["https:\/\/hormigueando.com\/en-gb\/product\/kit-lasius-flavus\/"]}]},{"@type":"ImageObject","inLanguage":"en-GB","@id":"https:\/\/hormigueando.com\/en-gb\/product\/kit-lasius-flavus\/#primaryimage","url":"https:\/\/hormigueando.com\/wp-content\/uploads\/2020\/03\/2257-thickbox_default-Kit-Lasius-flavus.jpg","contentUrl":"https:\/\/hormigueando.com\/wp-content\/uploads\/2020\/03\/2257-thickbox_default-Kit-Lasius-flavus.jpg","width":1100,"height":1422},{"@type":"BreadcrumbList","@id":"https:\/\/hormigueando.com\/en-gb\/product\/kit-lasius-flavus\/#breadcrumb","itemListElement":[{"@type":"ListItem","position":1,"name":"Portada","item":"https:\/\/hormigueando.com\/"},{"@type":"ListItem","position":2,"name":"Tienda","item":"https:\/\/hormigueando.com\/tienda\/"},{"@type":"ListItem","position":3,"name":"Kit Lasius flavus"}]},{"@type":"WebSite","@id":"https:\/\/hormigueando.com\/#website","url":"https:\/\/hormigueando.com\/","name":"Hormigueando | Tienda especializada en Cr\u00eda de Hormigas","description":"","publisher":{"@id":"https:\/\/hormigueando.com\/#organization"},"potentialAction":[{"@type":"SearchAction","target":{"@type":"EntryPoint","urlTemplate":"https:\/\/hormigueando.com\/?s={search_term_string}"},"query-input":{"@type":"PropertyValueSpecification","valueRequired":true,"valueName":"search_term_string"}}],"inLanguage":"en-GB"},{"@type":"Organization","@id":"https:\/\/hormigueando.com\/#organization","name":"Hormigueando | Tienda especializada en Cr\u00eda de Hormigas","url":"https:\/\/hormigueando.com\/","logo":{"@type":"ImageObject","inLanguage":"en-GB","@id":"https:\/\/hormigueando.com\/#\/schema\/logo\/image\/","url":"https:\/\/hormigueando.com\/wp-content\/uploads\/2023\/05\/logotipo_web-01.png","contentUrl":"https:\/\/hormigueando.com\/wp-content\/uploads\/2023\/05\/logotipo_web-01.png","width":233,"height":74,"caption":"Hormigueando | Tienda especializada en Cr\u00eda de Hormigas"},"image":{"@id":"https:\/\/hormigueando.com\/#\/schema\/logo\/image\/"}}]}},"jetpack_sharing_enabled":true,"_links":{"self":[{"href":"https:\/\/hormigueando.com\/en-gb\/wp-json\/wp\/v2\/product\/43875","targetHints":{"allow":["GET"]}}],"collection":[{"href":"https:\/\/hormigueando.com\/en-gb\/wp-json\/wp\/v2\/product"}],"about":[{"href":"https:\/\/hormigueando.com\/en-gb\/wp-json\/wp\/v2\/types\/product"}],"replies":[{"embeddable":true,"href":"https:\/\/hormigueando.com\/en-gb\/wp-json\/wp\/v2\/comments?post=43875"}],"wp:featuredmedia":[{"embeddable":true,"href":"https:\/\/hormigueando.com\/en-gb\/wp-json\/wp\/v2\/media\/43872"}],"wp:attachment":[{"href":"https:\/\/hormigueando.com\/en-gb\/wp-json\/wp\/v2\/media?parent=43875"}],"wp:term":[{"taxonomy":"product_brand","embeddable":true,"href":"https:\/\/hormigueando.com\/en-gb\/wp-json\/wp\/v2\/product_brand?post=43875"},{"taxonomy":"product_cat","embeddable":true,"href":"https:\/\/hormigueando.com\/en-gb\/wp-json\/wp\/v2\/product_cat?post=43875"},{"taxonomy":"product_tag","embeddable":true,"href":"https:\/\/hormigueando.com\/en-gb\/wp-json\/wp\/v2\/product_tag?post=43875"},{"taxonomy":"giftcard-category","embeddable":true,"href":"https:\/\/hormigueando.com\/en-gb\/wp-json\/wp\/v2\/giftcard-category?post=43875"}],"curies":[{"name":"wp","href":"https:\/\/api.w.org\/{rel}","templated":true}]}}