{"id":43868,"date":"2020-03-12T21:50:32","date_gmt":"2020-03-12T19:50:32","guid":{"rendered":"https:\/\/hormigueando.com\/producto\/h15x3-pva\/"},"modified":"2020-03-12T21:50:32","modified_gmt":"2020-03-12T19:50:32","slug":"h15x3-pva","status":"publish","type":"product","link":"https:\/\/hormigueando.com\/en-gb\/product\/h15x3-pva\/","title":{"rendered":"H15x3 PVA"},"content":{"rendered":"<p>Hormiguero acr\u00edlico de 15&#215;3 cm con amplia caja de forrajeo, esponja de PVA y base de yeso y piedras de silicio. El sistema de humedad con esponja de PVA y tap\u00f3n, permite que la base de yeso se humedezca de forma constante, aportando al hormiguero un entorno ideal para especies que requieran humedad alta o muy alta. Tambi\u00e9n puede usarse sin humedecer para especies que requieran humedad muy baja, tal como las Camponotus. Igualmente, puede usarse con especies de muy peque\u00f1o tama\u00f1o (dise\u00f1o antifugas) hasta con especies de tama\u00f1o grande.<\/p>\n<\/p>\n<p>Dispone de una amplia y c\u00f3moda caja de forrajeo de 8x8x6 cm que facilita la alimentaci\u00f3n y limpieza. Esta caja de forrajeo cuenta con una conexi\u00f3n con el exterior de 10 mm (tap\u00f3n incluido).<\/p>\n<\/p>\n<p>El hormiguero consta de:<\/p>\n<p>&#8211; Espacio de galer\u00edas de 15&#215;3 cm con una altura de galer\u00edas a elegir entre 0,5 cm o 1 cm<\/p>\n<p>&#8211; Caja de forrajeo de 8x8x8 cm con doble tapa<\/p>\n<p>&#8211; Tap\u00f3n de goma de 10 mm para tapar el orificio de la caja de forrajeo<\/p>\n<p>&#8211; Tap\u00f3n de goma para taponer el orificio del sistema de humedad<\/p>\n<\/p>\n<p>Te recomendamos incluir el filtro rojo de este hormiguero para que nuestras hormigas se sientan m\u00e1s c\u00f3modas y protegidas de la luz:<\/p>\n<p><strong>Filtro rojo compatible: <\/strong><a href=\"https:\/\/hormigueando.com\/filtros-rojos\/272-475-filtros-para-modelos-de-esponjapva.html#\/128-modelo_hormiguero-h15x3\" target=\"_blank\" class=\"btn btn-default\" rel=\"noopener\">Modelo H15X3 PVA<\/a><\/p>\n<p>\u00a0<\/p>\n<p><strong><span style=\"color:#d0121a;\">Importante:<\/span><\/strong><\/p>\n<p>Lavar solo con agua y jab\u00f3n. La utilizaci\u00f3n de productos abrasivos de limpieza puede provocar da\u00f1os en el hormiguero y anular la garant\u00eda del producto.<\/p>\n<p>\u00a0<\/p>\n<p><span style=\"text-decoration:underline;\">Otros productos recomendados:<\/span><\/p>\n<p>Sabemos que en ocasiones es complicado distinguir qu\u00e9 accesorios son compatibles con cada hormiguero y por ese motivo, desde <strong>Hormigueando<\/strong> os ayudamos con esta tarea y os indicamos qu\u00e9 accesorios tienen las medidas apropiadas para este hormiguero y caja de forrajeo. Estos accesorios no est\u00e1n incluidos con el hormiguero y se venden a parte.<\/p>\n<\/p>\n<p><strong>Tubos flexibles compatibles:<\/strong> 10\/8 mm. Necesarios si se quiere conectar el hormiguero con cajas de forrajeo externas, con otros hormigueros o con tubos de ensayo. Disponibles en nuestro apartado de <a href=\"https:\/\/hormigueando.com\/inicio\/59-67-tubos-flexibles.html#\/37-medidas-12_10_mm\" class=\"btn btn-default\">ACCESORIOS.<\/a><\/p><\/p>\n","protected":false},"excerpt":{"rendered":"<p class=\"MsoNormal\">Hormiguero acr\u00edlico de 15&#215;3 cm con amplia caja de forrajeo, esponja de PVA y base de yeso y piedras de silicio.<\/p>\n<\/p>\n<p>Te recomendamos incluir el filtro rojo de este hormiguero para que nuestras hormigas se sientan m\u00e1s c\u00f3modas y protegidas de la luz:<\/p>\n<p><strong>Filtro rojo compatible: <\/strong><a href=\"https:\/\/hormigueando.com\/filtros-rojos\/272-475-filtros-para-modelos-de-esponjapva.html#\/128-modelo_hormiguero-h15x3\" target=\"_blank\" class=\"btn btn-default\" rel=\"noopener\">Modelo H15X3 PVA<br \/><\/a><\/p>\n","protected":false},"featured_media":43861,"comment_status":"open","ping_status":"closed","template":"","meta":{"_joinchat":[]},"product_brand":[],"product_cat":[1082,1136,1114],"product_tag":[],"giftcard-category":[],"class_list":{"0":"post-43868","1":"product","2":"type-product","3":"status-publish","4":"has-post-thumbnail","6":"product_cat-anthills-en-gb","7":"product_cat-small-species-edition-en-gb","8":"product_cat-sponge-pva-anthills-en-gb","9":"pa_4b-numerodeconexionesconelex-1-en-gb","10":"pa_61-modorellenadosistemadehum-pipetaojeringuilla-en-gb","11":"pa_altura-0_5cm-en-gb","12":"pa_altura-1cm-en-gb","13":"pa_composicion-metacrilato-en-gb","14":"pa_incluyecajadeforrajeo-si-en-gb","15":"pa_medidas-12x8x1_5cm-en-gb","16":"pa_medidas-16x8-en-gb","17":"pa_medidatuboflexiblerequerido-108mm-en-gb","18":"pa_serie-antmeta-en-gb","19":"pa_tamano-pequeno-en-gb","21":"first","22":"instock","23":"taxable","24":"shipping-taxable","25":"purchasable","26":"product-type-variable","27":"has-default-attributes"},"yoast_head":"<!-- This site is optimized with the Yoast SEO plugin v27.1.1 - https:\/\/yoast.com\/product\/yoast-seo-wordpress\/ -->\n<title>Hormiguero acr\u00edlico 15x3 PVA<\/title>\n<meta name=\"description\" content=\"Hormiguero acr\u00edlico 15x3 con esponja de PVA\" \/>\n<meta name=\"robots\" content=\"index, follow, max-snippet:-1, max-image-preview:large, max-video-preview:-1\" \/>\n<link rel=\"canonical\" href=\"https:\/\/hormigueando.com\/product\/h15x3-pva\/\" \/>\n<meta property=\"og:locale\" content=\"en_GB\" \/>\n<meta property=\"og:type\" content=\"article\" \/>\n<meta property=\"og:title\" content=\"Hormiguero acr\u00edlico 15x3 PVA\" \/>\n<meta property=\"og:description\" content=\"Hormiguero acr\u00edlico 15x3 con esponja de PVA\" \/>\n<meta property=\"og:url\" content=\"https:\/\/hormigueando.com\/product\/h15x3-pva\/\" \/>\n<meta property=\"og:site_name\" content=\"Hormigueando | Tienda especializada en Cr\u00eda de Hormigas\" \/>\n<meta property=\"og:image\" content=\"https:\/\/hormigueando.com\/wp-content\/uploads\/2020\/03\/2248-thickbox_default-Hormiguero-H15x3-PVA.jpg\" \/>\n\t<meta property=\"og:image:width\" content=\"1100\" \/>\n\t<meta property=\"og:image:height\" content=\"1422\" \/>\n\t<meta property=\"og:image:type\" content=\"image\/jpeg\" \/>\n<meta name=\"twitter:card\" content=\"summary_large_image\" \/>\n<meta name=\"twitter:label1\" content=\"Estimated reading time\" \/>\n\t<meta name=\"twitter:data1\" content=\"2 minutes\" \/>\n<script type=\"application\/ld+json\" class=\"yoast-schema-graph\">{\"@context\":\"https:\/\/schema.org\",\"@graph\":[{\"@type\":\"WebPage\",\"@id\":\"https:\/\/hormigueando.com\/product\/h15x3-pva\/\",\"url\":\"https:\/\/hormigueando.com\/product\/h15x3-pva\/\",\"name\":\"Hormiguero acr\u00edlico 15x3 PVA\",\"isPartOf\":{\"@id\":\"https:\/\/hormigueando.com\/#website\"},\"primaryImageOfPage\":{\"@id\":\"https:\/\/hormigueando.com\/product\/h15x3-pva\/#primaryimage\"},\"image\":{\"@id\":\"https:\/\/hormigueando.com\/product\/h15x3-pva\/#primaryimage\"},\"thumbnailUrl\":\"https:\/\/hormigueando.com\/wp-content\/uploads\/2020\/03\/2248-thickbox_default-Hormiguero-H15x3-PVA.jpg\",\"datePublished\":\"2020-03-12T19:50:32+00:00\",\"description\":\"Hormiguero acr\u00edlico 15x3 con esponja de PVA\",\"breadcrumb\":{\"@id\":\"https:\/\/hormigueando.com\/product\/h15x3-pva\/#breadcrumb\"},\"inLanguage\":\"en-GB\",\"potentialAction\":[{\"@type\":\"ReadAction\",\"target\":[\"https:\/\/hormigueando.com\/product\/h15x3-pva\/\"]}]},{\"@type\":\"ImageObject\",\"inLanguage\":\"en-GB\",\"@id\":\"https:\/\/hormigueando.com\/product\/h15x3-pva\/#primaryimage\",\"url\":\"https:\/\/hormigueando.com\/wp-content\/uploads\/2020\/03\/2248-thickbox_default-Hormiguero-H15x3-PVA.jpg\",\"contentUrl\":\"https:\/\/hormigueando.com\/wp-content\/uploads\/2020\/03\/2248-thickbox_default-Hormiguero-H15x3-PVA.jpg\",\"width\":1100,\"height\":1422},{\"@type\":\"BreadcrumbList\",\"@id\":\"https:\/\/hormigueando.com\/product\/h15x3-pva\/#breadcrumb\",\"itemListElement\":[{\"@type\":\"ListItem\",\"position\":1,\"name\":\"Portada\",\"item\":\"https:\/\/hormigueando.com\/\"},{\"@type\":\"ListItem\",\"position\":2,\"name\":\"Tienda\",\"item\":\"https:\/\/hormigueando.com\/tienda\/\"},{\"@type\":\"ListItem\",\"position\":3,\"name\":\"H15x3 PVA\"}]},{\"@type\":\"WebSite\",\"@id\":\"https:\/\/hormigueando.com\/#website\",\"url\":\"https:\/\/hormigueando.com\/\",\"name\":\"Hormigueando | Tienda especializada en Cr\u00eda de Hormigas\",\"description\":\"\",\"publisher\":{\"@id\":\"https:\/\/hormigueando.com\/#organization\"},\"potentialAction\":[{\"@type\":\"SearchAction\",\"target\":{\"@type\":\"EntryPoint\",\"urlTemplate\":\"https:\/\/hormigueando.com\/?s={search_term_string}\"},\"query-input\":{\"@type\":\"PropertyValueSpecification\",\"valueRequired\":true,\"valueName\":\"search_term_string\"}}],\"inLanguage\":\"en-GB\"},{\"@type\":\"Organization\",\"@id\":\"https:\/\/hormigueando.com\/#organization\",\"name\":\"Hormigueando | Tienda especializada en Cr\u00eda de Hormigas\",\"url\":\"https:\/\/hormigueando.com\/\",\"logo\":{\"@type\":\"ImageObject\",\"inLanguage\":\"en-GB\",\"@id\":\"https:\/\/hormigueando.com\/#\/schema\/logo\/image\/\",\"url\":\"https:\/\/hormigueando.com\/wp-content\/uploads\/2023\/05\/logotipo_web-01.png\",\"contentUrl\":\"https:\/\/hormigueando.com\/wp-content\/uploads\/2023\/05\/logotipo_web-01.png\",\"width\":233,\"height\":74,\"caption\":\"Hormigueando | Tienda especializada en Cr\u00eda de Hormigas\"},\"image\":{\"@id\":\"https:\/\/hormigueando.com\/#\/schema\/logo\/image\/\"}}]}<\/script>\n<!-- \/ Yoast SEO plugin. -->","yoast_head_json":{"title":"Hormiguero acr\u00edlico 15x3 PVA","description":"Hormiguero acr\u00edlico 15x3 con esponja de PVA","robots":{"index":"index","follow":"follow","max-snippet":"max-snippet:-1","max-image-preview":"max-image-preview:large","max-video-preview":"max-video-preview:-1"},"canonical":"https:\/\/hormigueando.com\/product\/h15x3-pva\/","og_locale":"en_GB","og_type":"article","og_title":"Hormiguero acr\u00edlico 15x3 PVA","og_description":"Hormiguero acr\u00edlico 15x3 con esponja de PVA","og_url":"https:\/\/hormigueando.com\/product\/h15x3-pva\/","og_site_name":"Hormigueando | Tienda especializada en Cr\u00eda de Hormigas","og_image":[{"width":1100,"height":1422,"url":"https:\/\/hormigueando.com\/wp-content\/uploads\/2020\/03\/2248-thickbox_default-Hormiguero-H15x3-PVA.jpg","type":"image\/jpeg"}],"twitter_card":"summary_large_image","twitter_misc":{"Estimated reading time":"2 minutes"},"schema":{"@context":"https:\/\/schema.org","@graph":[{"@type":"WebPage","@id":"https:\/\/hormigueando.com\/product\/h15x3-pva\/","url":"https:\/\/hormigueando.com\/product\/h15x3-pva\/","name":"Hormiguero acr\u00edlico 15x3 PVA","isPartOf":{"@id":"https:\/\/hormigueando.com\/#website"},"primaryImageOfPage":{"@id":"https:\/\/hormigueando.com\/product\/h15x3-pva\/#primaryimage"},"image":{"@id":"https:\/\/hormigueando.com\/product\/h15x3-pva\/#primaryimage"},"thumbnailUrl":"https:\/\/hormigueando.com\/wp-content\/uploads\/2020\/03\/2248-thickbox_default-Hormiguero-H15x3-PVA.jpg","datePublished":"2020-03-12T19:50:32+00:00","description":"Hormiguero acr\u00edlico 15x3 con esponja de PVA","breadcrumb":{"@id":"https:\/\/hormigueando.com\/product\/h15x3-pva\/#breadcrumb"},"inLanguage":"en-GB","potentialAction":[{"@type":"ReadAction","target":["https:\/\/hormigueando.com\/product\/h15x3-pva\/"]}]},{"@type":"ImageObject","inLanguage":"en-GB","@id":"https:\/\/hormigueando.com\/product\/h15x3-pva\/#primaryimage","url":"https:\/\/hormigueando.com\/wp-content\/uploads\/2020\/03\/2248-thickbox_default-Hormiguero-H15x3-PVA.jpg","contentUrl":"https:\/\/hormigueando.com\/wp-content\/uploads\/2020\/03\/2248-thickbox_default-Hormiguero-H15x3-PVA.jpg","width":1100,"height":1422},{"@type":"BreadcrumbList","@id":"https:\/\/hormigueando.com\/product\/h15x3-pva\/#breadcrumb","itemListElement":[{"@type":"ListItem","position":1,"name":"Portada","item":"https:\/\/hormigueando.com\/"},{"@type":"ListItem","position":2,"name":"Tienda","item":"https:\/\/hormigueando.com\/tienda\/"},{"@type":"ListItem","position":3,"name":"H15x3 PVA"}]},{"@type":"WebSite","@id":"https:\/\/hormigueando.com\/#website","url":"https:\/\/hormigueando.com\/","name":"Hormigueando | Tienda especializada en Cr\u00eda de Hormigas","description":"","publisher":{"@id":"https:\/\/hormigueando.com\/#organization"},"potentialAction":[{"@type":"SearchAction","target":{"@type":"EntryPoint","urlTemplate":"https:\/\/hormigueando.com\/?s={search_term_string}"},"query-input":{"@type":"PropertyValueSpecification","valueRequired":true,"valueName":"search_term_string"}}],"inLanguage":"en-GB"},{"@type":"Organization","@id":"https:\/\/hormigueando.com\/#organization","name":"Hormigueando | Tienda especializada en Cr\u00eda de Hormigas","url":"https:\/\/hormigueando.com\/","logo":{"@type":"ImageObject","inLanguage":"en-GB","@id":"https:\/\/hormigueando.com\/#\/schema\/logo\/image\/","url":"https:\/\/hormigueando.com\/wp-content\/uploads\/2023\/05\/logotipo_web-01.png","contentUrl":"https:\/\/hormigueando.com\/wp-content\/uploads\/2023\/05\/logotipo_web-01.png","width":233,"height":74,"caption":"Hormigueando | Tienda especializada en Cr\u00eda de Hormigas"},"image":{"@id":"https:\/\/hormigueando.com\/#\/schema\/logo\/image\/"}}]}},"jetpack_sharing_enabled":true,"_links":{"self":[{"href":"https:\/\/hormigueando.com\/en-gb\/wp-json\/wp\/v2\/product\/43868","targetHints":{"allow":["GET"]}}],"collection":[{"href":"https:\/\/hormigueando.com\/en-gb\/wp-json\/wp\/v2\/product"}],"about":[{"href":"https:\/\/hormigueando.com\/en-gb\/wp-json\/wp\/v2\/types\/product"}],"replies":[{"embeddable":true,"href":"https:\/\/hormigueando.com\/en-gb\/wp-json\/wp\/v2\/comments?post=43868"}],"wp:featuredmedia":[{"embeddable":true,"href":"https:\/\/hormigueando.com\/en-gb\/wp-json\/wp\/v2\/media\/43861"}],"wp:attachment":[{"href":"https:\/\/hormigueando.com\/en-gb\/wp-json\/wp\/v2\/media?parent=43868"}],"wp:term":[{"taxonomy":"product_brand","embeddable":true,"href":"https:\/\/hormigueando.com\/en-gb\/wp-json\/wp\/v2\/product_brand?post=43868"},{"taxonomy":"product_cat","embeddable":true,"href":"https:\/\/hormigueando.com\/en-gb\/wp-json\/wp\/v2\/product_cat?post=43868"},{"taxonomy":"product_tag","embeddable":true,"href":"https:\/\/hormigueando.com\/en-gb\/wp-json\/wp\/v2\/product_tag?post=43868"},{"taxonomy":"giftcard-category","embeddable":true,"href":"https:\/\/hormigueando.com\/en-gb\/wp-json\/wp\/v2\/giftcard-category?post=43868"}],"curies":[{"name":"wp","href":"https:\/\/api.w.org\/{rel}","templated":true}]}}