{"id":43859,"date":"2020-03-11T20:20:03","date_gmt":"2020-03-11T18:20:03","guid":{"rendered":"https:\/\/hormigueando.com\/producto\/kit-solenopsis\/"},"modified":"2020-03-11T20:20:03","modified_gmt":"2020-03-11T18:20:03","slug":"kit-solenopsis","status":"publish","type":"product","link":"https:\/\/hormigueando.com\/en-gb\/product\/kit-solenopsis\/","title":{"rendered":"Kit Solenopsis"},"content":{"rendered":"<p>Kit espec\u00edficamente dise\u00f1ado para colonias de Solenopsis.<\/p>\n<\/p>\n<p>Este kit se puede utilizar tanto para empezar la colonia desde reina o con una colonia ya con obreras. Ellas ir\u00e1n ampliando el espacio a medida que lo vayan necesitando.<\/p>\n<\/p>\n<p>El Kit consta de:<\/p>\n<p class=\"MsoNormal\">&#8211; Hormiguero 10&#215;10 esponja con altura de galer\u00edas de 0,4 cm y con conexi\u00f3n exterior de 6 mm.<\/p>\n<p>&#8211; Filtro rojo con bordes<\/p>\n<p>&#8211; 70 gramos de arena fina (introducir con cuidado en el espacio interior del hormiguero a trav\u00e9s de la zona de forrajeo)<\/p>\n<p>&#8211; Tap\u00f3n de goma para zona de humedad<\/p>\n<p>&#8211; Tap\u00f3n de goma 9&#215;6 para entrada del hormiguero<\/p>\n<\/p>\n<p><strong><span style=\"color:#d0121a;\">Importante:<\/span><\/strong><\/p>\n<p>Lavar solo con agua y jab\u00f3n. La utilizaci\u00f3n de productos abrasivos de limpieza puede provocar da\u00f1os en el hormiguero y anular la garant\u00eda del producto.<\/p>\n","protected":false},"excerpt":{"rendered":"<p>Kit espec\u00edficamente dise\u00f1ado para colonias de Solenopsis<\/p>\n<\/p>\n<p>El Kit consta de:<\/p>\n<p class=\"MsoNormal\">&#8211; Hormiguero 10&#215;10 esponja<\/p>\n<p>&#8211; Filtro rojo<\/p>\n<p>&#8211; 70 gramos de arena fina<\/p>\n<p>&#8211; Tap\u00f3n de goma para zona de humedad<\/p>\n<p>&#8211; Tap\u00f3n de goma 9&#215;6 para entrada del hormiguero<\/p>\n","protected":false},"featured_media":43856,"comment_status":"open","ping_status":"closed","template":"","meta":{"_joinchat":[]},"product_brand":[],"product_cat":[1140],"product_tag":[],"giftcard-category":[],"class_list":{"0":"post-43859","1":"product","2":"type-product","3":"status-publish","4":"has-post-thumbnail","6":"product_cat-kits-en-gb","7":"pa_4b-numerodeconexionesconelex-1-en-gb","8":"pa_61-modorellenadosistemadehum-pipetaojeringuilla-en-gb","9":"pa_composicion-metacrilato-en-gb","10":"pa_incluyecajadeforrajeo-si-en-gb","11":"pa_tamano-pequeno-en-gb","13":"first","14":"outofstock","15":"taxable","16":"shipping-taxable","17":"purchasable","18":"product-type-simple"},"yoast_head":"<!-- This site is optimized with the Yoast SEO plugin v27.4 - https:\/\/yoast.com\/product\/yoast-seo-wordpress\/ -->\n<title>Kit Solenopsis<\/title>\n<meta name=\"description\" content=\"Kit Solenopsis\" \/>\n<meta name=\"robots\" content=\"index, follow, max-snippet:-1, max-image-preview:large, max-video-preview:-1\" \/>\n<link rel=\"canonical\" href=\"https:\/\/hormigueando.com\/en-gb\/product\/kit-solenopsis\/\" \/>\n<meta property=\"og:locale\" content=\"en_GB\" \/>\n<meta property=\"og:type\" content=\"article\" \/>\n<meta property=\"og:title\" content=\"Kit Solenopsis\" \/>\n<meta property=\"og:description\" content=\"Kit Solenopsis\" \/>\n<meta property=\"og:url\" content=\"https:\/\/hormigueando.com\/en-gb\/product\/kit-solenopsis\/\" \/>\n<meta property=\"og:site_name\" content=\"Hormigueando | Tienda especializada en Cr\u00eda de Hormigas\" \/>\n<meta property=\"og:image\" content=\"https:\/\/hormigueando.com\/wp-content\/uploads\/2020\/03\/2231-thickbox_default-Kit-Solenopsis.jpg\" \/>\n\t<meta property=\"og:image:width\" content=\"1100\" \/>\n\t<meta property=\"og:image:height\" content=\"1422\" \/>\n\t<meta property=\"og:image:type\" content=\"image\/jpeg\" \/>\n<meta name=\"twitter:card\" content=\"summary_large_image\" \/>\n<meta name=\"twitter:label1\" content=\"Estimated reading time\" \/>\n\t<meta name=\"twitter:data1\" content=\"1 minute\" \/>\n<script type=\"application\/ld+json\" class=\"yoast-schema-graph\">{\"@context\":\"https:\\\/\\\/schema.org\",\"@graph\":[{\"@type\":\"WebPage\",\"@id\":\"https:\\\/\\\/hormigueando.com\\\/en-gb\\\/product\\\/kit-solenopsis\\\/\",\"url\":\"https:\\\/\\\/hormigueando.com\\\/en-gb\\\/product\\\/kit-solenopsis\\\/\",\"name\":\"Kit Solenopsis\",\"isPartOf\":{\"@id\":\"https:\\\/\\\/hormigueando.com\\\/#website\"},\"primaryImageOfPage\":{\"@id\":\"https:\\\/\\\/hormigueando.com\\\/en-gb\\\/product\\\/kit-solenopsis\\\/#primaryimage\"},\"image\":{\"@id\":\"https:\\\/\\\/hormigueando.com\\\/en-gb\\\/product\\\/kit-solenopsis\\\/#primaryimage\"},\"thumbnailUrl\":\"https:\\\/\\\/hormigueando.com\\\/wp-content\\\/uploads\\\/2020\\\/03\\\/2231-thickbox_default-Kit-Solenopsis.jpg\",\"datePublished\":\"2020-03-11T18:20:03+00:00\",\"description\":\"Kit Solenopsis\",\"breadcrumb\":{\"@id\":\"https:\\\/\\\/hormigueando.com\\\/en-gb\\\/product\\\/kit-solenopsis\\\/#breadcrumb\"},\"inLanguage\":\"en-GB\",\"potentialAction\":[{\"@type\":\"ReadAction\",\"target\":[\"https:\\\/\\\/hormigueando.com\\\/en-gb\\\/product\\\/kit-solenopsis\\\/\"]}]},{\"@type\":\"ImageObject\",\"inLanguage\":\"en-GB\",\"@id\":\"https:\\\/\\\/hormigueando.com\\\/en-gb\\\/product\\\/kit-solenopsis\\\/#primaryimage\",\"url\":\"https:\\\/\\\/hormigueando.com\\\/wp-content\\\/uploads\\\/2020\\\/03\\\/2231-thickbox_default-Kit-Solenopsis.jpg\",\"contentUrl\":\"https:\\\/\\\/hormigueando.com\\\/wp-content\\\/uploads\\\/2020\\\/03\\\/2231-thickbox_default-Kit-Solenopsis.jpg\",\"width\":1100,\"height\":1422},{\"@type\":\"BreadcrumbList\",\"@id\":\"https:\\\/\\\/hormigueando.com\\\/en-gb\\\/product\\\/kit-solenopsis\\\/#breadcrumb\",\"itemListElement\":[{\"@type\":\"ListItem\",\"position\":1,\"name\":\"Portada\",\"item\":\"https:\\\/\\\/hormigueando.com\\\/\"},{\"@type\":\"ListItem\",\"position\":2,\"name\":\"Tienda\",\"item\":\"https:\\\/\\\/hormigueando.com\\\/tienda\\\/\"},{\"@type\":\"ListItem\",\"position\":3,\"name\":\"Kit Solenopsis\"}]},{\"@type\":\"WebSite\",\"@id\":\"https:\\\/\\\/hormigueando.com\\\/#website\",\"url\":\"https:\\\/\\\/hormigueando.com\\\/\",\"name\":\"Hormigueando | Tienda especializada en Cr\u00eda de Hormigas\",\"description\":\"\",\"publisher\":{\"@id\":\"https:\\\/\\\/hormigueando.com\\\/#organization\"},\"potentialAction\":[{\"@type\":\"SearchAction\",\"target\":{\"@type\":\"EntryPoint\",\"urlTemplate\":\"https:\\\/\\\/hormigueando.com\\\/?s={search_term_string}\"},\"query-input\":{\"@type\":\"PropertyValueSpecification\",\"valueRequired\":true,\"valueName\":\"search_term_string\"}}],\"inLanguage\":\"en-GB\"},{\"@type\":\"Organization\",\"@id\":\"https:\\\/\\\/hormigueando.com\\\/#organization\",\"name\":\"Hormigueando | Tienda especializada en Cr\u00eda de Hormigas\",\"url\":\"https:\\\/\\\/hormigueando.com\\\/\",\"logo\":{\"@type\":\"ImageObject\",\"inLanguage\":\"en-GB\",\"@id\":\"https:\\\/\\\/hormigueando.com\\\/#\\\/schema\\\/logo\\\/image\\\/\",\"url\":\"https:\\\/\\\/hormigueando.com\\\/wp-content\\\/uploads\\\/2023\\\/05\\\/logotipo_web-01.png\",\"contentUrl\":\"https:\\\/\\\/hormigueando.com\\\/wp-content\\\/uploads\\\/2023\\\/05\\\/logotipo_web-01.png\",\"width\":233,\"height\":74,\"caption\":\"Hormigueando | Tienda especializada en Cr\u00eda de Hormigas\"},\"image\":{\"@id\":\"https:\\\/\\\/hormigueando.com\\\/#\\\/schema\\\/logo\\\/image\\\/\"}}]}<\/script>\n<!-- \/ Yoast SEO plugin. -->","yoast_head_json":{"title":"Kit Solenopsis","description":"Kit Solenopsis","robots":{"index":"index","follow":"follow","max-snippet":"max-snippet:-1","max-image-preview":"max-image-preview:large","max-video-preview":"max-video-preview:-1"},"canonical":"https:\/\/hormigueando.com\/en-gb\/product\/kit-solenopsis\/","og_locale":"en_GB","og_type":"article","og_title":"Kit Solenopsis","og_description":"Kit Solenopsis","og_url":"https:\/\/hormigueando.com\/en-gb\/product\/kit-solenopsis\/","og_site_name":"Hormigueando | Tienda especializada en Cr\u00eda de Hormigas","og_image":[{"width":1100,"height":1422,"url":"https:\/\/hormigueando.com\/wp-content\/uploads\/2020\/03\/2231-thickbox_default-Kit-Solenopsis.jpg","type":"image\/jpeg"}],"twitter_card":"summary_large_image","twitter_misc":{"Estimated reading time":"1 minute"},"schema":{"@context":"https:\/\/schema.org","@graph":[{"@type":"WebPage","@id":"https:\/\/hormigueando.com\/en-gb\/product\/kit-solenopsis\/","url":"https:\/\/hormigueando.com\/en-gb\/product\/kit-solenopsis\/","name":"Kit Solenopsis","isPartOf":{"@id":"https:\/\/hormigueando.com\/#website"},"primaryImageOfPage":{"@id":"https:\/\/hormigueando.com\/en-gb\/product\/kit-solenopsis\/#primaryimage"},"image":{"@id":"https:\/\/hormigueando.com\/en-gb\/product\/kit-solenopsis\/#primaryimage"},"thumbnailUrl":"https:\/\/hormigueando.com\/wp-content\/uploads\/2020\/03\/2231-thickbox_default-Kit-Solenopsis.jpg","datePublished":"2020-03-11T18:20:03+00:00","description":"Kit Solenopsis","breadcrumb":{"@id":"https:\/\/hormigueando.com\/en-gb\/product\/kit-solenopsis\/#breadcrumb"},"inLanguage":"en-GB","potentialAction":[{"@type":"ReadAction","target":["https:\/\/hormigueando.com\/en-gb\/product\/kit-solenopsis\/"]}]},{"@type":"ImageObject","inLanguage":"en-GB","@id":"https:\/\/hormigueando.com\/en-gb\/product\/kit-solenopsis\/#primaryimage","url":"https:\/\/hormigueando.com\/wp-content\/uploads\/2020\/03\/2231-thickbox_default-Kit-Solenopsis.jpg","contentUrl":"https:\/\/hormigueando.com\/wp-content\/uploads\/2020\/03\/2231-thickbox_default-Kit-Solenopsis.jpg","width":1100,"height":1422},{"@type":"BreadcrumbList","@id":"https:\/\/hormigueando.com\/en-gb\/product\/kit-solenopsis\/#breadcrumb","itemListElement":[{"@type":"ListItem","position":1,"name":"Portada","item":"https:\/\/hormigueando.com\/"},{"@type":"ListItem","position":2,"name":"Tienda","item":"https:\/\/hormigueando.com\/tienda\/"},{"@type":"ListItem","position":3,"name":"Kit Solenopsis"}]},{"@type":"WebSite","@id":"https:\/\/hormigueando.com\/#website","url":"https:\/\/hormigueando.com\/","name":"Hormigueando | Tienda especializada en Cr\u00eda de Hormigas","description":"","publisher":{"@id":"https:\/\/hormigueando.com\/#organization"},"potentialAction":[{"@type":"SearchAction","target":{"@type":"EntryPoint","urlTemplate":"https:\/\/hormigueando.com\/?s={search_term_string}"},"query-input":{"@type":"PropertyValueSpecification","valueRequired":true,"valueName":"search_term_string"}}],"inLanguage":"en-GB"},{"@type":"Organization","@id":"https:\/\/hormigueando.com\/#organization","name":"Hormigueando | Tienda especializada en Cr\u00eda de Hormigas","url":"https:\/\/hormigueando.com\/","logo":{"@type":"ImageObject","inLanguage":"en-GB","@id":"https:\/\/hormigueando.com\/#\/schema\/logo\/image\/","url":"https:\/\/hormigueando.com\/wp-content\/uploads\/2023\/05\/logotipo_web-01.png","contentUrl":"https:\/\/hormigueando.com\/wp-content\/uploads\/2023\/05\/logotipo_web-01.png","width":233,"height":74,"caption":"Hormigueando | Tienda especializada en Cr\u00eda de Hormigas"},"image":{"@id":"https:\/\/hormigueando.com\/#\/schema\/logo\/image\/"}}]}},"jetpack_sharing_enabled":true,"_links":{"self":[{"href":"https:\/\/hormigueando.com\/en-gb\/wp-json\/wp\/v2\/product\/43859","targetHints":{"allow":["GET"]}}],"collection":[{"href":"https:\/\/hormigueando.com\/en-gb\/wp-json\/wp\/v2\/product"}],"about":[{"href":"https:\/\/hormigueando.com\/en-gb\/wp-json\/wp\/v2\/types\/product"}],"replies":[{"embeddable":true,"href":"https:\/\/hormigueando.com\/en-gb\/wp-json\/wp\/v2\/comments?post=43859"}],"wp:featuredmedia":[{"embeddable":true,"href":"https:\/\/hormigueando.com\/en-gb\/wp-json\/wp\/v2\/media\/43856"}],"wp:attachment":[{"href":"https:\/\/hormigueando.com\/en-gb\/wp-json\/wp\/v2\/media?parent=43859"}],"wp:term":[{"taxonomy":"product_brand","embeddable":true,"href":"https:\/\/hormigueando.com\/en-gb\/wp-json\/wp\/v2\/product_brand?post=43859"},{"taxonomy":"product_cat","embeddable":true,"href":"https:\/\/hormigueando.com\/en-gb\/wp-json\/wp\/v2\/product_cat?post=43859"},{"taxonomy":"product_tag","embeddable":true,"href":"https:\/\/hormigueando.com\/en-gb\/wp-json\/wp\/v2\/product_tag?post=43859"},{"taxonomy":"giftcard-category","embeddable":true,"href":"https:\/\/hormigueando.com\/en-gb\/wp-json\/wp\/v2\/giftcard-category?post=43859"}],"curies":[{"name":"wp","href":"https:\/\/api.w.org\/{rel}","templated":true}]}}