{"id":43771,"date":"2024-09-06T18:52:04","date_gmt":"2024-09-06T16:52:04","guid":{"rendered":"https:\/\/hormigueando.com\/?post_type=product&#038;p=43771"},"modified":"2025-07-22T16:44:22","modified_gmt":"2025-07-22T14:44:22","slug":"reina-messor-capitatus","status":"publish","type":"product","link":"https:\/\/hormigueando.com\/en-gb\/product\/reina-messor-capitatus\/","title":{"rendered":"Reina Messor capitatus"},"content":{"rendered":"<p>Reina Messor capitatus<\/p>\n<\/p>\n<p><strong><span style=\"color:#d0121a;\">Atenci\u00f3n:<\/span><\/strong> solo se env\u00eda una reina o colonia por pedido. Las hormigas son <strong>GRATIS<\/strong>, solo hay que pagar los gastos de env\u00edo.<\/p>\n<\/p>\n<p>Muy parecida a Messor barbarus tanto en forma, tama\u00f1o y requerimientos, su cr\u00eda en cautividad es sencilla y puede ser una de las especies m\u00e1s recomendadas para principiantes. En la naturaleza se alimenta principalmente de semillas, que puede recolectar individualmente o en grupo. Si la fuente de alimento encontrada contiene varias semillas, la exploradora volver\u00e1 al nido e indicar\u00e1 mediante un rastro qu\u00edmico y ciertos movimientos (toquecitos, vibraciones) y que ha encontrado algo chulo e interesante para el resto, y sus compa\u00f1eras no dudar\u00e1n en seguirla hasta la fuente de comida, pudiendo formar largas hileras para transportar todas las semillas recolectadas. <\/p>\n<\/p>\n<p>La reina pondr\u00e1 normalmente sus primeros huevos en torno a febrero-marzo. El tiempo de huevo a hormiga es variable seg\u00fan la temperatura, pero normalmente puede tardar en torno a 3 meses en completar su desarrollo.<\/p>\n<\/p>\n<p>Tama\u00f1o:<\/p>\n<p>Reina: 1,3 cm<\/p>\n<p>Macho: 0,8 cm<\/p>\n<p>Obrera:\u00a0 0,4 cm \u2013 1,2 cm<\/p>\n<\/p>\n<p>La reina se env\u00eda en un tubo de ensayo con agua. Pueden vivir en el tubo hasta que se seque el agua del fondo, momento en el que habr\u00e1 que trasladarla a otro tubo preparado de la misma forma. Las reinas de Messor barbarus no necesitan ser alimentadas en los mometos iniciales. Tienen reservas para un a\u00f1o aproximadamente. Con estas reservas pondr\u00e1n los primeros huevos y una vez salgan las primeras obreras (llamadas nurses, m\u00e1s peque\u00f1as y d\u00e9biles de lo normal) ser\u00e1n \u00e9stas las que se encarguen de alimentar a la reina. Este momento es cr\u00edtico para las colonias, ya que de la supervivencia de las nurses depender\u00e1 la supervivencia de la reina, que se encontrar\u00e1 ya muy d\u00e9bil al haber consumido sus reservas para sacar adelante la primera generaci\u00f3n de obreras.<\/p>\n<p>Aparte de semillas, aceptar\u00e1n peque\u00f1os insectos, l\u00edquidos dulces, gammarus, pat\u00e9&#8230;siendo los alimentos ricos en prote\u00ednas importantes para el desarollo de los huevos y larvas.<\/p>\n<p>Se trata de una especie que no practica trofalaxis, por lo que no cuentan con un est\u00f3mago social apto para almacenar grandes cantidades de comida. Esta faceta la han sustituido por la habilidad para crear graneros con grandes cantidades de semillas para mantener siempre una fuente de alimento a mano. Estas semillas las transforman mediante su saliva en el denominado &#8220;pan de hormiga&#8221;, que servir\u00e1 ya de alimento para la colonia.<\/p>\n<p>Sus colonias son muy numerosas, pudiendo alcanzar decenas de miles de individuos.<\/p>\n<\/p>\n<p>Recomendamos visitar nuestra <a href=\"https:\/\/hormigueando.com\/content\/9-fichas-de-cria\" class=\"btn btn-default\">Ficha de cr\u00eda<\/a> para m\u00e1s informaci\u00f3n sobre la cr\u00eda de esta especie.<\/p><\/p>\n","protected":false},"excerpt":{"rendered":"<p>Reina Messor capitatus<\/p>\n","protected":false},"featured_media":43770,"comment_status":"open","ping_status":"closed","template":"","meta":{"_joinchat":[]},"product_brand":[],"product_cat":[1092],"product_tag":[],"giftcard-category":[],"class_list":{"0":"post-43771","1":"product","2":"type-product","3":"status-publish","4":"has-post-thumbnail","6":"product_cat-hormigas-en-gb","8":"first","9":"outofstock","10":"taxable","11":"shipping-taxable","12":"purchasable","13":"product-type-simple"},"yoast_head":"<!-- This site is optimized with the Yoast SEO plugin v27.1.1 - https:\/\/yoast.com\/product\/yoast-seo-wordpress\/ -->\n<title>Reina Messor capitatus<\/title>\n<meta name=\"description\" content=\"Reina Messor capitatus\" \/>\n<meta name=\"robots\" content=\"index, follow, max-snippet:-1, max-image-preview:large, max-video-preview:-1\" \/>\n<link rel=\"canonical\" href=\"https:\/\/hormigueando.com\/en-gb\/product\/reina-messor-capitatus\/\" \/>\n<meta property=\"og:locale\" content=\"en_GB\" \/>\n<meta property=\"og:type\" content=\"article\" \/>\n<meta property=\"og:title\" content=\"Reina Messor capitatus\" \/>\n<meta property=\"og:description\" content=\"Reina Messor capitatus\" \/>\n<meta property=\"og:url\" content=\"https:\/\/hormigueando.com\/en-gb\/product\/reina-messor-capitatus\/\" \/>\n<meta property=\"og:site_name\" content=\"Hormigueando | Tienda especializada en Cr\u00eda de Hormigas\" \/>\n<meta property=\"article:modified_time\" content=\"2025-07-22T14:44:22+00:00\" \/>\n<meta property=\"og:image\" content=\"https:\/\/hormigueando.com\/wp-content\/uploads\/2020\/01\/2155-thickbox_default-Reina-Messor-capitatus.jpg\" \/>\n\t<meta property=\"og:image:width\" content=\"1100\" \/>\n\t<meta property=\"og:image:height\" content=\"1422\" \/>\n\t<meta property=\"og:image:type\" content=\"image\/jpeg\" \/>\n<meta name=\"twitter:card\" content=\"summary_large_image\" \/>\n<meta name=\"twitter:label1\" content=\"Estimated reading time\" \/>\n\t<meta name=\"twitter:data1\" content=\"2 minutes\" \/>\n<script type=\"application\/ld+json\" class=\"yoast-schema-graph\">{\"@context\":\"https:\/\/schema.org\",\"@graph\":[{\"@type\":\"WebPage\",\"@id\":\"https:\/\/hormigueando.com\/en-gb\/product\/reina-messor-capitatus\/\",\"url\":\"https:\/\/hormigueando.com\/en-gb\/product\/reina-messor-capitatus\/\",\"name\":\"Reina Messor capitatus\",\"isPartOf\":{\"@id\":\"https:\/\/hormigueando.com\/#website\"},\"primaryImageOfPage\":{\"@id\":\"https:\/\/hormigueando.com\/en-gb\/product\/reina-messor-capitatus\/#primaryimage\"},\"image\":{\"@id\":\"https:\/\/hormigueando.com\/en-gb\/product\/reina-messor-capitatus\/#primaryimage\"},\"thumbnailUrl\":\"https:\/\/hormigueando.com\/wp-content\/uploads\/2020\/01\/2155-thickbox_default-Reina-Messor-capitatus.jpg\",\"datePublished\":\"2024-09-06T16:52:04+00:00\",\"dateModified\":\"2025-07-22T14:44:22+00:00\",\"description\":\"Reina Messor capitatus\",\"breadcrumb\":{\"@id\":\"https:\/\/hormigueando.com\/en-gb\/product\/reina-messor-capitatus\/#breadcrumb\"},\"inLanguage\":\"en-GB\",\"potentialAction\":[{\"@type\":\"ReadAction\",\"target\":[\"https:\/\/hormigueando.com\/en-gb\/product\/reina-messor-capitatus\/\"]}]},{\"@type\":\"ImageObject\",\"inLanguage\":\"en-GB\",\"@id\":\"https:\/\/hormigueando.com\/en-gb\/product\/reina-messor-capitatus\/#primaryimage\",\"url\":\"https:\/\/hormigueando.com\/wp-content\/uploads\/2020\/01\/2155-thickbox_default-Reina-Messor-capitatus.jpg\",\"contentUrl\":\"https:\/\/hormigueando.com\/wp-content\/uploads\/2020\/01\/2155-thickbox_default-Reina-Messor-capitatus.jpg\",\"width\":1100,\"height\":1422},{\"@type\":\"BreadcrumbList\",\"@id\":\"https:\/\/hormigueando.com\/en-gb\/product\/reina-messor-capitatus\/#breadcrumb\",\"itemListElement\":[{\"@type\":\"ListItem\",\"position\":1,\"name\":\"Portada\",\"item\":\"https:\/\/hormigueando.com\/\"},{\"@type\":\"ListItem\",\"position\":2,\"name\":\"Tienda\",\"item\":\"https:\/\/hormigueando.com\/tienda\/\"},{\"@type\":\"ListItem\",\"position\":3,\"name\":\"Reina Messor capitatus\"}]},{\"@type\":\"WebSite\",\"@id\":\"https:\/\/hormigueando.com\/#website\",\"url\":\"https:\/\/hormigueando.com\/\",\"name\":\"Hormigueando | Tienda especializada en Cr\u00eda de Hormigas\",\"description\":\"\",\"publisher\":{\"@id\":\"https:\/\/hormigueando.com\/#organization\"},\"potentialAction\":[{\"@type\":\"SearchAction\",\"target\":{\"@type\":\"EntryPoint\",\"urlTemplate\":\"https:\/\/hormigueando.com\/?s={search_term_string}\"},\"query-input\":{\"@type\":\"PropertyValueSpecification\",\"valueRequired\":true,\"valueName\":\"search_term_string\"}}],\"inLanguage\":\"en-GB\"},{\"@type\":\"Organization\",\"@id\":\"https:\/\/hormigueando.com\/#organization\",\"name\":\"Hormigueando | Tienda especializada en Cr\u00eda de Hormigas\",\"url\":\"https:\/\/hormigueando.com\/\",\"logo\":{\"@type\":\"ImageObject\",\"inLanguage\":\"en-GB\",\"@id\":\"https:\/\/hormigueando.com\/#\/schema\/logo\/image\/\",\"url\":\"https:\/\/hormigueando.com\/wp-content\/uploads\/2023\/05\/logotipo_web-01.png\",\"contentUrl\":\"https:\/\/hormigueando.com\/wp-content\/uploads\/2023\/05\/logotipo_web-01.png\",\"width\":233,\"height\":74,\"caption\":\"Hormigueando | Tienda especializada en Cr\u00eda de Hormigas\"},\"image\":{\"@id\":\"https:\/\/hormigueando.com\/#\/schema\/logo\/image\/\"}}]}<\/script>\n<!-- \/ Yoast SEO plugin. -->","yoast_head_json":{"title":"Reina Messor capitatus","description":"Reina Messor capitatus","robots":{"index":"index","follow":"follow","max-snippet":"max-snippet:-1","max-image-preview":"max-image-preview:large","max-video-preview":"max-video-preview:-1"},"canonical":"https:\/\/hormigueando.com\/en-gb\/product\/reina-messor-capitatus\/","og_locale":"en_GB","og_type":"article","og_title":"Reina Messor capitatus","og_description":"Reina Messor capitatus","og_url":"https:\/\/hormigueando.com\/en-gb\/product\/reina-messor-capitatus\/","og_site_name":"Hormigueando | Tienda especializada en Cr\u00eda de Hormigas","article_modified_time":"2025-07-22T14:44:22+00:00","og_image":[{"width":1100,"height":1422,"url":"https:\/\/hormigueando.com\/wp-content\/uploads\/2020\/01\/2155-thickbox_default-Reina-Messor-capitatus.jpg","type":"image\/jpeg"}],"twitter_card":"summary_large_image","twitter_misc":{"Estimated reading time":"2 minutes"},"schema":{"@context":"https:\/\/schema.org","@graph":[{"@type":"WebPage","@id":"https:\/\/hormigueando.com\/en-gb\/product\/reina-messor-capitatus\/","url":"https:\/\/hormigueando.com\/en-gb\/product\/reina-messor-capitatus\/","name":"Reina Messor capitatus","isPartOf":{"@id":"https:\/\/hormigueando.com\/#website"},"primaryImageOfPage":{"@id":"https:\/\/hormigueando.com\/en-gb\/product\/reina-messor-capitatus\/#primaryimage"},"image":{"@id":"https:\/\/hormigueando.com\/en-gb\/product\/reina-messor-capitatus\/#primaryimage"},"thumbnailUrl":"https:\/\/hormigueando.com\/wp-content\/uploads\/2020\/01\/2155-thickbox_default-Reina-Messor-capitatus.jpg","datePublished":"2024-09-06T16:52:04+00:00","dateModified":"2025-07-22T14:44:22+00:00","description":"Reina Messor capitatus","breadcrumb":{"@id":"https:\/\/hormigueando.com\/en-gb\/product\/reina-messor-capitatus\/#breadcrumb"},"inLanguage":"en-GB","potentialAction":[{"@type":"ReadAction","target":["https:\/\/hormigueando.com\/en-gb\/product\/reina-messor-capitatus\/"]}]},{"@type":"ImageObject","inLanguage":"en-GB","@id":"https:\/\/hormigueando.com\/en-gb\/product\/reina-messor-capitatus\/#primaryimage","url":"https:\/\/hormigueando.com\/wp-content\/uploads\/2020\/01\/2155-thickbox_default-Reina-Messor-capitatus.jpg","contentUrl":"https:\/\/hormigueando.com\/wp-content\/uploads\/2020\/01\/2155-thickbox_default-Reina-Messor-capitatus.jpg","width":1100,"height":1422},{"@type":"BreadcrumbList","@id":"https:\/\/hormigueando.com\/en-gb\/product\/reina-messor-capitatus\/#breadcrumb","itemListElement":[{"@type":"ListItem","position":1,"name":"Portada","item":"https:\/\/hormigueando.com\/"},{"@type":"ListItem","position":2,"name":"Tienda","item":"https:\/\/hormigueando.com\/tienda\/"},{"@type":"ListItem","position":3,"name":"Reina Messor capitatus"}]},{"@type":"WebSite","@id":"https:\/\/hormigueando.com\/#website","url":"https:\/\/hormigueando.com\/","name":"Hormigueando | Tienda especializada en Cr\u00eda de Hormigas","description":"","publisher":{"@id":"https:\/\/hormigueando.com\/#organization"},"potentialAction":[{"@type":"SearchAction","target":{"@type":"EntryPoint","urlTemplate":"https:\/\/hormigueando.com\/?s={search_term_string}"},"query-input":{"@type":"PropertyValueSpecification","valueRequired":true,"valueName":"search_term_string"}}],"inLanguage":"en-GB"},{"@type":"Organization","@id":"https:\/\/hormigueando.com\/#organization","name":"Hormigueando | Tienda especializada en Cr\u00eda de Hormigas","url":"https:\/\/hormigueando.com\/","logo":{"@type":"ImageObject","inLanguage":"en-GB","@id":"https:\/\/hormigueando.com\/#\/schema\/logo\/image\/","url":"https:\/\/hormigueando.com\/wp-content\/uploads\/2023\/05\/logotipo_web-01.png","contentUrl":"https:\/\/hormigueando.com\/wp-content\/uploads\/2023\/05\/logotipo_web-01.png","width":233,"height":74,"caption":"Hormigueando | Tienda especializada en Cr\u00eda de Hormigas"},"image":{"@id":"https:\/\/hormigueando.com\/#\/schema\/logo\/image\/"}}]}},"jetpack_sharing_enabled":true,"_links":{"self":[{"href":"https:\/\/hormigueando.com\/en-gb\/wp-json\/wp\/v2\/product\/43771","targetHints":{"allow":["GET"]}}],"collection":[{"href":"https:\/\/hormigueando.com\/en-gb\/wp-json\/wp\/v2\/product"}],"about":[{"href":"https:\/\/hormigueando.com\/en-gb\/wp-json\/wp\/v2\/types\/product"}],"replies":[{"embeddable":true,"href":"https:\/\/hormigueando.com\/en-gb\/wp-json\/wp\/v2\/comments?post=43771"}],"wp:featuredmedia":[{"embeddable":true,"href":"https:\/\/hormigueando.com\/en-gb\/wp-json\/wp\/v2\/media\/43770"}],"wp:attachment":[{"href":"https:\/\/hormigueando.com\/en-gb\/wp-json\/wp\/v2\/media?parent=43771"}],"wp:term":[{"taxonomy":"product_brand","embeddable":true,"href":"https:\/\/hormigueando.com\/en-gb\/wp-json\/wp\/v2\/product_brand?post=43771"},{"taxonomy":"product_cat","embeddable":true,"href":"https:\/\/hormigueando.com\/en-gb\/wp-json\/wp\/v2\/product_cat?post=43771"},{"taxonomy":"product_tag","embeddable":true,"href":"https:\/\/hormigueando.com\/en-gb\/wp-json\/wp\/v2\/product_tag?post=43771"},{"taxonomy":"giftcard-category","embeddable":true,"href":"https:\/\/hormigueando.com\/en-gb\/wp-json\/wp\/v2\/giftcard-category?post=43771"}],"curies":[{"name":"wp","href":"https:\/\/api.w.org\/{rel}","templated":true}]}}