{"id":43756,"date":"2019-12-27T13:49:03","date_gmt":"2019-12-27T11:49:03","guid":{"rendered":"https:\/\/hormigueando.com\/producto\/kit-temnothorax-sp\/"},"modified":"2024-10-24T18:06:36","modified_gmt":"2024-10-24T16:06:36","slug":"kit-temnothorax-sp","status":"publish","type":"product","link":"https:\/\/hormigueando.com\/en-gb\/product\/kit-temnothorax-sp\/","title":{"rendered":"Kit Temnothorax SP (colonia incluida)"},"content":{"rendered":"<p>Kit espec\u00edficamente dise\u00f1ado para empezar con una colonia de Temonothorax SP<\/p>\n<\/p>\n<p>El Kit consta de:<\/p>\n<p class=\"MsoNormal\">&#8211; Hormiguero acr\u00edlico de 16&#215;8 con altura de las galer\u00edas de 0,8 cm de corcho y amplia caja de forrajeo, dise\u00f1ado espec\u00edficamente para las especies m\u00e1s peque\u00f1as y arbor\u00edcolas.<\/p>\n<p>&#8211; Filtro rojo<\/p>\n<p>&#8211; Colonia Temonothorax sp<\/p>\n<p>&#8211; Bandeja de alimentaci\u00f3n de 19\/14 mm<\/p>\n<p>&#8211; Pinzas de fibra de carbono<\/p>\n<p>&#8211; Bebedero micro<\/p>\n<p>&#8211; 10 ml de Jarabe prote\u00ednico<\/p>\n<p>&#8211; 10 ml de antifugas<\/p>\n<p>&#8211; Lupa LED 40X<\/p>\n<\/p>\n<p><strong><span style=\"color:#d0121a;\">Importante:<\/span><\/strong><\/p>\n<p>Lavar solo con agua y jab\u00f3n. La utilizaci\u00f3n de productos abrasivos de limpieza puede provocar da\u00f1os en el hormiguero y anular la garant\u00eda del producto.<\/p>\n","protected":false},"excerpt":{"rendered":"<p>Kit espec\u00edficamente dise\u00f1ado para empezar con una colonia de Temonothorax SP<\/p>\n<\/p>\n<p>El Kit consta de:<\/p>\n<p class=\"MsoNormal\">&#8211; Hormiguero acr\u00edlico de 16&#215;8 con altura de las galer\u00edas de 0,8 cm de corcho y amplia caja de forrajeo, dise\u00f1ado espec\u00edficamente para las especies m\u00e1s peque\u00f1as y arbor\u00edcolas.<\/p>\n<p>&#8211; Filtro rojo<\/p>\n<p>&#8211; Colonia Temonothorax sp<\/p>\n<p>&#8211; Bandeja de alimentaci\u00f3n de 19\/14 mm<\/p>\n<p>&#8211; Pinzas de fibra de carbono<\/p>\n<p>&#8211; Bebedero micro<\/p>\n<p>&#8211; 10 ml de Jarabe prote\u00ednico<\/p>\n<p>&#8211; 10 ml de antifugas<\/p>\n<p>&#8211; Lupa LED 40X<\/p><\/p>\n","protected":false},"featured_media":43755,"comment_status":"open","ping_status":"closed","template":"","meta":{"_joinchat":[]},"product_brand":[],"product_cat":[1140,1090],"product_tag":[],"giftcard-category":[],"class_list":{"0":"post-43756","1":"product","2":"type-product","3":"status-publish","4":"has-post-thumbnail","6":"product_cat-kits-en-gb","7":"product_cat-offers-en-gb","8":"pa_4b-numerodeconexionesconelex-2-en-gb","9":"pa_color-black-en-gb","10":"pa_composicion-metacrilato-en-gb","11":"pa_incluyecajadeforrajeo-si-en-gb","12":"pa_serie-antmeta-en-gb","13":"pa_tamano-pequeno-en-gb","15":"first","16":"outofstock","17":"taxable","18":"shipping-taxable","19":"purchasable","20":"product-type-simple"},"yoast_head":"<!-- This site is optimized with the Yoast SEO plugin v27.1.1 - https:\/\/yoast.com\/product\/yoast-seo-wordpress\/ -->\n<title>Kit Temnothorax SP<\/title>\n<meta name=\"description\" content=\"Kit Temnothorax SP\" \/>\n<meta name=\"robots\" content=\"index, follow, max-snippet:-1, max-image-preview:large, max-video-preview:-1\" \/>\n<link rel=\"canonical\" href=\"https:\/\/hormigueando.com\/en-gb\/product\/kit-temnothorax-sp\/\" \/>\n<meta property=\"og:locale\" content=\"en_GB\" \/>\n<meta property=\"og:type\" content=\"article\" \/>\n<meta property=\"og:title\" content=\"Kit Temnothorax SP\" \/>\n<meta property=\"og:description\" content=\"Kit Temnothorax SP\" \/>\n<meta property=\"og:url\" content=\"https:\/\/hormigueando.com\/en-gb\/product\/kit-temnothorax-sp\/\" \/>\n<meta property=\"og:site_name\" content=\"Hormigueando | Tienda especializada en Cr\u00eda de Hormigas\" \/>\n<meta property=\"article:modified_time\" content=\"2024-10-24T16:06:36+00:00\" \/>\n<meta property=\"og:image\" content=\"https:\/\/hormigueando.com\/wp-content\/uploads\/2019\/12\/2130-thickbox_default-Kit-Temnothorax-SP-colonia-incluida.jpg\" \/>\n\t<meta property=\"og:image:width\" content=\"1100\" \/>\n\t<meta property=\"og:image:height\" content=\"1422\" \/>\n\t<meta property=\"og:image:type\" content=\"image\/jpeg\" \/>\n<meta name=\"twitter:card\" content=\"summary_large_image\" \/>\n<meta name=\"twitter:label1\" content=\"Estimated reading time\" \/>\n\t<meta name=\"twitter:data1\" content=\"1 minute\" \/>\n<script type=\"application\/ld+json\" class=\"yoast-schema-graph\">{\"@context\":\"https:\/\/schema.org\",\"@graph\":[{\"@type\":\"WebPage\",\"@id\":\"https:\/\/hormigueando.com\/en-gb\/product\/kit-temnothorax-sp\/\",\"url\":\"https:\/\/hormigueando.com\/en-gb\/product\/kit-temnothorax-sp\/\",\"name\":\"Kit Temnothorax SP\",\"isPartOf\":{\"@id\":\"https:\/\/hormigueando.com\/#website\"},\"primaryImageOfPage\":{\"@id\":\"https:\/\/hormigueando.com\/en-gb\/product\/kit-temnothorax-sp\/#primaryimage\"},\"image\":{\"@id\":\"https:\/\/hormigueando.com\/en-gb\/product\/kit-temnothorax-sp\/#primaryimage\"},\"thumbnailUrl\":\"https:\/\/hormigueando.com\/wp-content\/uploads\/2019\/12\/2130-thickbox_default-Kit-Temnothorax-SP-colonia-incluida.jpg\",\"datePublished\":\"2019-12-27T11:49:03+00:00\",\"dateModified\":\"2024-10-24T16:06:36+00:00\",\"description\":\"Kit Temnothorax SP\",\"breadcrumb\":{\"@id\":\"https:\/\/hormigueando.com\/en-gb\/product\/kit-temnothorax-sp\/#breadcrumb\"},\"inLanguage\":\"en-GB\",\"potentialAction\":[{\"@type\":\"ReadAction\",\"target\":[\"https:\/\/hormigueando.com\/en-gb\/product\/kit-temnothorax-sp\/\"]}]},{\"@type\":\"ImageObject\",\"inLanguage\":\"en-GB\",\"@id\":\"https:\/\/hormigueando.com\/en-gb\/product\/kit-temnothorax-sp\/#primaryimage\",\"url\":\"https:\/\/hormigueando.com\/wp-content\/uploads\/2019\/12\/2130-thickbox_default-Kit-Temnothorax-SP-colonia-incluida.jpg\",\"contentUrl\":\"https:\/\/hormigueando.com\/wp-content\/uploads\/2019\/12\/2130-thickbox_default-Kit-Temnothorax-SP-colonia-incluida.jpg\",\"width\":1100,\"height\":1422},{\"@type\":\"BreadcrumbList\",\"@id\":\"https:\/\/hormigueando.com\/en-gb\/product\/kit-temnothorax-sp\/#breadcrumb\",\"itemListElement\":[{\"@type\":\"ListItem\",\"position\":1,\"name\":\"Portada\",\"item\":\"https:\/\/hormigueando.com\/\"},{\"@type\":\"ListItem\",\"position\":2,\"name\":\"Tienda\",\"item\":\"https:\/\/hormigueando.com\/tienda\/\"},{\"@type\":\"ListItem\",\"position\":3,\"name\":\"Kit Temnothorax SP (colonia incluida)\"}]},{\"@type\":\"WebSite\",\"@id\":\"https:\/\/hormigueando.com\/#website\",\"url\":\"https:\/\/hormigueando.com\/\",\"name\":\"Hormigueando | Tienda especializada en Cr\u00eda de Hormigas\",\"description\":\"\",\"publisher\":{\"@id\":\"https:\/\/hormigueando.com\/#organization\"},\"potentialAction\":[{\"@type\":\"SearchAction\",\"target\":{\"@type\":\"EntryPoint\",\"urlTemplate\":\"https:\/\/hormigueando.com\/?s={search_term_string}\"},\"query-input\":{\"@type\":\"PropertyValueSpecification\",\"valueRequired\":true,\"valueName\":\"search_term_string\"}}],\"inLanguage\":\"en-GB\"},{\"@type\":\"Organization\",\"@id\":\"https:\/\/hormigueando.com\/#organization\",\"name\":\"Hormigueando | Tienda especializada en Cr\u00eda de Hormigas\",\"url\":\"https:\/\/hormigueando.com\/\",\"logo\":{\"@type\":\"ImageObject\",\"inLanguage\":\"en-GB\",\"@id\":\"https:\/\/hormigueando.com\/#\/schema\/logo\/image\/\",\"url\":\"https:\/\/hormigueando.com\/wp-content\/uploads\/2023\/05\/logotipo_web-01.png\",\"contentUrl\":\"https:\/\/hormigueando.com\/wp-content\/uploads\/2023\/05\/logotipo_web-01.png\",\"width\":233,\"height\":74,\"caption\":\"Hormigueando | Tienda especializada en Cr\u00eda de Hormigas\"},\"image\":{\"@id\":\"https:\/\/hormigueando.com\/#\/schema\/logo\/image\/\"}}]}<\/script>\n<!-- \/ Yoast SEO plugin. -->","yoast_head_json":{"title":"Kit Temnothorax SP","description":"Kit Temnothorax SP","robots":{"index":"index","follow":"follow","max-snippet":"max-snippet:-1","max-image-preview":"max-image-preview:large","max-video-preview":"max-video-preview:-1"},"canonical":"https:\/\/hormigueando.com\/en-gb\/product\/kit-temnothorax-sp\/","og_locale":"en_GB","og_type":"article","og_title":"Kit Temnothorax SP","og_description":"Kit Temnothorax SP","og_url":"https:\/\/hormigueando.com\/en-gb\/product\/kit-temnothorax-sp\/","og_site_name":"Hormigueando | Tienda especializada en Cr\u00eda de Hormigas","article_modified_time":"2024-10-24T16:06:36+00:00","og_image":[{"width":1100,"height":1422,"url":"https:\/\/hormigueando.com\/wp-content\/uploads\/2019\/12\/2130-thickbox_default-Kit-Temnothorax-SP-colonia-incluida.jpg","type":"image\/jpeg"}],"twitter_card":"summary_large_image","twitter_misc":{"Estimated reading time":"1 minute"},"schema":{"@context":"https:\/\/schema.org","@graph":[{"@type":"WebPage","@id":"https:\/\/hormigueando.com\/en-gb\/product\/kit-temnothorax-sp\/","url":"https:\/\/hormigueando.com\/en-gb\/product\/kit-temnothorax-sp\/","name":"Kit Temnothorax SP","isPartOf":{"@id":"https:\/\/hormigueando.com\/#website"},"primaryImageOfPage":{"@id":"https:\/\/hormigueando.com\/en-gb\/product\/kit-temnothorax-sp\/#primaryimage"},"image":{"@id":"https:\/\/hormigueando.com\/en-gb\/product\/kit-temnothorax-sp\/#primaryimage"},"thumbnailUrl":"https:\/\/hormigueando.com\/wp-content\/uploads\/2019\/12\/2130-thickbox_default-Kit-Temnothorax-SP-colonia-incluida.jpg","datePublished":"2019-12-27T11:49:03+00:00","dateModified":"2024-10-24T16:06:36+00:00","description":"Kit Temnothorax SP","breadcrumb":{"@id":"https:\/\/hormigueando.com\/en-gb\/product\/kit-temnothorax-sp\/#breadcrumb"},"inLanguage":"en-GB","potentialAction":[{"@type":"ReadAction","target":["https:\/\/hormigueando.com\/en-gb\/product\/kit-temnothorax-sp\/"]}]},{"@type":"ImageObject","inLanguage":"en-GB","@id":"https:\/\/hormigueando.com\/en-gb\/product\/kit-temnothorax-sp\/#primaryimage","url":"https:\/\/hormigueando.com\/wp-content\/uploads\/2019\/12\/2130-thickbox_default-Kit-Temnothorax-SP-colonia-incluida.jpg","contentUrl":"https:\/\/hormigueando.com\/wp-content\/uploads\/2019\/12\/2130-thickbox_default-Kit-Temnothorax-SP-colonia-incluida.jpg","width":1100,"height":1422},{"@type":"BreadcrumbList","@id":"https:\/\/hormigueando.com\/en-gb\/product\/kit-temnothorax-sp\/#breadcrumb","itemListElement":[{"@type":"ListItem","position":1,"name":"Portada","item":"https:\/\/hormigueando.com\/"},{"@type":"ListItem","position":2,"name":"Tienda","item":"https:\/\/hormigueando.com\/tienda\/"},{"@type":"ListItem","position":3,"name":"Kit Temnothorax SP (colonia incluida)"}]},{"@type":"WebSite","@id":"https:\/\/hormigueando.com\/#website","url":"https:\/\/hormigueando.com\/","name":"Hormigueando | Tienda especializada en Cr\u00eda de Hormigas","description":"","publisher":{"@id":"https:\/\/hormigueando.com\/#organization"},"potentialAction":[{"@type":"SearchAction","target":{"@type":"EntryPoint","urlTemplate":"https:\/\/hormigueando.com\/?s={search_term_string}"},"query-input":{"@type":"PropertyValueSpecification","valueRequired":true,"valueName":"search_term_string"}}],"inLanguage":"en-GB"},{"@type":"Organization","@id":"https:\/\/hormigueando.com\/#organization","name":"Hormigueando | Tienda especializada en Cr\u00eda de Hormigas","url":"https:\/\/hormigueando.com\/","logo":{"@type":"ImageObject","inLanguage":"en-GB","@id":"https:\/\/hormigueando.com\/#\/schema\/logo\/image\/","url":"https:\/\/hormigueando.com\/wp-content\/uploads\/2023\/05\/logotipo_web-01.png","contentUrl":"https:\/\/hormigueando.com\/wp-content\/uploads\/2023\/05\/logotipo_web-01.png","width":233,"height":74,"caption":"Hormigueando | Tienda especializada en Cr\u00eda de Hormigas"},"image":{"@id":"https:\/\/hormigueando.com\/#\/schema\/logo\/image\/"}}]}},"jetpack_sharing_enabled":true,"_links":{"self":[{"href":"https:\/\/hormigueando.com\/en-gb\/wp-json\/wp\/v2\/product\/43756","targetHints":{"allow":["GET"]}}],"collection":[{"href":"https:\/\/hormigueando.com\/en-gb\/wp-json\/wp\/v2\/product"}],"about":[{"href":"https:\/\/hormigueando.com\/en-gb\/wp-json\/wp\/v2\/types\/product"}],"replies":[{"embeddable":true,"href":"https:\/\/hormigueando.com\/en-gb\/wp-json\/wp\/v2\/comments?post=43756"}],"wp:featuredmedia":[{"embeddable":true,"href":"https:\/\/hormigueando.com\/en-gb\/wp-json\/wp\/v2\/media\/43755"}],"wp:attachment":[{"href":"https:\/\/hormigueando.com\/en-gb\/wp-json\/wp\/v2\/media?parent=43756"}],"wp:term":[{"taxonomy":"product_brand","embeddable":true,"href":"https:\/\/hormigueando.com\/en-gb\/wp-json\/wp\/v2\/product_brand?post=43756"},{"taxonomy":"product_cat","embeddable":true,"href":"https:\/\/hormigueando.com\/en-gb\/wp-json\/wp\/v2\/product_cat?post=43756"},{"taxonomy":"product_tag","embeddable":true,"href":"https:\/\/hormigueando.com\/en-gb\/wp-json\/wp\/v2\/product_tag?post=43756"},{"taxonomy":"giftcard-category","embeddable":true,"href":"https:\/\/hormigueando.com\/en-gb\/wp-json\/wp\/v2\/giftcard-category?post=43756"}],"curies":[{"name":"wp","href":"https:\/\/api.w.org\/{rel}","templated":true}]}}