{"id":43673,"date":"2019-12-01T13:33:25","date_gmt":"2019-12-01T11:33:25","guid":{"rendered":"https:\/\/hormigueando.com\/producto\/kit-hormiguero-colonia-c-aethiops\/"},"modified":"2019-12-01T13:33:25","modified_gmt":"2019-12-01T11:33:25","slug":"kit-hormiguero-colonia-c-aethiops","status":"publish","type":"product","link":"https:\/\/hormigueando.com\/en-gb\/product\/kit-hormiguero-colonia-c-aethiops\/","title":{"rendered":"Kit Hormiguero + Colonia C. aethiops"},"content":{"rendered":"<p>El Kit consta de:<\/p>\n<\/p>\n<p>&#8211; Hormiguero de corcho de 20x10x10 cm. Es totalmente desmontable. Lleva una zona de galer\u00edas y una amplia zona de forrajeo, dos agujeros de conexi\u00f3n exterior y doble tapa extra\u00edble. Hormiguero especial para especies que viven en la madera.<\/p>\n<p>&#8211; Filtro rojo<\/p>\n<p>&#8211; Colonia Camponotus aethiops<\/p>\n","protected":false},"excerpt":{"rendered":"<p>El Kit consta de:<\/p>\n<\/p>\n<p>&#8211; Hormiguero de corcho de 20x10x10 cm. Es totalmente desmontable. Lleva una zona de galer\u00edas y una amplia zona de forrajeo, dos agujeros de conexi\u00f3n exterior y doble tapa extra\u00edble. Hormiguero especial para especies que viven en la madera.<\/p>\n<p>&#8211; Filtro rojo<\/p>\n<p>&#8211; Colonia Camponotus aethiops<\/p>\n","protected":false},"featured_media":43670,"comment_status":"open","ping_status":"closed","template":"","meta":{"_joinchat":[]},"product_brand":[],"product_cat":[1140,1090],"product_tag":[],"giftcard-category":[],"class_list":{"0":"post-43673","1":"product","2":"type-product","3":"status-publish","4":"has-post-thumbnail","6":"product_cat-kits-en-gb","7":"product_cat-offers-en-gb","8":"pa_4b-numerodeconexionesconelex-2-en-gb","9":"pa_61-modorellenadosistemadehum-pipetaojeringuilla-en-gb","10":"pa_color-white-en-gb","11":"pa_composicion-corcho-en-gb","12":"pa_incluyecajadeforrajeo-si-en-gb","13":"pa_serie-antcork-en-gb","14":"pa_tamano-mediano-en-gb","16":"first","17":"instock","18":"taxable","19":"shipping-taxable","20":"purchasable","21":"product-type-simple"},"yoast_head":"<!-- This site is optimized with the Yoast SEO plugin v27.1.1 - https:\/\/yoast.com\/product\/yoast-seo-wordpress\/ -->\n<title>Pack Hormiguero + Colonia C. aethiops<\/title>\n<meta name=\"description\" content=\"Pack Hormiguero + Colonia C. aethiops\" \/>\n<meta name=\"robots\" content=\"index, follow, max-snippet:-1, max-image-preview:large, max-video-preview:-1\" \/>\n<link rel=\"canonical\" href=\"https:\/\/hormigueando.com\/product\/kit-hormiguero-colonia-c-aethiops\/\" \/>\n<meta property=\"og:locale\" content=\"en_GB\" \/>\n<meta property=\"og:type\" content=\"article\" \/>\n<meta property=\"og:title\" content=\"Pack Hormiguero + Colonia C. aethiops\" \/>\n<meta property=\"og:description\" content=\"Pack Hormiguero + Colonia C. aethiops\" \/>\n<meta property=\"og:url\" content=\"https:\/\/hormigueando.com\/product\/kit-hormiguero-colonia-c-aethiops\/\" \/>\n<meta property=\"og:site_name\" content=\"Hormigueando | Tienda especializada en Cr\u00eda de Hormigas\" \/>\n<meta property=\"og:image\" content=\"https:\/\/hormigueando.com\/wp-content\/uploads\/2019\/12\/2034-thickbox_default-Kit-Hormiguero-de-corcho-colonia-Camponotus-aethiops.jpg\" \/>\n\t<meta property=\"og:image:width\" content=\"1100\" \/>\n\t<meta property=\"og:image:height\" content=\"1422\" \/>\n\t<meta property=\"og:image:type\" content=\"image\/jpeg\" \/>\n<meta name=\"twitter:card\" content=\"summary_large_image\" \/>\n<script type=\"application\/ld+json\" class=\"yoast-schema-graph\">{\"@context\":\"https:\/\/schema.org\",\"@graph\":[{\"@type\":\"WebPage\",\"@id\":\"https:\/\/hormigueando.com\/product\/kit-hormiguero-colonia-c-aethiops\/\",\"url\":\"https:\/\/hormigueando.com\/product\/kit-hormiguero-colonia-c-aethiops\/\",\"name\":\"Pack Hormiguero + Colonia C. aethiops\",\"isPartOf\":{\"@id\":\"https:\/\/hormigueando.com\/#website\"},\"primaryImageOfPage\":{\"@id\":\"https:\/\/hormigueando.com\/product\/kit-hormiguero-colonia-c-aethiops\/#primaryimage\"},\"image\":{\"@id\":\"https:\/\/hormigueando.com\/product\/kit-hormiguero-colonia-c-aethiops\/#primaryimage\"},\"thumbnailUrl\":\"https:\/\/hormigueando.com\/wp-content\/uploads\/2019\/12\/2034-thickbox_default-Kit-Hormiguero-de-corcho-colonia-Camponotus-aethiops.jpg\",\"datePublished\":\"2019-12-01T11:33:25+00:00\",\"description\":\"Pack Hormiguero + Colonia C. aethiops\",\"breadcrumb\":{\"@id\":\"https:\/\/hormigueando.com\/product\/kit-hormiguero-colonia-c-aethiops\/#breadcrumb\"},\"inLanguage\":\"en-GB\",\"potentialAction\":[{\"@type\":\"ReadAction\",\"target\":[\"https:\/\/hormigueando.com\/product\/kit-hormiguero-colonia-c-aethiops\/\"]}]},{\"@type\":\"ImageObject\",\"inLanguage\":\"en-GB\",\"@id\":\"https:\/\/hormigueando.com\/product\/kit-hormiguero-colonia-c-aethiops\/#primaryimage\",\"url\":\"https:\/\/hormigueando.com\/wp-content\/uploads\/2019\/12\/2034-thickbox_default-Kit-Hormiguero-de-corcho-colonia-Camponotus-aethiops.jpg\",\"contentUrl\":\"https:\/\/hormigueando.com\/wp-content\/uploads\/2019\/12\/2034-thickbox_default-Kit-Hormiguero-de-corcho-colonia-Camponotus-aethiops.jpg\",\"width\":1100,\"height\":1422},{\"@type\":\"BreadcrumbList\",\"@id\":\"https:\/\/hormigueando.com\/product\/kit-hormiguero-colonia-c-aethiops\/#breadcrumb\",\"itemListElement\":[{\"@type\":\"ListItem\",\"position\":1,\"name\":\"Portada\",\"item\":\"https:\/\/hormigueando.com\/\"},{\"@type\":\"ListItem\",\"position\":2,\"name\":\"Tienda\",\"item\":\"https:\/\/hormigueando.com\/tienda\/\"},{\"@type\":\"ListItem\",\"position\":3,\"name\":\"Kit Hormiguero + Colonia C. aethiops\"}]},{\"@type\":\"WebSite\",\"@id\":\"https:\/\/hormigueando.com\/#website\",\"url\":\"https:\/\/hormigueando.com\/\",\"name\":\"Hormigueando | Tienda especializada en Cr\u00eda de Hormigas\",\"description\":\"\",\"publisher\":{\"@id\":\"https:\/\/hormigueando.com\/#organization\"},\"potentialAction\":[{\"@type\":\"SearchAction\",\"target\":{\"@type\":\"EntryPoint\",\"urlTemplate\":\"https:\/\/hormigueando.com\/?s={search_term_string}\"},\"query-input\":{\"@type\":\"PropertyValueSpecification\",\"valueRequired\":true,\"valueName\":\"search_term_string\"}}],\"inLanguage\":\"en-GB\"},{\"@type\":\"Organization\",\"@id\":\"https:\/\/hormigueando.com\/#organization\",\"name\":\"Hormigueando | Tienda especializada en Cr\u00eda de Hormigas\",\"url\":\"https:\/\/hormigueando.com\/\",\"logo\":{\"@type\":\"ImageObject\",\"inLanguage\":\"en-GB\",\"@id\":\"https:\/\/hormigueando.com\/#\/schema\/logo\/image\/\",\"url\":\"https:\/\/hormigueando.com\/wp-content\/uploads\/2023\/05\/logotipo_web-01.png\",\"contentUrl\":\"https:\/\/hormigueando.com\/wp-content\/uploads\/2023\/05\/logotipo_web-01.png\",\"width\":233,\"height\":74,\"caption\":\"Hormigueando | Tienda especializada en Cr\u00eda de Hormigas\"},\"image\":{\"@id\":\"https:\/\/hormigueando.com\/#\/schema\/logo\/image\/\"}}]}<\/script>\n<!-- \/ Yoast SEO plugin. -->","yoast_head_json":{"title":"Pack Hormiguero + Colonia C. aethiops","description":"Pack Hormiguero + Colonia C. aethiops","robots":{"index":"index","follow":"follow","max-snippet":"max-snippet:-1","max-image-preview":"max-image-preview:large","max-video-preview":"max-video-preview:-1"},"canonical":"https:\/\/hormigueando.com\/product\/kit-hormiguero-colonia-c-aethiops\/","og_locale":"en_GB","og_type":"article","og_title":"Pack Hormiguero + Colonia C. aethiops","og_description":"Pack Hormiguero + Colonia C. aethiops","og_url":"https:\/\/hormigueando.com\/product\/kit-hormiguero-colonia-c-aethiops\/","og_site_name":"Hormigueando | Tienda especializada en Cr\u00eda de Hormigas","og_image":[{"width":1100,"height":1422,"url":"https:\/\/hormigueando.com\/wp-content\/uploads\/2019\/12\/2034-thickbox_default-Kit-Hormiguero-de-corcho-colonia-Camponotus-aethiops.jpg","type":"image\/jpeg"}],"twitter_card":"summary_large_image","schema":{"@context":"https:\/\/schema.org","@graph":[{"@type":"WebPage","@id":"https:\/\/hormigueando.com\/product\/kit-hormiguero-colonia-c-aethiops\/","url":"https:\/\/hormigueando.com\/product\/kit-hormiguero-colonia-c-aethiops\/","name":"Pack Hormiguero + Colonia C. aethiops","isPartOf":{"@id":"https:\/\/hormigueando.com\/#website"},"primaryImageOfPage":{"@id":"https:\/\/hormigueando.com\/product\/kit-hormiguero-colonia-c-aethiops\/#primaryimage"},"image":{"@id":"https:\/\/hormigueando.com\/product\/kit-hormiguero-colonia-c-aethiops\/#primaryimage"},"thumbnailUrl":"https:\/\/hormigueando.com\/wp-content\/uploads\/2019\/12\/2034-thickbox_default-Kit-Hormiguero-de-corcho-colonia-Camponotus-aethiops.jpg","datePublished":"2019-12-01T11:33:25+00:00","description":"Pack Hormiguero + Colonia C. aethiops","breadcrumb":{"@id":"https:\/\/hormigueando.com\/product\/kit-hormiguero-colonia-c-aethiops\/#breadcrumb"},"inLanguage":"en-GB","potentialAction":[{"@type":"ReadAction","target":["https:\/\/hormigueando.com\/product\/kit-hormiguero-colonia-c-aethiops\/"]}]},{"@type":"ImageObject","inLanguage":"en-GB","@id":"https:\/\/hormigueando.com\/product\/kit-hormiguero-colonia-c-aethiops\/#primaryimage","url":"https:\/\/hormigueando.com\/wp-content\/uploads\/2019\/12\/2034-thickbox_default-Kit-Hormiguero-de-corcho-colonia-Camponotus-aethiops.jpg","contentUrl":"https:\/\/hormigueando.com\/wp-content\/uploads\/2019\/12\/2034-thickbox_default-Kit-Hormiguero-de-corcho-colonia-Camponotus-aethiops.jpg","width":1100,"height":1422},{"@type":"BreadcrumbList","@id":"https:\/\/hormigueando.com\/product\/kit-hormiguero-colonia-c-aethiops\/#breadcrumb","itemListElement":[{"@type":"ListItem","position":1,"name":"Portada","item":"https:\/\/hormigueando.com\/"},{"@type":"ListItem","position":2,"name":"Tienda","item":"https:\/\/hormigueando.com\/tienda\/"},{"@type":"ListItem","position":3,"name":"Kit Hormiguero + Colonia C. aethiops"}]},{"@type":"WebSite","@id":"https:\/\/hormigueando.com\/#website","url":"https:\/\/hormigueando.com\/","name":"Hormigueando | Tienda especializada en Cr\u00eda de Hormigas","description":"","publisher":{"@id":"https:\/\/hormigueando.com\/#organization"},"potentialAction":[{"@type":"SearchAction","target":{"@type":"EntryPoint","urlTemplate":"https:\/\/hormigueando.com\/?s={search_term_string}"},"query-input":{"@type":"PropertyValueSpecification","valueRequired":true,"valueName":"search_term_string"}}],"inLanguage":"en-GB"},{"@type":"Organization","@id":"https:\/\/hormigueando.com\/#organization","name":"Hormigueando | Tienda especializada en Cr\u00eda de Hormigas","url":"https:\/\/hormigueando.com\/","logo":{"@type":"ImageObject","inLanguage":"en-GB","@id":"https:\/\/hormigueando.com\/#\/schema\/logo\/image\/","url":"https:\/\/hormigueando.com\/wp-content\/uploads\/2023\/05\/logotipo_web-01.png","contentUrl":"https:\/\/hormigueando.com\/wp-content\/uploads\/2023\/05\/logotipo_web-01.png","width":233,"height":74,"caption":"Hormigueando | Tienda especializada en Cr\u00eda de Hormigas"},"image":{"@id":"https:\/\/hormigueando.com\/#\/schema\/logo\/image\/"}}]}},"jetpack_sharing_enabled":true,"_links":{"self":[{"href":"https:\/\/hormigueando.com\/en-gb\/wp-json\/wp\/v2\/product\/43673","targetHints":{"allow":["GET"]}}],"collection":[{"href":"https:\/\/hormigueando.com\/en-gb\/wp-json\/wp\/v2\/product"}],"about":[{"href":"https:\/\/hormigueando.com\/en-gb\/wp-json\/wp\/v2\/types\/product"}],"replies":[{"embeddable":true,"href":"https:\/\/hormigueando.com\/en-gb\/wp-json\/wp\/v2\/comments?post=43673"}],"wp:featuredmedia":[{"embeddable":true,"href":"https:\/\/hormigueando.com\/en-gb\/wp-json\/wp\/v2\/media\/43670"}],"wp:attachment":[{"href":"https:\/\/hormigueando.com\/en-gb\/wp-json\/wp\/v2\/media?parent=43673"}],"wp:term":[{"taxonomy":"product_brand","embeddable":true,"href":"https:\/\/hormigueando.com\/en-gb\/wp-json\/wp\/v2\/product_brand?post=43673"},{"taxonomy":"product_cat","embeddable":true,"href":"https:\/\/hormigueando.com\/en-gb\/wp-json\/wp\/v2\/product_cat?post=43673"},{"taxonomy":"product_tag","embeddable":true,"href":"https:\/\/hormigueando.com\/en-gb\/wp-json\/wp\/v2\/product_tag?post=43673"},{"taxonomy":"giftcard-category","embeddable":true,"href":"https:\/\/hormigueando.com\/en-gb\/wp-json\/wp\/v2\/giftcard-category?post=43673"}],"curies":[{"name":"wp","href":"https:\/\/api.w.org\/{rel}","templated":true}]}}