{"id":43613,"date":"2019-10-10T17:34:44","date_gmt":"2019-10-10T15:34:44","guid":{"rendered":"https:\/\/hormigueando.com\/producto\/antmeta-h40x20-deposito-ampliable\/"},"modified":"2019-10-10T17:34:44","modified_gmt":"2019-10-10T15:34:44","slug":"antmeta-h40x20-deposito-ampliable","status":"publish","type":"product","link":"https:\/\/hormigueando.com\/en-gb\/product\/antmeta-h40x20-deposito-ampliable\/","title":{"rendered":"Antmeta H40x20 Dep\u00f3sito Ampliable"},"content":{"rendered":"<p>Hormiguero acr\u00edlico de 40x20cmx1 cm. Tiene dep\u00f3sito de agua superior, dos conexiones externas de 8 mm y zona de forrajeo con doble tapa. Incorpora caja de forrajeo de 170x90x70 mm con ranuras de ventilaci\u00f3n.<\/p>\n<p>El hormiguero incluye 2 piezas de cierre para la conexi\u00f3n externa por si \u00e9sta no se quiere utilizar (por tanto no se requieren tapones) y 2 piezas de conexi\u00f3n que facilita el perfecto encaje de los tubos flexibles apropiados. Incluye adem\u00e1s 3 piezas de cierre y 3 piezas de apertura de galer\u00edas para poder ir ampliando poco a poco el hormiguero a medida que crece la colonia.<\/p>\n<\/p>\n<p>El sistema de humedad consta de dos dep\u00f3sitos con dos espojas de un material superabsorbente (PVA) que permitir\u00e1n mantener el hormiguero humedecido durante semanas. El hormiguero tiene ranuras para evitar inundaciones en caso de que se produzca alg\u00fan desbordamiento a la hora de rellenar el dep\u00f3sito.<\/p>\n<p>Tanto las piezas de apertura y cierre del hormiguero como las de las galer\u00edas est\u00e1n dise\u00f1adas para evitar fugas hasta de las especies m\u00e1s peque\u00f1as como Pheidole o Tetramorium.<\/p>\n<\/p>\n<p>Este hormiguero es ideal para colonias de cualquier especie.<\/p>\n<\/p>\n<p>Te recomendamos incluir el filtro rojo de este hormiguero para que nuestras hormigas se sientan m\u00e1s c\u00f3modas y protegidas de la luz:<\/p>\n<p><strong>Filtro rojo compatible: <\/strong><a href=\"https:\/\/hormigueando.com\/filtros-rojos\/273-458-filtros-para-modelos-con-deposito.html#\/96-modelo_hormiguero-h40x20_deposito_ampliable\" target=\"_blank\" class=\"btn btn-default\" rel=\"noopener\">Modelo H40X20 DEP\u00d3SITO AMPLIABLE<\/a><\/p>\n<\/p>\n<p><strong><span style=\"color:#d0121a;\">Importante:<\/span><\/strong><\/p>\n<\/p>\n<p>Lavar solo con agua y jab\u00f3n. La utilizaci\u00f3n de productos abrasivos de limpieza puede provocar da\u00f1os en el hormiguero y anular la garant\u00eda del producto.<\/p>\n<p>\u00a0<\/p>\n<p><span style=\"text-decoration:underline;\">Otros productos recomendados:<\/span><\/p>\n<p>Sabemos que en ocasiones es complicado distinguir qu\u00e9 accesorios son compatibles con cada hormiguero y por ese motivo, desde <strong>Hormigueando<\/strong> os ayudamos con esta tarea y os indicamos qu\u00e9 accesorios tienen las medidas apropiadas para este hormiguero y caja de forrajeo. Estos accesorios no est\u00e1n incluidos con el hormiguero y se venden a parte.<\/p>\n<\/p>\n<p><strong>Tubos flexibles compatibles:<\/strong> 12\/10 mm. Necesarios si se quiere conectar el hormiguero con cajas de forrajeo externas, con otros hormigueros o con tubos de ensayo. Disponibles en nuestro apartado de <a href=\"https:\/\/hormigueando.com\/inicio\/59-67-tubos-flexibles.html#\/37-medidas-12_10_mm\" class=\"btn btn-default\">ACCESORIOS.<\/a><\/p>\n<p><strong>Bebederos compatibles con la caja de forrajeo incorporada:<\/strong><\/p>\n<p>&#8211; Bebedero comedero: Disponible en nuestro apartado de accesorios <a href=\"https:\/\/hormigueando.com\/inicio\/51-bebedero-comedero.html\" class=\"btn btn-default\">Bebedero-comedero<\/a><\/p>\n<p>&#8211; Bebedero (ambos tama\u00f1os son compatibles): Disponible en nuestro apartado de accesorios <a href=\"https:\/\/hormigueando.com\/inicio\/52-59-bebedero.html#\/1-tamano-s\" class=\"btn btn-default\">Bebedero<\/a><\/p>\n<p>&#8211; Bebedero de rejilla (ambos tama\u00f1os son compatibles): Disponible en nuestro apartado de accesorios <a href=\"https:\/\/hormigueando.com\/inicio\/42-51-bebedero-de-rejilla.html#\/1-tamano-s\/15-color-verde\" class=\"btn btn-default\">Bebedero de rejilla<\/a><\/p>\n<\/p>\n<p><strong>Cajas de forrajeo externas:<\/strong> Compatible con todas nuestras <a href=\"https:\/\/hormigueando.com\/17-cajas-de-forrajeo\" class=\"btn btn-default\">Cajas de forrajeo<\/a><\/p>\n<\/p>\n<\/p><\/p>\n","protected":false},"excerpt":{"rendered":"<p class=\"MsoNormal\">Hormiguero acr\u00edlico de 40x20cmx1 cm. Tiene dep\u00f3sito de agua superior, dos conexiones externas de 8 mm y zona de forrajeo con doble tapa. Incorpora caja de forrajeo de 170x90x70 mm.<\/p>\n<\/p>\n<p>Te recomendamos incluir el filtro rojo de este hormiguero para que nuestras hormigas se sientan m\u00e1s c\u00f3modas y protegidas de la luz:<\/p>\n<p><strong>Filtro rojo compatible: <\/strong><a href=\"https:\/\/hormigueando.com\/filtros-rojos\/273-458-filtros-para-modelos-con-deposito.html#\/96-modelo_hormiguero-h40x20_deposito_ampliable\" target=\"_blank\" class=\"btn btn-default\" rel=\"noopener\">Modelo H40X20 DEP\u00d3SITO AMPLIABLE<\/a><\/p>\n","protected":false},"featured_media":43607,"comment_status":"open","ping_status":"closed","template":"","meta":{"_joinchat":[]},"product_brand":[],"product_cat":[1082,1118],"product_tag":[],"giftcard-category":[],"class_list":{"0":"post-43613","1":"product","2":"type-product","3":"status-publish","4":"has-post-thumbnail","6":"product_cat-anthills-en-gb","7":"product_cat-anthills-with-upper-deposit-en-gb","8":"pa_4b-numerodeconexionesconelex-2-en-gb","9":"pa_61-modorellenadosistemadehum-deposito-en-gb","10":"pa_color-white-en-gb","11":"pa_composicion-metacrilato-en-gb","12":"pa_incluyecajadeforrajeo-si-en-gb","13":"pa_medidas-40x20x1cm-en-gb","14":"pa_medidatuboflexiblerequerido-1210mm-en-gb","15":"pa_serie-antmeta-en-gb","16":"pa_tamano-grande-en-gb","18":"first","19":"outofstock","20":"taxable","21":"shipping-taxable","22":"purchasable","23":"product-type-simple"},"yoast_head":"<!-- This site is optimized with the Yoast SEO plugin v27.1.1 - https:\/\/yoast.com\/product\/yoast-seo-wordpress\/ -->\n<title>Hormiguero acr\u00edlico 40x20 con dep\u00f3sito ampliable<\/title>\n<meta name=\"description\" content=\"Hormiguero acr\u00edlico 40x20 con dep\u00f3sito ampliable\" \/>\n<meta name=\"robots\" content=\"index, follow, max-snippet:-1, max-image-preview:large, max-video-preview:-1\" \/>\n<link rel=\"canonical\" href=\"https:\/\/hormigueando.com\/product\/antmeta-h40x20-deposito-ampliable\/\" \/>\n<meta property=\"og:locale\" content=\"en_GB\" \/>\n<meta property=\"og:type\" content=\"article\" \/>\n<meta property=\"og:title\" content=\"Hormiguero acr\u00edlico 40x20 con dep\u00f3sito ampliable\" \/>\n<meta property=\"og:description\" content=\"Hormiguero acr\u00edlico 40x20 con dep\u00f3sito ampliable\" \/>\n<meta property=\"og:url\" content=\"https:\/\/hormigueando.com\/product\/antmeta-h40x20-deposito-ampliable\/\" \/>\n<meta property=\"og:site_name\" content=\"Hormigueando | Tienda especializada en Cr\u00eda de Hormigas\" \/>\n<meta property=\"og:image\" content=\"https:\/\/hormigueando.com\/wp-content\/uploads\/2019\/10\/1969-thickbox_default-Hormiguero-acrilico-de-40x20-cm-con-deposito-superior.jpg\" \/>\n\t<meta property=\"og:image:width\" content=\"1100\" \/>\n\t<meta property=\"og:image:height\" content=\"1422\" \/>\n\t<meta property=\"og:image:type\" content=\"image\/jpeg\" \/>\n<meta name=\"twitter:card\" content=\"summary_large_image\" \/>\n<meta name=\"twitter:label1\" content=\"Estimated reading time\" \/>\n\t<meta name=\"twitter:data1\" content=\"2 minutes\" \/>\n<script type=\"application\/ld+json\" class=\"yoast-schema-graph\">{\"@context\":\"https:\/\/schema.org\",\"@graph\":[{\"@type\":\"WebPage\",\"@id\":\"https:\/\/hormigueando.com\/product\/antmeta-h40x20-deposito-ampliable\/\",\"url\":\"https:\/\/hormigueando.com\/product\/antmeta-h40x20-deposito-ampliable\/\",\"name\":\"Hormiguero acr\u00edlico 40x20 con dep\u00f3sito ampliable\",\"isPartOf\":{\"@id\":\"https:\/\/hormigueando.com\/#website\"},\"primaryImageOfPage\":{\"@id\":\"https:\/\/hormigueando.com\/product\/antmeta-h40x20-deposito-ampliable\/#primaryimage\"},\"image\":{\"@id\":\"https:\/\/hormigueando.com\/product\/antmeta-h40x20-deposito-ampliable\/#primaryimage\"},\"thumbnailUrl\":\"https:\/\/hormigueando.com\/wp-content\/uploads\/2019\/10\/1969-thickbox_default-Hormiguero-acrilico-de-40x20-cm-con-deposito-superior.jpg\",\"datePublished\":\"2019-10-10T15:34:44+00:00\",\"description\":\"Hormiguero acr\u00edlico 40x20 con dep\u00f3sito ampliable\",\"breadcrumb\":{\"@id\":\"https:\/\/hormigueando.com\/product\/antmeta-h40x20-deposito-ampliable\/#breadcrumb\"},\"inLanguage\":\"en-GB\",\"potentialAction\":[{\"@type\":\"ReadAction\",\"target\":[\"https:\/\/hormigueando.com\/product\/antmeta-h40x20-deposito-ampliable\/\"]}]},{\"@type\":\"ImageObject\",\"inLanguage\":\"en-GB\",\"@id\":\"https:\/\/hormigueando.com\/product\/antmeta-h40x20-deposito-ampliable\/#primaryimage\",\"url\":\"https:\/\/hormigueando.com\/wp-content\/uploads\/2019\/10\/1969-thickbox_default-Hormiguero-acrilico-de-40x20-cm-con-deposito-superior.jpg\",\"contentUrl\":\"https:\/\/hormigueando.com\/wp-content\/uploads\/2019\/10\/1969-thickbox_default-Hormiguero-acrilico-de-40x20-cm-con-deposito-superior.jpg\",\"width\":1100,\"height\":1422},{\"@type\":\"BreadcrumbList\",\"@id\":\"https:\/\/hormigueando.com\/product\/antmeta-h40x20-deposito-ampliable\/#breadcrumb\",\"itemListElement\":[{\"@type\":\"ListItem\",\"position\":1,\"name\":\"Portada\",\"item\":\"https:\/\/hormigueando.com\/\"},{\"@type\":\"ListItem\",\"position\":2,\"name\":\"Tienda\",\"item\":\"https:\/\/hormigueando.com\/tienda\/\"},{\"@type\":\"ListItem\",\"position\":3,\"name\":\"Antmeta H40x20 Dep\u00f3sito Ampliable\"}]},{\"@type\":\"WebSite\",\"@id\":\"https:\/\/hormigueando.com\/#website\",\"url\":\"https:\/\/hormigueando.com\/\",\"name\":\"Hormigueando | Tienda especializada en Cr\u00eda de Hormigas\",\"description\":\"\",\"publisher\":{\"@id\":\"https:\/\/hormigueando.com\/#organization\"},\"potentialAction\":[{\"@type\":\"SearchAction\",\"target\":{\"@type\":\"EntryPoint\",\"urlTemplate\":\"https:\/\/hormigueando.com\/?s={search_term_string}\"},\"query-input\":{\"@type\":\"PropertyValueSpecification\",\"valueRequired\":true,\"valueName\":\"search_term_string\"}}],\"inLanguage\":\"en-GB\"},{\"@type\":\"Organization\",\"@id\":\"https:\/\/hormigueando.com\/#organization\",\"name\":\"Hormigueando | Tienda especializada en Cr\u00eda de Hormigas\",\"url\":\"https:\/\/hormigueando.com\/\",\"logo\":{\"@type\":\"ImageObject\",\"inLanguage\":\"en-GB\",\"@id\":\"https:\/\/hormigueando.com\/#\/schema\/logo\/image\/\",\"url\":\"https:\/\/hormigueando.com\/wp-content\/uploads\/2023\/05\/logotipo_web-01.png\",\"contentUrl\":\"https:\/\/hormigueando.com\/wp-content\/uploads\/2023\/05\/logotipo_web-01.png\",\"width\":233,\"height\":74,\"caption\":\"Hormigueando | Tienda especializada en Cr\u00eda de Hormigas\"},\"image\":{\"@id\":\"https:\/\/hormigueando.com\/#\/schema\/logo\/image\/\"}}]}<\/script>\n<!-- \/ Yoast SEO plugin. -->","yoast_head_json":{"title":"Hormiguero acr\u00edlico 40x20 con dep\u00f3sito ampliable","description":"Hormiguero acr\u00edlico 40x20 con dep\u00f3sito ampliable","robots":{"index":"index","follow":"follow","max-snippet":"max-snippet:-1","max-image-preview":"max-image-preview:large","max-video-preview":"max-video-preview:-1"},"canonical":"https:\/\/hormigueando.com\/product\/antmeta-h40x20-deposito-ampliable\/","og_locale":"en_GB","og_type":"article","og_title":"Hormiguero acr\u00edlico 40x20 con dep\u00f3sito ampliable","og_description":"Hormiguero acr\u00edlico 40x20 con dep\u00f3sito ampliable","og_url":"https:\/\/hormigueando.com\/product\/antmeta-h40x20-deposito-ampliable\/","og_site_name":"Hormigueando | Tienda especializada en Cr\u00eda de Hormigas","og_image":[{"width":1100,"height":1422,"url":"https:\/\/hormigueando.com\/wp-content\/uploads\/2019\/10\/1969-thickbox_default-Hormiguero-acrilico-de-40x20-cm-con-deposito-superior.jpg","type":"image\/jpeg"}],"twitter_card":"summary_large_image","twitter_misc":{"Estimated reading time":"2 minutes"},"schema":{"@context":"https:\/\/schema.org","@graph":[{"@type":"WebPage","@id":"https:\/\/hormigueando.com\/product\/antmeta-h40x20-deposito-ampliable\/","url":"https:\/\/hormigueando.com\/product\/antmeta-h40x20-deposito-ampliable\/","name":"Hormiguero acr\u00edlico 40x20 con dep\u00f3sito ampliable","isPartOf":{"@id":"https:\/\/hormigueando.com\/#website"},"primaryImageOfPage":{"@id":"https:\/\/hormigueando.com\/product\/antmeta-h40x20-deposito-ampliable\/#primaryimage"},"image":{"@id":"https:\/\/hormigueando.com\/product\/antmeta-h40x20-deposito-ampliable\/#primaryimage"},"thumbnailUrl":"https:\/\/hormigueando.com\/wp-content\/uploads\/2019\/10\/1969-thickbox_default-Hormiguero-acrilico-de-40x20-cm-con-deposito-superior.jpg","datePublished":"2019-10-10T15:34:44+00:00","description":"Hormiguero acr\u00edlico 40x20 con dep\u00f3sito ampliable","breadcrumb":{"@id":"https:\/\/hormigueando.com\/product\/antmeta-h40x20-deposito-ampliable\/#breadcrumb"},"inLanguage":"en-GB","potentialAction":[{"@type":"ReadAction","target":["https:\/\/hormigueando.com\/product\/antmeta-h40x20-deposito-ampliable\/"]}]},{"@type":"ImageObject","inLanguage":"en-GB","@id":"https:\/\/hormigueando.com\/product\/antmeta-h40x20-deposito-ampliable\/#primaryimage","url":"https:\/\/hormigueando.com\/wp-content\/uploads\/2019\/10\/1969-thickbox_default-Hormiguero-acrilico-de-40x20-cm-con-deposito-superior.jpg","contentUrl":"https:\/\/hormigueando.com\/wp-content\/uploads\/2019\/10\/1969-thickbox_default-Hormiguero-acrilico-de-40x20-cm-con-deposito-superior.jpg","width":1100,"height":1422},{"@type":"BreadcrumbList","@id":"https:\/\/hormigueando.com\/product\/antmeta-h40x20-deposito-ampliable\/#breadcrumb","itemListElement":[{"@type":"ListItem","position":1,"name":"Portada","item":"https:\/\/hormigueando.com\/"},{"@type":"ListItem","position":2,"name":"Tienda","item":"https:\/\/hormigueando.com\/tienda\/"},{"@type":"ListItem","position":3,"name":"Antmeta H40x20 Dep\u00f3sito Ampliable"}]},{"@type":"WebSite","@id":"https:\/\/hormigueando.com\/#website","url":"https:\/\/hormigueando.com\/","name":"Hormigueando | Tienda especializada en Cr\u00eda de Hormigas","description":"","publisher":{"@id":"https:\/\/hormigueando.com\/#organization"},"potentialAction":[{"@type":"SearchAction","target":{"@type":"EntryPoint","urlTemplate":"https:\/\/hormigueando.com\/?s={search_term_string}"},"query-input":{"@type":"PropertyValueSpecification","valueRequired":true,"valueName":"search_term_string"}}],"inLanguage":"en-GB"},{"@type":"Organization","@id":"https:\/\/hormigueando.com\/#organization","name":"Hormigueando | Tienda especializada en Cr\u00eda de Hormigas","url":"https:\/\/hormigueando.com\/","logo":{"@type":"ImageObject","inLanguage":"en-GB","@id":"https:\/\/hormigueando.com\/#\/schema\/logo\/image\/","url":"https:\/\/hormigueando.com\/wp-content\/uploads\/2023\/05\/logotipo_web-01.png","contentUrl":"https:\/\/hormigueando.com\/wp-content\/uploads\/2023\/05\/logotipo_web-01.png","width":233,"height":74,"caption":"Hormigueando | Tienda especializada en Cr\u00eda de Hormigas"},"image":{"@id":"https:\/\/hormigueando.com\/#\/schema\/logo\/image\/"}}]}},"jetpack_sharing_enabled":true,"_links":{"self":[{"href":"https:\/\/hormigueando.com\/en-gb\/wp-json\/wp\/v2\/product\/43613","targetHints":{"allow":["GET"]}}],"collection":[{"href":"https:\/\/hormigueando.com\/en-gb\/wp-json\/wp\/v2\/product"}],"about":[{"href":"https:\/\/hormigueando.com\/en-gb\/wp-json\/wp\/v2\/types\/product"}],"replies":[{"embeddable":true,"href":"https:\/\/hormigueando.com\/en-gb\/wp-json\/wp\/v2\/comments?post=43613"}],"wp:featuredmedia":[{"embeddable":true,"href":"https:\/\/hormigueando.com\/en-gb\/wp-json\/wp\/v2\/media\/43607"}],"wp:attachment":[{"href":"https:\/\/hormigueando.com\/en-gb\/wp-json\/wp\/v2\/media?parent=43613"}],"wp:term":[{"taxonomy":"product_brand","embeddable":true,"href":"https:\/\/hormigueando.com\/en-gb\/wp-json\/wp\/v2\/product_brand?post=43613"},{"taxonomy":"product_cat","embeddable":true,"href":"https:\/\/hormigueando.com\/en-gb\/wp-json\/wp\/v2\/product_cat?post=43613"},{"taxonomy":"product_tag","embeddable":true,"href":"https:\/\/hormigueando.com\/en-gb\/wp-json\/wp\/v2\/product_tag?post=43613"},{"taxonomy":"giftcard-category","embeddable":true,"href":"https:\/\/hormigueando.com\/en-gb\/wp-json\/wp\/v2\/giftcard-category?post=43613"}],"curies":[{"name":"wp","href":"https:\/\/api.w.org\/{rel}","templated":true}]}}