{"id":43409,"date":"2019-07-19T19:23:05","date_gmt":"2019-07-19T17:23:05","guid":{"rendered":"https:\/\/hormigueando.com\/producto\/reina-tapinoma-nigerrimum\/"},"modified":"2019-07-19T19:23:05","modified_gmt":"2019-07-19T17:23:05","slug":"reina-tapinoma-nigerrimum","status":"publish","type":"product","link":"https:\/\/hormigueando.com\/en-gb\/product\/reina-tapinoma-nigerrimum\/","title":{"rendered":"Reina Tapinoma nigerrimum"},"content":{"rendered":"<p>Reina Tapinoma nigerrimum<\/p>\n<\/p>\n<p><strong><span style=\"color:#d0121a;\">Atenci\u00f3n:<\/span><\/strong> solo se env\u00eda una reina o colonia por pedido. Las hormigas son <strong>GRATIS<\/strong>, solo hay que pagar los gastos de env\u00edo.<\/p>\n<\/p>\n<p>Esta hormiga de tama\u00f1o peque\u00f1o\/medio habita en suelos arenosos y es com\u00fan que tenga varios nidos distantes entre s\u00ed (<b>policalia<\/b>) en forma de trincheras.<\/p>\n<p>Presenta <b>reclutamiento <\/b>masivo y es normal ver largu\u00edsimas hileras (pudiendo llegar a ser de hasta 20 metros) de obreras recolectando alimento. Tambi\u00e9n podemos ver estas hileras en sus mudanzas, ya que es una hormiga que se traslada frecuentemente en busca de mejores lugares para sus colonias, y trasladan todos sus b\u00e1rtulos: reinas, huevos, larvas, pupas, princesas y machos inclu\u00eddos.<\/p>\n<\/p>\n<p>Puede llegar a formar colonias numeros\u00edsimas (hasta 20 mil miembros) y muy extensas, en parte gracias a que presenta <b>poliginia <\/b>y puede llegar a haber hasta m\u00f1as de 50 reinas en una misma colonia.<\/p>\n<\/p>\n<p>Es una hormiga omn\u00edvora y puede desde pastorear pulgones hasta forrajear semillas, pasando tambi\u00e9n por la recolecta de polen, n\u00e9ctar e insectos. En cautividad las podremos alimentar con l\u00edquidos dulces (aguamiel, agua con az\u00facar) e insectos, entre otros.<\/p>\n<\/p>\n<p>En la naturaleza es una hormiga muy agresiva que es capaz de controlar grandes extensiones de terreno, pudiendo llegar hasta el extremo de conquistar hormigueros de otras especies desalojando a sus inquilinos por la fuerza. Tambi\u00e9n se han recogido casos en los que han \u2018tapiado\u2019 las entradas de hormigueros rivales echando piedras desde fuera para evitar que pudieran salir a forrajear.<\/p>\n<\/p>\n<p>Tama\u00f1o:<\/p>\n<p>Reina: 6 &#8211; 8 mm<\/p>\n<p>Macho: 4 &#8211; 5 mm<\/p>\n<p>Obrera:\u00a0 4 &#8211; 9 mm<\/p>\n<\/p>\n<p>La Reina se env\u00eda con huevos en un tubo de ensayo con agua.<\/p>\n<\/p>\n<p>Recomendamos descargar nuestra <a href=\"https:\/\/hormigueando.com\/wp-content\/uploads\/2019\/07\/Ficha_de_cria_Tapinoma_nigerrimum.pdf\">Ficha de cr\u00eda<\/a> para m\u00e1s informaci\u00f3n sobre la cr\u00eda de esta especie.<\/p><\/p>\n","protected":false},"excerpt":{"rendered":"<p>Reina Tapinoma nigerrimum<\/p>\n","protected":false},"featured_media":43408,"comment_status":"open","ping_status":"closed","template":"","meta":{"_joinchat":[]},"product_brand":[],"product_cat":[1092],"product_tag":[],"giftcard-category":[],"class_list":{"0":"post-43409","1":"product","2":"type-product","3":"status-publish","4":"has-post-thumbnail","6":"product_cat-hormigas-en-gb","8":"first","9":"instock","10":"taxable","11":"shipping-taxable","12":"purchasable","13":"product-type-simple"},"yoast_head":"<!-- This site is optimized with the Yoast SEO plugin v27.4 - https:\/\/yoast.com\/product\/yoast-seo-wordpress\/ -->\n<title>Reina Tapinoma nigerrimum<\/title>\n<meta name=\"description\" content=\"Reina Tapinoma nigerrimum\" \/>\n<meta name=\"robots\" content=\"index, follow, max-snippet:-1, max-image-preview:large, max-video-preview:-1\" \/>\n<link rel=\"canonical\" href=\"https:\/\/hormigueando.com\/product\/reina-tapinoma-nigerrimum\/\" \/>\n<meta property=\"og:locale\" content=\"en_GB\" \/>\n<meta property=\"og:type\" content=\"article\" \/>\n<meta property=\"og:title\" content=\"Reina Tapinoma nigerrimum\" \/>\n<meta property=\"og:description\" content=\"Reina Tapinoma nigerrimum\" \/>\n<meta property=\"og:url\" content=\"https:\/\/hormigueando.com\/product\/reina-tapinoma-nigerrimum\/\" \/>\n<meta property=\"og:site_name\" content=\"Hormigueando | Tienda especializada en Cr\u00eda de Hormigas\" \/>\n<meta property=\"og:image\" content=\"https:\/\/hormigueando.com\/wp-content\/uploads\/2019\/07\/1726-thickbox_default-Reina-Tapinoma-nigerrimum.jpg\" \/>\n\t<meta property=\"og:image:width\" content=\"1100\" \/>\n\t<meta property=\"og:image:height\" content=\"1422\" \/>\n\t<meta property=\"og:image:type\" content=\"image\/jpeg\" \/>\n<meta name=\"twitter:card\" content=\"summary_large_image\" \/>\n<meta name=\"twitter:label1\" content=\"Estimated reading time\" \/>\n\t<meta name=\"twitter:data1\" content=\"2 minutes\" \/>\n<script type=\"application\/ld+json\" class=\"yoast-schema-graph\">{\"@context\":\"https:\\\/\\\/schema.org\",\"@graph\":[{\"@type\":\"WebPage\",\"@id\":\"https:\\\/\\\/hormigueando.com\\\/product\\\/reina-tapinoma-nigerrimum\\\/\",\"url\":\"https:\\\/\\\/hormigueando.com\\\/product\\\/reina-tapinoma-nigerrimum\\\/\",\"name\":\"Reina Tapinoma nigerrimum\",\"isPartOf\":{\"@id\":\"https:\\\/\\\/hormigueando.com\\\/#website\"},\"primaryImageOfPage\":{\"@id\":\"https:\\\/\\\/hormigueando.com\\\/product\\\/reina-tapinoma-nigerrimum\\\/#primaryimage\"},\"image\":{\"@id\":\"https:\\\/\\\/hormigueando.com\\\/product\\\/reina-tapinoma-nigerrimum\\\/#primaryimage\"},\"thumbnailUrl\":\"https:\\\/\\\/hormigueando.com\\\/wp-content\\\/uploads\\\/2019\\\/07\\\/1726-thickbox_default-Reina-Tapinoma-nigerrimum.jpg\",\"datePublished\":\"2019-07-19T17:23:05+00:00\",\"description\":\"Reina Tapinoma nigerrimum\",\"breadcrumb\":{\"@id\":\"https:\\\/\\\/hormigueando.com\\\/product\\\/reina-tapinoma-nigerrimum\\\/#breadcrumb\"},\"inLanguage\":\"en-GB\",\"potentialAction\":[{\"@type\":\"ReadAction\",\"target\":[\"https:\\\/\\\/hormigueando.com\\\/product\\\/reina-tapinoma-nigerrimum\\\/\"]}]},{\"@type\":\"ImageObject\",\"inLanguage\":\"en-GB\",\"@id\":\"https:\\\/\\\/hormigueando.com\\\/product\\\/reina-tapinoma-nigerrimum\\\/#primaryimage\",\"url\":\"https:\\\/\\\/hormigueando.com\\\/wp-content\\\/uploads\\\/2019\\\/07\\\/1726-thickbox_default-Reina-Tapinoma-nigerrimum.jpg\",\"contentUrl\":\"https:\\\/\\\/hormigueando.com\\\/wp-content\\\/uploads\\\/2019\\\/07\\\/1726-thickbox_default-Reina-Tapinoma-nigerrimum.jpg\",\"width\":1100,\"height\":1422},{\"@type\":\"BreadcrumbList\",\"@id\":\"https:\\\/\\\/hormigueando.com\\\/product\\\/reina-tapinoma-nigerrimum\\\/#breadcrumb\",\"itemListElement\":[{\"@type\":\"ListItem\",\"position\":1,\"name\":\"Portada\",\"item\":\"https:\\\/\\\/hormigueando.com\\\/\"},{\"@type\":\"ListItem\",\"position\":2,\"name\":\"Tienda\",\"item\":\"https:\\\/\\\/hormigueando.com\\\/tienda\\\/\"},{\"@type\":\"ListItem\",\"position\":3,\"name\":\"Reina Tapinoma nigerrimum\"}]},{\"@type\":\"WebSite\",\"@id\":\"https:\\\/\\\/hormigueando.com\\\/#website\",\"url\":\"https:\\\/\\\/hormigueando.com\\\/\",\"name\":\"Hormigueando | Tienda especializada en Cr\u00eda de Hormigas\",\"description\":\"\",\"publisher\":{\"@id\":\"https:\\\/\\\/hormigueando.com\\\/#organization\"},\"potentialAction\":[{\"@type\":\"SearchAction\",\"target\":{\"@type\":\"EntryPoint\",\"urlTemplate\":\"https:\\\/\\\/hormigueando.com\\\/?s={search_term_string}\"},\"query-input\":{\"@type\":\"PropertyValueSpecification\",\"valueRequired\":true,\"valueName\":\"search_term_string\"}}],\"inLanguage\":\"en-GB\"},{\"@type\":\"Organization\",\"@id\":\"https:\\\/\\\/hormigueando.com\\\/#organization\",\"name\":\"Hormigueando | Tienda especializada en Cr\u00eda de Hormigas\",\"url\":\"https:\\\/\\\/hormigueando.com\\\/\",\"logo\":{\"@type\":\"ImageObject\",\"inLanguage\":\"en-GB\",\"@id\":\"https:\\\/\\\/hormigueando.com\\\/#\\\/schema\\\/logo\\\/image\\\/\",\"url\":\"https:\\\/\\\/hormigueando.com\\\/wp-content\\\/uploads\\\/2023\\\/05\\\/logotipo_web-01.png\",\"contentUrl\":\"https:\\\/\\\/hormigueando.com\\\/wp-content\\\/uploads\\\/2023\\\/05\\\/logotipo_web-01.png\",\"width\":233,\"height\":74,\"caption\":\"Hormigueando | Tienda especializada en Cr\u00eda de Hormigas\"},\"image\":{\"@id\":\"https:\\\/\\\/hormigueando.com\\\/#\\\/schema\\\/logo\\\/image\\\/\"}}]}<\/script>\n<!-- \/ Yoast SEO plugin. -->","yoast_head_json":{"title":"Reina Tapinoma nigerrimum","description":"Reina Tapinoma nigerrimum","robots":{"index":"index","follow":"follow","max-snippet":"max-snippet:-1","max-image-preview":"max-image-preview:large","max-video-preview":"max-video-preview:-1"},"canonical":"https:\/\/hormigueando.com\/product\/reina-tapinoma-nigerrimum\/","og_locale":"en_GB","og_type":"article","og_title":"Reina Tapinoma nigerrimum","og_description":"Reina Tapinoma nigerrimum","og_url":"https:\/\/hormigueando.com\/product\/reina-tapinoma-nigerrimum\/","og_site_name":"Hormigueando | Tienda especializada en Cr\u00eda de Hormigas","og_image":[{"width":1100,"height":1422,"url":"https:\/\/hormigueando.com\/wp-content\/uploads\/2019\/07\/1726-thickbox_default-Reina-Tapinoma-nigerrimum.jpg","type":"image\/jpeg"}],"twitter_card":"summary_large_image","twitter_misc":{"Estimated reading time":"2 minutes"},"schema":{"@context":"https:\/\/schema.org","@graph":[{"@type":"WebPage","@id":"https:\/\/hormigueando.com\/product\/reina-tapinoma-nigerrimum\/","url":"https:\/\/hormigueando.com\/product\/reina-tapinoma-nigerrimum\/","name":"Reina Tapinoma nigerrimum","isPartOf":{"@id":"https:\/\/hormigueando.com\/#website"},"primaryImageOfPage":{"@id":"https:\/\/hormigueando.com\/product\/reina-tapinoma-nigerrimum\/#primaryimage"},"image":{"@id":"https:\/\/hormigueando.com\/product\/reina-tapinoma-nigerrimum\/#primaryimage"},"thumbnailUrl":"https:\/\/hormigueando.com\/wp-content\/uploads\/2019\/07\/1726-thickbox_default-Reina-Tapinoma-nigerrimum.jpg","datePublished":"2019-07-19T17:23:05+00:00","description":"Reina Tapinoma nigerrimum","breadcrumb":{"@id":"https:\/\/hormigueando.com\/product\/reina-tapinoma-nigerrimum\/#breadcrumb"},"inLanguage":"en-GB","potentialAction":[{"@type":"ReadAction","target":["https:\/\/hormigueando.com\/product\/reina-tapinoma-nigerrimum\/"]}]},{"@type":"ImageObject","inLanguage":"en-GB","@id":"https:\/\/hormigueando.com\/product\/reina-tapinoma-nigerrimum\/#primaryimage","url":"https:\/\/hormigueando.com\/wp-content\/uploads\/2019\/07\/1726-thickbox_default-Reina-Tapinoma-nigerrimum.jpg","contentUrl":"https:\/\/hormigueando.com\/wp-content\/uploads\/2019\/07\/1726-thickbox_default-Reina-Tapinoma-nigerrimum.jpg","width":1100,"height":1422},{"@type":"BreadcrumbList","@id":"https:\/\/hormigueando.com\/product\/reina-tapinoma-nigerrimum\/#breadcrumb","itemListElement":[{"@type":"ListItem","position":1,"name":"Portada","item":"https:\/\/hormigueando.com\/"},{"@type":"ListItem","position":2,"name":"Tienda","item":"https:\/\/hormigueando.com\/tienda\/"},{"@type":"ListItem","position":3,"name":"Reina Tapinoma nigerrimum"}]},{"@type":"WebSite","@id":"https:\/\/hormigueando.com\/#website","url":"https:\/\/hormigueando.com\/","name":"Hormigueando | Tienda especializada en Cr\u00eda de Hormigas","description":"","publisher":{"@id":"https:\/\/hormigueando.com\/#organization"},"potentialAction":[{"@type":"SearchAction","target":{"@type":"EntryPoint","urlTemplate":"https:\/\/hormigueando.com\/?s={search_term_string}"},"query-input":{"@type":"PropertyValueSpecification","valueRequired":true,"valueName":"search_term_string"}}],"inLanguage":"en-GB"},{"@type":"Organization","@id":"https:\/\/hormigueando.com\/#organization","name":"Hormigueando | Tienda especializada en Cr\u00eda de Hormigas","url":"https:\/\/hormigueando.com\/","logo":{"@type":"ImageObject","inLanguage":"en-GB","@id":"https:\/\/hormigueando.com\/#\/schema\/logo\/image\/","url":"https:\/\/hormigueando.com\/wp-content\/uploads\/2023\/05\/logotipo_web-01.png","contentUrl":"https:\/\/hormigueando.com\/wp-content\/uploads\/2023\/05\/logotipo_web-01.png","width":233,"height":74,"caption":"Hormigueando | Tienda especializada en Cr\u00eda de Hormigas"},"image":{"@id":"https:\/\/hormigueando.com\/#\/schema\/logo\/image\/"}}]}},"jetpack_sharing_enabled":true,"_links":{"self":[{"href":"https:\/\/hormigueando.com\/en-gb\/wp-json\/wp\/v2\/product\/43409","targetHints":{"allow":["GET"]}}],"collection":[{"href":"https:\/\/hormigueando.com\/en-gb\/wp-json\/wp\/v2\/product"}],"about":[{"href":"https:\/\/hormigueando.com\/en-gb\/wp-json\/wp\/v2\/types\/product"}],"replies":[{"embeddable":true,"href":"https:\/\/hormigueando.com\/en-gb\/wp-json\/wp\/v2\/comments?post=43409"}],"wp:featuredmedia":[{"embeddable":true,"href":"https:\/\/hormigueando.com\/en-gb\/wp-json\/wp\/v2\/media\/43408"}],"wp:attachment":[{"href":"https:\/\/hormigueando.com\/en-gb\/wp-json\/wp\/v2\/media?parent=43409"}],"wp:term":[{"taxonomy":"product_brand","embeddable":true,"href":"https:\/\/hormigueando.com\/en-gb\/wp-json\/wp\/v2\/product_brand?post=43409"},{"taxonomy":"product_cat","embeddable":true,"href":"https:\/\/hormigueando.com\/en-gb\/wp-json\/wp\/v2\/product_cat?post=43409"},{"taxonomy":"product_tag","embeddable":true,"href":"https:\/\/hormigueando.com\/en-gb\/wp-json\/wp\/v2\/product_tag?post=43409"},{"taxonomy":"giftcard-category","embeddable":true,"href":"https:\/\/hormigueando.com\/en-gb\/wp-json\/wp\/v2\/giftcard-category?post=43409"}],"curies":[{"name":"wp","href":"https:\/\/api.w.org\/{rel}","templated":true}]}}