{"id":43174,"date":"2019-06-12T22:24:24","date_gmt":"2019-06-12T20:24:24","guid":{"rendered":"https:\/\/hormigueando.com\/producto\/antmeta-h20x15-ampliable-con-deposito\/"},"modified":"2019-06-12T22:24:24","modified_gmt":"2019-06-12T20:24:24","slug":"antmeta-h20x15-ampliable-con-deposito","status":"publish","type":"product","link":"https:\/\/hormigueando.com\/en-gb\/product\/antmeta-h20x15-ampliable-con-deposito\/","title":{"rendered":"Antmeta H20x15 Ampliable con dep\u00f3sito"},"content":{"rendered":"<p class=\"MsoNormal\">Hormiguero acr\u00edlico de 20&#215;15 ampliable con dep\u00f3sito. Tiene zona de forrajeo con tapa de medidas 12,5x7x6,6 cm, dos agujeros de conexi\u00f3n exterior para tubos flexibles de 12\/10 mm y sistema de humedad con dep\u00f3sito.<\/p>\n<p>El hormiguero incluye <strong>dos piezas de cierre<\/strong> para las conexiones externas por si \u00e9stas no se quieren utilizar (por tanto no se requieren tapones) y <strong>dos piezas de conexi\u00f3n<\/strong> que facilitan el perfecto encaje de los tubos flexibles apropiados.<\/p>\n<\/p>\n<p>El hormiguero cuenta adem\u00e1s con <strong>3 piezas de apertura y 3 piezas de cierre de galer\u00edas<\/strong>, de modo que se puede ir ampliando poco a poco el espacio para la colonia a medida que esta va creciendo, lo que lo hace ideal para todo tipo de especies y tama\u00f1os de colonia.<\/p>\n<\/p>\n<p>El sistema de humedad consta de un dep\u00f3sito con dos espojas de un material superabsorbente (PVA) que permitir\u00e1n mantener el hormiguero humedecido durante semanas. El hormiguero tiene ranuras para evitar inundaciones en caso de que se produzca alg\u00fan desbordamiento a la hora de rellenar el dep\u00f3sito.<\/p>\n<\/p>\n<p>Tanto las piezas de apertura y cierre del hormiguero como las de las galer\u00edas est\u00e1n dise\u00f1adas para evitar fugas hasta de las especies m\u00e1s peque\u00f1as como Pheidole o Tetramorium.<\/p>\n<\/p>\n<p><strong>Filtro rojo compatible:<\/strong><\/p>\n<p><strong> <\/strong><a href=\"https:\/\/hormigueando.com\/filtros-rojos\/273-462-filtros-para-modelos-con-deposito.html#\/74-modelo_hormiguero-h20x15_deposito_08cm\" target=\"_blank\" class=\"btn btn-default\" rel=\"noopener\">Modelo H20X15 Dep\u00f3sito 0,8<br \/><\/a><\/p>\n<p><a href=\"https:\/\/hormigueando.com\/filtros-rojos\/273-461-filtros-para-modelos-con-deposito.html#\/73-modelo_hormiguero-h20x10_deposito_13cm\" target=\"_blank\" class=\"btn btn-default\" rel=\"noopener\">MODELO H20X15 DEP\u00d3SITO 1,3<\/a><\/p>\n<\/p>\n<p>\u00a0<\/p>\n<p>No te olvides de echarle un vistazo al review realizado por el youtuber <strong><a href=\"https:\/\/www.youtube.com\/channel\/UCJNE_MJ-HYJcRonihR3w3vA\" target=\"_blank\" rel=\"noopener\">ANTenas<\/a><\/strong> sobre nuestros hormigueros con dep\u00f3sito:<\/p>\n<\/p>\n<p><iframe width=\"560\" height=\"315\" data-src=\"https:\/\/www.youtube.com\/embed\/wq8oNsBlG6w\" frameborder=\"0\" src=\"data:image\/svg+xml;base64,PHN2ZyB3aWR0aD0iMSIgaGVpZ2h0PSIxIiB4bWxucz0iaHR0cDovL3d3dy53My5vcmcvMjAwMC9zdmciPjwvc3ZnPg==\" class=\"lazyload\" data-load-mode=\"1\"><\/iframe><\/p>\n<\/p>\n<p>\u00a0<\/p>\n<p>\u00a0<\/p>\n<\/p>\n<p><strong><span style=\"color:#d0121a;\">Importante:<\/span><\/strong><\/p>\n<p>Lavar solo con agua y jab\u00f3n. La utilizaci\u00f3n de productos abrasivos de limpieza puede provocar da\u00f1os en el hormiguero y anular la garant\u00eda del producto.<\/p>\n<p>\u00a0<\/p>\n<p><span style=\"text-decoration:underline;\">Otros productos recomendados:<\/span><\/p>\n<p>Sabemos que en ocasiones es complicado distinguir qu\u00e9 accesorios son compatibles con cada hormiguero y por ese motivo, desde <strong>Hormigueando<\/strong> os ayudamos con esta tarea y os indicamos qu\u00e9 accesorios tienen las medidas apropiadas para este hormiguero y caja de forrajeo. Estos accesorios no est\u00e1n incluidos con el hormiguero y se venden a parte.<\/p>\n<\/p>\n<p><strong>Tubos flexibles compatibles:<\/strong> 12\/10 mm. Necesarios si se quiere conectar el hormiguero con cajas de forrajeo externas, con otros hormigueros o con tubos de ensayo. Disponibles en nuestro apartado de <a href=\"https:\/\/hormigueando.com\/inicio\/59-67-tubos-flexibles.html#\/37-medidas-12_10_mm\" class=\"btn btn-default\">ACCESORIOS.<\/a><\/p>\n<p><strong>Bebederos compatibles con la caja de forrajeo incorporada:<\/strong><\/p>\n<p>&#8211; Bebedero comedero: Disponible en nuestro apartado de accesorios <a href=\"https:\/\/hormigueando.com\/inicio\/51-bebedero-comedero.html\" class=\"btn btn-default\">Bebedero-comedero<\/a><\/p>\n<p>&#8211; Bebedero (ambos tama\u00f1os son compatibles): Disponible en nuestro apartado de accesorios <a href=\"https:\/\/hormigueando.com\/inicio\/52-59-bebedero.html#\/1-tamano-s\" class=\"btn btn-default\">Bebedero<\/a><\/p>\n<p>&#8211; Bebedero de rejilla (ambos tama\u00f1os son compatibles): Disponible en nuestro apartado de accesorios <a href=\"https:\/\/hormigueando.com\/inicio\/42-51-bebedero-de-rejilla.html#\/1-tamano-s\/15-color-verde\" class=\"btn btn-default\">Bebedero de rejilla<\/a><\/p>\n<p><strong>Cajas de forrajeo externas:<\/strong> Compatible con todas nuestras <a href=\"https:\/\/hormigueando.com\/17-cajas-de-forrajeo\" class=\"btn btn-default\">Cajas de forrajeo<\/a><\/p>\n","protected":false},"excerpt":{"rendered":"<p class=\"MsoNormal\">Hormiguero acr\u00edlico de 20&#215;15 ampliable con dep\u00f3sito. Tiene zona de forrajeo con tapa, dos agujeros de conexi\u00f3n exterior para tubos flexibles de 12\/10 mm y sistema de humedad con dep\u00f3sito.<\/p>\n<p class=\"MsoNormal\">\n<\/p>\n<p class=\"MsoNormal\">Te recomendamos incluir el filtro rojo de este hormiguero para que nuestras hormigas se sientan m\u00e1s c\u00f3modas y protegidas de la luz:<\/p>\n<p><strong>Filtro rojo compatible:<\/strong><\/p>\n<p><strong> <\/strong><a href=\"https:\/\/hormigueando.com\/filtros-rojos\/273-462-filtros-para-modelos-con-deposito.html#\/74-modelo_hormiguero-h20x15_deposito_08cm\" target=\"_blank\" class=\"btn btn-default\" rel=\"noopener\">Modelo H20X15 Dep\u00f3sito 0,8<br \/><\/a><\/p>\n<p><a href=\"https:\/\/hormigueando.com\/filtros-rojos\/273-461-filtros-para-modelos-con-deposito.html#\/73-modelo_hormiguero-h20x10_deposito_13cm\" target=\"_blank\" class=\"btn btn-default\" rel=\"noopener\">MODELO H20X15 DEP\u00d3SITO 1,3<\/a><\/p><\/p>\n","protected":false},"featured_media":43149,"comment_status":"open","ping_status":"closed","template":"","meta":{"_joinchat":[]},"product_brand":[],"product_cat":[1082,1118],"product_tag":[],"giftcard-category":[],"class_list":{"0":"post-43174","1":"product","2":"type-product","3":"status-publish","4":"has-post-thumbnail","6":"product_cat-anthills-en-gb","7":"product_cat-anthills-with-upper-deposit-en-gb","8":"pa_4b-numerodeconexionesconelex-2-en-gb","9":"pa_61-modorellenadosistemadehum-deposito-en-gb","10":"pa_altura-0_8cm-en-gb","11":"pa_altura-1_3cm-en-gb","12":"pa_color-white-en-gb","13":"pa_color-red-en-gb","14":"pa_color-black-en-gb","15":"pa_color-blue-en-gb","16":"pa_composicion-metacrilato-en-gb","17":"pa_incluyecajadeforrajeo-si-en-gb","18":"pa_medidas-20x15x1cm-en-gb","19":"pa_medidatuboflexiblerequerido-1210mm-en-gb","20":"pa_serie-antmeta-en-gb","21":"pa_tamano-mediano-en-gb","23":"first","24":"outofstock","25":"taxable","26":"shipping-taxable","27":"purchasable","28":"product-type-variable","29":"has-default-attributes"},"yoast_head":"<!-- This site is optimized with the Yoast SEO plugin v27.1.1 - https:\/\/yoast.com\/product\/yoast-seo-wordpress\/ -->\n<title>Hormiguero acr\u00edlico 20x15 ampliable con dep\u00f3sito<\/title>\n<meta name=\"description\" content=\"Hormiguero acr\u00edlico 20x15 ampliable con dep\u00f3sito\" \/>\n<meta name=\"robots\" content=\"index, follow, max-snippet:-1, max-image-preview:large, max-video-preview:-1\" \/>\n<link rel=\"canonical\" href=\"https:\/\/hormigueando.com\/product\/antmeta-h20x15-ampliable-con-deposito\/\" \/>\n<meta property=\"og:locale\" content=\"en_GB\" \/>\n<meta property=\"og:type\" content=\"article\" \/>\n<meta property=\"og:title\" content=\"Hormiguero acr\u00edlico 20x15 ampliable con dep\u00f3sito\" \/>\n<meta property=\"og:description\" content=\"Hormiguero acr\u00edlico 20x15 ampliable con dep\u00f3sito\" \/>\n<meta property=\"og:url\" content=\"https:\/\/hormigueando.com\/product\/antmeta-h20x15-ampliable-con-deposito\/\" \/>\n<meta property=\"og:site_name\" content=\"Hormigueando | Tienda especializada en Cr\u00eda de Hormigas\" \/>\n<meta property=\"og:image\" content=\"https:\/\/hormigueando.com\/wp-content\/uploads\/2019\/06\/1875-thickbox_default-Antmeta-H20x15-Ampliable-con-deposito.jpg\" \/>\n\t<meta property=\"og:image:width\" content=\"1100\" \/>\n\t<meta property=\"og:image:height\" content=\"1422\" \/>\n\t<meta property=\"og:image:type\" content=\"image\/jpeg\" \/>\n<meta name=\"twitter:card\" content=\"summary_large_image\" \/>\n<meta name=\"twitter:label1\" content=\"Estimated reading time\" \/>\n\t<meta name=\"twitter:data1\" content=\"2 minutes\" \/>\n<script type=\"application\/ld+json\" class=\"yoast-schema-graph\">{\"@context\":\"https:\/\/schema.org\",\"@graph\":[{\"@type\":\"WebPage\",\"@id\":\"https:\/\/hormigueando.com\/product\/antmeta-h20x15-ampliable-con-deposito\/\",\"url\":\"https:\/\/hormigueando.com\/product\/antmeta-h20x15-ampliable-con-deposito\/\",\"name\":\"Hormiguero acr\u00edlico 20x15 ampliable con dep\u00f3sito\",\"isPartOf\":{\"@id\":\"https:\/\/hormigueando.com\/#website\"},\"primaryImageOfPage\":{\"@id\":\"https:\/\/hormigueando.com\/product\/antmeta-h20x15-ampliable-con-deposito\/#primaryimage\"},\"image\":{\"@id\":\"https:\/\/hormigueando.com\/product\/antmeta-h20x15-ampliable-con-deposito\/#primaryimage\"},\"thumbnailUrl\":\"https:\/\/hormigueando.com\/wp-content\/uploads\/2019\/06\/1875-thickbox_default-Antmeta-H20x15-Ampliable-con-deposito.jpg\",\"datePublished\":\"2019-06-12T20:24:24+00:00\",\"description\":\"Hormiguero acr\u00edlico 20x15 ampliable con dep\u00f3sito\",\"breadcrumb\":{\"@id\":\"https:\/\/hormigueando.com\/product\/antmeta-h20x15-ampliable-con-deposito\/#breadcrumb\"},\"inLanguage\":\"en-GB\",\"potentialAction\":[{\"@type\":\"ReadAction\",\"target\":[\"https:\/\/hormigueando.com\/product\/antmeta-h20x15-ampliable-con-deposito\/\"]}]},{\"@type\":\"ImageObject\",\"inLanguage\":\"en-GB\",\"@id\":\"https:\/\/hormigueando.com\/product\/antmeta-h20x15-ampliable-con-deposito\/#primaryimage\",\"url\":\"https:\/\/hormigueando.com\/wp-content\/uploads\/2019\/06\/1875-thickbox_default-Antmeta-H20x15-Ampliable-con-deposito.jpg\",\"contentUrl\":\"https:\/\/hormigueando.com\/wp-content\/uploads\/2019\/06\/1875-thickbox_default-Antmeta-H20x15-Ampliable-con-deposito.jpg\",\"width\":1100,\"height\":1422},{\"@type\":\"BreadcrumbList\",\"@id\":\"https:\/\/hormigueando.com\/product\/antmeta-h20x15-ampliable-con-deposito\/#breadcrumb\",\"itemListElement\":[{\"@type\":\"ListItem\",\"position\":1,\"name\":\"Portada\",\"item\":\"https:\/\/hormigueando.com\/\"},{\"@type\":\"ListItem\",\"position\":2,\"name\":\"Tienda\",\"item\":\"https:\/\/hormigueando.com\/tienda\/\"},{\"@type\":\"ListItem\",\"position\":3,\"name\":\"Antmeta H20x15 Ampliable con dep\u00f3sito\"}]},{\"@type\":\"WebSite\",\"@id\":\"https:\/\/hormigueando.com\/#website\",\"url\":\"https:\/\/hormigueando.com\/\",\"name\":\"Hormigueando | Tienda especializada en Cr\u00eda de Hormigas\",\"description\":\"\",\"publisher\":{\"@id\":\"https:\/\/hormigueando.com\/#organization\"},\"potentialAction\":[{\"@type\":\"SearchAction\",\"target\":{\"@type\":\"EntryPoint\",\"urlTemplate\":\"https:\/\/hormigueando.com\/?s={search_term_string}\"},\"query-input\":{\"@type\":\"PropertyValueSpecification\",\"valueRequired\":true,\"valueName\":\"search_term_string\"}}],\"inLanguage\":\"en-GB\"},{\"@type\":\"Organization\",\"@id\":\"https:\/\/hormigueando.com\/#organization\",\"name\":\"Hormigueando | Tienda especializada en Cr\u00eda de Hormigas\",\"url\":\"https:\/\/hormigueando.com\/\",\"logo\":{\"@type\":\"ImageObject\",\"inLanguage\":\"en-GB\",\"@id\":\"https:\/\/hormigueando.com\/#\/schema\/logo\/image\/\",\"url\":\"https:\/\/hormigueando.com\/wp-content\/uploads\/2023\/05\/logotipo_web-01.png\",\"contentUrl\":\"https:\/\/hormigueando.com\/wp-content\/uploads\/2023\/05\/logotipo_web-01.png\",\"width\":233,\"height\":74,\"caption\":\"Hormigueando | Tienda especializada en Cr\u00eda de Hormigas\"},\"image\":{\"@id\":\"https:\/\/hormigueando.com\/#\/schema\/logo\/image\/\"}}]}<\/script>\n<!-- \/ Yoast SEO plugin. -->","yoast_head_json":{"title":"Hormiguero acr\u00edlico 20x15 ampliable con dep\u00f3sito","description":"Hormiguero acr\u00edlico 20x15 ampliable con dep\u00f3sito","robots":{"index":"index","follow":"follow","max-snippet":"max-snippet:-1","max-image-preview":"max-image-preview:large","max-video-preview":"max-video-preview:-1"},"canonical":"https:\/\/hormigueando.com\/product\/antmeta-h20x15-ampliable-con-deposito\/","og_locale":"en_GB","og_type":"article","og_title":"Hormiguero acr\u00edlico 20x15 ampliable con dep\u00f3sito","og_description":"Hormiguero acr\u00edlico 20x15 ampliable con dep\u00f3sito","og_url":"https:\/\/hormigueando.com\/product\/antmeta-h20x15-ampliable-con-deposito\/","og_site_name":"Hormigueando | Tienda especializada en Cr\u00eda de Hormigas","og_image":[{"width":1100,"height":1422,"url":"https:\/\/hormigueando.com\/wp-content\/uploads\/2019\/06\/1875-thickbox_default-Antmeta-H20x15-Ampliable-con-deposito.jpg","type":"image\/jpeg"}],"twitter_card":"summary_large_image","twitter_misc":{"Estimated reading time":"2 minutes"},"schema":{"@context":"https:\/\/schema.org","@graph":[{"@type":"WebPage","@id":"https:\/\/hormigueando.com\/product\/antmeta-h20x15-ampliable-con-deposito\/","url":"https:\/\/hormigueando.com\/product\/antmeta-h20x15-ampliable-con-deposito\/","name":"Hormiguero acr\u00edlico 20x15 ampliable con dep\u00f3sito","isPartOf":{"@id":"https:\/\/hormigueando.com\/#website"},"primaryImageOfPage":{"@id":"https:\/\/hormigueando.com\/product\/antmeta-h20x15-ampliable-con-deposito\/#primaryimage"},"image":{"@id":"https:\/\/hormigueando.com\/product\/antmeta-h20x15-ampliable-con-deposito\/#primaryimage"},"thumbnailUrl":"https:\/\/hormigueando.com\/wp-content\/uploads\/2019\/06\/1875-thickbox_default-Antmeta-H20x15-Ampliable-con-deposito.jpg","datePublished":"2019-06-12T20:24:24+00:00","description":"Hormiguero acr\u00edlico 20x15 ampliable con dep\u00f3sito","breadcrumb":{"@id":"https:\/\/hormigueando.com\/product\/antmeta-h20x15-ampliable-con-deposito\/#breadcrumb"},"inLanguage":"en-GB","potentialAction":[{"@type":"ReadAction","target":["https:\/\/hormigueando.com\/product\/antmeta-h20x15-ampliable-con-deposito\/"]}]},{"@type":"ImageObject","inLanguage":"en-GB","@id":"https:\/\/hormigueando.com\/product\/antmeta-h20x15-ampliable-con-deposito\/#primaryimage","url":"https:\/\/hormigueando.com\/wp-content\/uploads\/2019\/06\/1875-thickbox_default-Antmeta-H20x15-Ampliable-con-deposito.jpg","contentUrl":"https:\/\/hormigueando.com\/wp-content\/uploads\/2019\/06\/1875-thickbox_default-Antmeta-H20x15-Ampliable-con-deposito.jpg","width":1100,"height":1422},{"@type":"BreadcrumbList","@id":"https:\/\/hormigueando.com\/product\/antmeta-h20x15-ampliable-con-deposito\/#breadcrumb","itemListElement":[{"@type":"ListItem","position":1,"name":"Portada","item":"https:\/\/hormigueando.com\/"},{"@type":"ListItem","position":2,"name":"Tienda","item":"https:\/\/hormigueando.com\/tienda\/"},{"@type":"ListItem","position":3,"name":"Antmeta H20x15 Ampliable con dep\u00f3sito"}]},{"@type":"WebSite","@id":"https:\/\/hormigueando.com\/#website","url":"https:\/\/hormigueando.com\/","name":"Hormigueando | Tienda especializada en Cr\u00eda de Hormigas","description":"","publisher":{"@id":"https:\/\/hormigueando.com\/#organization"},"potentialAction":[{"@type":"SearchAction","target":{"@type":"EntryPoint","urlTemplate":"https:\/\/hormigueando.com\/?s={search_term_string}"},"query-input":{"@type":"PropertyValueSpecification","valueRequired":true,"valueName":"search_term_string"}}],"inLanguage":"en-GB"},{"@type":"Organization","@id":"https:\/\/hormigueando.com\/#organization","name":"Hormigueando | Tienda especializada en Cr\u00eda de Hormigas","url":"https:\/\/hormigueando.com\/","logo":{"@type":"ImageObject","inLanguage":"en-GB","@id":"https:\/\/hormigueando.com\/#\/schema\/logo\/image\/","url":"https:\/\/hormigueando.com\/wp-content\/uploads\/2023\/05\/logotipo_web-01.png","contentUrl":"https:\/\/hormigueando.com\/wp-content\/uploads\/2023\/05\/logotipo_web-01.png","width":233,"height":74,"caption":"Hormigueando | Tienda especializada en Cr\u00eda de Hormigas"},"image":{"@id":"https:\/\/hormigueando.com\/#\/schema\/logo\/image\/"}}]}},"jetpack_sharing_enabled":true,"_links":{"self":[{"href":"https:\/\/hormigueando.com\/en-gb\/wp-json\/wp\/v2\/product\/43174","targetHints":{"allow":["GET"]}}],"collection":[{"href":"https:\/\/hormigueando.com\/en-gb\/wp-json\/wp\/v2\/product"}],"about":[{"href":"https:\/\/hormigueando.com\/en-gb\/wp-json\/wp\/v2\/types\/product"}],"replies":[{"embeddable":true,"href":"https:\/\/hormigueando.com\/en-gb\/wp-json\/wp\/v2\/comments?post=43174"}],"wp:featuredmedia":[{"embeddable":true,"href":"https:\/\/hormigueando.com\/en-gb\/wp-json\/wp\/v2\/media\/43149"}],"wp:attachment":[{"href":"https:\/\/hormigueando.com\/en-gb\/wp-json\/wp\/v2\/media?parent=43174"}],"wp:term":[{"taxonomy":"product_brand","embeddable":true,"href":"https:\/\/hormigueando.com\/en-gb\/wp-json\/wp\/v2\/product_brand?post=43174"},{"taxonomy":"product_cat","embeddable":true,"href":"https:\/\/hormigueando.com\/en-gb\/wp-json\/wp\/v2\/product_cat?post=43174"},{"taxonomy":"product_tag","embeddable":true,"href":"https:\/\/hormigueando.com\/en-gb\/wp-json\/wp\/v2\/product_tag?post=43174"},{"taxonomy":"giftcard-category","embeddable":true,"href":"https:\/\/hormigueando.com\/en-gb\/wp-json\/wp\/v2\/giftcard-category?post=43174"}],"curies":[{"name":"wp","href":"https:\/\/api.w.org\/{rel}","templated":true}]}}