{"id":43097,"date":"2019-05-28T16:39:52","date_gmt":"2019-05-28T14:39:52","guid":{"rendered":"https:\/\/hormigueando.com\/producto\/reina-pheidole-pallidula\/"},"modified":"2025-06-17T14:55:19","modified_gmt":"2025-06-17T12:55:19","slug":"reina-pheidole-pallidula","status":"publish","type":"product","link":"https:\/\/hormigueando.com\/en-gb\/product\/reina-pheidole-pallidula\/","title":{"rendered":"Reina Pheidole pallidula"},"content":{"rendered":"<p>Reina Pheidole pallidula<\/p>\n<\/p>\n<p><strong><span style=\"color:#d0121a;\">Atenci\u00f3n:<\/span><\/strong> solo se env\u00eda una reina o colonia por pedido. Las hormigas son <strong>GRATIS<\/strong>, solo hay que pagar los gastos de env\u00edo.<\/p>\n<\/p>\n<p>Esta peque\u00f1a hormiga puede reportar grandes satisfacciones a todo aquel que se decida por su cr\u00eda, pero tambi\u00e9n pueden resultar un peque\u00f1o quebradero de cabeza si no se tienen en cuenta unas sencillas recomendaciones\/precauciones.<\/p>\n<\/p>\n<p>Por un lado, su peque\u00f1\u00edsimo tama\u00f1o las convierten en las Harry Houdini de las especies peninsulares: son expertas en encontrar cualquier m\u00ednima rendija por la que escapar. Por otra parte, son una especie muy sensible a los cambios de humedad, por lo que siempre es recomendable que est\u00e9n en un entorno de humedad al 65%-90%.<\/p>\n<\/p>\n<p>No obstante, sus ventajas superan con creces estas peque\u00f1as contras y as\u00ed, son una hormiga muy activa, de desarrollo muy r\u00e1pido (pudiendo llegar al millar de individuos en el primer a\u00f1o) y que proporciona ratos muy interesantes durante su observaci\u00f3n.<\/p>\n<\/p>\n<p>Se trata de una hormiga omn\u00edvora que acepta de buen grado l\u00edquidos dulces, semillas, frutas y, sobre todo, insectos, a los que no dudar\u00e1n en dar caza y matar si es necesario (recordemos de todos modos que siempre es preferible congelar cualquier insecto durante 24h para evitar introducir \u00e1caros en nuestro hormiguero). Al ser omn\u00edvora su alimentaci\u00f3n es bastante sencilla, pero es muy recomendable suministrarles un aporte continuo de prote\u00edna.<\/p>\n<\/p>\n<p>Tama\u00f1o:<\/p>\n<p>Reina: 6 &#8211; 8,5 mm<\/p>\n<p>Obrera:\u00a0 1,6 &#8211; 2,6 mm<\/p>\n<\/p>\n<p>La reina se env\u00eda en un tubo de ensayo con agua. Pueden vivir en el tubo hasta que se seque el agua del fondo, momento en el que habr\u00e1 que trasladarla a otro tubo preparado de la misma forma.<\/p>\n<\/p>\n<p>Recomendamos descargar nuestra <a href=\"https:\/\/hormigueando.com\/content\/9-fichas-de-cria\" class=\"btn btn-default\">Ficha de cr\u00eda<\/a> para m\u00e1s informaci\u00f3n sobre la cr\u00eda de esta especie.<\/p><\/p>\n","protected":false},"excerpt":{"rendered":"<p>Reina Pheidole pallidula<\/p>\n","protected":false},"featured_media":43096,"comment_status":"open","ping_status":"closed","template":"","meta":{"_joinchat":[]},"product_brand":[],"product_cat":[1092],"product_tag":[],"giftcard-category":[],"class_list":{"0":"post-43097","1":"product","2":"type-product","3":"status-publish","4":"has-post-thumbnail","6":"product_cat-hormigas-en-gb","8":"first","9":"outofstock","10":"taxable","11":"shipping-taxable","12":"purchasable","13":"product-type-simple"},"yoast_head":"<!-- This site is optimized with the Yoast SEO plugin v27.1.1 - https:\/\/yoast.com\/product\/yoast-seo-wordpress\/ -->\n<title>Reina Pheidole pallidula<\/title>\n<meta name=\"description\" content=\"Reina Pheidole pallidula\" \/>\n<meta name=\"robots\" content=\"index, follow, max-snippet:-1, max-image-preview:large, max-video-preview:-1\" \/>\n<link rel=\"canonical\" href=\"https:\/\/hormigueando.com\/en-gb\/product\/reina-pheidole-pallidula\/\" \/>\n<meta property=\"og:locale\" content=\"en_GB\" \/>\n<meta property=\"og:type\" content=\"article\" \/>\n<meta property=\"og:title\" content=\"Reina Pheidole pallidula\" \/>\n<meta property=\"og:description\" content=\"Reina Pheidole pallidula\" \/>\n<meta property=\"og:url\" content=\"https:\/\/hormigueando.com\/en-gb\/product\/reina-pheidole-pallidula\/\" \/>\n<meta property=\"og:site_name\" content=\"Hormigueando | Tienda especializada en Cr\u00eda de Hormigas\" \/>\n<meta property=\"article:modified_time\" content=\"2025-06-17T12:55:19+00:00\" \/>\n<meta property=\"og:image\" content=\"https:\/\/hormigueando.com\/wp-content\/uploads\/2019\/05\/1479-thickbox_default-Reina-Pheidolle-pallidula.jpg\" \/>\n\t<meta property=\"og:image:width\" content=\"1100\" \/>\n\t<meta property=\"og:image:height\" content=\"1422\" \/>\n\t<meta property=\"og:image:type\" content=\"image\/jpeg\" \/>\n<meta name=\"twitter:card\" content=\"summary_large_image\" \/>\n<meta name=\"twitter:label1\" content=\"Estimated reading time\" \/>\n\t<meta name=\"twitter:data1\" content=\"2 minutes\" \/>\n<script type=\"application\/ld+json\" class=\"yoast-schema-graph\">{\"@context\":\"https:\/\/schema.org\",\"@graph\":[{\"@type\":\"WebPage\",\"@id\":\"https:\/\/hormigueando.com\/en-gb\/product\/reina-pheidole-pallidula\/\",\"url\":\"https:\/\/hormigueando.com\/en-gb\/product\/reina-pheidole-pallidula\/\",\"name\":\"Reina Pheidole pallidula\",\"isPartOf\":{\"@id\":\"https:\/\/hormigueando.com\/#website\"},\"primaryImageOfPage\":{\"@id\":\"https:\/\/hormigueando.com\/en-gb\/product\/reina-pheidole-pallidula\/#primaryimage\"},\"image\":{\"@id\":\"https:\/\/hormigueando.com\/en-gb\/product\/reina-pheidole-pallidula\/#primaryimage\"},\"thumbnailUrl\":\"https:\/\/hormigueando.com\/wp-content\/uploads\/2019\/05\/1479-thickbox_default-Reina-Pheidolle-pallidula.jpg\",\"datePublished\":\"2019-05-28T14:39:52+00:00\",\"dateModified\":\"2025-06-17T12:55:19+00:00\",\"description\":\"Reina Pheidole pallidula\",\"breadcrumb\":{\"@id\":\"https:\/\/hormigueando.com\/en-gb\/product\/reina-pheidole-pallidula\/#breadcrumb\"},\"inLanguage\":\"en-GB\",\"potentialAction\":[{\"@type\":\"ReadAction\",\"target\":[\"https:\/\/hormigueando.com\/en-gb\/product\/reina-pheidole-pallidula\/\"]}]},{\"@type\":\"ImageObject\",\"inLanguage\":\"en-GB\",\"@id\":\"https:\/\/hormigueando.com\/en-gb\/product\/reina-pheidole-pallidula\/#primaryimage\",\"url\":\"https:\/\/hormigueando.com\/wp-content\/uploads\/2019\/05\/1479-thickbox_default-Reina-Pheidolle-pallidula.jpg\",\"contentUrl\":\"https:\/\/hormigueando.com\/wp-content\/uploads\/2019\/05\/1479-thickbox_default-Reina-Pheidolle-pallidula.jpg\",\"width\":1100,\"height\":1422},{\"@type\":\"BreadcrumbList\",\"@id\":\"https:\/\/hormigueando.com\/en-gb\/product\/reina-pheidole-pallidula\/#breadcrumb\",\"itemListElement\":[{\"@type\":\"ListItem\",\"position\":1,\"name\":\"Portada\",\"item\":\"https:\/\/hormigueando.com\/\"},{\"@type\":\"ListItem\",\"position\":2,\"name\":\"Tienda\",\"item\":\"https:\/\/hormigueando.com\/tienda\/\"},{\"@type\":\"ListItem\",\"position\":3,\"name\":\"Reina Pheidole pallidula\"}]},{\"@type\":\"WebSite\",\"@id\":\"https:\/\/hormigueando.com\/#website\",\"url\":\"https:\/\/hormigueando.com\/\",\"name\":\"Hormigueando | Tienda especializada en Cr\u00eda de Hormigas\",\"description\":\"\",\"publisher\":{\"@id\":\"https:\/\/hormigueando.com\/#organization\"},\"potentialAction\":[{\"@type\":\"SearchAction\",\"target\":{\"@type\":\"EntryPoint\",\"urlTemplate\":\"https:\/\/hormigueando.com\/?s={search_term_string}\"},\"query-input\":{\"@type\":\"PropertyValueSpecification\",\"valueRequired\":true,\"valueName\":\"search_term_string\"}}],\"inLanguage\":\"en-GB\"},{\"@type\":\"Organization\",\"@id\":\"https:\/\/hormigueando.com\/#organization\",\"name\":\"Hormigueando | Tienda especializada en Cr\u00eda de Hormigas\",\"url\":\"https:\/\/hormigueando.com\/\",\"logo\":{\"@type\":\"ImageObject\",\"inLanguage\":\"en-GB\",\"@id\":\"https:\/\/hormigueando.com\/#\/schema\/logo\/image\/\",\"url\":\"https:\/\/hormigueando.com\/wp-content\/uploads\/2023\/05\/logotipo_web-01.png\",\"contentUrl\":\"https:\/\/hormigueando.com\/wp-content\/uploads\/2023\/05\/logotipo_web-01.png\",\"width\":233,\"height\":74,\"caption\":\"Hormigueando | Tienda especializada en Cr\u00eda de Hormigas\"},\"image\":{\"@id\":\"https:\/\/hormigueando.com\/#\/schema\/logo\/image\/\"}}]}<\/script>\n<!-- \/ Yoast SEO plugin. -->","yoast_head_json":{"title":"Reina Pheidole pallidula","description":"Reina Pheidole pallidula","robots":{"index":"index","follow":"follow","max-snippet":"max-snippet:-1","max-image-preview":"max-image-preview:large","max-video-preview":"max-video-preview:-1"},"canonical":"https:\/\/hormigueando.com\/en-gb\/product\/reina-pheidole-pallidula\/","og_locale":"en_GB","og_type":"article","og_title":"Reina Pheidole pallidula","og_description":"Reina Pheidole pallidula","og_url":"https:\/\/hormigueando.com\/en-gb\/product\/reina-pheidole-pallidula\/","og_site_name":"Hormigueando | Tienda especializada en Cr\u00eda de Hormigas","article_modified_time":"2025-06-17T12:55:19+00:00","og_image":[{"width":1100,"height":1422,"url":"https:\/\/hormigueando.com\/wp-content\/uploads\/2019\/05\/1479-thickbox_default-Reina-Pheidolle-pallidula.jpg","type":"image\/jpeg"}],"twitter_card":"summary_large_image","twitter_misc":{"Estimated reading time":"2 minutes"},"schema":{"@context":"https:\/\/schema.org","@graph":[{"@type":"WebPage","@id":"https:\/\/hormigueando.com\/en-gb\/product\/reina-pheidole-pallidula\/","url":"https:\/\/hormigueando.com\/en-gb\/product\/reina-pheidole-pallidula\/","name":"Reina Pheidole pallidula","isPartOf":{"@id":"https:\/\/hormigueando.com\/#website"},"primaryImageOfPage":{"@id":"https:\/\/hormigueando.com\/en-gb\/product\/reina-pheidole-pallidula\/#primaryimage"},"image":{"@id":"https:\/\/hormigueando.com\/en-gb\/product\/reina-pheidole-pallidula\/#primaryimage"},"thumbnailUrl":"https:\/\/hormigueando.com\/wp-content\/uploads\/2019\/05\/1479-thickbox_default-Reina-Pheidolle-pallidula.jpg","datePublished":"2019-05-28T14:39:52+00:00","dateModified":"2025-06-17T12:55:19+00:00","description":"Reina Pheidole pallidula","breadcrumb":{"@id":"https:\/\/hormigueando.com\/en-gb\/product\/reina-pheidole-pallidula\/#breadcrumb"},"inLanguage":"en-GB","potentialAction":[{"@type":"ReadAction","target":["https:\/\/hormigueando.com\/en-gb\/product\/reina-pheidole-pallidula\/"]}]},{"@type":"ImageObject","inLanguage":"en-GB","@id":"https:\/\/hormigueando.com\/en-gb\/product\/reina-pheidole-pallidula\/#primaryimage","url":"https:\/\/hormigueando.com\/wp-content\/uploads\/2019\/05\/1479-thickbox_default-Reina-Pheidolle-pallidula.jpg","contentUrl":"https:\/\/hormigueando.com\/wp-content\/uploads\/2019\/05\/1479-thickbox_default-Reina-Pheidolle-pallidula.jpg","width":1100,"height":1422},{"@type":"BreadcrumbList","@id":"https:\/\/hormigueando.com\/en-gb\/product\/reina-pheidole-pallidula\/#breadcrumb","itemListElement":[{"@type":"ListItem","position":1,"name":"Portada","item":"https:\/\/hormigueando.com\/"},{"@type":"ListItem","position":2,"name":"Tienda","item":"https:\/\/hormigueando.com\/tienda\/"},{"@type":"ListItem","position":3,"name":"Reina Pheidole pallidula"}]},{"@type":"WebSite","@id":"https:\/\/hormigueando.com\/#website","url":"https:\/\/hormigueando.com\/","name":"Hormigueando | Tienda especializada en Cr\u00eda de Hormigas","description":"","publisher":{"@id":"https:\/\/hormigueando.com\/#organization"},"potentialAction":[{"@type":"SearchAction","target":{"@type":"EntryPoint","urlTemplate":"https:\/\/hormigueando.com\/?s={search_term_string}"},"query-input":{"@type":"PropertyValueSpecification","valueRequired":true,"valueName":"search_term_string"}}],"inLanguage":"en-GB"},{"@type":"Organization","@id":"https:\/\/hormigueando.com\/#organization","name":"Hormigueando | Tienda especializada en Cr\u00eda de Hormigas","url":"https:\/\/hormigueando.com\/","logo":{"@type":"ImageObject","inLanguage":"en-GB","@id":"https:\/\/hormigueando.com\/#\/schema\/logo\/image\/","url":"https:\/\/hormigueando.com\/wp-content\/uploads\/2023\/05\/logotipo_web-01.png","contentUrl":"https:\/\/hormigueando.com\/wp-content\/uploads\/2023\/05\/logotipo_web-01.png","width":233,"height":74,"caption":"Hormigueando | Tienda especializada en Cr\u00eda de Hormigas"},"image":{"@id":"https:\/\/hormigueando.com\/#\/schema\/logo\/image\/"}}]}},"jetpack_sharing_enabled":true,"_links":{"self":[{"href":"https:\/\/hormigueando.com\/en-gb\/wp-json\/wp\/v2\/product\/43097","targetHints":{"allow":["GET"]}}],"collection":[{"href":"https:\/\/hormigueando.com\/en-gb\/wp-json\/wp\/v2\/product"}],"about":[{"href":"https:\/\/hormigueando.com\/en-gb\/wp-json\/wp\/v2\/types\/product"}],"replies":[{"embeddable":true,"href":"https:\/\/hormigueando.com\/en-gb\/wp-json\/wp\/v2\/comments?post=43097"}],"wp:featuredmedia":[{"embeddable":true,"href":"https:\/\/hormigueando.com\/en-gb\/wp-json\/wp\/v2\/media\/43096"}],"wp:attachment":[{"href":"https:\/\/hormigueando.com\/en-gb\/wp-json\/wp\/v2\/media?parent=43097"}],"wp:term":[{"taxonomy":"product_brand","embeddable":true,"href":"https:\/\/hormigueando.com\/en-gb\/wp-json\/wp\/v2\/product_brand?post=43097"},{"taxonomy":"product_cat","embeddable":true,"href":"https:\/\/hormigueando.com\/en-gb\/wp-json\/wp\/v2\/product_cat?post=43097"},{"taxonomy":"product_tag","embeddable":true,"href":"https:\/\/hormigueando.com\/en-gb\/wp-json\/wp\/v2\/product_tag?post=43097"},{"taxonomy":"giftcard-category","embeddable":true,"href":"https:\/\/hormigueando.com\/en-gb\/wp-json\/wp\/v2\/giftcard-category?post=43097"}],"curies":[{"name":"wp","href":"https:\/\/api.w.org\/{rel}","templated":true}]}}