{"id":42965,"date":"2019-03-15T12:35:08","date_gmt":"2019-03-15T10:35:08","guid":{"rendered":"https:\/\/hormigueando.com\/producto\/reina-solenopsis-fugax\/"},"modified":"2019-03-15T12:35:08","modified_gmt":"2019-03-15T10:35:08","slug":"reina-solenopsis-fugax","status":"publish","type":"product","link":"https:\/\/hormigueando.com\/en-gb\/product\/reina-solenopsis-fugax\/","title":{"rendered":"Reina Solenopsis fugax"},"content":{"rendered":"<p>Reina Solenopsis fugax<\/p>\n<\/p>\n<p><strong><span style=\"color:#d0121a;\">Atenci\u00f3n:<\/span><\/strong> solo se env\u00eda una reina o colonia por pedido. Las hormigas son <strong>GRATIS<\/strong>, solo hay que pagar los gastos de env\u00edo.<\/p>\n<\/p>\n<p>Esta hormiga, tambi\u00e9n llamada <i>hormiga ladrona<\/i>, es una de las especies m\u00e1s peque\u00f1as de Europa pero su peque\u00f1o tama\u00f1o lo suplen con altas dosis de agresividad. Esta especie recibe su nombre de ladrona porque es especialista en robar huevos y larvas de otras especies de hormigas.<\/p>\n<p>Es una hormiga que se reproduce muy r\u00e1pidamente y sus colonias pueden llegar a los 100.000 individuos, que tendr\u00e1n todos la misma forma con alguna variaci\u00f3n en tama\u00f1o.<\/p>\n<p>Se alimenta de larvas, insectos y l\u00edquidos azucarados.<\/p>\n<\/p>\n<p>En cautividad son extremadamente dif\u00edciles de criar por su peque\u00f1o tama\u00f1o. Presentan un car\u00e1cter tranquilo y no se inmutan por golpes o vibraciones.<\/p>\n<\/p>\n<p>Tama\u00f1o:<\/p>\n<p>Reina: 6 &#8211; 6,5 mm<\/p>\n<p>Obrera:\u00a0 1 &#8211; 3 mm<\/p>\n<\/p>\n<p>La reina se env\u00eda en un tubo de ensayo con agua. Pueden vivir en el tubo hasta que se seque el agua del fondo, momento en el que habr\u00e1 que trasladarla a otro tubo preparado de la misma forma.<\/p>\n<\/p>\n<p>Recomendamos descargar nuestra <a href=\"https:\/\/hormigueando.com\/content\/9-fichas-de-cria\" class=\"btn btn-default\">Ficha de cr\u00eda<\/a> para m\u00e1s informaci\u00f3n sobre la cr\u00eda de esta especie.<\/p><\/p>\n","protected":false},"excerpt":{"rendered":"<p>Reina Solenopsis fugax<\/p>\n","protected":false},"featured_media":42964,"comment_status":"open","ping_status":"closed","template":"","meta":{"_joinchat":[]},"product_brand":[],"product_cat":[1092],"product_tag":[],"giftcard-category":[],"class_list":{"0":"post-42965","1":"product","2":"type-product","3":"status-publish","4":"has-post-thumbnail","6":"product_cat-hormigas-en-gb","8":"first","9":"outofstock","10":"taxable","11":"shipping-taxable","12":"purchasable","13":"product-type-simple"},"yoast_head":"<!-- This site is optimized with the Yoast SEO plugin v27.4 - https:\/\/yoast.com\/product\/yoast-seo-wordpress\/ -->\n<title>Reina Solenopsis fugax<\/title>\n<meta name=\"description\" content=\"Reina Solenopsis fugax\" \/>\n<meta name=\"robots\" content=\"index, follow, max-snippet:-1, max-image-preview:large, max-video-preview:-1\" \/>\n<link rel=\"canonical\" href=\"https:\/\/hormigueando.com\/product\/reina-solenopsis-fugax\/\" \/>\n<meta property=\"og:locale\" content=\"en_GB\" \/>\n<meta property=\"og:type\" content=\"article\" \/>\n<meta property=\"og:title\" content=\"Reina Solenopsis fugax\" \/>\n<meta property=\"og:description\" content=\"Reina Solenopsis fugax\" \/>\n<meta property=\"og:url\" content=\"https:\/\/hormigueando.com\/product\/reina-solenopsis-fugax\/\" \/>\n<meta property=\"og:site_name\" content=\"Hormigueando | Tienda especializada en Cr\u00eda de Hormigas\" \/>\n<meta property=\"og:image\" content=\"https:\/\/hormigueando.com\/wp-content\/uploads\/2019\/03\/1312-thickbox_default-Reina-Solenopsis-fugax.jpg\" \/>\n\t<meta property=\"og:image:width\" content=\"1100\" \/>\n\t<meta property=\"og:image:height\" content=\"1422\" \/>\n\t<meta property=\"og:image:type\" content=\"image\/jpeg\" \/>\n<meta name=\"twitter:card\" content=\"summary_large_image\" \/>\n<meta name=\"twitter:label1\" content=\"Estimated reading time\" \/>\n\t<meta name=\"twitter:data1\" content=\"1 minute\" \/>\n<script type=\"application\/ld+json\" class=\"yoast-schema-graph\">{\"@context\":\"https:\\\/\\\/schema.org\",\"@graph\":[{\"@type\":\"WebPage\",\"@id\":\"https:\\\/\\\/hormigueando.com\\\/product\\\/reina-solenopsis-fugax\\\/\",\"url\":\"https:\\\/\\\/hormigueando.com\\\/product\\\/reina-solenopsis-fugax\\\/\",\"name\":\"Reina Solenopsis fugax\",\"isPartOf\":{\"@id\":\"https:\\\/\\\/hormigueando.com\\\/#website\"},\"primaryImageOfPage\":{\"@id\":\"https:\\\/\\\/hormigueando.com\\\/product\\\/reina-solenopsis-fugax\\\/#primaryimage\"},\"image\":{\"@id\":\"https:\\\/\\\/hormigueando.com\\\/product\\\/reina-solenopsis-fugax\\\/#primaryimage\"},\"thumbnailUrl\":\"https:\\\/\\\/hormigueando.com\\\/wp-content\\\/uploads\\\/2019\\\/03\\\/1312-thickbox_default-Reina-Solenopsis-fugax.jpg\",\"datePublished\":\"2019-03-15T10:35:08+00:00\",\"description\":\"Reina Solenopsis fugax\",\"breadcrumb\":{\"@id\":\"https:\\\/\\\/hormigueando.com\\\/product\\\/reina-solenopsis-fugax\\\/#breadcrumb\"},\"inLanguage\":\"en-GB\",\"potentialAction\":[{\"@type\":\"ReadAction\",\"target\":[\"https:\\\/\\\/hormigueando.com\\\/product\\\/reina-solenopsis-fugax\\\/\"]}]},{\"@type\":\"ImageObject\",\"inLanguage\":\"en-GB\",\"@id\":\"https:\\\/\\\/hormigueando.com\\\/product\\\/reina-solenopsis-fugax\\\/#primaryimage\",\"url\":\"https:\\\/\\\/hormigueando.com\\\/wp-content\\\/uploads\\\/2019\\\/03\\\/1312-thickbox_default-Reina-Solenopsis-fugax.jpg\",\"contentUrl\":\"https:\\\/\\\/hormigueando.com\\\/wp-content\\\/uploads\\\/2019\\\/03\\\/1312-thickbox_default-Reina-Solenopsis-fugax.jpg\",\"width\":1100,\"height\":1422},{\"@type\":\"BreadcrumbList\",\"@id\":\"https:\\\/\\\/hormigueando.com\\\/product\\\/reina-solenopsis-fugax\\\/#breadcrumb\",\"itemListElement\":[{\"@type\":\"ListItem\",\"position\":1,\"name\":\"Portada\",\"item\":\"https:\\\/\\\/hormigueando.com\\\/\"},{\"@type\":\"ListItem\",\"position\":2,\"name\":\"Tienda\",\"item\":\"https:\\\/\\\/hormigueando.com\\\/tienda\\\/\"},{\"@type\":\"ListItem\",\"position\":3,\"name\":\"Reina Solenopsis fugax\"}]},{\"@type\":\"WebSite\",\"@id\":\"https:\\\/\\\/hormigueando.com\\\/#website\",\"url\":\"https:\\\/\\\/hormigueando.com\\\/\",\"name\":\"Hormigueando | Tienda especializada en Cr\u00eda de Hormigas\",\"description\":\"\",\"publisher\":{\"@id\":\"https:\\\/\\\/hormigueando.com\\\/#organization\"},\"potentialAction\":[{\"@type\":\"SearchAction\",\"target\":{\"@type\":\"EntryPoint\",\"urlTemplate\":\"https:\\\/\\\/hormigueando.com\\\/?s={search_term_string}\"},\"query-input\":{\"@type\":\"PropertyValueSpecification\",\"valueRequired\":true,\"valueName\":\"search_term_string\"}}],\"inLanguage\":\"en-GB\"},{\"@type\":\"Organization\",\"@id\":\"https:\\\/\\\/hormigueando.com\\\/#organization\",\"name\":\"Hormigueando | Tienda especializada en Cr\u00eda de Hormigas\",\"url\":\"https:\\\/\\\/hormigueando.com\\\/\",\"logo\":{\"@type\":\"ImageObject\",\"inLanguage\":\"en-GB\",\"@id\":\"https:\\\/\\\/hormigueando.com\\\/#\\\/schema\\\/logo\\\/image\\\/\",\"url\":\"https:\\\/\\\/hormigueando.com\\\/wp-content\\\/uploads\\\/2023\\\/05\\\/logotipo_web-01.png\",\"contentUrl\":\"https:\\\/\\\/hormigueando.com\\\/wp-content\\\/uploads\\\/2023\\\/05\\\/logotipo_web-01.png\",\"width\":233,\"height\":74,\"caption\":\"Hormigueando | Tienda especializada en Cr\u00eda de Hormigas\"},\"image\":{\"@id\":\"https:\\\/\\\/hormigueando.com\\\/#\\\/schema\\\/logo\\\/image\\\/\"}}]}<\/script>\n<!-- \/ Yoast SEO plugin. -->","yoast_head_json":{"title":"Reina Solenopsis fugax","description":"Reina Solenopsis fugax","robots":{"index":"index","follow":"follow","max-snippet":"max-snippet:-1","max-image-preview":"max-image-preview:large","max-video-preview":"max-video-preview:-1"},"canonical":"https:\/\/hormigueando.com\/product\/reina-solenopsis-fugax\/","og_locale":"en_GB","og_type":"article","og_title":"Reina Solenopsis fugax","og_description":"Reina Solenopsis fugax","og_url":"https:\/\/hormigueando.com\/product\/reina-solenopsis-fugax\/","og_site_name":"Hormigueando | Tienda especializada en Cr\u00eda de Hormigas","og_image":[{"width":1100,"height":1422,"url":"https:\/\/hormigueando.com\/wp-content\/uploads\/2019\/03\/1312-thickbox_default-Reina-Solenopsis-fugax.jpg","type":"image\/jpeg"}],"twitter_card":"summary_large_image","twitter_misc":{"Estimated reading time":"1 minute"},"schema":{"@context":"https:\/\/schema.org","@graph":[{"@type":"WebPage","@id":"https:\/\/hormigueando.com\/product\/reina-solenopsis-fugax\/","url":"https:\/\/hormigueando.com\/product\/reina-solenopsis-fugax\/","name":"Reina Solenopsis fugax","isPartOf":{"@id":"https:\/\/hormigueando.com\/#website"},"primaryImageOfPage":{"@id":"https:\/\/hormigueando.com\/product\/reina-solenopsis-fugax\/#primaryimage"},"image":{"@id":"https:\/\/hormigueando.com\/product\/reina-solenopsis-fugax\/#primaryimage"},"thumbnailUrl":"https:\/\/hormigueando.com\/wp-content\/uploads\/2019\/03\/1312-thickbox_default-Reina-Solenopsis-fugax.jpg","datePublished":"2019-03-15T10:35:08+00:00","description":"Reina Solenopsis fugax","breadcrumb":{"@id":"https:\/\/hormigueando.com\/product\/reina-solenopsis-fugax\/#breadcrumb"},"inLanguage":"en-GB","potentialAction":[{"@type":"ReadAction","target":["https:\/\/hormigueando.com\/product\/reina-solenopsis-fugax\/"]}]},{"@type":"ImageObject","inLanguage":"en-GB","@id":"https:\/\/hormigueando.com\/product\/reina-solenopsis-fugax\/#primaryimage","url":"https:\/\/hormigueando.com\/wp-content\/uploads\/2019\/03\/1312-thickbox_default-Reina-Solenopsis-fugax.jpg","contentUrl":"https:\/\/hormigueando.com\/wp-content\/uploads\/2019\/03\/1312-thickbox_default-Reina-Solenopsis-fugax.jpg","width":1100,"height":1422},{"@type":"BreadcrumbList","@id":"https:\/\/hormigueando.com\/product\/reina-solenopsis-fugax\/#breadcrumb","itemListElement":[{"@type":"ListItem","position":1,"name":"Portada","item":"https:\/\/hormigueando.com\/"},{"@type":"ListItem","position":2,"name":"Tienda","item":"https:\/\/hormigueando.com\/tienda\/"},{"@type":"ListItem","position":3,"name":"Reina Solenopsis fugax"}]},{"@type":"WebSite","@id":"https:\/\/hormigueando.com\/#website","url":"https:\/\/hormigueando.com\/","name":"Hormigueando | Tienda especializada en Cr\u00eda de Hormigas","description":"","publisher":{"@id":"https:\/\/hormigueando.com\/#organization"},"potentialAction":[{"@type":"SearchAction","target":{"@type":"EntryPoint","urlTemplate":"https:\/\/hormigueando.com\/?s={search_term_string}"},"query-input":{"@type":"PropertyValueSpecification","valueRequired":true,"valueName":"search_term_string"}}],"inLanguage":"en-GB"},{"@type":"Organization","@id":"https:\/\/hormigueando.com\/#organization","name":"Hormigueando | Tienda especializada en Cr\u00eda de Hormigas","url":"https:\/\/hormigueando.com\/","logo":{"@type":"ImageObject","inLanguage":"en-GB","@id":"https:\/\/hormigueando.com\/#\/schema\/logo\/image\/","url":"https:\/\/hormigueando.com\/wp-content\/uploads\/2023\/05\/logotipo_web-01.png","contentUrl":"https:\/\/hormigueando.com\/wp-content\/uploads\/2023\/05\/logotipo_web-01.png","width":233,"height":74,"caption":"Hormigueando | Tienda especializada en Cr\u00eda de Hormigas"},"image":{"@id":"https:\/\/hormigueando.com\/#\/schema\/logo\/image\/"}}]}},"jetpack_sharing_enabled":true,"_links":{"self":[{"href":"https:\/\/hormigueando.com\/en-gb\/wp-json\/wp\/v2\/product\/42965","targetHints":{"allow":["GET"]}}],"collection":[{"href":"https:\/\/hormigueando.com\/en-gb\/wp-json\/wp\/v2\/product"}],"about":[{"href":"https:\/\/hormigueando.com\/en-gb\/wp-json\/wp\/v2\/types\/product"}],"replies":[{"embeddable":true,"href":"https:\/\/hormigueando.com\/en-gb\/wp-json\/wp\/v2\/comments?post=42965"}],"wp:featuredmedia":[{"embeddable":true,"href":"https:\/\/hormigueando.com\/en-gb\/wp-json\/wp\/v2\/media\/42964"}],"wp:attachment":[{"href":"https:\/\/hormigueando.com\/en-gb\/wp-json\/wp\/v2\/media?parent=42965"}],"wp:term":[{"taxonomy":"product_brand","embeddable":true,"href":"https:\/\/hormigueando.com\/en-gb\/wp-json\/wp\/v2\/product_brand?post=42965"},{"taxonomy":"product_cat","embeddable":true,"href":"https:\/\/hormigueando.com\/en-gb\/wp-json\/wp\/v2\/product_cat?post=42965"},{"taxonomy":"product_tag","embeddable":true,"href":"https:\/\/hormigueando.com\/en-gb\/wp-json\/wp\/v2\/product_tag?post=42965"},{"taxonomy":"giftcard-category","embeddable":true,"href":"https:\/\/hormigueando.com\/en-gb\/wp-json\/wp\/v2\/giftcard-category?post=42965"}],"curies":[{"name":"wp","href":"https:\/\/api.w.org\/{rel}","templated":true}]}}