{"id":42879,"date":"2019-02-12T17:02:59","date_gmt":"2019-02-12T15:02:59","guid":{"rendered":"https:\/\/hormigueando.com\/producto\/reina-camponotus-barbaricus\/"},"modified":"2024-07-10T13:54:36","modified_gmt":"2024-07-10T11:54:36","slug":"reina-camponotus-barbaricus","status":"publish","type":"product","link":"https:\/\/hormigueando.com\/en-gb\/product\/reina-camponotus-barbaricus\/","title":{"rendered":"Reina Camponotus barbaricus"},"content":{"rendered":"<p>Reina Camponotus barbaricus<\/p>\n<\/p>\n<p><strong><span style=\"color:#d0121a;\">Atenci\u00f3n:<\/span><\/strong> solo se env\u00eda una reina o colonia por pedido. Las hormigas son <strong>GRATIS<\/strong>, solo hay que pagar los gastos de env\u00edo.<\/p>\n<\/p>\n<p>Camponotus barbaricus es una especie de gran tama\u00f1o, siendo su reina una de las m\u00e1s largas de Europa. <\/p>\n<p>Es una de las hormigas recomendadas para novatos por su gran resistencia y gran tama\u00f1o, pero hay que tener algo muy en cuenta: como con casi todas las Camponotus, requiere de mucha paciencia en los inicios de la colonia, ya que su desarrollo es muy y al final del primer a\u00f1o su n\u00famero puede estar entre los 10-20 miembros. Eso s\u00ed, una vez que la colonia se asienta despu\u00e9s de algunos a\u00f1os su crecimiento se puede disparar.<br \/> En cautividad es una hormiga tranquila y aunque se ponen nerviosas ante golpes y vibraciones, se tranquilizan r\u00e1pidamente pudiendo incluso a acostumbrarse a algunas vibraciones.<\/p>\n<p>En los inicios el comportamiento de la colonia es t\u00edmido y de baja actividad (principalmente nocturna), pero a medida que aumente el n\u00famero de miembros aumentar\u00e1 tambi\u00e9n su actividad y agresividad.<\/p>\n<p>Se alimenta principalmente de l\u00edquidos dulces, siendo recomendable tambi\u00e9n aportarles peque\u00f1os insectos para el crecimiento de las larvas.<\/p>\n<p>Es una especie que requiere poca humedad en el interior del hormiguero, por lo que siempre es conveniente ponerles un bebedero externo.<\/p>\n<\/p>\n<p>Tama\u00f1o:<\/p>\n<p>Reina: 16 &#8211; 18 mm<\/p>\n<p>Obrera:\u00a0 10 &#8211; 15 mm<\/p>\n<\/p>\n<p>La reina se env\u00eda en un tubo de ensayo con agua. Pueden vivir en el tubo hasta que se seque el agua del fondo, momento en el que habr\u00e1 que trasladarla a otro tubo preparado de la misma forma. Las reinas de Camponotus barbaricus no necesitan ser alimentadas en los mometos iniciales. Tienen reservas para un a\u00f1o aproximadamente. Con estas reservas pondr\u00e1n los primeros huevos y una vez salgan las primeras obreras (llamadas nurses, m\u00e1s peque\u00f1as y d\u00e9biles de lo normal) ser\u00e1n \u00e9stas las que se encarguen de alimentar a la reina. Este momento es cr\u00edtico para las colonias, ya que de la supervivencia de las nurses depender\u00e1 la supervivencia de la reina, que se encontrar\u00e1 ya muy d\u00e9bil al haber consumido sus reservas para sacar adelante la primera generaci\u00f3n de obreras.<\/p>\n<\/p>\n<p>Recomendamos descargar nuestra <a href=\"https:\/\/hormigueando.com\/content\/9-fichas-de-cria\" class=\"btn btn-default\">Ficha de cr\u00eda<\/a> para m\u00e1s informaci\u00f3n sobre la cr\u00eda de esta especie.<\/p><\/p>\n","protected":false},"excerpt":{"rendered":"<p>Reina Camponotus barbaricus<\/p>\n","protected":false},"featured_media":42878,"comment_status":"open","ping_status":"closed","template":"","meta":{"_joinchat":[]},"product_brand":[],"product_cat":[1092],"product_tag":[],"giftcard-category":[],"class_list":{"0":"post-42879","1":"product","2":"type-product","3":"status-publish","4":"has-post-thumbnail","6":"product_cat-hormigas-en-gb","8":"first","9":"instock","10":"taxable","11":"shipping-taxable","12":"purchasable","13":"product-type-simple"},"yoast_head":"<!-- This site is optimized with the Yoast SEO plugin v27.1.1 - https:\/\/yoast.com\/product\/yoast-seo-wordpress\/ -->\n<title>Reina Camponotus barbaricus<\/title>\n<meta name=\"description\" content=\"Reina Camponotus barbaricus\" \/>\n<meta name=\"robots\" content=\"index, follow, max-snippet:-1, max-image-preview:large, max-video-preview:-1\" \/>\n<link rel=\"canonical\" href=\"https:\/\/hormigueando.com\/en-gb\/product\/reina-camponotus-barbaricus\/\" \/>\n<meta property=\"og:locale\" content=\"en_GB\" \/>\n<meta property=\"og:type\" content=\"article\" \/>\n<meta property=\"og:title\" content=\"Reina Camponotus barbaricus\" \/>\n<meta property=\"og:description\" content=\"Reina Camponotus barbaricus\" \/>\n<meta property=\"og:url\" content=\"https:\/\/hormigueando.com\/en-gb\/product\/reina-camponotus-barbaricus\/\" \/>\n<meta property=\"og:site_name\" content=\"Hormigueando | Tienda especializada en Cr\u00eda de Hormigas\" \/>\n<meta property=\"article:modified_time\" content=\"2024-07-10T11:54:36+00:00\" \/>\n<meta property=\"og:image\" content=\"https:\/\/hormigueando.com\/wp-content\/uploads\/2019\/02\/1248-thickbox_default-Reina-Camponotus-barbaricus.jpg\" \/>\n\t<meta property=\"og:image:width\" content=\"1100\" \/>\n\t<meta property=\"og:image:height\" content=\"1422\" \/>\n\t<meta property=\"og:image:type\" content=\"image\/jpeg\" \/>\n<meta name=\"twitter:card\" content=\"summary_large_image\" \/>\n<meta name=\"twitter:label1\" content=\"Estimated reading time\" \/>\n\t<meta name=\"twitter:data1\" content=\"2 minutes\" \/>\n<script type=\"application\/ld+json\" class=\"yoast-schema-graph\">{\"@context\":\"https:\/\/schema.org\",\"@graph\":[{\"@type\":\"WebPage\",\"@id\":\"https:\/\/hormigueando.com\/en-gb\/product\/reina-camponotus-barbaricus\/\",\"url\":\"https:\/\/hormigueando.com\/en-gb\/product\/reina-camponotus-barbaricus\/\",\"name\":\"Reina Camponotus barbaricus\",\"isPartOf\":{\"@id\":\"https:\/\/hormigueando.com\/#website\"},\"primaryImageOfPage\":{\"@id\":\"https:\/\/hormigueando.com\/en-gb\/product\/reina-camponotus-barbaricus\/#primaryimage\"},\"image\":{\"@id\":\"https:\/\/hormigueando.com\/en-gb\/product\/reina-camponotus-barbaricus\/#primaryimage\"},\"thumbnailUrl\":\"https:\/\/hormigueando.com\/wp-content\/uploads\/2019\/02\/1248-thickbox_default-Reina-Camponotus-barbaricus.jpg\",\"datePublished\":\"2019-02-12T15:02:59+00:00\",\"dateModified\":\"2024-07-10T11:54:36+00:00\",\"description\":\"Reina Camponotus barbaricus\",\"breadcrumb\":{\"@id\":\"https:\/\/hormigueando.com\/en-gb\/product\/reina-camponotus-barbaricus\/#breadcrumb\"},\"inLanguage\":\"en-GB\",\"potentialAction\":[{\"@type\":\"ReadAction\",\"target\":[\"https:\/\/hormigueando.com\/en-gb\/product\/reina-camponotus-barbaricus\/\"]}]},{\"@type\":\"ImageObject\",\"inLanguage\":\"en-GB\",\"@id\":\"https:\/\/hormigueando.com\/en-gb\/product\/reina-camponotus-barbaricus\/#primaryimage\",\"url\":\"https:\/\/hormigueando.com\/wp-content\/uploads\/2019\/02\/1248-thickbox_default-Reina-Camponotus-barbaricus.jpg\",\"contentUrl\":\"https:\/\/hormigueando.com\/wp-content\/uploads\/2019\/02\/1248-thickbox_default-Reina-Camponotus-barbaricus.jpg\",\"width\":1100,\"height\":1422},{\"@type\":\"BreadcrumbList\",\"@id\":\"https:\/\/hormigueando.com\/en-gb\/product\/reina-camponotus-barbaricus\/#breadcrumb\",\"itemListElement\":[{\"@type\":\"ListItem\",\"position\":1,\"name\":\"Portada\",\"item\":\"https:\/\/hormigueando.com\/\"},{\"@type\":\"ListItem\",\"position\":2,\"name\":\"Tienda\",\"item\":\"https:\/\/hormigueando.com\/tienda\/\"},{\"@type\":\"ListItem\",\"position\":3,\"name\":\"Reina Camponotus barbaricus\"}]},{\"@type\":\"WebSite\",\"@id\":\"https:\/\/hormigueando.com\/#website\",\"url\":\"https:\/\/hormigueando.com\/\",\"name\":\"Hormigueando | Tienda especializada en Cr\u00eda de Hormigas\",\"description\":\"\",\"publisher\":{\"@id\":\"https:\/\/hormigueando.com\/#organization\"},\"potentialAction\":[{\"@type\":\"SearchAction\",\"target\":{\"@type\":\"EntryPoint\",\"urlTemplate\":\"https:\/\/hormigueando.com\/?s={search_term_string}\"},\"query-input\":{\"@type\":\"PropertyValueSpecification\",\"valueRequired\":true,\"valueName\":\"search_term_string\"}}],\"inLanguage\":\"en-GB\"},{\"@type\":\"Organization\",\"@id\":\"https:\/\/hormigueando.com\/#organization\",\"name\":\"Hormigueando | Tienda especializada en Cr\u00eda de Hormigas\",\"url\":\"https:\/\/hormigueando.com\/\",\"logo\":{\"@type\":\"ImageObject\",\"inLanguage\":\"en-GB\",\"@id\":\"https:\/\/hormigueando.com\/#\/schema\/logo\/image\/\",\"url\":\"https:\/\/hormigueando.com\/wp-content\/uploads\/2023\/05\/logotipo_web-01.png\",\"contentUrl\":\"https:\/\/hormigueando.com\/wp-content\/uploads\/2023\/05\/logotipo_web-01.png\",\"width\":233,\"height\":74,\"caption\":\"Hormigueando | Tienda especializada en Cr\u00eda de Hormigas\"},\"image\":{\"@id\":\"https:\/\/hormigueando.com\/#\/schema\/logo\/image\/\"}}]}<\/script>\n<!-- \/ Yoast SEO plugin. -->","yoast_head_json":{"title":"Reina Camponotus barbaricus","description":"Reina Camponotus barbaricus","robots":{"index":"index","follow":"follow","max-snippet":"max-snippet:-1","max-image-preview":"max-image-preview:large","max-video-preview":"max-video-preview:-1"},"canonical":"https:\/\/hormigueando.com\/en-gb\/product\/reina-camponotus-barbaricus\/","og_locale":"en_GB","og_type":"article","og_title":"Reina Camponotus barbaricus","og_description":"Reina Camponotus barbaricus","og_url":"https:\/\/hormigueando.com\/en-gb\/product\/reina-camponotus-barbaricus\/","og_site_name":"Hormigueando | Tienda especializada en Cr\u00eda de Hormigas","article_modified_time":"2024-07-10T11:54:36+00:00","og_image":[{"width":1100,"height":1422,"url":"https:\/\/hormigueando.com\/wp-content\/uploads\/2019\/02\/1248-thickbox_default-Reina-Camponotus-barbaricus.jpg","type":"image\/jpeg"}],"twitter_card":"summary_large_image","twitter_misc":{"Estimated reading time":"2 minutes"},"schema":{"@context":"https:\/\/schema.org","@graph":[{"@type":"WebPage","@id":"https:\/\/hormigueando.com\/en-gb\/product\/reina-camponotus-barbaricus\/","url":"https:\/\/hormigueando.com\/en-gb\/product\/reina-camponotus-barbaricus\/","name":"Reina Camponotus barbaricus","isPartOf":{"@id":"https:\/\/hormigueando.com\/#website"},"primaryImageOfPage":{"@id":"https:\/\/hormigueando.com\/en-gb\/product\/reina-camponotus-barbaricus\/#primaryimage"},"image":{"@id":"https:\/\/hormigueando.com\/en-gb\/product\/reina-camponotus-barbaricus\/#primaryimage"},"thumbnailUrl":"https:\/\/hormigueando.com\/wp-content\/uploads\/2019\/02\/1248-thickbox_default-Reina-Camponotus-barbaricus.jpg","datePublished":"2019-02-12T15:02:59+00:00","dateModified":"2024-07-10T11:54:36+00:00","description":"Reina Camponotus barbaricus","breadcrumb":{"@id":"https:\/\/hormigueando.com\/en-gb\/product\/reina-camponotus-barbaricus\/#breadcrumb"},"inLanguage":"en-GB","potentialAction":[{"@type":"ReadAction","target":["https:\/\/hormigueando.com\/en-gb\/product\/reina-camponotus-barbaricus\/"]}]},{"@type":"ImageObject","inLanguage":"en-GB","@id":"https:\/\/hormigueando.com\/en-gb\/product\/reina-camponotus-barbaricus\/#primaryimage","url":"https:\/\/hormigueando.com\/wp-content\/uploads\/2019\/02\/1248-thickbox_default-Reina-Camponotus-barbaricus.jpg","contentUrl":"https:\/\/hormigueando.com\/wp-content\/uploads\/2019\/02\/1248-thickbox_default-Reina-Camponotus-barbaricus.jpg","width":1100,"height":1422},{"@type":"BreadcrumbList","@id":"https:\/\/hormigueando.com\/en-gb\/product\/reina-camponotus-barbaricus\/#breadcrumb","itemListElement":[{"@type":"ListItem","position":1,"name":"Portada","item":"https:\/\/hormigueando.com\/"},{"@type":"ListItem","position":2,"name":"Tienda","item":"https:\/\/hormigueando.com\/tienda\/"},{"@type":"ListItem","position":3,"name":"Reina Camponotus barbaricus"}]},{"@type":"WebSite","@id":"https:\/\/hormigueando.com\/#website","url":"https:\/\/hormigueando.com\/","name":"Hormigueando | Tienda especializada en Cr\u00eda de Hormigas","description":"","publisher":{"@id":"https:\/\/hormigueando.com\/#organization"},"potentialAction":[{"@type":"SearchAction","target":{"@type":"EntryPoint","urlTemplate":"https:\/\/hormigueando.com\/?s={search_term_string}"},"query-input":{"@type":"PropertyValueSpecification","valueRequired":true,"valueName":"search_term_string"}}],"inLanguage":"en-GB"},{"@type":"Organization","@id":"https:\/\/hormigueando.com\/#organization","name":"Hormigueando | Tienda especializada en Cr\u00eda de Hormigas","url":"https:\/\/hormigueando.com\/","logo":{"@type":"ImageObject","inLanguage":"en-GB","@id":"https:\/\/hormigueando.com\/#\/schema\/logo\/image\/","url":"https:\/\/hormigueando.com\/wp-content\/uploads\/2023\/05\/logotipo_web-01.png","contentUrl":"https:\/\/hormigueando.com\/wp-content\/uploads\/2023\/05\/logotipo_web-01.png","width":233,"height":74,"caption":"Hormigueando | Tienda especializada en Cr\u00eda de Hormigas"},"image":{"@id":"https:\/\/hormigueando.com\/#\/schema\/logo\/image\/"}}]}},"jetpack_sharing_enabled":true,"_links":{"self":[{"href":"https:\/\/hormigueando.com\/en-gb\/wp-json\/wp\/v2\/product\/42879","targetHints":{"allow":["GET"]}}],"collection":[{"href":"https:\/\/hormigueando.com\/en-gb\/wp-json\/wp\/v2\/product"}],"about":[{"href":"https:\/\/hormigueando.com\/en-gb\/wp-json\/wp\/v2\/types\/product"}],"replies":[{"embeddable":true,"href":"https:\/\/hormigueando.com\/en-gb\/wp-json\/wp\/v2\/comments?post=42879"}],"wp:featuredmedia":[{"embeddable":true,"href":"https:\/\/hormigueando.com\/en-gb\/wp-json\/wp\/v2\/media\/42878"}],"wp:attachment":[{"href":"https:\/\/hormigueando.com\/en-gb\/wp-json\/wp\/v2\/media?parent=42879"}],"wp:term":[{"taxonomy":"product_brand","embeddable":true,"href":"https:\/\/hormigueando.com\/en-gb\/wp-json\/wp\/v2\/product_brand?post=42879"},{"taxonomy":"product_cat","embeddable":true,"href":"https:\/\/hormigueando.com\/en-gb\/wp-json\/wp\/v2\/product_cat?post=42879"},{"taxonomy":"product_tag","embeddable":true,"href":"https:\/\/hormigueando.com\/en-gb\/wp-json\/wp\/v2\/product_tag?post=42879"},{"taxonomy":"giftcard-category","embeddable":true,"href":"https:\/\/hormigueando.com\/en-gb\/wp-json\/wp\/v2\/giftcard-category?post=42879"}],"curies":[{"name":"wp","href":"https:\/\/api.w.org\/{rel}","templated":true}]}}