{"id":42850,"date":"2019-01-31T18:39:00","date_gmt":"2019-01-31T16:39:00","guid":{"rendered":"https:\/\/hormigueando.com\/producto\/hormiguero-acm\/"},"modified":"2019-01-31T18:39:00","modified_gmt":"2019-01-31T16:39:00","slug":"hormiguero-acm","status":"publish","type":"product","link":"https:\/\/hormigueando.com\/en-gb\/product\/hormiguero-acm\/","title":{"rendered":"Hormiguero ACM"},"content":{"rendered":"<p>Hormiguero acr\u00edlico de 16x10x8 cm color madera con sistema de humedad y caja de forrajeo. Incorpora caja de forrajeo de dimensiones 9&#215;5,5&#215;8 cm con una conexi\u00f3n exterior para tubos flexibles de 10\/8 mm.<\/p>\n<p>Altura de las galer\u00edas: 1,5 cm.<\/p>\n<p>Incluye pieza de cierre y pieza de conexi\u00f3n para tubos flexibles de 10\/8 mm.<\/p>\n<p>El sistema de humedad puede rellenarse con jeringuilla.<\/p>\n<p>Su tapa con rejilla ofrece un cierre totalmente seguro para evitar las fugas incluso de las especies m\u00e1s peque\u00f1as.<\/p>\n<p>Recomendado para todo tipo de especies.<\/p>\n<\/p>\n<p>Te recomendamos incluir el filtro rojo de este hormiguero para que nuestras hormigas se sientan m\u00e1s c\u00f3modas y protegidas de la luz:<\/p>\n<p><strong>Filtro rojo compatible: <\/strong><a href=\"https:\/\/hormigueando.com\/filtros-rojos\/272-472-filtros-para-modelos-de-esponjapva.html#\/117-modelo_hormiguero-acm\" target=\"_blank\" class=\"btn btn-default\" rel=\"noopener\">Modelo ACM<\/a><\/p>\n<\/p>\n<p><strong><span style=\"color:#d0121a;\">Importante:<\/span><\/strong><\/p>\n<p>Lavar solo con agua y jab\u00f3n. La utilizaci\u00f3n de productos abrasivos de limpieza puede provocar da\u00f1os en el hormiguero y anular la garant\u00eda del producto.<\/p>\n<p>\u00a0<\/p>\n<p><span style=\"text-decoration:underline;\">Otros productos recomendados:<\/span><\/p>\n<p>Sabemos que en ocasiones es complicado distinguir qu\u00e9 accesorios son compatibles con cada hormiguero y por ese motivo, desde <strong>Hormigueando<\/strong> os ayudamos con esta tarea y os indicamos qu\u00e9 accesorios tienen las medidas apropiadas para este hormiguero y caja de forrajeo. Estos accesorios no est\u00e1n incluidos con el hormiguero y se venden a parte.<\/p>\n<\/p>\n<p><strong>Tubos flexibles compatibles: <\/strong>10\/8 mm. Necesarios si se quiere conectar el hormiguero con cajas de forrajeo externas, con otros hormigueros o con tubos de ensayo. Disponibles en nuestro apartado de <a href=\"https:\/\/hormigueando.com\/inicio\/59-67-tubos-flexibles.html#\/37-medidas-12_10_mm\" class=\"btn btn-default\">ACCESORIOS.<\/a><\/p>\n<p><strong>Bebederos compatibles con la caja de forrajeo incorporada:<\/strong><\/p>\n<p>Esta caja de forrajeo es compatible con todos los bebederos disponibles en la tienda.<\/p>\n<p>&#8211; Bebedero comedero: Disponible en nuestro apartado de accesorios <a href=\"https:\/\/hormigueando.com\/inicio\/51-bebedero-comedero.html\" class=\"btn btn-default\">Bebedero-comedero<\/a><\/p>\n<p>&#8211; Bebedero (ambos tama\u00f1os son compatibles): Disponible en nuestro apartado de accesorios <a href=\"https:\/\/hormigueando.com\/inicio\/52-59-bebedero.html#\/1-tamano-s\" class=\"btn btn-default\">Bebedero<\/a><\/p>\n<p><strong>Cajas de forrajeo externas:<\/strong> Compatible con todas nuestras <a href=\"https:\/\/hormigueando.com\/17-cajas-de-forrajeo\" class=\"btn btn-default\">Cajas de forrajeo<\/a><\/p>\n","protected":false},"excerpt":{"rendered":"<p>Hormiguero acr\u00edlico de 16x10x8 cm color madera con sistema de humedad y caja de forrajeo.<\/p>\n<\/p>\n<p>Te recomendamos incluir el filtro rojo de este hormiguero para que nuestras hormigas se sientan m\u00e1s c\u00f3modas y protegidas de la luz:<\/p>\n<p><strong>Filtro rojo compatible: <\/strong><a href=\"https:\/\/hormigueando.com\/filtros-rojos\/272-472-filtros-para-modelos-de-esponjapva.html#\/117-modelo_hormiguero-acm\" target=\"_blank\" class=\"btn btn-default\" rel=\"noopener\">Modelo ACM<\/a><\/p>\n<\/p><\/p>\n","protected":false},"featured_media":42845,"comment_status":"open","ping_status":"closed","template":"","meta":{"_joinchat":[]},"product_brand":[],"product_cat":[1082,1114],"product_tag":[],"giftcard-category":[],"class_list":{"0":"post-42850","1":"product","2":"type-product","3":"status-publish","4":"has-post-thumbnail","6":"product_cat-anthills-en-gb","7":"product_cat-sponge-pva-anthills-en-gb","8":"pa_4b-numerodeconexionesconelex-1-en-gb","9":"pa_61-modorellenadosistemadehum-jeringuilla-en-gb","10":"pa_color-transparente-en-gb","11":"pa_composicion-plastico-en-gb","12":"pa_incluyecajadeforrajeo-si-en-gb","13":"pa_medidas-16x10x2_5cm-en-gb","14":"pa_medidatuboflexiblerequerido-108mm-en-gb","15":"pa_serie-antplas-en-gb","16":"pa_tamano-mediano-en-gb","18":"first","19":"outofstock","20":"taxable","21":"shipping-taxable","22":"purchasable","23":"product-type-simple"},"yoast_head":"<!-- This site is optimized with the Yoast SEO plugin v27.1.1 - https:\/\/yoast.com\/product\/yoast-seo-wordpress\/ -->\n<title>Hormiguero acr\u00edlico ACM con sistema de humedad y caja de forrajeo<\/title>\n<meta name=\"description\" content=\"Hormiguero acr\u00edlico ACM con sistema de humedad y caja de forrajeo\" \/>\n<meta name=\"robots\" content=\"index, follow, max-snippet:-1, max-image-preview:large, max-video-preview:-1\" \/>\n<link rel=\"canonical\" href=\"https:\/\/hormigueando.com\/product\/hormiguero-acm\/\" \/>\n<meta property=\"og:locale\" content=\"en_GB\" \/>\n<meta property=\"og:type\" content=\"article\" \/>\n<meta property=\"og:title\" content=\"Hormiguero acr\u00edlico ACM con sistema de humedad y caja de forrajeo\" \/>\n<meta property=\"og:description\" content=\"Hormiguero acr\u00edlico ACM con sistema de humedad y caja de forrajeo\" \/>\n<meta property=\"og:url\" content=\"https:\/\/hormigueando.com\/product\/hormiguero-acm\/\" \/>\n<meta property=\"og:site_name\" content=\"Hormigueando | Tienda especializada en Cr\u00eda de Hormigas\" \/>\n<meta property=\"og:image\" content=\"https:\/\/hormigueando.com\/wp-content\/uploads\/2019\/01\/847-thickbox_default-Hormiguero-ACM.jpg\" \/>\n\t<meta property=\"og:image:width\" content=\"1100\" \/>\n\t<meta property=\"og:image:height\" content=\"1422\" \/>\n\t<meta property=\"og:image:type\" content=\"image\/jpeg\" \/>\n<meta name=\"twitter:card\" content=\"summary_large_image\" \/>\n<meta name=\"twitter:label1\" content=\"Estimated reading time\" \/>\n\t<meta name=\"twitter:data1\" content=\"1 minute\" \/>\n<script type=\"application\/ld+json\" class=\"yoast-schema-graph\">{\"@context\":\"https:\/\/schema.org\",\"@graph\":[{\"@type\":\"WebPage\",\"@id\":\"https:\/\/hormigueando.com\/product\/hormiguero-acm\/\",\"url\":\"https:\/\/hormigueando.com\/product\/hormiguero-acm\/\",\"name\":\"Hormiguero acr\u00edlico ACM con sistema de humedad y caja de forrajeo\",\"isPartOf\":{\"@id\":\"https:\/\/hormigueando.com\/#website\"},\"primaryImageOfPage\":{\"@id\":\"https:\/\/hormigueando.com\/product\/hormiguero-acm\/#primaryimage\"},\"image\":{\"@id\":\"https:\/\/hormigueando.com\/product\/hormiguero-acm\/#primaryimage\"},\"thumbnailUrl\":\"https:\/\/hormigueando.com\/wp-content\/uploads\/2019\/01\/847-thickbox_default-Hormiguero-ACM.jpg\",\"datePublished\":\"2019-01-31T16:39:00+00:00\",\"description\":\"Hormiguero acr\u00edlico ACM con sistema de humedad y caja de forrajeo\",\"breadcrumb\":{\"@id\":\"https:\/\/hormigueando.com\/product\/hormiguero-acm\/#breadcrumb\"},\"inLanguage\":\"en-GB\",\"potentialAction\":[{\"@type\":\"ReadAction\",\"target\":[\"https:\/\/hormigueando.com\/product\/hormiguero-acm\/\"]}]},{\"@type\":\"ImageObject\",\"inLanguage\":\"en-GB\",\"@id\":\"https:\/\/hormigueando.com\/product\/hormiguero-acm\/#primaryimage\",\"url\":\"https:\/\/hormigueando.com\/wp-content\/uploads\/2019\/01\/847-thickbox_default-Hormiguero-ACM.jpg\",\"contentUrl\":\"https:\/\/hormigueando.com\/wp-content\/uploads\/2019\/01\/847-thickbox_default-Hormiguero-ACM.jpg\",\"width\":1100,\"height\":1422},{\"@type\":\"BreadcrumbList\",\"@id\":\"https:\/\/hormigueando.com\/product\/hormiguero-acm\/#breadcrumb\",\"itemListElement\":[{\"@type\":\"ListItem\",\"position\":1,\"name\":\"Portada\",\"item\":\"https:\/\/hormigueando.com\/\"},{\"@type\":\"ListItem\",\"position\":2,\"name\":\"Tienda\",\"item\":\"https:\/\/hormigueando.com\/tienda\/\"},{\"@type\":\"ListItem\",\"position\":3,\"name\":\"Hormiguero ACM\"}]},{\"@type\":\"WebSite\",\"@id\":\"https:\/\/hormigueando.com\/#website\",\"url\":\"https:\/\/hormigueando.com\/\",\"name\":\"Hormigueando | Tienda especializada en Cr\u00eda de Hormigas\",\"description\":\"\",\"publisher\":{\"@id\":\"https:\/\/hormigueando.com\/#organization\"},\"potentialAction\":[{\"@type\":\"SearchAction\",\"target\":{\"@type\":\"EntryPoint\",\"urlTemplate\":\"https:\/\/hormigueando.com\/?s={search_term_string}\"},\"query-input\":{\"@type\":\"PropertyValueSpecification\",\"valueRequired\":true,\"valueName\":\"search_term_string\"}}],\"inLanguage\":\"en-GB\"},{\"@type\":\"Organization\",\"@id\":\"https:\/\/hormigueando.com\/#organization\",\"name\":\"Hormigueando | Tienda especializada en Cr\u00eda de Hormigas\",\"url\":\"https:\/\/hormigueando.com\/\",\"logo\":{\"@type\":\"ImageObject\",\"inLanguage\":\"en-GB\",\"@id\":\"https:\/\/hormigueando.com\/#\/schema\/logo\/image\/\",\"url\":\"https:\/\/hormigueando.com\/wp-content\/uploads\/2023\/05\/logotipo_web-01.png\",\"contentUrl\":\"https:\/\/hormigueando.com\/wp-content\/uploads\/2023\/05\/logotipo_web-01.png\",\"width\":233,\"height\":74,\"caption\":\"Hormigueando | Tienda especializada en Cr\u00eda de Hormigas\"},\"image\":{\"@id\":\"https:\/\/hormigueando.com\/#\/schema\/logo\/image\/\"}}]}<\/script>\n<!-- \/ Yoast SEO plugin. -->","yoast_head_json":{"title":"Hormiguero acr\u00edlico ACM con sistema de humedad y caja de forrajeo","description":"Hormiguero acr\u00edlico ACM con sistema de humedad y caja de forrajeo","robots":{"index":"index","follow":"follow","max-snippet":"max-snippet:-1","max-image-preview":"max-image-preview:large","max-video-preview":"max-video-preview:-1"},"canonical":"https:\/\/hormigueando.com\/product\/hormiguero-acm\/","og_locale":"en_GB","og_type":"article","og_title":"Hormiguero acr\u00edlico ACM con sistema de humedad y caja de forrajeo","og_description":"Hormiguero acr\u00edlico ACM con sistema de humedad y caja de forrajeo","og_url":"https:\/\/hormigueando.com\/product\/hormiguero-acm\/","og_site_name":"Hormigueando | Tienda especializada en Cr\u00eda de Hormigas","og_image":[{"width":1100,"height":1422,"url":"https:\/\/hormigueando.com\/wp-content\/uploads\/2019\/01\/847-thickbox_default-Hormiguero-ACM.jpg","type":"image\/jpeg"}],"twitter_card":"summary_large_image","twitter_misc":{"Estimated reading time":"1 minute"},"schema":{"@context":"https:\/\/schema.org","@graph":[{"@type":"WebPage","@id":"https:\/\/hormigueando.com\/product\/hormiguero-acm\/","url":"https:\/\/hormigueando.com\/product\/hormiguero-acm\/","name":"Hormiguero acr\u00edlico ACM con sistema de humedad y caja de forrajeo","isPartOf":{"@id":"https:\/\/hormigueando.com\/#website"},"primaryImageOfPage":{"@id":"https:\/\/hormigueando.com\/product\/hormiguero-acm\/#primaryimage"},"image":{"@id":"https:\/\/hormigueando.com\/product\/hormiguero-acm\/#primaryimage"},"thumbnailUrl":"https:\/\/hormigueando.com\/wp-content\/uploads\/2019\/01\/847-thickbox_default-Hormiguero-ACM.jpg","datePublished":"2019-01-31T16:39:00+00:00","description":"Hormiguero acr\u00edlico ACM con sistema de humedad y caja de forrajeo","breadcrumb":{"@id":"https:\/\/hormigueando.com\/product\/hormiguero-acm\/#breadcrumb"},"inLanguage":"en-GB","potentialAction":[{"@type":"ReadAction","target":["https:\/\/hormigueando.com\/product\/hormiguero-acm\/"]}]},{"@type":"ImageObject","inLanguage":"en-GB","@id":"https:\/\/hormigueando.com\/product\/hormiguero-acm\/#primaryimage","url":"https:\/\/hormigueando.com\/wp-content\/uploads\/2019\/01\/847-thickbox_default-Hormiguero-ACM.jpg","contentUrl":"https:\/\/hormigueando.com\/wp-content\/uploads\/2019\/01\/847-thickbox_default-Hormiguero-ACM.jpg","width":1100,"height":1422},{"@type":"BreadcrumbList","@id":"https:\/\/hormigueando.com\/product\/hormiguero-acm\/#breadcrumb","itemListElement":[{"@type":"ListItem","position":1,"name":"Portada","item":"https:\/\/hormigueando.com\/"},{"@type":"ListItem","position":2,"name":"Tienda","item":"https:\/\/hormigueando.com\/tienda\/"},{"@type":"ListItem","position":3,"name":"Hormiguero ACM"}]},{"@type":"WebSite","@id":"https:\/\/hormigueando.com\/#website","url":"https:\/\/hormigueando.com\/","name":"Hormigueando | Tienda especializada en Cr\u00eda de Hormigas","description":"","publisher":{"@id":"https:\/\/hormigueando.com\/#organization"},"potentialAction":[{"@type":"SearchAction","target":{"@type":"EntryPoint","urlTemplate":"https:\/\/hormigueando.com\/?s={search_term_string}"},"query-input":{"@type":"PropertyValueSpecification","valueRequired":true,"valueName":"search_term_string"}}],"inLanguage":"en-GB"},{"@type":"Organization","@id":"https:\/\/hormigueando.com\/#organization","name":"Hormigueando | Tienda especializada en Cr\u00eda de Hormigas","url":"https:\/\/hormigueando.com\/","logo":{"@type":"ImageObject","inLanguage":"en-GB","@id":"https:\/\/hormigueando.com\/#\/schema\/logo\/image\/","url":"https:\/\/hormigueando.com\/wp-content\/uploads\/2023\/05\/logotipo_web-01.png","contentUrl":"https:\/\/hormigueando.com\/wp-content\/uploads\/2023\/05\/logotipo_web-01.png","width":233,"height":74,"caption":"Hormigueando | Tienda especializada en Cr\u00eda de Hormigas"},"image":{"@id":"https:\/\/hormigueando.com\/#\/schema\/logo\/image\/"}}]}},"jetpack_sharing_enabled":true,"_links":{"self":[{"href":"https:\/\/hormigueando.com\/en-gb\/wp-json\/wp\/v2\/product\/42850","targetHints":{"allow":["GET"]}}],"collection":[{"href":"https:\/\/hormigueando.com\/en-gb\/wp-json\/wp\/v2\/product"}],"about":[{"href":"https:\/\/hormigueando.com\/en-gb\/wp-json\/wp\/v2\/types\/product"}],"replies":[{"embeddable":true,"href":"https:\/\/hormigueando.com\/en-gb\/wp-json\/wp\/v2\/comments?post=42850"}],"wp:featuredmedia":[{"embeddable":true,"href":"https:\/\/hormigueando.com\/en-gb\/wp-json\/wp\/v2\/media\/42845"}],"wp:attachment":[{"href":"https:\/\/hormigueando.com\/en-gb\/wp-json\/wp\/v2\/media?parent=42850"}],"wp:term":[{"taxonomy":"product_brand","embeddable":true,"href":"https:\/\/hormigueando.com\/en-gb\/wp-json\/wp\/v2\/product_brand?post=42850"},{"taxonomy":"product_cat","embeddable":true,"href":"https:\/\/hormigueando.com\/en-gb\/wp-json\/wp\/v2\/product_cat?post=42850"},{"taxonomy":"product_tag","embeddable":true,"href":"https:\/\/hormigueando.com\/en-gb\/wp-json\/wp\/v2\/product_tag?post=42850"},{"taxonomy":"giftcard-category","embeddable":true,"href":"https:\/\/hormigueando.com\/en-gb\/wp-json\/wp\/v2\/giftcard-category?post=42850"}],"curies":[{"name":"wp","href":"https:\/\/api.w.org\/{rel}","templated":true}]}}