{"id":42830,"date":"2023-08-01T14:59:39","date_gmt":"2023-08-01T12:59:39","guid":{"rendered":"https:\/\/hormigueando.com\/?post_type=product&#038;p=42830"},"modified":"2026-03-17T21:35:38","modified_gmt":"2026-03-17T19:35:38","slug":"colonia-lasius-niger","status":"publish","type":"product","link":"https:\/\/hormigueando.com\/en-gb\/product\/colonia-lasius-niger\/","title":{"rendered":"Colonia Lasius niger"},"content":{"rendered":"<p>Colonia Lasius niger<\/p>\n<\/p>\n<p><strong><span style=\"color:#d0121a;\">Atenci\u00f3n:<\/span><\/strong> solo se env\u00eda una reina o colonia por pedido. Las hormigas son <strong>GRATIS<\/strong>, solo hay que pagar los gastos de env\u00edo.<\/p>\n<\/p>\n<p>Lasius\u00a0 niger es una de las especies m\u00e1s sencillas de criar en cautividad y suele recomendarse para principiantes, ya que es muy resistente (sin olvidar nunca que requiere un nivel alto de humedad), tiene un desarrollo razonablemente r\u00e1pido (puede superar el millar de individuos en el tercer a\u00f1o), aguantan bien las vibraciones y golpes y son capaces de acostumbrarse a la luz, de manera que se pueden tener en el hormiguero sin cubrir con filtros, acetato o celof\u00e1n rojo (aunque estar\u00e1n m\u00e1s c\u00f3modas si las tapas, claro).<\/p>\n<p>El tiempo de huevo a hormiga es variable seg\u00fan la temperatura, pero normalmente puede tardar en torno a 2 meses en completar su desarrollo.<\/p>\n<\/p>\n<p>Tama\u00f1o:<\/p>\n<p>Reina: 8 &#8211; 11 mm<\/p>\n<p>Macho: 4 &#8211; 5 mm<\/p>\n<p>Obrera:\u00a0 3 &#8211; 5 mm<\/p>\n<\/p>\n<p>La colonia consta de una reina, un peque\u00f1o n\u00famero de obreras, huevos y larvas. Se env\u00eda en un tubo de ensayo con agua. Pueden vivir en el tubo hasta que se seque el agua del fondo, momento en el que habr\u00e1 que trasladarla a otro tubo preparado de la misma forma. Las colonias pueden ser alimentadas en el tubo mediante microgotas o bolitas de algod\u00f3n humedecidas con agua con az\u00facar o agua con miel. Tambi\u00e9n pueden comer peque\u00f1os insectos (si son muy grandes se asustar\u00e1n y no los probar\u00e1n).<\/p>\n<\/p>\n<p>Recomendamos descargar nuestra <a href=\"https:\/\/hormigueando.com\/content\/9-fichas-de-cria\" class=\"btn btn-default\">Ficha de cr\u00eda<\/a> para m\u00e1s informaci\u00f3n sobre la cr\u00eda de esta especie.<\/p>\n<\/p>\n<p>En el siguiente video podr\u00e9is encontrar informaci\u00f3n muy \u00fatil acerca de esta especie:<\/p>\n<\/p>\n<p><iframe width=\"560\" height=\"315\" data-src=\"https:\/\/www.youtube.com\/embed\/vlLlIxUeUXo\" frameborder=\"0\" src=\"data:image\/svg+xml;base64,PHN2ZyB3aWR0aD0iMSIgaGVpZ2h0PSIxIiB4bWxucz0iaHR0cDovL3d3dy53My5vcmcvMjAwMC9zdmciPjwvc3ZnPg==\" class=\"lazyload\" data-load-mode=\"1\"><\/iframe><\/p>\n<\/p>\n<p>\u00a0<\/p>\n","protected":false},"excerpt":{"rendered":"<p>Colonia Lasius niger<\/p>\n","protected":false},"featured_media":42826,"comment_status":"open","ping_status":"closed","template":"","meta":{"_joinchat":[]},"product_brand":[],"product_cat":[1092],"product_tag":[],"giftcard-category":[],"class_list":{"0":"post-42830","1":"product","2":"type-product","3":"status-publish","4":"has-post-thumbnail","6":"product_cat-hormigas-en-gb","8":"first","9":"outofstock","10":"taxable","11":"shipping-taxable","12":"purchasable","13":"product-type-simple"},"yoast_head":"<!-- This site is optimized with the Yoast SEO plugin v27.1.1 - https:\/\/yoast.com\/product\/yoast-seo-wordpress\/ -->\n<title>Colonia Lasius niger<\/title>\n<meta name=\"description\" content=\"Colonia Lasius niger\" \/>\n<meta name=\"robots\" content=\"index, follow, max-snippet:-1, max-image-preview:large, max-video-preview:-1\" \/>\n<link rel=\"canonical\" href=\"https:\/\/hormigueando.com\/en-gb\/product\/colonia-lasius-niger\/\" \/>\n<meta property=\"og:locale\" content=\"en_GB\" \/>\n<meta property=\"og:type\" content=\"article\" \/>\n<meta property=\"og:title\" content=\"Colonia Lasius niger\" \/>\n<meta property=\"og:description\" content=\"Colonia Lasius niger\" \/>\n<meta property=\"og:url\" content=\"https:\/\/hormigueando.com\/en-gb\/product\/colonia-lasius-niger\/\" \/>\n<meta property=\"og:site_name\" content=\"Hormigueando | Tienda especializada en Cr\u00eda de Hormigas\" \/>\n<meta property=\"article:modified_time\" content=\"2026-03-17T19:35:38+00:00\" \/>\n<meta property=\"og:image\" content=\"https:\/\/hormigueando.com\/wp-content\/uploads\/2019\/01\/3005-thickbox_default-Colonia-Lasius-niger.jpg\" \/>\n\t<meta property=\"og:image:width\" content=\"1100\" \/>\n\t<meta property=\"og:image:height\" content=\"1422\" \/>\n\t<meta property=\"og:image:type\" content=\"image\/jpeg\" \/>\n<meta name=\"twitter:card\" content=\"summary_large_image\" \/>\n<meta name=\"twitter:label1\" content=\"Estimated reading time\" \/>\n\t<meta name=\"twitter:data1\" content=\"1 minute\" \/>\n<script type=\"application\/ld+json\" class=\"yoast-schema-graph\">{\"@context\":\"https:\/\/schema.org\",\"@graph\":[{\"@type\":\"WebPage\",\"@id\":\"https:\/\/hormigueando.com\/en-gb\/product\/colonia-lasius-niger\/\",\"url\":\"https:\/\/hormigueando.com\/en-gb\/product\/colonia-lasius-niger\/\",\"name\":\"Colonia Lasius niger\",\"isPartOf\":{\"@id\":\"https:\/\/hormigueando.com\/#website\"},\"primaryImageOfPage\":{\"@id\":\"https:\/\/hormigueando.com\/en-gb\/product\/colonia-lasius-niger\/#primaryimage\"},\"image\":{\"@id\":\"https:\/\/hormigueando.com\/en-gb\/product\/colonia-lasius-niger\/#primaryimage\"},\"thumbnailUrl\":\"https:\/\/hormigueando.com\/wp-content\/uploads\/2019\/01\/3005-thickbox_default-Colonia-Lasius-niger.jpg\",\"datePublished\":\"2023-08-01T12:59:39+00:00\",\"dateModified\":\"2026-03-17T19:35:38+00:00\",\"description\":\"Colonia Lasius niger\",\"breadcrumb\":{\"@id\":\"https:\/\/hormigueando.com\/en-gb\/product\/colonia-lasius-niger\/#breadcrumb\"},\"inLanguage\":\"en-GB\",\"potentialAction\":[{\"@type\":\"ReadAction\",\"target\":[\"https:\/\/hormigueando.com\/en-gb\/product\/colonia-lasius-niger\/\"]}]},{\"@type\":\"ImageObject\",\"inLanguage\":\"en-GB\",\"@id\":\"https:\/\/hormigueando.com\/en-gb\/product\/colonia-lasius-niger\/#primaryimage\",\"url\":\"https:\/\/hormigueando.com\/wp-content\/uploads\/2019\/01\/3005-thickbox_default-Colonia-Lasius-niger.jpg\",\"contentUrl\":\"https:\/\/hormigueando.com\/wp-content\/uploads\/2019\/01\/3005-thickbox_default-Colonia-Lasius-niger.jpg\",\"width\":1100,\"height\":1422},{\"@type\":\"BreadcrumbList\",\"@id\":\"https:\/\/hormigueando.com\/en-gb\/product\/colonia-lasius-niger\/#breadcrumb\",\"itemListElement\":[{\"@type\":\"ListItem\",\"position\":1,\"name\":\"Portada\",\"item\":\"https:\/\/hormigueando.com\/\"},{\"@type\":\"ListItem\",\"position\":2,\"name\":\"Tienda\",\"item\":\"https:\/\/hormigueando.com\/tienda\/\"},{\"@type\":\"ListItem\",\"position\":3,\"name\":\"Colonia Lasius niger\"}]},{\"@type\":\"WebSite\",\"@id\":\"https:\/\/hormigueando.com\/#website\",\"url\":\"https:\/\/hormigueando.com\/\",\"name\":\"Hormigueando | Tienda especializada en Cr\u00eda de Hormigas\",\"description\":\"\",\"publisher\":{\"@id\":\"https:\/\/hormigueando.com\/#organization\"},\"potentialAction\":[{\"@type\":\"SearchAction\",\"target\":{\"@type\":\"EntryPoint\",\"urlTemplate\":\"https:\/\/hormigueando.com\/?s={search_term_string}\"},\"query-input\":{\"@type\":\"PropertyValueSpecification\",\"valueRequired\":true,\"valueName\":\"search_term_string\"}}],\"inLanguage\":\"en-GB\"},{\"@type\":\"Organization\",\"@id\":\"https:\/\/hormigueando.com\/#organization\",\"name\":\"Hormigueando | Tienda especializada en Cr\u00eda de Hormigas\",\"url\":\"https:\/\/hormigueando.com\/\",\"logo\":{\"@type\":\"ImageObject\",\"inLanguage\":\"en-GB\",\"@id\":\"https:\/\/hormigueando.com\/#\/schema\/logo\/image\/\",\"url\":\"https:\/\/hormigueando.com\/wp-content\/uploads\/2023\/05\/logotipo_web-01.png\",\"contentUrl\":\"https:\/\/hormigueando.com\/wp-content\/uploads\/2023\/05\/logotipo_web-01.png\",\"width\":233,\"height\":74,\"caption\":\"Hormigueando | Tienda especializada en Cr\u00eda de Hormigas\"},\"image\":{\"@id\":\"https:\/\/hormigueando.com\/#\/schema\/logo\/image\/\"}}]}<\/script>\n<!-- \/ Yoast SEO plugin. -->","yoast_head_json":{"title":"Colonia Lasius niger","description":"Colonia Lasius niger","robots":{"index":"index","follow":"follow","max-snippet":"max-snippet:-1","max-image-preview":"max-image-preview:large","max-video-preview":"max-video-preview:-1"},"canonical":"https:\/\/hormigueando.com\/en-gb\/product\/colonia-lasius-niger\/","og_locale":"en_GB","og_type":"article","og_title":"Colonia Lasius niger","og_description":"Colonia Lasius niger","og_url":"https:\/\/hormigueando.com\/en-gb\/product\/colonia-lasius-niger\/","og_site_name":"Hormigueando | Tienda especializada en Cr\u00eda de Hormigas","article_modified_time":"2026-03-17T19:35:38+00:00","og_image":[{"width":1100,"height":1422,"url":"https:\/\/hormigueando.com\/wp-content\/uploads\/2019\/01\/3005-thickbox_default-Colonia-Lasius-niger.jpg","type":"image\/jpeg"}],"twitter_card":"summary_large_image","twitter_misc":{"Estimated reading time":"1 minute"},"schema":{"@context":"https:\/\/schema.org","@graph":[{"@type":"WebPage","@id":"https:\/\/hormigueando.com\/en-gb\/product\/colonia-lasius-niger\/","url":"https:\/\/hormigueando.com\/en-gb\/product\/colonia-lasius-niger\/","name":"Colonia Lasius niger","isPartOf":{"@id":"https:\/\/hormigueando.com\/#website"},"primaryImageOfPage":{"@id":"https:\/\/hormigueando.com\/en-gb\/product\/colonia-lasius-niger\/#primaryimage"},"image":{"@id":"https:\/\/hormigueando.com\/en-gb\/product\/colonia-lasius-niger\/#primaryimage"},"thumbnailUrl":"https:\/\/hormigueando.com\/wp-content\/uploads\/2019\/01\/3005-thickbox_default-Colonia-Lasius-niger.jpg","datePublished":"2023-08-01T12:59:39+00:00","dateModified":"2026-03-17T19:35:38+00:00","description":"Colonia Lasius niger","breadcrumb":{"@id":"https:\/\/hormigueando.com\/en-gb\/product\/colonia-lasius-niger\/#breadcrumb"},"inLanguage":"en-GB","potentialAction":[{"@type":"ReadAction","target":["https:\/\/hormigueando.com\/en-gb\/product\/colonia-lasius-niger\/"]}]},{"@type":"ImageObject","inLanguage":"en-GB","@id":"https:\/\/hormigueando.com\/en-gb\/product\/colonia-lasius-niger\/#primaryimage","url":"https:\/\/hormigueando.com\/wp-content\/uploads\/2019\/01\/3005-thickbox_default-Colonia-Lasius-niger.jpg","contentUrl":"https:\/\/hormigueando.com\/wp-content\/uploads\/2019\/01\/3005-thickbox_default-Colonia-Lasius-niger.jpg","width":1100,"height":1422},{"@type":"BreadcrumbList","@id":"https:\/\/hormigueando.com\/en-gb\/product\/colonia-lasius-niger\/#breadcrumb","itemListElement":[{"@type":"ListItem","position":1,"name":"Portada","item":"https:\/\/hormigueando.com\/"},{"@type":"ListItem","position":2,"name":"Tienda","item":"https:\/\/hormigueando.com\/tienda\/"},{"@type":"ListItem","position":3,"name":"Colonia Lasius niger"}]},{"@type":"WebSite","@id":"https:\/\/hormigueando.com\/#website","url":"https:\/\/hormigueando.com\/","name":"Hormigueando | Tienda especializada en Cr\u00eda de Hormigas","description":"","publisher":{"@id":"https:\/\/hormigueando.com\/#organization"},"potentialAction":[{"@type":"SearchAction","target":{"@type":"EntryPoint","urlTemplate":"https:\/\/hormigueando.com\/?s={search_term_string}"},"query-input":{"@type":"PropertyValueSpecification","valueRequired":true,"valueName":"search_term_string"}}],"inLanguage":"en-GB"},{"@type":"Organization","@id":"https:\/\/hormigueando.com\/#organization","name":"Hormigueando | Tienda especializada en Cr\u00eda de Hormigas","url":"https:\/\/hormigueando.com\/","logo":{"@type":"ImageObject","inLanguage":"en-GB","@id":"https:\/\/hormigueando.com\/#\/schema\/logo\/image\/","url":"https:\/\/hormigueando.com\/wp-content\/uploads\/2023\/05\/logotipo_web-01.png","contentUrl":"https:\/\/hormigueando.com\/wp-content\/uploads\/2023\/05\/logotipo_web-01.png","width":233,"height":74,"caption":"Hormigueando | Tienda especializada en Cr\u00eda de Hormigas"},"image":{"@id":"https:\/\/hormigueando.com\/#\/schema\/logo\/image\/"}}]}},"jetpack_sharing_enabled":true,"_links":{"self":[{"href":"https:\/\/hormigueando.com\/en-gb\/wp-json\/wp\/v2\/product\/42830","targetHints":{"allow":["GET"]}}],"collection":[{"href":"https:\/\/hormigueando.com\/en-gb\/wp-json\/wp\/v2\/product"}],"about":[{"href":"https:\/\/hormigueando.com\/en-gb\/wp-json\/wp\/v2\/types\/product"}],"replies":[{"embeddable":true,"href":"https:\/\/hormigueando.com\/en-gb\/wp-json\/wp\/v2\/comments?post=42830"}],"wp:featuredmedia":[{"embeddable":true,"href":"https:\/\/hormigueando.com\/en-gb\/wp-json\/wp\/v2\/media\/42826"}],"wp:attachment":[{"href":"https:\/\/hormigueando.com\/en-gb\/wp-json\/wp\/v2\/media?parent=42830"}],"wp:term":[{"taxonomy":"product_brand","embeddable":true,"href":"https:\/\/hormigueando.com\/en-gb\/wp-json\/wp\/v2\/product_brand?post=42830"},{"taxonomy":"product_cat","embeddable":true,"href":"https:\/\/hormigueando.com\/en-gb\/wp-json\/wp\/v2\/product_cat?post=42830"},{"taxonomy":"product_tag","embeddable":true,"href":"https:\/\/hormigueando.com\/en-gb\/wp-json\/wp\/v2\/product_tag?post=42830"},{"taxonomy":"giftcard-category","embeddable":true,"href":"https:\/\/hormigueando.com\/en-gb\/wp-json\/wp\/v2\/giftcard-category?post=42830"}],"curies":[{"name":"wp","href":"https:\/\/api.w.org\/{rel}","templated":true}]}}