{"id":42706,"date":"2018-12-26T22:34:40","date_gmt":"2018-12-26T20:34:40","guid":{"rendered":"https:\/\/hormigueando.com\/producto\/kit-de-iniciacion-basico\/"},"modified":"2024-09-16T15:17:11","modified_gmt":"2024-09-16T13:17:11","slug":"kit-de-iniciacion-basico","status":"publish","type":"product","link":"https:\/\/hormigueando.com\/en-gb\/product\/kit-de-iniciacion-basico\/","title":{"rendered":"Kit de iniciaci\u00f3n b\u00e1sico"},"content":{"rendered":"<p>Kit de iniciaci\u00f3n b\u00e1sico para criar hormigas. El kit consta de:<\/p>\n<\/p>\n<ul style=\"list-style-type:circle;\">\n<li>1 L\u00e1mina de acetato transparente: para cubrir los hormigueros. Las hormigas no perciben el color rojo, as\u00ed que al cubrir los hormigueros con acetato rojo transparente conseguimos que nuestras colonias se sientan tranquilas en la oscuridad mientras podemos verlas con facilidad.<\/li>\n<\/ul>\n<ul style=\"list-style-type:circle;\">\n<li>1 Bebedero de 5 ml: Ideal para grandes cajas de forrajeo.<\/li>\n<\/ul>\n<ul style=\"list-style-type:circle;\">\n<li>1 Pipeta: imprescindible para humedecer los hormigueros, rellenar bebederos o poner gotas de l\u00edquidos azucarados<\/li>\n<\/ul>\n<ul style=\"list-style-type:circle;\">\n<li>1 Lupa led 40x: para observar nuestra colonia con todo lujo de detalles.<\/li>\n<\/ul>\n<ul style=\"list-style-type:circle;\">\n<li>1 Pinzas: herramienta indispensable para manejar utensilios, retirar desperdicios, poner y retirar alimento&#8230;<\/li>\n<\/ul>\n<ul style=\"list-style-type:circle;\">\n<li>2 Tubos de ensayo de 13&#215;100 ml: siempre viene bien tener alg\u00fan tubo de ensayo a mano, ya sea para realizar mudanzas de reinas o minicolonias, o bien para capturar alguna reina en la \u00e9pica de vuelos.<\/li>\n<\/ul>\n<ul style=\"list-style-type:circle;\">\n<li>1 Bebedero peque\u00f1o: compatible con la gran mayor\u00eda de cajas de forrajeo.<\/li>\n<\/ul>\n<ul style=\"list-style-type:circle;\">\n<li>1 Comedero de dos agujeros: utensilio para dejar alimentos s\u00f3lidos o l\u00edquidos y no ensuciar la caja de forrajeo.<\/li>\n<\/ul>\n<ul style=\"list-style-type:circle;\">\n<li>1 Comedero de un agujero: utensilio para dejar alimentos s\u00f3lidos o l\u00edquidos y no ensuciar la caja de forrajeo.<\/li>\n<\/ul>\n<ul style=\"list-style-type:circle;\">\n<li>1 Bandeja de alimentaci\u00f3n 14 mm: utensilio para dejar alimentos s\u00f3lidos o l\u00edquidos y no ensuciar la caja de forrajeo.<\/li>\n<\/ul>\n","protected":false},"excerpt":{"rendered":"<p>Kit de iniciaci\u00f3n b\u00e1sico para criar hormigas<\/p><\/p>\n","protected":false},"featured_media":42704,"comment_status":"open","ping_status":"closed","template":"","meta":{"_joinchat":[]},"product_brand":[],"product_cat":[1086,1082,1140],"product_tag":[],"giftcard-category":[],"class_list":{"0":"post-42706","1":"product","2":"type-product","3":"status-publish","4":"has-post-thumbnail","6":"product_cat-accesories-en-gb","7":"product_cat-anthills-en-gb","8":"product_cat-kits-en-gb","10":"first","11":"instock","12":"taxable","13":"shipping-taxable","14":"purchasable","15":"product-type-simple"},"yoast_head":"<!-- This site is optimized with the Yoast SEO plugin v27.1.1 - https:\/\/yoast.com\/product\/yoast-seo-wordpress\/ -->\n<title>Kit de iniciaci\u00f3n b\u00e1sico<\/title>\n<meta name=\"description\" content=\"Kit de iniciaci\u00f3n b\u00e1sico\" \/>\n<meta name=\"robots\" content=\"index, follow, max-snippet:-1, max-image-preview:large, max-video-preview:-1\" \/>\n<link rel=\"canonical\" href=\"https:\/\/hormigueando.com\/product\/kit-de-iniciacion-basico\/\" \/>\n<meta property=\"og:locale\" content=\"en_GB\" \/>\n<meta property=\"og:type\" content=\"article\" \/>\n<meta property=\"og:title\" content=\"Kit de iniciaci\u00f3n b\u00e1sico\" \/>\n<meta property=\"og:description\" content=\"Kit de iniciaci\u00f3n b\u00e1sico\" \/>\n<meta property=\"og:url\" content=\"https:\/\/hormigueando.com\/product\/kit-de-iniciacion-basico\/\" \/>\n<meta property=\"og:site_name\" content=\"Hormigueando | Tienda especializada en Cr\u00eda de Hormigas\" \/>\n<meta property=\"article:modified_time\" content=\"2024-09-16T13:17:11+00:00\" \/>\n<meta property=\"og:image\" content=\"https:\/\/hormigueando.com\/wp-content\/uploads\/2018\/12\/990-thickbox_default-Kit-de-accesorios-de-iniciacion-basico.jpg\" \/>\n\t<meta property=\"og:image:width\" content=\"1100\" \/>\n\t<meta property=\"og:image:height\" content=\"1422\" \/>\n\t<meta property=\"og:image:type\" content=\"image\/jpeg\" \/>\n<meta name=\"twitter:card\" content=\"summary_large_image\" \/>\n<meta name=\"twitter:label1\" content=\"Estimated reading time\" \/>\n\t<meta name=\"twitter:data1\" content=\"1 minute\" \/>\n<script type=\"application\/ld+json\" class=\"yoast-schema-graph\">{\"@context\":\"https:\/\/schema.org\",\"@graph\":[{\"@type\":\"WebPage\",\"@id\":\"https:\/\/hormigueando.com\/product\/kit-de-iniciacion-basico\/\",\"url\":\"https:\/\/hormigueando.com\/product\/kit-de-iniciacion-basico\/\",\"name\":\"Kit de iniciaci\u00f3n b\u00e1sico\",\"isPartOf\":{\"@id\":\"https:\/\/hormigueando.com\/#website\"},\"primaryImageOfPage\":{\"@id\":\"https:\/\/hormigueando.com\/product\/kit-de-iniciacion-basico\/#primaryimage\"},\"image\":{\"@id\":\"https:\/\/hormigueando.com\/product\/kit-de-iniciacion-basico\/#primaryimage\"},\"thumbnailUrl\":\"https:\/\/hormigueando.com\/wp-content\/uploads\/2018\/12\/990-thickbox_default-Kit-de-accesorios-de-iniciacion-basico.jpg\",\"datePublished\":\"2018-12-26T20:34:40+00:00\",\"dateModified\":\"2024-09-16T13:17:11+00:00\",\"description\":\"Kit de iniciaci\u00f3n b\u00e1sico\",\"breadcrumb\":{\"@id\":\"https:\/\/hormigueando.com\/product\/kit-de-iniciacion-basico\/#breadcrumb\"},\"inLanguage\":\"en-GB\",\"potentialAction\":[{\"@type\":\"ReadAction\",\"target\":[\"https:\/\/hormigueando.com\/product\/kit-de-iniciacion-basico\/\"]}]},{\"@type\":\"ImageObject\",\"inLanguage\":\"en-GB\",\"@id\":\"https:\/\/hormigueando.com\/product\/kit-de-iniciacion-basico\/#primaryimage\",\"url\":\"https:\/\/hormigueando.com\/wp-content\/uploads\/2018\/12\/990-thickbox_default-Kit-de-accesorios-de-iniciacion-basico.jpg\",\"contentUrl\":\"https:\/\/hormigueando.com\/wp-content\/uploads\/2018\/12\/990-thickbox_default-Kit-de-accesorios-de-iniciacion-basico.jpg\",\"width\":1100,\"height\":1422},{\"@type\":\"BreadcrumbList\",\"@id\":\"https:\/\/hormigueando.com\/product\/kit-de-iniciacion-basico\/#breadcrumb\",\"itemListElement\":[{\"@type\":\"ListItem\",\"position\":1,\"name\":\"Portada\",\"item\":\"https:\/\/hormigueando.com\/\"},{\"@type\":\"ListItem\",\"position\":2,\"name\":\"Tienda\",\"item\":\"https:\/\/hormigueando.com\/tienda\/\"},{\"@type\":\"ListItem\",\"position\":3,\"name\":\"Kit de iniciaci\u00f3n b\u00e1sico\"}]},{\"@type\":\"WebSite\",\"@id\":\"https:\/\/hormigueando.com\/#website\",\"url\":\"https:\/\/hormigueando.com\/\",\"name\":\"Hormigueando | Tienda especializada en Cr\u00eda de Hormigas\",\"description\":\"\",\"publisher\":{\"@id\":\"https:\/\/hormigueando.com\/#organization\"},\"potentialAction\":[{\"@type\":\"SearchAction\",\"target\":{\"@type\":\"EntryPoint\",\"urlTemplate\":\"https:\/\/hormigueando.com\/?s={search_term_string}\"},\"query-input\":{\"@type\":\"PropertyValueSpecification\",\"valueRequired\":true,\"valueName\":\"search_term_string\"}}],\"inLanguage\":\"en-GB\"},{\"@type\":\"Organization\",\"@id\":\"https:\/\/hormigueando.com\/#organization\",\"name\":\"Hormigueando | Tienda especializada en Cr\u00eda de Hormigas\",\"url\":\"https:\/\/hormigueando.com\/\",\"logo\":{\"@type\":\"ImageObject\",\"inLanguage\":\"en-GB\",\"@id\":\"https:\/\/hormigueando.com\/#\/schema\/logo\/image\/\",\"url\":\"https:\/\/hormigueando.com\/wp-content\/uploads\/2023\/05\/logotipo_web-01.png\",\"contentUrl\":\"https:\/\/hormigueando.com\/wp-content\/uploads\/2023\/05\/logotipo_web-01.png\",\"width\":233,\"height\":74,\"caption\":\"Hormigueando | Tienda especializada en Cr\u00eda de Hormigas\"},\"image\":{\"@id\":\"https:\/\/hormigueando.com\/#\/schema\/logo\/image\/\"}}]}<\/script>\n<!-- \/ Yoast SEO plugin. -->","yoast_head_json":{"title":"Kit de iniciaci\u00f3n b\u00e1sico","description":"Kit de iniciaci\u00f3n b\u00e1sico","robots":{"index":"index","follow":"follow","max-snippet":"max-snippet:-1","max-image-preview":"max-image-preview:large","max-video-preview":"max-video-preview:-1"},"canonical":"https:\/\/hormigueando.com\/product\/kit-de-iniciacion-basico\/","og_locale":"en_GB","og_type":"article","og_title":"Kit de iniciaci\u00f3n b\u00e1sico","og_description":"Kit de iniciaci\u00f3n b\u00e1sico","og_url":"https:\/\/hormigueando.com\/product\/kit-de-iniciacion-basico\/","og_site_name":"Hormigueando | Tienda especializada en Cr\u00eda de Hormigas","article_modified_time":"2024-09-16T13:17:11+00:00","og_image":[{"width":1100,"height":1422,"url":"https:\/\/hormigueando.com\/wp-content\/uploads\/2018\/12\/990-thickbox_default-Kit-de-accesorios-de-iniciacion-basico.jpg","type":"image\/jpeg"}],"twitter_card":"summary_large_image","twitter_misc":{"Estimated reading time":"1 minute"},"schema":{"@context":"https:\/\/schema.org","@graph":[{"@type":"WebPage","@id":"https:\/\/hormigueando.com\/product\/kit-de-iniciacion-basico\/","url":"https:\/\/hormigueando.com\/product\/kit-de-iniciacion-basico\/","name":"Kit de iniciaci\u00f3n b\u00e1sico","isPartOf":{"@id":"https:\/\/hormigueando.com\/#website"},"primaryImageOfPage":{"@id":"https:\/\/hormigueando.com\/product\/kit-de-iniciacion-basico\/#primaryimage"},"image":{"@id":"https:\/\/hormigueando.com\/product\/kit-de-iniciacion-basico\/#primaryimage"},"thumbnailUrl":"https:\/\/hormigueando.com\/wp-content\/uploads\/2018\/12\/990-thickbox_default-Kit-de-accesorios-de-iniciacion-basico.jpg","datePublished":"2018-12-26T20:34:40+00:00","dateModified":"2024-09-16T13:17:11+00:00","description":"Kit de iniciaci\u00f3n b\u00e1sico","breadcrumb":{"@id":"https:\/\/hormigueando.com\/product\/kit-de-iniciacion-basico\/#breadcrumb"},"inLanguage":"en-GB","potentialAction":[{"@type":"ReadAction","target":["https:\/\/hormigueando.com\/product\/kit-de-iniciacion-basico\/"]}]},{"@type":"ImageObject","inLanguage":"en-GB","@id":"https:\/\/hormigueando.com\/product\/kit-de-iniciacion-basico\/#primaryimage","url":"https:\/\/hormigueando.com\/wp-content\/uploads\/2018\/12\/990-thickbox_default-Kit-de-accesorios-de-iniciacion-basico.jpg","contentUrl":"https:\/\/hormigueando.com\/wp-content\/uploads\/2018\/12\/990-thickbox_default-Kit-de-accesorios-de-iniciacion-basico.jpg","width":1100,"height":1422},{"@type":"BreadcrumbList","@id":"https:\/\/hormigueando.com\/product\/kit-de-iniciacion-basico\/#breadcrumb","itemListElement":[{"@type":"ListItem","position":1,"name":"Portada","item":"https:\/\/hormigueando.com\/"},{"@type":"ListItem","position":2,"name":"Tienda","item":"https:\/\/hormigueando.com\/tienda\/"},{"@type":"ListItem","position":3,"name":"Kit de iniciaci\u00f3n b\u00e1sico"}]},{"@type":"WebSite","@id":"https:\/\/hormigueando.com\/#website","url":"https:\/\/hormigueando.com\/","name":"Hormigueando | Tienda especializada en Cr\u00eda de Hormigas","description":"","publisher":{"@id":"https:\/\/hormigueando.com\/#organization"},"potentialAction":[{"@type":"SearchAction","target":{"@type":"EntryPoint","urlTemplate":"https:\/\/hormigueando.com\/?s={search_term_string}"},"query-input":{"@type":"PropertyValueSpecification","valueRequired":true,"valueName":"search_term_string"}}],"inLanguage":"en-GB"},{"@type":"Organization","@id":"https:\/\/hormigueando.com\/#organization","name":"Hormigueando | Tienda especializada en Cr\u00eda de Hormigas","url":"https:\/\/hormigueando.com\/","logo":{"@type":"ImageObject","inLanguage":"en-GB","@id":"https:\/\/hormigueando.com\/#\/schema\/logo\/image\/","url":"https:\/\/hormigueando.com\/wp-content\/uploads\/2023\/05\/logotipo_web-01.png","contentUrl":"https:\/\/hormigueando.com\/wp-content\/uploads\/2023\/05\/logotipo_web-01.png","width":233,"height":74,"caption":"Hormigueando | Tienda especializada en Cr\u00eda de Hormigas"},"image":{"@id":"https:\/\/hormigueando.com\/#\/schema\/logo\/image\/"}}]}},"jetpack_sharing_enabled":true,"_links":{"self":[{"href":"https:\/\/hormigueando.com\/en-gb\/wp-json\/wp\/v2\/product\/42706","targetHints":{"allow":["GET"]}}],"collection":[{"href":"https:\/\/hormigueando.com\/en-gb\/wp-json\/wp\/v2\/product"}],"about":[{"href":"https:\/\/hormigueando.com\/en-gb\/wp-json\/wp\/v2\/types\/product"}],"replies":[{"embeddable":true,"href":"https:\/\/hormigueando.com\/en-gb\/wp-json\/wp\/v2\/comments?post=42706"}],"wp:featuredmedia":[{"embeddable":true,"href":"https:\/\/hormigueando.com\/en-gb\/wp-json\/wp\/v2\/media\/42704"}],"wp:attachment":[{"href":"https:\/\/hormigueando.com\/en-gb\/wp-json\/wp\/v2\/media?parent=42706"}],"wp:term":[{"taxonomy":"product_brand","embeddable":true,"href":"https:\/\/hormigueando.com\/en-gb\/wp-json\/wp\/v2\/product_brand?post=42706"},{"taxonomy":"product_cat","embeddable":true,"href":"https:\/\/hormigueando.com\/en-gb\/wp-json\/wp\/v2\/product_cat?post=42706"},{"taxonomy":"product_tag","embeddable":true,"href":"https:\/\/hormigueando.com\/en-gb\/wp-json\/wp\/v2\/product_tag?post=42706"},{"taxonomy":"giftcard-category","embeddable":true,"href":"https:\/\/hormigueando.com\/en-gb\/wp-json\/wp\/v2\/giftcard-category?post=42706"}],"curies":[{"name":"wp","href":"https:\/\/api.w.org\/{rel}","templated":true}]}}