{"id":42536,"date":"2018-12-18T13:45:50","date_gmt":"2018-12-18T11:45:50","guid":{"rendered":"https:\/\/hormigueando.com\/producto\/tubos-de-ensayo-10-uds\/"},"modified":"2025-08-13T16:57:48","modified_gmt":"2025-08-13T14:57:48","slug":"tubos-de-ensayo-10-uds","status":"publish","type":"product","link":"https:\/\/hormigueando.com\/en-gb\/product\/tubos-de-ensayo-10-uds\/","title":{"rendered":"Tubos de ensayo (10 uds)"},"content":{"rendered":"<p>Tubos de ensayo de poliestireno con fondo redondo para alojar reinas o peque\u00f1as colonias. Se env\u00edan sin tap\u00f3n, ya que deben taponarse con algod\u00f3n para evitar asfixias.<\/p>\n<\/p>\n<p>Disponible en dos tama\u00f1os:<\/p>\n<\/p>\n<p>13&#215;100 ml: ideal para especies de tama\u00f1o peque\u00f1o y mediano<\/p>\n<p>16&#215;100 ml: ideal para especies de gran tama\u00f1o<\/p>\n<p class=\"MsoNormal\"><\/p>\n","protected":false},"excerpt":{"rendered":"<p>Tubos de ensayo (10 uds)<\/p>\n","protected":false},"featured_media":42533,"comment_status":"open","ping_status":"closed","template":"","meta":{"_joinchat":[]},"product_brand":[],"product_cat":[1086,1106],"product_tag":[],"giftcard-category":[],"class_list":{"0":"post-42536","1":"product","2":"type-product","3":"status-publish","4":"has-post-thumbnail","6":"product_cat-accesories-en-gb","7":"product_cat-tubos-y-recipientes-en-gb","8":"pa_composicion-poliestireno-en-gb","9":"pa_medidas-13x100mm-en-gb","10":"pa_medidas-16x100mm-en-gb","11":"pa_tipodeaccesorio-contenedor-en-gb","13":"first","14":"instock","15":"taxable","16":"shipping-taxable","17":"purchasable","18":"product-type-variable","19":"has-default-attributes"},"yoast_head":"<!-- This site is optimized with the Yoast SEO plugin v27.1.1 - https:\/\/yoast.com\/product\/yoast-seo-wordpress\/ -->\n<title>Tubos de ensayo<\/title>\n<meta name=\"description\" content=\"Tubos de ensayo\" \/>\n<meta name=\"robots\" content=\"index, follow, max-snippet:-1, max-image-preview:large, max-video-preview:-1\" \/>\n<link rel=\"canonical\" href=\"https:\/\/hormigueando.com\/en-gb\/product\/tubos-de-ensayo-10-uds\/\" \/>\n<meta property=\"og:locale\" content=\"en_GB\" \/>\n<meta property=\"og:type\" content=\"article\" \/>\n<meta property=\"og:title\" content=\"Tubos de ensayo\" \/>\n<meta property=\"og:description\" content=\"Tubos de ensayo\" \/>\n<meta property=\"og:url\" content=\"https:\/\/hormigueando.com\/en-gb\/product\/tubos-de-ensayo-10-uds\/\" \/>\n<meta property=\"og:site_name\" content=\"Hormigueando | Tienda especializada en Cr\u00eda de Hormigas\" \/>\n<meta property=\"article:modified_time\" content=\"2025-08-13T14:57:48+00:00\" \/>\n<meta property=\"og:image\" content=\"https:\/\/hormigueando.com\/wp-content\/uploads\/2018\/12\/1175-thickbox_default-Tubos-de-ensayo.jpg\" \/>\n\t<meta property=\"og:image:width\" content=\"1100\" \/>\n\t<meta property=\"og:image:height\" content=\"1422\" \/>\n\t<meta property=\"og:image:type\" content=\"image\/jpeg\" \/>\n<meta name=\"twitter:card\" content=\"summary_large_image\" \/>\n<script type=\"application\/ld+json\" class=\"yoast-schema-graph\">{\"@context\":\"https:\/\/schema.org\",\"@graph\":[{\"@type\":\"WebPage\",\"@id\":\"https:\/\/hormigueando.com\/en-gb\/product\/tubos-de-ensayo-10-uds\/\",\"url\":\"https:\/\/hormigueando.com\/en-gb\/product\/tubos-de-ensayo-10-uds\/\",\"name\":\"Tubos de ensayo\",\"isPartOf\":{\"@id\":\"https:\/\/hormigueando.com\/#website\"},\"primaryImageOfPage\":{\"@id\":\"https:\/\/hormigueando.com\/en-gb\/product\/tubos-de-ensayo-10-uds\/#primaryimage\"},\"image\":{\"@id\":\"https:\/\/hormigueando.com\/en-gb\/product\/tubos-de-ensayo-10-uds\/#primaryimage\"},\"thumbnailUrl\":\"https:\/\/hormigueando.com\/wp-content\/uploads\/2018\/12\/1175-thickbox_default-Tubos-de-ensayo.jpg\",\"datePublished\":\"2018-12-18T11:45:50+00:00\",\"dateModified\":\"2025-08-13T14:57:48+00:00\",\"description\":\"Tubos de ensayo\",\"breadcrumb\":{\"@id\":\"https:\/\/hormigueando.com\/en-gb\/product\/tubos-de-ensayo-10-uds\/#breadcrumb\"},\"inLanguage\":\"en-GB\",\"potentialAction\":[{\"@type\":\"ReadAction\",\"target\":[\"https:\/\/hormigueando.com\/en-gb\/product\/tubos-de-ensayo-10-uds\/\"]}]},{\"@type\":\"ImageObject\",\"inLanguage\":\"en-GB\",\"@id\":\"https:\/\/hormigueando.com\/en-gb\/product\/tubos-de-ensayo-10-uds\/#primaryimage\",\"url\":\"https:\/\/hormigueando.com\/wp-content\/uploads\/2018\/12\/1175-thickbox_default-Tubos-de-ensayo.jpg\",\"contentUrl\":\"https:\/\/hormigueando.com\/wp-content\/uploads\/2018\/12\/1175-thickbox_default-Tubos-de-ensayo.jpg\",\"width\":1100,\"height\":1422},{\"@type\":\"BreadcrumbList\",\"@id\":\"https:\/\/hormigueando.com\/en-gb\/product\/tubos-de-ensayo-10-uds\/#breadcrumb\",\"itemListElement\":[{\"@type\":\"ListItem\",\"position\":1,\"name\":\"Portada\",\"item\":\"https:\/\/hormigueando.com\/\"},{\"@type\":\"ListItem\",\"position\":2,\"name\":\"Tienda\",\"item\":\"https:\/\/hormigueando.com\/tienda\/\"},{\"@type\":\"ListItem\",\"position\":3,\"name\":\"Tubos de ensayo (10 uds)\"}]},{\"@type\":\"WebSite\",\"@id\":\"https:\/\/hormigueando.com\/#website\",\"url\":\"https:\/\/hormigueando.com\/\",\"name\":\"Hormigueando | Tienda especializada en Cr\u00eda de Hormigas\",\"description\":\"\",\"publisher\":{\"@id\":\"https:\/\/hormigueando.com\/#organization\"},\"potentialAction\":[{\"@type\":\"SearchAction\",\"target\":{\"@type\":\"EntryPoint\",\"urlTemplate\":\"https:\/\/hormigueando.com\/?s={search_term_string}\"},\"query-input\":{\"@type\":\"PropertyValueSpecification\",\"valueRequired\":true,\"valueName\":\"search_term_string\"}}],\"inLanguage\":\"en-GB\"},{\"@type\":\"Organization\",\"@id\":\"https:\/\/hormigueando.com\/#organization\",\"name\":\"Hormigueando | Tienda especializada en Cr\u00eda de Hormigas\",\"url\":\"https:\/\/hormigueando.com\/\",\"logo\":{\"@type\":\"ImageObject\",\"inLanguage\":\"en-GB\",\"@id\":\"https:\/\/hormigueando.com\/#\/schema\/logo\/image\/\",\"url\":\"https:\/\/hormigueando.com\/wp-content\/uploads\/2023\/05\/logotipo_web-01.png\",\"contentUrl\":\"https:\/\/hormigueando.com\/wp-content\/uploads\/2023\/05\/logotipo_web-01.png\",\"width\":233,\"height\":74,\"caption\":\"Hormigueando | Tienda especializada en Cr\u00eda de Hormigas\"},\"image\":{\"@id\":\"https:\/\/hormigueando.com\/#\/schema\/logo\/image\/\"}}]}<\/script>\n<!-- \/ Yoast SEO plugin. -->","yoast_head_json":{"title":"Tubos de ensayo","description":"Tubos de ensayo","robots":{"index":"index","follow":"follow","max-snippet":"max-snippet:-1","max-image-preview":"max-image-preview:large","max-video-preview":"max-video-preview:-1"},"canonical":"https:\/\/hormigueando.com\/en-gb\/product\/tubos-de-ensayo-10-uds\/","og_locale":"en_GB","og_type":"article","og_title":"Tubos de ensayo","og_description":"Tubos de ensayo","og_url":"https:\/\/hormigueando.com\/en-gb\/product\/tubos-de-ensayo-10-uds\/","og_site_name":"Hormigueando | Tienda especializada en Cr\u00eda de Hormigas","article_modified_time":"2025-08-13T14:57:48+00:00","og_image":[{"width":1100,"height":1422,"url":"https:\/\/hormigueando.com\/wp-content\/uploads\/2018\/12\/1175-thickbox_default-Tubos-de-ensayo.jpg","type":"image\/jpeg"}],"twitter_card":"summary_large_image","schema":{"@context":"https:\/\/schema.org","@graph":[{"@type":"WebPage","@id":"https:\/\/hormigueando.com\/en-gb\/product\/tubos-de-ensayo-10-uds\/","url":"https:\/\/hormigueando.com\/en-gb\/product\/tubos-de-ensayo-10-uds\/","name":"Tubos de ensayo","isPartOf":{"@id":"https:\/\/hormigueando.com\/#website"},"primaryImageOfPage":{"@id":"https:\/\/hormigueando.com\/en-gb\/product\/tubos-de-ensayo-10-uds\/#primaryimage"},"image":{"@id":"https:\/\/hormigueando.com\/en-gb\/product\/tubos-de-ensayo-10-uds\/#primaryimage"},"thumbnailUrl":"https:\/\/hormigueando.com\/wp-content\/uploads\/2018\/12\/1175-thickbox_default-Tubos-de-ensayo.jpg","datePublished":"2018-12-18T11:45:50+00:00","dateModified":"2025-08-13T14:57:48+00:00","description":"Tubos de ensayo","breadcrumb":{"@id":"https:\/\/hormigueando.com\/en-gb\/product\/tubos-de-ensayo-10-uds\/#breadcrumb"},"inLanguage":"en-GB","potentialAction":[{"@type":"ReadAction","target":["https:\/\/hormigueando.com\/en-gb\/product\/tubos-de-ensayo-10-uds\/"]}]},{"@type":"ImageObject","inLanguage":"en-GB","@id":"https:\/\/hormigueando.com\/en-gb\/product\/tubos-de-ensayo-10-uds\/#primaryimage","url":"https:\/\/hormigueando.com\/wp-content\/uploads\/2018\/12\/1175-thickbox_default-Tubos-de-ensayo.jpg","contentUrl":"https:\/\/hormigueando.com\/wp-content\/uploads\/2018\/12\/1175-thickbox_default-Tubos-de-ensayo.jpg","width":1100,"height":1422},{"@type":"BreadcrumbList","@id":"https:\/\/hormigueando.com\/en-gb\/product\/tubos-de-ensayo-10-uds\/#breadcrumb","itemListElement":[{"@type":"ListItem","position":1,"name":"Portada","item":"https:\/\/hormigueando.com\/"},{"@type":"ListItem","position":2,"name":"Tienda","item":"https:\/\/hormigueando.com\/tienda\/"},{"@type":"ListItem","position":3,"name":"Tubos de ensayo (10 uds)"}]},{"@type":"WebSite","@id":"https:\/\/hormigueando.com\/#website","url":"https:\/\/hormigueando.com\/","name":"Hormigueando | Tienda especializada en Cr\u00eda de Hormigas","description":"","publisher":{"@id":"https:\/\/hormigueando.com\/#organization"},"potentialAction":[{"@type":"SearchAction","target":{"@type":"EntryPoint","urlTemplate":"https:\/\/hormigueando.com\/?s={search_term_string}"},"query-input":{"@type":"PropertyValueSpecification","valueRequired":true,"valueName":"search_term_string"}}],"inLanguage":"en-GB"},{"@type":"Organization","@id":"https:\/\/hormigueando.com\/#organization","name":"Hormigueando | Tienda especializada en Cr\u00eda de Hormigas","url":"https:\/\/hormigueando.com\/","logo":{"@type":"ImageObject","inLanguage":"en-GB","@id":"https:\/\/hormigueando.com\/#\/schema\/logo\/image\/","url":"https:\/\/hormigueando.com\/wp-content\/uploads\/2023\/05\/logotipo_web-01.png","contentUrl":"https:\/\/hormigueando.com\/wp-content\/uploads\/2023\/05\/logotipo_web-01.png","width":233,"height":74,"caption":"Hormigueando | Tienda especializada en Cr\u00eda de Hormigas"},"image":{"@id":"https:\/\/hormigueando.com\/#\/schema\/logo\/image\/"}}]}},"jetpack_sharing_enabled":true,"_links":{"self":[{"href":"https:\/\/hormigueando.com\/en-gb\/wp-json\/wp\/v2\/product\/42536","targetHints":{"allow":["GET"]}}],"collection":[{"href":"https:\/\/hormigueando.com\/en-gb\/wp-json\/wp\/v2\/product"}],"about":[{"href":"https:\/\/hormigueando.com\/en-gb\/wp-json\/wp\/v2\/types\/product"}],"replies":[{"embeddable":true,"href":"https:\/\/hormigueando.com\/en-gb\/wp-json\/wp\/v2\/comments?post=42536"}],"wp:featuredmedia":[{"embeddable":true,"href":"https:\/\/hormigueando.com\/en-gb\/wp-json\/wp\/v2\/media\/42533"}],"wp:attachment":[{"href":"https:\/\/hormigueando.com\/en-gb\/wp-json\/wp\/v2\/media?parent=42536"}],"wp:term":[{"taxonomy":"product_brand","embeddable":true,"href":"https:\/\/hormigueando.com\/en-gb\/wp-json\/wp\/v2\/product_brand?post=42536"},{"taxonomy":"product_cat","embeddable":true,"href":"https:\/\/hormigueando.com\/en-gb\/wp-json\/wp\/v2\/product_cat?post=42536"},{"taxonomy":"product_tag","embeddable":true,"href":"https:\/\/hormigueando.com\/en-gb\/wp-json\/wp\/v2\/product_tag?post=42536"},{"taxonomy":"giftcard-category","embeddable":true,"href":"https:\/\/hormigueando.com\/en-gb\/wp-json\/wp\/v2\/giftcard-category?post=42536"}],"curies":[{"name":"wp","href":"https:\/\/api.w.org\/{rel}","templated":true}]}}