{"id":42383,"date":"2018-12-15T17:24:19","date_gmt":"2018-12-15T15:24:19","guid":{"rendered":"https:\/\/hormigueando.com\/producto\/antmeta-v15x10-triplex\/"},"modified":"2018-12-15T17:24:19","modified_gmt":"2018-12-15T15:24:19","slug":"antmeta-v15x10-triplex","status":"publish","type":"product","link":"https:\/\/hormigueando.com\/en-gb\/product\/antmeta-v15x10-triplex\/","title":{"rendered":"Antmeta V15x10 Triplex"},"content":{"rendered":"<p class=\"MsoNormal\">Hormiguero acr\u00edlico de 15x10x1,5 cm. Lleva sistema de humedad y dos conexiones externas de 8 mm de di\u00e1metro. Lleva un pie desmontable, por lo que puede utilizarse en vertical (tipo sandwich) o en horizontal. Tambi\u00e9n lleva unos accesorios para colgar en la pared.<\/p>\n<p>El hormiguero incluye dos piezas de cierre para las conexiones externa s por si \u00e9stas no se quieren utilizar (por tanto no se requieren tapones) y dos piezas de conexi\u00f3n que facilitan el perfecto encaje de los tubos flexibles apropiados.<\/p>\n<p>Este hormiguero es ideal para colonias de todo tipo de especies (peque\u00f1as, medianas o grandes, y con requerimientos de humedad bajo, medio o alto).<\/p>\n<p>El sistema de humedad proporciona la humedad ambiental necesaria y adem\u00e1s agua para beber, aunque siempre es recomendable disponer de un bebedero externo, sobre todo a medida que aumenta la colonia.<\/p>\n<\/p>\n<p>Te recomendamos incluir el filtro rojo de este hormiguero para que nuestras hormigas se sientan m\u00e1s c\u00f3modas y protegidas de la luz:<\/p>\n<p><strong>Filtro rojo compatible: <\/strong><a href=\"https:\/\/hormigueando.com\/filtros-rojos\/272-482-filtros-para-modelos-de-esponjapva.html#\/50-modelo_hormiguero-triplex\" target=\"_blank\" class=\"btn btn-default\" rel=\"noopener\">Modelo TRIPLEX<\/a><\/p>\n<p>\u00a0<\/p>\n<p><strong><span style=\"color:#d0121a;\">Importante:<\/span><\/strong><\/p>\n<p>Lavar solo con agua y jab\u00f3n. La utilizaci\u00f3n de productos abrasivos de limpieza puede provocar da\u00f1os en el hormiguero y anular la garant\u00eda del producto.<\/p>\n<p>\u00a0<\/p>\n<p><span style=\"text-decoration:underline;\">Otros productos recomendados:<\/span><\/p>\n<p>Sabemos que en ocasiones es complicado distinguir qu\u00e9 accesorios son compatibles con cada hormiguero y por ese motivo, desde <strong>Hormigueando<\/strong> os ayudamos con esta tarea y os indicamos qu\u00e9 accesorios tienen las medidas apropiadas para este hormiguero y caja de forrajeo. Estos accesorios no est\u00e1n incluidos con el hormiguero y se venden a parte.<\/p>\n<\/p>\n<p><strong>Tubos flexibles compatibles:<\/strong> 12\/10 mm. Necesarios si se quiere conectar el hormiguero con cajas de forrajeo externas, con otros hormigueros o con tubos de ensayo. Disponibles en nuestro apartado de <a href=\"https:\/\/hormigueando.com\/inicio\/59-67-tubos-flexibles.html#\/37-medidas-12_10_mm\" class=\"btn btn-default\">ACCESORIOS.<\/a><\/p>\n<p><strong>Cajas de forrajeo externas:<\/strong> Compatible con todas nuestras <a href=\"https:\/\/hormigueando.com\/17-cajas-de-forrajeo\" class=\"btn btn-default\">Cajas de forrajeo<\/a><\/p>\n","protected":false},"excerpt":{"rendered":"<p class=\"MsoNormal\">Hormiguero acr\u00edlico de 15x10x1,5 cm. Lleva sistema de humedad y dos conexiones externas de 8 mm de di\u00e1metro. Lleva un pie desmontable, por lo que puede utilizarse en vertical (tipo sandwich) o en horizontal. Tambi\u00e9n lleva unos accesorios para colgar en la pared.\u00a0<\/p>\n<\/p>\n<p>Te recomendamos incluir el filtro rojo de este hormiguero para que nuestras hormigas se sientan m\u00e1s c\u00f3modas y protegidas de la luz:<\/p>\n<p><strong>Filtro rojo compatible: <\/strong><a href=\"https:\/\/hormigueando.com\/filtros-rojos\/272-482-filtros-para-modelos-de-esponjapva.html#\/50-modelo_hormiguero-triplex\" target=\"_blank\" class=\"btn btn-default\" rel=\"noopener\">Modelo TRIPLEX<\/a><\/p>\n","protected":false},"featured_media":42374,"comment_status":"open","ping_status":"closed","template":"","meta":{"_joinchat":[]},"product_brand":[],"product_cat":[1082,1090,1114],"product_tag":[],"giftcard-category":[],"class_list":{"0":"post-42383","1":"product","2":"type-product","3":"status-publish","4":"has-post-thumbnail","6":"product_cat-anthills-en-gb","7":"product_cat-offers-en-gb","8":"product_cat-sponge-pva-anthills-en-gb","9":"pa_4b-numerodeconexionesconelex-2-en-gb","10":"pa_61-modorellenadosistemadehum-pipetaojeringuilla-en-gb","11":"pa_color-white-en-gb","12":"pa_composicion-metacrilato-en-gb","13":"pa_incluyecajadeforrajeo-no-en-gb","14":"pa_medidas-15x10x1_5cm-en-gb","15":"pa_medidatuboflexiblerequerido-1210mm-en-gb","16":"pa_serie-antmeta-en-gb","17":"pa_tamano-mediano-en-gb","19":"first","20":"outofstock","21":"sale","22":"taxable","23":"shipping-taxable","24":"purchasable","25":"product-type-simple"},"yoast_head":"<!-- This site is optimized with the Yoast SEO plugin v27.4 - https:\/\/yoast.com\/product\/yoast-seo-wordpress\/ -->\n<title>Hormiguero acr\u00edlico vertical 15x10<\/title>\n<meta name=\"description\" content=\"Hormiguero acr\u00edlico vertical 15x10\" \/>\n<meta name=\"robots\" content=\"index, follow, max-snippet:-1, max-image-preview:large, max-video-preview:-1\" \/>\n<link rel=\"canonical\" href=\"https:\/\/hormigueando.com\/en-gb\/product\/antmeta-v15x10-triplex\/\" \/>\n<meta property=\"og:locale\" content=\"en_GB\" \/>\n<meta property=\"og:type\" content=\"article\" \/>\n<meta property=\"og:title\" content=\"Hormiguero acr\u00edlico vertical 15x10\" \/>\n<meta property=\"og:description\" content=\"Hormiguero acr\u00edlico vertical 15x10\" \/>\n<meta property=\"og:url\" content=\"https:\/\/hormigueando.com\/en-gb\/product\/antmeta-v15x10-triplex\/\" \/>\n<meta property=\"og:site_name\" content=\"Hormigueando | Tienda especializada en Cr\u00eda de Hormigas\" \/>\n<meta property=\"og:image\" content=\"https:\/\/hormigueando.com\/wp-content\/uploads\/2018\/12\/962-thickbox_default-Hormiguero-acrilico-15x10-horizontal-o-vertical.jpg\" \/>\n\t<meta property=\"og:image:width\" content=\"1100\" \/>\n\t<meta property=\"og:image:height\" content=\"1422\" \/>\n\t<meta property=\"og:image:type\" content=\"image\/jpeg\" \/>\n<meta name=\"twitter:card\" content=\"summary_large_image\" \/>\n<meta name=\"twitter:label1\" content=\"Estimated reading time\" \/>\n\t<meta name=\"twitter:data1\" content=\"2 minutes\" \/>\n<script type=\"application\/ld+json\" class=\"yoast-schema-graph\">{\"@context\":\"https:\\\/\\\/schema.org\",\"@graph\":[{\"@type\":\"WebPage\",\"@id\":\"https:\\\/\\\/hormigueando.com\\\/en-gb\\\/product\\\/antmeta-v15x10-triplex\\\/\",\"url\":\"https:\\\/\\\/hormigueando.com\\\/en-gb\\\/product\\\/antmeta-v15x10-triplex\\\/\",\"name\":\"Hormiguero acr\u00edlico vertical 15x10\",\"isPartOf\":{\"@id\":\"https:\\\/\\\/hormigueando.com\\\/#website\"},\"primaryImageOfPage\":{\"@id\":\"https:\\\/\\\/hormigueando.com\\\/en-gb\\\/product\\\/antmeta-v15x10-triplex\\\/#primaryimage\"},\"image\":{\"@id\":\"https:\\\/\\\/hormigueando.com\\\/en-gb\\\/product\\\/antmeta-v15x10-triplex\\\/#primaryimage\"},\"thumbnailUrl\":\"https:\\\/\\\/hormigueando.com\\\/wp-content\\\/uploads\\\/2018\\\/12\\\/962-thickbox_default-Hormiguero-acrilico-15x10-horizontal-o-vertical.jpg\",\"datePublished\":\"2018-12-15T15:24:19+00:00\",\"description\":\"Hormiguero acr\u00edlico vertical 15x10\",\"breadcrumb\":{\"@id\":\"https:\\\/\\\/hormigueando.com\\\/en-gb\\\/product\\\/antmeta-v15x10-triplex\\\/#breadcrumb\"},\"inLanguage\":\"en-GB\",\"potentialAction\":[{\"@type\":\"ReadAction\",\"target\":[\"https:\\\/\\\/hormigueando.com\\\/en-gb\\\/product\\\/antmeta-v15x10-triplex\\\/\"]}]},{\"@type\":\"ImageObject\",\"inLanguage\":\"en-GB\",\"@id\":\"https:\\\/\\\/hormigueando.com\\\/en-gb\\\/product\\\/antmeta-v15x10-triplex\\\/#primaryimage\",\"url\":\"https:\\\/\\\/hormigueando.com\\\/wp-content\\\/uploads\\\/2018\\\/12\\\/962-thickbox_default-Hormiguero-acrilico-15x10-horizontal-o-vertical.jpg\",\"contentUrl\":\"https:\\\/\\\/hormigueando.com\\\/wp-content\\\/uploads\\\/2018\\\/12\\\/962-thickbox_default-Hormiguero-acrilico-15x10-horizontal-o-vertical.jpg\",\"width\":1100,\"height\":1422},{\"@type\":\"BreadcrumbList\",\"@id\":\"https:\\\/\\\/hormigueando.com\\\/en-gb\\\/product\\\/antmeta-v15x10-triplex\\\/#breadcrumb\",\"itemListElement\":[{\"@type\":\"ListItem\",\"position\":1,\"name\":\"Portada\",\"item\":\"https:\\\/\\\/hormigueando.com\\\/\"},{\"@type\":\"ListItem\",\"position\":2,\"name\":\"Tienda\",\"item\":\"https:\\\/\\\/hormigueando.com\\\/tienda\\\/\"},{\"@type\":\"ListItem\",\"position\":3,\"name\":\"Antmeta V15x10 Triplex\"}]},{\"@type\":\"WebSite\",\"@id\":\"https:\\\/\\\/hormigueando.com\\\/#website\",\"url\":\"https:\\\/\\\/hormigueando.com\\\/\",\"name\":\"Hormigueando | Tienda especializada en Cr\u00eda de Hormigas\",\"description\":\"\",\"publisher\":{\"@id\":\"https:\\\/\\\/hormigueando.com\\\/#organization\"},\"potentialAction\":[{\"@type\":\"SearchAction\",\"target\":{\"@type\":\"EntryPoint\",\"urlTemplate\":\"https:\\\/\\\/hormigueando.com\\\/?s={search_term_string}\"},\"query-input\":{\"@type\":\"PropertyValueSpecification\",\"valueRequired\":true,\"valueName\":\"search_term_string\"}}],\"inLanguage\":\"en-GB\"},{\"@type\":\"Organization\",\"@id\":\"https:\\\/\\\/hormigueando.com\\\/#organization\",\"name\":\"Hormigueando | Tienda especializada en Cr\u00eda de Hormigas\",\"url\":\"https:\\\/\\\/hormigueando.com\\\/\",\"logo\":{\"@type\":\"ImageObject\",\"inLanguage\":\"en-GB\",\"@id\":\"https:\\\/\\\/hormigueando.com\\\/#\\\/schema\\\/logo\\\/image\\\/\",\"url\":\"https:\\\/\\\/hormigueando.com\\\/wp-content\\\/uploads\\\/2023\\\/05\\\/logotipo_web-01.png\",\"contentUrl\":\"https:\\\/\\\/hormigueando.com\\\/wp-content\\\/uploads\\\/2023\\\/05\\\/logotipo_web-01.png\",\"width\":233,\"height\":74,\"caption\":\"Hormigueando | Tienda especializada en Cr\u00eda de Hormigas\"},\"image\":{\"@id\":\"https:\\\/\\\/hormigueando.com\\\/#\\\/schema\\\/logo\\\/image\\\/\"}}]}<\/script>\n<!-- \/ Yoast SEO plugin. -->","yoast_head_json":{"title":"Hormiguero acr\u00edlico vertical 15x10","description":"Hormiguero acr\u00edlico vertical 15x10","robots":{"index":"index","follow":"follow","max-snippet":"max-snippet:-1","max-image-preview":"max-image-preview:large","max-video-preview":"max-video-preview:-1"},"canonical":"https:\/\/hormigueando.com\/en-gb\/product\/antmeta-v15x10-triplex\/","og_locale":"en_GB","og_type":"article","og_title":"Hormiguero acr\u00edlico vertical 15x10","og_description":"Hormiguero acr\u00edlico vertical 15x10","og_url":"https:\/\/hormigueando.com\/en-gb\/product\/antmeta-v15x10-triplex\/","og_site_name":"Hormigueando | Tienda especializada en Cr\u00eda de Hormigas","og_image":[{"width":1100,"height":1422,"url":"https:\/\/hormigueando.com\/wp-content\/uploads\/2018\/12\/962-thickbox_default-Hormiguero-acrilico-15x10-horizontal-o-vertical.jpg","type":"image\/jpeg"}],"twitter_card":"summary_large_image","twitter_misc":{"Estimated reading time":"2 minutes"},"schema":{"@context":"https:\/\/schema.org","@graph":[{"@type":"WebPage","@id":"https:\/\/hormigueando.com\/en-gb\/product\/antmeta-v15x10-triplex\/","url":"https:\/\/hormigueando.com\/en-gb\/product\/antmeta-v15x10-triplex\/","name":"Hormiguero acr\u00edlico vertical 15x10","isPartOf":{"@id":"https:\/\/hormigueando.com\/#website"},"primaryImageOfPage":{"@id":"https:\/\/hormigueando.com\/en-gb\/product\/antmeta-v15x10-triplex\/#primaryimage"},"image":{"@id":"https:\/\/hormigueando.com\/en-gb\/product\/antmeta-v15x10-triplex\/#primaryimage"},"thumbnailUrl":"https:\/\/hormigueando.com\/wp-content\/uploads\/2018\/12\/962-thickbox_default-Hormiguero-acrilico-15x10-horizontal-o-vertical.jpg","datePublished":"2018-12-15T15:24:19+00:00","description":"Hormiguero acr\u00edlico vertical 15x10","breadcrumb":{"@id":"https:\/\/hormigueando.com\/en-gb\/product\/antmeta-v15x10-triplex\/#breadcrumb"},"inLanguage":"en-GB","potentialAction":[{"@type":"ReadAction","target":["https:\/\/hormigueando.com\/en-gb\/product\/antmeta-v15x10-triplex\/"]}]},{"@type":"ImageObject","inLanguage":"en-GB","@id":"https:\/\/hormigueando.com\/en-gb\/product\/antmeta-v15x10-triplex\/#primaryimage","url":"https:\/\/hormigueando.com\/wp-content\/uploads\/2018\/12\/962-thickbox_default-Hormiguero-acrilico-15x10-horizontal-o-vertical.jpg","contentUrl":"https:\/\/hormigueando.com\/wp-content\/uploads\/2018\/12\/962-thickbox_default-Hormiguero-acrilico-15x10-horizontal-o-vertical.jpg","width":1100,"height":1422},{"@type":"BreadcrumbList","@id":"https:\/\/hormigueando.com\/en-gb\/product\/antmeta-v15x10-triplex\/#breadcrumb","itemListElement":[{"@type":"ListItem","position":1,"name":"Portada","item":"https:\/\/hormigueando.com\/"},{"@type":"ListItem","position":2,"name":"Tienda","item":"https:\/\/hormigueando.com\/tienda\/"},{"@type":"ListItem","position":3,"name":"Antmeta V15x10 Triplex"}]},{"@type":"WebSite","@id":"https:\/\/hormigueando.com\/#website","url":"https:\/\/hormigueando.com\/","name":"Hormigueando | Tienda especializada en Cr\u00eda de Hormigas","description":"","publisher":{"@id":"https:\/\/hormigueando.com\/#organization"},"potentialAction":[{"@type":"SearchAction","target":{"@type":"EntryPoint","urlTemplate":"https:\/\/hormigueando.com\/?s={search_term_string}"},"query-input":{"@type":"PropertyValueSpecification","valueRequired":true,"valueName":"search_term_string"}}],"inLanguage":"en-GB"},{"@type":"Organization","@id":"https:\/\/hormigueando.com\/#organization","name":"Hormigueando | Tienda especializada en Cr\u00eda de Hormigas","url":"https:\/\/hormigueando.com\/","logo":{"@type":"ImageObject","inLanguage":"en-GB","@id":"https:\/\/hormigueando.com\/#\/schema\/logo\/image\/","url":"https:\/\/hormigueando.com\/wp-content\/uploads\/2023\/05\/logotipo_web-01.png","contentUrl":"https:\/\/hormigueando.com\/wp-content\/uploads\/2023\/05\/logotipo_web-01.png","width":233,"height":74,"caption":"Hormigueando | Tienda especializada en Cr\u00eda de Hormigas"},"image":{"@id":"https:\/\/hormigueando.com\/#\/schema\/logo\/image\/"}}]}},"jetpack_sharing_enabled":true,"_links":{"self":[{"href":"https:\/\/hormigueando.com\/en-gb\/wp-json\/wp\/v2\/product\/42383","targetHints":{"allow":["GET"]}}],"collection":[{"href":"https:\/\/hormigueando.com\/en-gb\/wp-json\/wp\/v2\/product"}],"about":[{"href":"https:\/\/hormigueando.com\/en-gb\/wp-json\/wp\/v2\/types\/product"}],"replies":[{"embeddable":true,"href":"https:\/\/hormigueando.com\/en-gb\/wp-json\/wp\/v2\/comments?post=42383"}],"wp:featuredmedia":[{"embeddable":true,"href":"https:\/\/hormigueando.com\/en-gb\/wp-json\/wp\/v2\/media\/42374"}],"wp:attachment":[{"href":"https:\/\/hormigueando.com\/en-gb\/wp-json\/wp\/v2\/media?parent=42383"}],"wp:term":[{"taxonomy":"product_brand","embeddable":true,"href":"https:\/\/hormigueando.com\/en-gb\/wp-json\/wp\/v2\/product_brand?post=42383"},{"taxonomy":"product_cat","embeddable":true,"href":"https:\/\/hormigueando.com\/en-gb\/wp-json\/wp\/v2\/product_cat?post=42383"},{"taxonomy":"product_tag","embeddable":true,"href":"https:\/\/hormigueando.com\/en-gb\/wp-json\/wp\/v2\/product_tag?post=42383"},{"taxonomy":"giftcard-category","embeddable":true,"href":"https:\/\/hormigueando.com\/en-gb\/wp-json\/wp\/v2\/giftcard-category?post=42383"}],"curies":[{"name":"wp","href":"https:\/\/api.w.org\/{rel}","templated":true}]}}