{"id":42325,"date":"2018-12-14T18:05:48","date_gmt":"2018-12-14T16:05:48","guid":{"rendered":"https:\/\/hormigueando.com\/producto\/antmeta-h20x20-m1\/"},"modified":"2018-12-14T18:05:48","modified_gmt":"2018-12-14T16:05:48","slug":"antmeta-h20x20-m1","status":"publish","type":"product","link":"https:\/\/hormigueando.com\/en-gb\/product\/antmeta-h20x20-m1\/","title":{"rendered":"Antmeta H20x20 M1"},"content":{"rendered":"<p class=\"MsoNormal\">Hormiguero acr\u00edlico de 20x20x1 cm o 20x20x1,5 cm. Tiene zona de forrajeo con tapa, agujero de conexi\u00f3n exterior y sistema de humedad.<\/p>\n<p>El hormiguero incluye 2 piezas de cierre para las conexiones externas por si \u00e9stas no se quieren utilizar (por tanto no se requieren tapones) y dos piezas de conexi\u00f3n que facilitan el perfecto encaje de los tubos flexibles apropiados.<\/p>\n<p>Este hormiguero es ideal para colonias de todo tipo de especies (peque\u00f1as, medianas o grandes, y con requerimientos de humedad bajo, medio o alto).<\/p>\n<p>El sistema de humedad proporciona la humedad ambiental necesaria y adem\u00e1s agua para beber, aunque siempre es recomendable disponer de un bebedero externo, sobre todo a medida que aumenta la colonia.<\/p>\n<p>Los dos lados de este hormiguero son independientes y se conectan entre s\u00ed a trav\u00e9s de la caja de forrajeo central. Por tanto, este hormiguero permite tener dos colonias diferentes cerrando una de las conexiones de la caja de forrajeo. Una colonia podr\u00e1 utilizar la caja de forrajeo central, y la otra colonia tendr\u00eda que usar una caja de forrajeo externa.<\/p>\n<\/p>\n<p>Te recomendamos incluir el filtro rojo de este hormiguero para que nuestras hormigas se sientan m\u00e1s c\u00f3modas y protegidas de la luz:<\/p>\n<p><strong>Filtro rojo compatible: <\/strong><a href=\"https:\/\/hormigueando.com\/filtros-rojos\/272-483-filtros-para-modelos-de-esponjapva.html#\/136-modelo_hormiguero-h20x20_m1\" target=\"_blank\" class=\"btn btn-default\" rel=\"noopener\">Modelo H20X20 M1<\/a><\/p>\n<\/p>\n<p><strong><span style=\"color:#d0121a;\">Importante:<\/span><\/strong><\/p>\n<p>Lavar solo con agua y jab\u00f3n. La utilizaci\u00f3n de productos abrasivos de limpieza puede provocar da\u00f1os en el hormiguero y anular la garant\u00eda del producto.<\/p>\n<p>\u00a0<\/p>\n<p><span style=\"text-decoration:underline;\">Otros productos recomendados:<\/span><\/p>\n<p>Sabemos que en ocasiones es complicado distinguir qu\u00e9 accesorios son compatibles con cada hormiguero y por ese motivo, desde <strong>Hormigueando<\/strong> os ayudamos con esta tarea y os indicamos qu\u00e9 accesorios tienen las medidas apropiadas para este hormiguero y caja de forrajeo. Estos accesorios no est\u00e1n incluidos con el hormiguero y se venden a parte.<\/p>\n<\/p>\n<p><strong>Tubos flexibles compatibles:<\/strong> 12\/10 mm. Necesarios si se quiere conectar el hormiguero con cajas de forrajeo externas, con otros hormigueros o con tubos de ensayo. Disponibles en nuestro apartado de <a href=\"https:\/\/hormigueando.com\/inicio\/59-67-tubos-flexibles.html#\/37-medidas-12_10_mm\" class=\"btn btn-default\">ACCESORIOS.<\/a><\/p>\n<p><strong>Bebederos compatibles con la caja de forrajeo incorporada:<\/strong><\/p>\n<p>&#8211; Bebedero comedero: Disponible en nuestro apartado de accesorios <a href=\"https:\/\/hormigueando.com\/inicio\/51-bebedero-comedero.html\" class=\"btn btn-default\">Bebedero-comedero<\/a><\/p>\n<p>&#8211; Bebedero (ambos tama\u00f1os son compatibles): Disponible en nuestro apartado de accesorios <a href=\"https:\/\/hormigueando.com\/inicio\/52-59-bebedero.html#\/1-tamano-s\" class=\"btn btn-default\">Bebedero<\/a><\/p>\n<p><strong>Cajas de forrajeo externas:<\/strong> Compatible con todas nuestras <a href=\"https:\/\/hormigueando.com\/17-cajas-de-forrajeo\" class=\"btn btn-default\">Cajas de forrajeo<\/a><\/p><\/p>\n","protected":false},"excerpt":{"rendered":"<p class=\"MsoNormal\">Hormiguero acr\u00edlico de 20x20x1 cm o 20x20x1,5 cm. Tiene zona de forrajeo con tapa, agujero de conexi\u00f3n exterior y sistema de humedad.<\/p>\n<\/p>\n<p>Te recomendamos incluir el filtro rojo de este hormiguero para que nuestras hormigas se sientan m\u00e1s c\u00f3modas y protegidas de la luz:<\/p>\n<p><strong>Filtro rojo compatible: <\/strong><a href=\"https:\/\/hormigueando.com\/filtros-rojos\/272-483-filtros-para-modelos-de-esponjapva.html#\/136-modelo_hormiguero-h20x20_m1\" target=\"_blank\" class=\"btn btn-default\" rel=\"noopener\">Modelo H20X20 M1<\/a><\/p><\/p>\n","protected":false},"featured_media":42317,"comment_status":"open","ping_status":"closed","template":"","meta":{"_joinchat":[]},"product_brand":[],"product_cat":[1082,1114],"product_tag":[],"giftcard-category":[],"class_list":{"0":"post-42325","1":"product","2":"type-product","3":"status-publish","4":"has-post-thumbnail","6":"product_cat-anthills-en-gb","7":"product_cat-sponge-pva-anthills-en-gb","8":"pa_4b-numerodeconexionesconelex-2-en-gb","9":"pa_61-modorellenadosistemadehum-pipetaojeringuilla-en-gb","10":"pa_altura-0_5cm-en-gb","11":"pa_altura-1cm-en-gb","12":"pa_color-white-en-gb","13":"pa_composicion-metacrilato-en-gb","14":"pa_incluyecajadeforrajeo-si-en-gb","15":"pa_medidas-20x20x1_5cm-en-gb","16":"pa_medidas-20x20x1cm-en-gb","17":"pa_medidatuboflexiblerequerido-1210mm-en-gb","18":"pa_serie-antmeta-en-gb","19":"pa_tamano-grande-en-gb","21":"first","22":"instock","23":"taxable","24":"shipping-taxable","25":"purchasable","26":"product-type-variable","27":"has-default-attributes"},"yoast_head":"<!-- This site is optimized with the Yoast SEO plugin v27.1.1 - https:\/\/yoast.com\/product\/yoast-seo-wordpress\/ -->\n<title>Hormiguero acr\u00edlico 20x20 con esponja<\/title>\n<meta name=\"description\" content=\"Hormiguero acr\u00edlico 20x20 con esponja\" \/>\n<meta name=\"robots\" content=\"index, follow, max-snippet:-1, max-image-preview:large, max-video-preview:-1\" \/>\n<link rel=\"canonical\" href=\"https:\/\/hormigueando.com\/product\/antmeta-h20x20-m1\/\" \/>\n<meta property=\"og:locale\" content=\"en_GB\" \/>\n<meta property=\"og:type\" content=\"article\" \/>\n<meta property=\"og:title\" content=\"Hormiguero acr\u00edlico 20x20 con esponja\" \/>\n<meta property=\"og:description\" content=\"Hormiguero acr\u00edlico 20x20 con esponja\" \/>\n<meta property=\"og:url\" content=\"https:\/\/hormigueando.com\/product\/antmeta-h20x20-m1\/\" \/>\n<meta property=\"og:site_name\" content=\"Hormigueando | Tienda especializada en Cr\u00eda de Hormigas\" \/>\n<meta property=\"og:image\" content=\"https:\/\/hormigueando.com\/wp-content\/uploads\/2018\/12\/936-thickbox_default-Hormiguero-acrilico-20x20-con-esponja.jpg\" \/>\n\t<meta property=\"og:image:width\" content=\"1100\" \/>\n\t<meta property=\"og:image:height\" content=\"1422\" \/>\n\t<meta property=\"og:image:type\" content=\"image\/jpeg\" \/>\n<meta name=\"twitter:card\" content=\"summary_large_image\" \/>\n<meta name=\"twitter:label1\" content=\"Estimated reading time\" \/>\n\t<meta name=\"twitter:data1\" content=\"2 minutes\" \/>\n<script type=\"application\/ld+json\" class=\"yoast-schema-graph\">{\"@context\":\"https:\/\/schema.org\",\"@graph\":[{\"@type\":\"WebPage\",\"@id\":\"https:\/\/hormigueando.com\/product\/antmeta-h20x20-m1\/\",\"url\":\"https:\/\/hormigueando.com\/product\/antmeta-h20x20-m1\/\",\"name\":\"Hormiguero acr\u00edlico 20x20 con esponja\",\"isPartOf\":{\"@id\":\"https:\/\/hormigueando.com\/#website\"},\"primaryImageOfPage\":{\"@id\":\"https:\/\/hormigueando.com\/product\/antmeta-h20x20-m1\/#primaryimage\"},\"image\":{\"@id\":\"https:\/\/hormigueando.com\/product\/antmeta-h20x20-m1\/#primaryimage\"},\"thumbnailUrl\":\"https:\/\/hormigueando.com\/wp-content\/uploads\/2018\/12\/936-thickbox_default-Hormiguero-acrilico-20x20-con-esponja.jpg\",\"datePublished\":\"2018-12-14T16:05:48+00:00\",\"description\":\"Hormiguero acr\u00edlico 20x20 con esponja\",\"breadcrumb\":{\"@id\":\"https:\/\/hormigueando.com\/product\/antmeta-h20x20-m1\/#breadcrumb\"},\"inLanguage\":\"en-GB\",\"potentialAction\":[{\"@type\":\"ReadAction\",\"target\":[\"https:\/\/hormigueando.com\/product\/antmeta-h20x20-m1\/\"]}]},{\"@type\":\"ImageObject\",\"inLanguage\":\"en-GB\",\"@id\":\"https:\/\/hormigueando.com\/product\/antmeta-h20x20-m1\/#primaryimage\",\"url\":\"https:\/\/hormigueando.com\/wp-content\/uploads\/2018\/12\/936-thickbox_default-Hormiguero-acrilico-20x20-con-esponja.jpg\",\"contentUrl\":\"https:\/\/hormigueando.com\/wp-content\/uploads\/2018\/12\/936-thickbox_default-Hormiguero-acrilico-20x20-con-esponja.jpg\",\"width\":1100,\"height\":1422},{\"@type\":\"BreadcrumbList\",\"@id\":\"https:\/\/hormigueando.com\/product\/antmeta-h20x20-m1\/#breadcrumb\",\"itemListElement\":[{\"@type\":\"ListItem\",\"position\":1,\"name\":\"Portada\",\"item\":\"https:\/\/hormigueando.com\/\"},{\"@type\":\"ListItem\",\"position\":2,\"name\":\"Tienda\",\"item\":\"https:\/\/hormigueando.com\/tienda\/\"},{\"@type\":\"ListItem\",\"position\":3,\"name\":\"Antmeta H20x20 M1\"}]},{\"@type\":\"WebSite\",\"@id\":\"https:\/\/hormigueando.com\/#website\",\"url\":\"https:\/\/hormigueando.com\/\",\"name\":\"Hormigueando | Tienda especializada en Cr\u00eda de Hormigas\",\"description\":\"\",\"publisher\":{\"@id\":\"https:\/\/hormigueando.com\/#organization\"},\"potentialAction\":[{\"@type\":\"SearchAction\",\"target\":{\"@type\":\"EntryPoint\",\"urlTemplate\":\"https:\/\/hormigueando.com\/?s={search_term_string}\"},\"query-input\":{\"@type\":\"PropertyValueSpecification\",\"valueRequired\":true,\"valueName\":\"search_term_string\"}}],\"inLanguage\":\"en-GB\"},{\"@type\":\"Organization\",\"@id\":\"https:\/\/hormigueando.com\/#organization\",\"name\":\"Hormigueando | Tienda especializada en Cr\u00eda de Hormigas\",\"url\":\"https:\/\/hormigueando.com\/\",\"logo\":{\"@type\":\"ImageObject\",\"inLanguage\":\"en-GB\",\"@id\":\"https:\/\/hormigueando.com\/#\/schema\/logo\/image\/\",\"url\":\"https:\/\/hormigueando.com\/wp-content\/uploads\/2023\/05\/logotipo_web-01.png\",\"contentUrl\":\"https:\/\/hormigueando.com\/wp-content\/uploads\/2023\/05\/logotipo_web-01.png\",\"width\":233,\"height\":74,\"caption\":\"Hormigueando | Tienda especializada en Cr\u00eda de Hormigas\"},\"image\":{\"@id\":\"https:\/\/hormigueando.com\/#\/schema\/logo\/image\/\"}}]}<\/script>\n<!-- \/ Yoast SEO plugin. -->","yoast_head_json":{"title":"Hormiguero acr\u00edlico 20x20 con esponja","description":"Hormiguero acr\u00edlico 20x20 con esponja","robots":{"index":"index","follow":"follow","max-snippet":"max-snippet:-1","max-image-preview":"max-image-preview:large","max-video-preview":"max-video-preview:-1"},"canonical":"https:\/\/hormigueando.com\/product\/antmeta-h20x20-m1\/","og_locale":"en_GB","og_type":"article","og_title":"Hormiguero acr\u00edlico 20x20 con esponja","og_description":"Hormiguero acr\u00edlico 20x20 con esponja","og_url":"https:\/\/hormigueando.com\/product\/antmeta-h20x20-m1\/","og_site_name":"Hormigueando | Tienda especializada en Cr\u00eda de Hormigas","og_image":[{"width":1100,"height":1422,"url":"https:\/\/hormigueando.com\/wp-content\/uploads\/2018\/12\/936-thickbox_default-Hormiguero-acrilico-20x20-con-esponja.jpg","type":"image\/jpeg"}],"twitter_card":"summary_large_image","twitter_misc":{"Estimated reading time":"2 minutes"},"schema":{"@context":"https:\/\/schema.org","@graph":[{"@type":"WebPage","@id":"https:\/\/hormigueando.com\/product\/antmeta-h20x20-m1\/","url":"https:\/\/hormigueando.com\/product\/antmeta-h20x20-m1\/","name":"Hormiguero acr\u00edlico 20x20 con esponja","isPartOf":{"@id":"https:\/\/hormigueando.com\/#website"},"primaryImageOfPage":{"@id":"https:\/\/hormigueando.com\/product\/antmeta-h20x20-m1\/#primaryimage"},"image":{"@id":"https:\/\/hormigueando.com\/product\/antmeta-h20x20-m1\/#primaryimage"},"thumbnailUrl":"https:\/\/hormigueando.com\/wp-content\/uploads\/2018\/12\/936-thickbox_default-Hormiguero-acrilico-20x20-con-esponja.jpg","datePublished":"2018-12-14T16:05:48+00:00","description":"Hormiguero acr\u00edlico 20x20 con esponja","breadcrumb":{"@id":"https:\/\/hormigueando.com\/product\/antmeta-h20x20-m1\/#breadcrumb"},"inLanguage":"en-GB","potentialAction":[{"@type":"ReadAction","target":["https:\/\/hormigueando.com\/product\/antmeta-h20x20-m1\/"]}]},{"@type":"ImageObject","inLanguage":"en-GB","@id":"https:\/\/hormigueando.com\/product\/antmeta-h20x20-m1\/#primaryimage","url":"https:\/\/hormigueando.com\/wp-content\/uploads\/2018\/12\/936-thickbox_default-Hormiguero-acrilico-20x20-con-esponja.jpg","contentUrl":"https:\/\/hormigueando.com\/wp-content\/uploads\/2018\/12\/936-thickbox_default-Hormiguero-acrilico-20x20-con-esponja.jpg","width":1100,"height":1422},{"@type":"BreadcrumbList","@id":"https:\/\/hormigueando.com\/product\/antmeta-h20x20-m1\/#breadcrumb","itemListElement":[{"@type":"ListItem","position":1,"name":"Portada","item":"https:\/\/hormigueando.com\/"},{"@type":"ListItem","position":2,"name":"Tienda","item":"https:\/\/hormigueando.com\/tienda\/"},{"@type":"ListItem","position":3,"name":"Antmeta H20x20 M1"}]},{"@type":"WebSite","@id":"https:\/\/hormigueando.com\/#website","url":"https:\/\/hormigueando.com\/","name":"Hormigueando | Tienda especializada en Cr\u00eda de Hormigas","description":"","publisher":{"@id":"https:\/\/hormigueando.com\/#organization"},"potentialAction":[{"@type":"SearchAction","target":{"@type":"EntryPoint","urlTemplate":"https:\/\/hormigueando.com\/?s={search_term_string}"},"query-input":{"@type":"PropertyValueSpecification","valueRequired":true,"valueName":"search_term_string"}}],"inLanguage":"en-GB"},{"@type":"Organization","@id":"https:\/\/hormigueando.com\/#organization","name":"Hormigueando | Tienda especializada en Cr\u00eda de Hormigas","url":"https:\/\/hormigueando.com\/","logo":{"@type":"ImageObject","inLanguage":"en-GB","@id":"https:\/\/hormigueando.com\/#\/schema\/logo\/image\/","url":"https:\/\/hormigueando.com\/wp-content\/uploads\/2023\/05\/logotipo_web-01.png","contentUrl":"https:\/\/hormigueando.com\/wp-content\/uploads\/2023\/05\/logotipo_web-01.png","width":233,"height":74,"caption":"Hormigueando | Tienda especializada en Cr\u00eda de Hormigas"},"image":{"@id":"https:\/\/hormigueando.com\/#\/schema\/logo\/image\/"}}]}},"jetpack_sharing_enabled":true,"_links":{"self":[{"href":"https:\/\/hormigueando.com\/en-gb\/wp-json\/wp\/v2\/product\/42325","targetHints":{"allow":["GET"]}}],"collection":[{"href":"https:\/\/hormigueando.com\/en-gb\/wp-json\/wp\/v2\/product"}],"about":[{"href":"https:\/\/hormigueando.com\/en-gb\/wp-json\/wp\/v2\/types\/product"}],"replies":[{"embeddable":true,"href":"https:\/\/hormigueando.com\/en-gb\/wp-json\/wp\/v2\/comments?post=42325"}],"wp:featuredmedia":[{"embeddable":true,"href":"https:\/\/hormigueando.com\/en-gb\/wp-json\/wp\/v2\/media\/42317"}],"wp:attachment":[{"href":"https:\/\/hormigueando.com\/en-gb\/wp-json\/wp\/v2\/media?parent=42325"}],"wp:term":[{"taxonomy":"product_brand","embeddable":true,"href":"https:\/\/hormigueando.com\/en-gb\/wp-json\/wp\/v2\/product_brand?post=42325"},{"taxonomy":"product_cat","embeddable":true,"href":"https:\/\/hormigueando.com\/en-gb\/wp-json\/wp\/v2\/product_cat?post=42325"},{"taxonomy":"product_tag","embeddable":true,"href":"https:\/\/hormigueando.com\/en-gb\/wp-json\/wp\/v2\/product_tag?post=42325"},{"taxonomy":"giftcard-category","embeddable":true,"href":"https:\/\/hormigueando.com\/en-gb\/wp-json\/wp\/v2\/giftcard-category?post=42325"}],"curies":[{"name":"wp","href":"https:\/\/api.w.org\/{rel}","templated":true}]}}